{"id":3600,"date":"2017-09-18T13:59:28","date_gmt":"2017-09-18T11:59:28","guid":{"rendered":"https:\/\/www.jaydee.com\/?page_id=3600"},"modified":"2017-12-04T14:43:21","modified_gmt":"2017-12-04T13:43:21","slug":"befestigungsartikeln","status":"publish","type":"page","link":"https:\/\/www.jaydee.com\/de\/befestigungsartikeln\/","title":{"rendered":"Befestigungsartikeln"},"content":{"rendered":"<p>Befestigungsartikeln\u00a0werden f\u00fcr die Kunststoff- und Papierverarbeitung verwendet oder, wenn Sie einen bestimmten Artikel auf Ihrer Anwendung anbringen m\u00f6chten, um diese abzurunden.\u00a0Diesen artikeln\u00a0eignen sich f\u00fcr eine ganze Reihe von Anwendungen.<\/p>\n<h2>Unser Sortiment Befestigungsartikeln:<\/h2>\n<section class=\"columns\">\n<article class=\"col col4\">\n<div style=\"width: 160px\" class=\"wp-caption alignnone\"><a href=\"https:\/\/www.jaydee.com\/de\/befestigungsartikeln\/buchschrauben\/\"><img loading=\"lazy\" decoding=\"async\" src=\"https:\/\/s3.eu-central-1.amazonaws.com\/jaydee.com\/de\/befestigungsartikeln\/buchschrauben-150x150.jpg\" alt=\"Buchschrauben und Hulsenmutter\" width=\"150\" height=\"150\" \/><\/a><p class=\"wp-caption-text\">Buchschrauben<\/p><\/div><\/article>\n<article class=\"col col4\">\n<div style=\"width: 160px\" class=\"wp-caption alignnone\"><a href=\"https:\/\/www.jaydee.com\/de\/befestigungsartikeln\/konfektionsklammern\/\"><img loading=\"lazy\" decoding=\"async\" class=\"size-medium\" src=\"https:\/\/s3.eu-central-1.amazonaws.com\/jaydee.com\/de\/befestigungsartikeln\/konfektionsklammern-150x150.jpg\" alt=\"konfektionsklammern\" width=\"150\" height=\"150\" \/><\/a><p class=\"wp-caption-text\">Konfektionsklammern<\/p><\/div><\/article>\n<article class=\"col col4\">\n<div style=\"width: 160px\" class=\"wp-caption alignnone\"><a href=\"https:\/\/www.jaydee.com\/de\/befestigungsartikeln\/kunststoff-verbinder\/\"><img loading=\"lazy\" decoding=\"async\" class=\"size-medium\" src=\"https:\/\/s3.eu-central-1.amazonaws.com\/jaydee.com\/de\/befestigungsartikeln\/kunststoff-verbinder-150x150.jpg\" alt=\"Kunststoff verbinder\" width=\"150\" height=\"150\" \/><\/a><p class=\"wp-caption-text\">Kunststoff verbinder<\/p><\/div><\/article>\n<article class=\"col col4\">\n<div style=\"width: 160px\" class=\"wp-caption alignnone\"><a href=\"https:\/\/www.jaydee.com\/de\/befestigungsartikeln\/druckknoepfe\/\"><img loading=\"lazy\" decoding=\"async\" class=\"size-medium\" src=\"https:\/\/s3.eu-central-1.amazonaws.com\/jaydee.com\/de\/befestigungsartikeln\/druckknoepfe-150x150.jpg\" alt=\"Druckkn\u00f6pfe\" width=\"150\" height=\"150\" \/><\/a><p class=\"wp-caption-text\">Druckkn\u00f6pfe<\/p><\/div><\/article>\n<\/section>\n<section class=\"columns\">\n<article class=\"col col4\">\n<div style=\"width: 160px\" class=\"wp-caption alignnone\"><a href=\"https:\/\/www.jaydee.com\/de\/befestigungsartikeln\/nieten\/\"><img loading=\"lazy\" decoding=\"async\" class=\"size-medium\" src=\"https:\/\/s3.eu-central-1.amazonaws.com\/jaydee.com\/de\/befestigungsartikeln\/nieten-150x150.jpg\" alt=\"Nieten\" width=\"150\" height=\"150\" \/><\/a><p class=\"wp-caption-text\">Nieten<\/p><\/div><\/article>\n<article class=\"col col4\">\n<div style=\"width: 160px\" class=\"wp-caption alignnone\"><a href=\"https:\/\/www.jaydee.com\/de\/befestigungsartikeln\/kunststoff-druecker\/\"><img loading=\"lazy\" decoding=\"async\" class=\"size-medium\" src=\"https:\/\/s3.eu-central-1.amazonaws.com\/jaydee.com\/de\/befestigungsartikeln\/kunststoff-druecker-150x150.jpg\" alt=\"Kunststoff dr\u00fccker\" width=\"150\" height=\"150\" \/><\/a><p class=\"wp-caption-text\">Kunststoff dr\u00fccker<\/p><\/div><\/article>\n<article class=\"col col4\">\n<div style=\"width: 160px\" class=\"wp-caption alignnone\"><a href=\"https:\/\/www.jaydee.com\/de\/befestigungsartikeln\/pillarz-druckknoepfe\/\"><img loading=\"lazy\" decoding=\"async\" class=\"size-medium\" src=\"https:\/\/s3.eu-central-1.amazonaws.com\/jaydee.com\/de\/befestigungsartikeln\/druckknoepfe-pillarz-150x150.jpg\" alt=\"Pillarz Druckkn\u00f6pfe\" width=\"150\" height=\"150\" \/><\/a><p class=\"wp-caption-text\">Pillarz Druckkn\u00f6pfe<\/p><\/div><\/article>\n<article class=\"col col4\">\n<div style=\"width: 160px\" class=\"wp-caption alignnone\"><a href=\"https:\/\/www.jaydee.com\/de\/befestigungsartikeln\/oesen\/\"><img loading=\"lazy\" decoding=\"async\" class=\"size-medium\" src=\"https:\/\/s3.eu-central-1.amazonaws.com\/jaydee.com\/de\/befestigungsartikeln\/oesen-150x150.jpg\" alt=\"\u00d6sen\" width=\"150\" height=\"150\" \/><\/a><p class=\"wp-caption-text\">\u00d6sen<\/p><\/div><\/article>\n<\/section>\n<section class=\"columns\">\n<article class=\"col col4\">\n<div style=\"width: 160px\" class=\"wp-caption alignnone\"><a href=\"https:\/\/www.jaydee.com\/de\/befestigungsartikeln\/klemscheiben\/\"><img loading=\"lazy\" decoding=\"async\" class=\"size-medium\" src=\"https:\/\/s3.eu-central-1.amazonaws.com\/jaydee.com\/de\/befestigungsartikeln\/klemmscheiben-150x150.jpg\" alt=\"Klemmscheiben\" width=\"150\" height=\"150\" \/><\/a><p class=\"wp-caption-text\">Klemmscheiben<\/p><\/div><\/article>\n<article class=\"col col4\"><\/article>\n<article class=\"col col4\"><\/article>\n<article class=\"col col4\"><\/article>\n<\/section>\n<h2>Befestigungsartikeln bei Jay Dee International<\/h2>\n<section class=\"columns\">\n<article class=\"col col2\">\n<p>Beispiel: Sie suchen eine geeignete L\u00f6sung zum Binden von Mustern? Wir liefern Buchschrauben, Verbinder, Druck\u00f6sen mit oder ohne Loch, sowie Pillarz Druckkn\u00f6pfe in allen Formen und Gr\u00f6\u00dfen.<\/p>\n<p>M\u00f6chten Sie eine Verbindung verst\u00e4rken, verl\u00e4ngern oder aufh\u00e4ngen? Werfen Sie einen Blick auf unser Zubeh\u00f6r der Buchschrauben oder Klemmscheiben!<\/p>\n<p>Sie m\u00f6chten ein anderes Produkt befestigen? Wir liefern Druckkn\u00f6pfe, Nieten und \u00d6sen. Mit Konfektionsklammern k\u00f6nnen Stoffmuster \u00fcbersichtlich und repr\u00e4sentativ aufbewahrt werden.<\/p>\n<p>Nicht gefunden, was Sie gesucht haben? Weitere Produkte finden Sie in den Rubriken <a href=\"https:\/\/www.jaydee.com\/de\/grafische-verarbeitung\/\">Grafische Verarbeitung<\/a> und <a href=\"https:\/\/www.jaydee.com\/de\/praesentationsartikeln\/\">Pr\u00e4sentationsartikel<\/a>!<\/p><\/article>\n<article class=\"col col2\">\n<p><img loading=\"lazy\" decoding=\"async\" class=\"alignnone size-medium\" src=\"https:\/\/s3.eu-central-1.amazonaws.com\/jaydee.com\/de\/home\/befestigungsartikeln-450x300.jpg\" alt=\"befestigungsartikeln\" width=\"450\" height=\"300\" \/><\/p><\/article>\n<\/section>\n","protected":false},"excerpt":{"rendered":"<p>Befestigungsartikeln\u00a0werden f\u00fcr die Kunststoff- und Papierverarbeitung verwendet oder, wenn Sie einen bestimmten Artikel auf Ihrer Anwendung anbringen m\u00f6chten, um diese abzurunden.\u00a0Diesen artikeln\u00a0eignen sich f\u00fcr eine ganze Reihe von Anwendungen. Unser Sortiment Befestigungsartikeln: Befestigungsartikeln bei Jay Dee International<\/p>\n","protected":false},"author":1,"featured_media":0,"parent":0,"menu_order":0,"comment_status":"closed","ping_status":"closed","template":"","meta":{"footnotes":""},"class_list":["post-3600","page","type-page","status-publish","hentry"],"yoast_head":"<!-- This site is optimized with the Yoast SEO plugin v26.9 - https:\/\/yoast.com\/product\/yoast-seo-wordpress\/ -->\n<title>Befestigungsartikeln: Kunststoff\/ Papierverarbeitung | Jay Dee International<\/title>\n<meta name=\"description\" content=\"Suchen Sie Befestigungsartikeln? Buchschrauben, Nieten, \u00d6sen &amp; Kollektionshaken sind verf\u00fcgbar bei Jay Dee. Sehen Sie hier unser Sortiment an!\" \/>\n<meta name=\"robots\" content=\"index, follow, max-snippet:-1, max-image-preview:large, max-video-preview:-1\" \/>\n<link rel=\"canonical\" href=\"https:\/\/www.jaydee.com\/de\/befestigungsartikeln\/\" \/>\n<meta property=\"og:locale\" content=\"de_DE\" \/>\n<meta property=\"og:type\" content=\"article\" \/>\n<meta property=\"og:title\" content=\"Befestigungsartikeln: Kunststoff\/ Papierverarbeitung | Jay Dee International\" \/>\n<meta property=\"og:description\" content=\"Suchen Sie Befestigungsartikeln? Buchschrauben, Nieten, \u00d6sen &amp; Kollektionshaken sind verf\u00fcgbar bei Jay Dee. Sehen Sie hier unser Sortiment an!\" \/>\n<meta property=\"og:url\" content=\"https:\/\/www.jaydee.com\/de\/befestigungsartikeln\/\" \/>\n<meta property=\"og:site_name\" content=\"Jay Dee International\" \/>\n<meta property=\"article:modified_time\" content=\"2017-12-04T13:43:21+00:00\" \/>\n<meta property=\"og:image\" content=\"https:\/\/s3.eu-central-1.amazonaws.com\/jaydee.com\/de\/befestigungsartikeln\/buchschrauben-150x150.jpg\" \/>\n<meta name=\"twitter:card\" content=\"summary_large_image\" \/>\n<meta name=\"twitter:label1\" content=\"Gesch\u00e4tzte Lesezeit\" \/>\n\t<meta name=\"twitter:data1\" content=\"1\u00a0Minute\" \/>\n<script type=\"application\/ld+json\" class=\"yoast-schema-graph\">{\"@context\":\"https:\/\/schema.org\",\"@graph\":[{\"@type\":\"WebPage\",\"@id\":\"https:\/\/www.jaydee.com\/de\/befestigungsartikeln\/\",\"url\":\"https:\/\/www.jaydee.com\/de\/befestigungsartikeln\/\",\"name\":\"Befestigungsartikeln: Kunststoff\/ Papierverarbeitung | Jay Dee International\",\"isPartOf\":{\"@id\":\"https:\/\/www.jaydee.com\/nl\/#website\"},\"primaryImageOfPage\":{\"@id\":\"https:\/\/www.jaydee.com\/de\/befestigungsartikeln\/#primaryimage\"},\"image\":{\"@id\":\"https:\/\/www.jaydee.com\/de\/befestigungsartikeln\/#primaryimage\"},\"thumbnailUrl\":\"https:\/\/s3.eu-central-1.amazonaws.com\/jaydee.com\/de\/befestigungsartikeln\/buchschrauben-150x150.jpg\",\"datePublished\":\"2017-09-18T11:59:28+00:00\",\"dateModified\":\"2017-12-04T13:43:21+00:00\",\"description\":\"Suchen Sie Befestigungsartikeln? Buchschrauben, Nieten, \u00d6sen & Kollektionshaken sind verf\u00fcgbar bei Jay Dee. Sehen Sie hier unser Sortiment an!\",\"breadcrumb\":{\"@id\":\"https:\/\/www.jaydee.com\/de\/befestigungsartikeln\/#breadcrumb\"},\"inLanguage\":\"de\",\"potentialAction\":[{\"@type\":\"ReadAction\",\"target\":[\"https:\/\/www.jaydee.com\/de\/befestigungsartikeln\/\"]}]},{\"@type\":\"ImageObject\",\"inLanguage\":\"de\",\"@id\":\"https:\/\/www.jaydee.com\/de\/befestigungsartikeln\/#primaryimage\",\"url\":\"https:\/\/s3.eu-central-1.amazonaws.com\/jaydee.com\/de\/befestigungsartikeln\/buchschrauben-150x150.jpg\",\"contentUrl\":\"https:\/\/s3.eu-central-1.amazonaws.com\/jaydee.com\/de\/befestigungsartikeln\/buchschrauben-150x150.jpg\"},{\"@type\":\"BreadcrumbList\",\"@id\":\"https:\/\/www.jaydee.com\/de\/befestigungsartikeln\/#breadcrumb\",\"itemListElement\":[{\"@type\":\"ListItem\",\"position\":1,\"name\":\"Home\",\"item\":\"https:\/\/www.jaydee.com\/de\/\"},{\"@type\":\"ListItem\",\"position\":2,\"name\":\"Befestigungsartikeln\"}]},{\"@type\":\"WebSite\",\"@id\":\"https:\/\/www.jaydee.com\/nl\/#website\",\"url\":\"https:\/\/www.jaydee.com\/nl\/\",\"name\":\"Jay Dee International\",\"description\":\"Jay Dee\",\"potentialAction\":[{\"@type\":\"SearchAction\",\"target\":{\"@type\":\"EntryPoint\",\"urlTemplate\":\"https:\/\/www.jaydee.com\/nl\/?s={search_term_string}\"},\"query-input\":{\"@type\":\"PropertyValueSpecification\",\"valueRequired\":true,\"valueName\":\"search_term_string\"}}],\"inLanguage\":\"de\"}]}<\/script>\n<!-- \/ Yoast SEO plugin. -->","yoast_head_json":{"title":"Befestigungsartikeln: Kunststoff\/ Papierverarbeitung | Jay Dee International","description":"Suchen Sie Befestigungsartikeln? Buchschrauben, Nieten, \u00d6sen & Kollektionshaken sind verf\u00fcgbar bei Jay Dee. Sehen Sie hier unser Sortiment an!","robots":{"index":"index","follow":"follow","max-snippet":"max-snippet:-1","max-image-preview":"max-image-preview:large","max-video-preview":"max-video-preview:-1"},"canonical":"https:\/\/www.jaydee.com\/de\/befestigungsartikeln\/","og_locale":"de_DE","og_type":"article","og_title":"Befestigungsartikeln: Kunststoff\/ Papierverarbeitung | Jay Dee International","og_description":"Suchen Sie Befestigungsartikeln? Buchschrauben, Nieten, \u00d6sen & Kollektionshaken sind verf\u00fcgbar bei Jay Dee. Sehen Sie hier unser Sortiment an!","og_url":"https:\/\/www.jaydee.com\/de\/befestigungsartikeln\/","og_site_name":"Jay Dee International","article_modified_time":"2017-12-04T13:43:21+00:00","og_image":[{"url":"https:\/\/s3.eu-central-1.amazonaws.com\/jaydee.com\/de\/befestigungsartikeln\/buchschrauben-150x150.jpg","type":"","width":"","height":""}],"twitter_card":"summary_large_image","twitter_misc":{"Gesch\u00e4tzte Lesezeit":"1\u00a0Minute"},"schema":{"@context":"https:\/\/schema.org","@graph":[{"@type":"WebPage","@id":"https:\/\/www.jaydee.com\/de\/befestigungsartikeln\/","url":"https:\/\/www.jaydee.com\/de\/befestigungsartikeln\/","name":"Befestigungsartikeln: Kunststoff\/ Papierverarbeitung | Jay Dee International","isPartOf":{"@id":"https:\/\/www.jaydee.com\/nl\/#website"},"primaryImageOfPage":{"@id":"https:\/\/www.jaydee.com\/de\/befestigungsartikeln\/#primaryimage"},"image":{"@id":"https:\/\/www.jaydee.com\/de\/befestigungsartikeln\/#primaryimage"},"thumbnailUrl":"https:\/\/s3.eu-central-1.amazonaws.com\/jaydee.com\/de\/befestigungsartikeln\/buchschrauben-150x150.jpg","datePublished":"2017-09-18T11:59:28+00:00","dateModified":"2017-12-04T13:43:21+00:00","description":"Suchen Sie Befestigungsartikeln? Buchschrauben, Nieten, \u00d6sen & Kollektionshaken sind verf\u00fcgbar bei Jay Dee. Sehen Sie hier unser Sortiment an!","breadcrumb":{"@id":"https:\/\/www.jaydee.com\/de\/befestigungsartikeln\/#breadcrumb"},"inLanguage":"de","potentialAction":[{"@type":"ReadAction","target":["https:\/\/www.jaydee.com\/de\/befestigungsartikeln\/"]}]},{"@type":"ImageObject","inLanguage":"de","@id":"https:\/\/www.jaydee.com\/de\/befestigungsartikeln\/#primaryimage","url":"https:\/\/s3.eu-central-1.amazonaws.com\/jaydee.com\/de\/befestigungsartikeln\/buchschrauben-150x150.jpg","contentUrl":"https:\/\/s3.eu-central-1.amazonaws.com\/jaydee.com\/de\/befestigungsartikeln\/buchschrauben-150x150.jpg"},{"@type":"BreadcrumbList","@id":"https:\/\/www.jaydee.com\/de\/befestigungsartikeln\/#breadcrumb","itemListElement":[{"@type":"ListItem","position":1,"name":"Home","item":"https:\/\/www.jaydee.com\/de\/"},{"@type":"ListItem","position":2,"name":"Befestigungsartikeln"}]},{"@type":"WebSite","@id":"https:\/\/www.jaydee.com\/nl\/#website","url":"https:\/\/www.jaydee.com\/nl\/","name":"Jay Dee International","description":"Jay Dee","potentialAction":[{"@type":"SearchAction","target":{"@type":"EntryPoint","urlTemplate":"https:\/\/www.jaydee.com\/nl\/?s={search_term_string}"},"query-input":{"@type":"PropertyValueSpecification","valueRequired":true,"valueName":"search_term_string"}}],"inLanguage":"de"}]}},"_links":{"self":[{"href":"https:\/\/www.jaydee.com\/de\/wp-json\/wp\/v2\/pages\/3600","targetHints":{"allow":["GET"]}}],"collection":[{"href":"https:\/\/www.jaydee.com\/de\/wp-json\/wp\/v2\/pages"}],"about":[{"href":"https:\/\/www.jaydee.com\/de\/wp-json\/wp\/v2\/types\/page"}],"author":[{"embeddable":true,"href":"https:\/\/www.jaydee.com\/de\/wp-json\/wp\/v2\/users\/1"}],"replies":[{"embeddable":true,"href":"https:\/\/www.jaydee.com\/de\/wp-json\/wp\/v2\/comments?post=3600"}],"version-history":[{"count":5,"href":"https:\/\/www.jaydee.com\/de\/wp-json\/wp\/v2\/pages\/3600\/revisions"}],"predecessor-version":[{"id":3815,"href":"https:\/\/www.jaydee.com\/de\/wp-json\/wp\/v2\/pages\/3600\/revisions\/3815"}],"wp:attachment":[{"href":"https:\/\/www.jaydee.com\/de\/wp-json\/wp\/v2\/media?parent=3600"}],"curies":[{"name":"wp","href":"https:\/\/api.w.org\/{rel}","templated":true}]}}