{"id":3603,"date":"2017-09-18T14:01:03","date_gmt":"2017-09-18T12:01:03","guid":{"rendered":"https:\/\/www.jaydee.com\/?page_id=3603"},"modified":"2017-09-19T13:12:13","modified_gmt":"2017-09-19T11:12:13","slug":"buchschrauben","status":"publish","type":"page","link":"https:\/\/www.jaydee.com\/de\/befestigungsartikeln\/buchschrauben\/","title":{"rendered":"Buchschrauben und H\u00fclsenmutter"},"content":{"rendered":"<section class=\"columns\">\n<article class=\"col col3\">\n<p><img loading=\"lazy\" decoding=\"async\" class=\"alignnone size-medium\" src=\"https:\/\/s3.eu-central-1.amazonaws.com\/jaydee.com\/de\/befestigungsartikeln\/buchschrauben-300x300.jpg\" alt=\"buchschrauben h\u00fclsenmutter\" width=\"300\" height=\"300\" \/><\/p><\/article>\n<article class=\"col col23\">\n<p>Buchschrauben\u00a0bzw. H\u00fclsenmutter sind ideal zum Binden oder Heften von Musterkollektionen, -B\u00fcgeln oder -Karten.<\/p>\n<p>Buchschrauben, Schraubk\u00f6pfe und Einpressk\u00f6pfe aus Metall sind in vielen Gr\u00f6\u00dfen erh\u00e4ltlich. Es gibt auch H\u00fclsenmutter aus Kunststoff, die als Set geliefert werden, sowie H\u00fcl;senmutter mit Loch zum Anbringen einer Kugelkette.<\/p>\n<p>So k\u00f6nnen Sie Ihre Musterkollektion sofort aufh\u00e4ngen oder ordnen.<\/p>\n<a href=\"https:\/\/www.thesolutionshop.com\/de\/buchschrauben\" class=\"btn large orange\" target=\"_blank\"><i class=\"fa fa-chevron-right\"><\/i>Buchschrauben und H\u00fclsenmutter ansehen<\/a><\/article>\n<\/section>\n<section class=\"columns\">\n<article class=\"col col1\">\n<p>Weitere information \u00fcber:<\/p>\n<ul>\n<li><a href=\"https:\/\/www.jaydee.com\/de\/befestigungsartikeln\/buchschrauben\/#formate\">Formate<\/a><\/li>\n<li><a href=\"https:\/\/www.jaydee.com\/de\/befestigungsartikeln\/buchschrauben\/#ausfuehrungen\">Ausf\u00fchrungen<\/a><\/li>\n<li><a href=\"https:\/\/www.jaydee.com\/de\/befestigungsartikeln\/buchschrauben\/#verwendung-montage\">Verwendung &amp; Montage<\/a><\/li>\n<li><a href=\"https:\/\/www.jaydee.com\/de\/befestigungsartikeln\/buchschrauben\/#zugehoeren\">Zugeh\u00f6ren<\/a><\/li>\n<li><a href=\"https:\/\/www.jaydee.com\/de\/befestigungsartikeln\/buchschrauben\/#haeufige-fragen\">H\u00e4ufige Fragen (FAQ)<\/a><\/li>\n<\/ul><\/article><div class='clearfix'><\/div>\n<\/section>\n<section class=\"columns\">\n<article class=\"col col1\">\n<a name=\"formate\"><\/a><\/p>\n<h2>Welche Formate Buchschrauben und H\u00fclsenmuttter gibt es?<\/h2>\n<p>Buchschrauben aus Metall unterscheiden sich in der Gr\u00f6\u00dfe von den Kunststoffbuchschrauben. Die letzteren werden im Set in Standardgr\u00f6\u00dfen angeboten. Kollektionsschrauben\u00a0und Schrauben aus Metall sind in viel mehr Kombinationen erh\u00e4ltlich, um jede L\u00e4nge erreichen zu k\u00f6nnen.<\/p>\n<h3>Buchschrauben und Schraubk\u00f6pfe aus Metall<\/h3>\n<p>Metallbuchschrauben werden als lose Kollektionsschrauben\u00a0mit Schraubk\u00f6pfen oder Einpressk\u00f6pfen geliefert. So finden Sie jederzeit die passende L\u00f6sung f\u00fcr Ihre Anwendung. Damit die Buchschraube jederzeit genau die richtige Gr\u00f6\u00dfe hat, bieten wir patentierte Einpressk\u00f6pfe oder Schraubk\u00f6pfe mit Verl\u00e4ngerung.<\/p>\n<p>Die L\u00e4nge der Metallbuchschrauben variiert zwischen 2 mm und 150 mm. Der Durchmesser des Kopfes betr\u00e4gt immer 10 mm, der Durchmesser des Schaftes ist 5 mm. Das Schraubengewinde eignet sich f\u00fcr M4-Schrauben.<\/p>\n<p>Der Kopf der Metallschrauben mit M4-Gewinde hat einen Durchmesser von 10 mm. Wir liefern die folgenden Standardgr\u00f6\u00dfen:<\/p>\n<ul>\n<li>Schraube M4 x 4 mm<\/li>\n<li>Schraube M4 x 7,5 mm<\/li>\n<li>Schraube M4 x 7,5 mm mit 1, 2, 3 oder 4 mm Verl\u00e4ngerung direkt unter dem Kopf<\/li>\n<li>Schraubkopf M4 x 9 mm<\/li>\n<li>Schraubkopf M4 x 9 mm mit 1, 2, 3 oder 4 mm Verl\u00e4ngerung direkt unter dem Kopf<\/li>\n<\/ul>\n<p>Es sind auch M6-H\u00fclsenmutter aus Metall erh\u00e4ltlich. Der Schaft hat einen Durchmesser von 7,6 mm und der Durchmesser des Kopfes betr\u00e4gt 13 mm. Wenn Sie Fragen \u00fcber L\u00e4ngen und Ausf\u00fchrungen haben, kontaktieren Sie uns einfach.<\/p>\n<h3>Kunststoff Buchschrauben<\/h3>\n<p>Buchschrauben aus Kunststoff sind als Set und standardm\u00e4\u00dfig in den Gr\u00f6\u00dfen 3,5 mm bis 90 mm erh\u00e4ltlich. Die K\u00f6pfe der Buchschraube und des Schraubkopfes haben einen Durchmesser von 12 mm. Diese Kunststoffbuchschrauben sind qualitativ hochwertig, in sehr starker und leicht elastischer Qualit\u00e4t gefertigt.<\/p>\n<p>Es gibt auch Kunststoffbuchschrauben mit Loch, durch das eine Kugelkette gezogen und befestigt werden kann. Diese Buschschraube sind standardm\u00e4\u00dfig in einer L\u00e4nge von 3,5 mm bis 50 mm erh\u00e4ltlich. Eine \u00dcbersicht aller Kunststoffbuchschrauben finden Sie in unserem Webshop.<\/p>\n<p><a name=\"ausfuehrungen\"><\/a><\/p>\n<h2>Welche Ausf\u00fchrungen gibt es?<\/h2>\n<p>Buchschrauben k\u00f6nnen in einer Metall- oder einer Kunststoffausf\u00fchrung geliefert werden. Beide Typen sind gleicherma\u00dfen robust und haltbar, aber die Kunststoffvariante l\u00e4sst sich in der Regel einfacher anbringen als die Metallausf\u00fchrung. F\u00fcr welche Buchschraube Sie sich entscheiden, h\u00e4ngt auch von der Ausstrahlung ab, die Sie Ihrem Produkt verleihen m\u00f6chten.<\/p>\n<p>Wir liefern die folgenden Metall-Oberfl\u00e4chen:<\/p>\n<ul>\n<li>Vernickelt<\/li>\n<li>Messing verchromt<\/li>\n<li>Schwarz verzinkt<\/li>\n<\/ul>\n<p>Auf Anfrage k\u00f6nnen wir die H\u00fclsenmutter aus Metall in allen RAL-Farben Kopf lackieren lassen. Wir beraten Sie gerne \u00fcber Liefermengen und Preise. Kontaktieren Sie uns einfach.<\/p>\n<p>Die Kunststoffbuchschrauben sind in den Farben Schwarz oder Wei\u00df erh\u00e4ltlich. Wenn Sie eine andere Farbe bestellen m\u00f6chten, beraten wir Sie gerne \u00fcber die M\u00f6glichkeiten. Die Kunststoffbuchschrauben mit Loch sind ebenfalls in den Farben Schwarz und Wei\u00df erh\u00e4ltlich. Eine \u00dcbersicht finden Sie in unserem Webshop.<\/p>\n<p><a name=\"verwendung-montage\"><\/a><\/p>\n<h2>Verwendung und Montage von Buchschrauben<\/h2>\n<p>Buchschrauben werden haupts\u00e4chlich verwendet, um Musterkollektionen, -B\u00fcgel, Farbf\u00e4cher oder -Karten zu binden. Sie k\u00f6nnen einfach ineinander geschraubt und auseinander genommen werden, wodurch der Inhalt jederzeit neu geordnet und ge\u00e4ndert werden kann.<\/p>\n<p>M\u00f6chten Sie eine Musterkollektion aufh\u00e4ngen? \u00d6sen oder Kunststoffbuchschrauben mit Loch bieten eine optimale L\u00f6sung zum Aufh\u00e4ngen. Durch das Loch oder die \u00d6se kann einfach eine Kordel oder eine Kugelkette gezogen und befestigt werden.<\/p>\n<p>Beachten Sie bei der Auswahl der Kollektionsschrauben\u00a0und Schraubk\u00f6pfe aus Metall, dass nicht alle Gr\u00f6\u00dfen zusammenpassen. F\u00fcr Kollektionsschrauben\u00a0bis 7 mm passen nur 4 mm-Schraubk\u00f6pfe.<\/p>\n<p>F\u00fcr Kollektionsschrauben\u00a0ab 8 mm m\u00fcssen 7,5 mm-Schraubk\u00f6pfe verwendet werden. Einpressk\u00f6pfe passen nur auf Kollektionsschrauben\u00a0ab 10 mm.<\/p>\n<p><a name=\"zugehoeren\"><\/a><\/p>\n<h2>Das k\u00f6nnte Sie auch interessieren<\/h2>\n<p>Buchschrauben k\u00f6nnen mit zahlreichen Produkten kombiniert werden.<\/p><\/article><div class='clearfix'><\/div>\n<\/section>\n<section class=\"columns\">\n<article class=\"col col4\">\n<p><img loading=\"lazy\" decoding=\"async\" class=\"alignnone size-medium\" src=\"https:\/\/s3.eu-central-1.amazonaws.com\/jaydee.com\/de\/befestigungsartikeln\/buchschrauben-verlaengerungen-150x150.jpg\" alt=\"verl\u00e4ngerungen\" width=\"150\" height=\"150\" \/><\/p><\/article>\n<article class=\"col col34\">\n<h3>Verl\u00e4ngerungen<\/h3>\n<p>Verl\u00e4ngerungen sind ideal f\u00fcr M4-Buchschrauben (\u00d85 mm). Die vernickelten Verl\u00e4ngerungen sind in den folgenden L\u00e4ngen erh\u00e4ltlich: 10 mm \/ 15 mm \/ 20 mm \/ 25 mm \/ 30 mm. H\u00fclsenmutter k\u00f6nnen somit einfach bis zu 30 mm verl\u00e4ngert werden.<\/p>\n<a href=\"https:\/\/www.thesolutionshop.com\/de\/buchschrauben\/verlaengerungen\" class=\"btn large orange\" target=\"_blank\"><i class=\"fa fa-chevron-right\"><\/i>Verl\u00e4ngerungen<\/a><\/article>\n<\/section>\n<section class=\"columns\">\n<article class=\"col col4\">\n<p><img loading=\"lazy\" decoding=\"async\" class=\"alignnone size-medium\" src=\"https:\/\/s3.eu-central-1.amazonaws.com\/jaydee.com\/de\/befestigungsartikeln\/buchschrauben-distanzstuecke-150x150.jpg\" alt=\"distanzst\u00fccke\" width=\"150\" height=\"150\" \/><\/p><\/article>\n<article class=\"col col34\">\n<h3>Distanzst\u00fccke<\/h3>\n<p>Mit einem Innendurchmesser ab 5,2 mm passen die Distanzst\u00fccke\u00a0genau auf M4-Buchschrauben. Sie werden auf den Schaft einer Buchschraube angebracht, um Leerr\u00e4ume zu f\u00fcllen oder um dem Innenraum Ihrer Musterkollektion oder Ihres Buches einen festen Abstand zu verleihen.<\/p>\n<p>Der Au\u00dfendurchmesser (10 mm) hat den gleichen Durchmesser wie der Kopf der Buchschraube. Die Distanzst\u00fccke aus Kunststoff sind in den folgenden L\u00e4ngen erh\u00e4ltlich: 5 mm \/ 10 mm \/ 15 mm \/ 20 mm \/ 25 mm \/ 30 mm<\/p>\n<a href=\"https:\/\/www.thesolutionshop.com\/de\/buchschrauben\/distanzstuecken\" class=\"btn large orange\" target=\"_blank\"><i class=\"fa fa-chevron-right\"><\/i>Distanzst\u00fccke<\/a><\/article>\n<\/section>\n<section class=\"columns\">\n<article class=\"col col4\">\n<p><img loading=\"lazy\" decoding=\"async\" class=\"alignnone\" src=\"https:\/\/s3.eu-central-1.amazonaws.com\/jaydee.com\/de\/befestigungsartikeln\/buchschrauben-afdeckkappen-150x150.jpg\" alt=\"abdeckkappen\" width=\"150\" height=\"150\" \/><\/p><\/article>\n<article class=\"col col34\">\n<h3>Abdeckkappen<\/h3>\n<p>Mit den Abdeckkappen kann der Kopf der M4-Buchschraube solide verarbeitet werden. Au\u00dferdem werden sie h\u00e4ufig benutzt, um Buchschrauben einen farblichen Anstrich zu verleihen.<\/p>\n<p>Unsere Abdeckkappen sind standardm\u00e4\u00dfig in den Farben Schwarz und Wei\u00df erh\u00e4ltlich. Andere Farben sind auf Anfrage m\u00f6glich. Die Abdeckkappen aus Kunststoff bestehen aus einer Kappe mit Unterlegscheibe.<\/p>\n<a href=\"https:\/\/www.thesolutionshop.com\/de\/buchschrauben\/abdeckkappen\" class=\"btn large orange\" target=\"_blank\"><i class=\"fa fa-chevron-right\"><\/i>Abdeckkappen<\/a><\/article>\n<\/section>\n<section class=\"columns\">\n<article class=\"col col4\">\n<p><img loading=\"lazy\" decoding=\"async\" class=\"alignnone size-medium\" src=\"https:\/\/s3.eu-central-1.amazonaws.com\/jaydee.com\/de\/befestigungsartikeln\/buchschrauben-aufhangoesen-150x150.jpg\" alt=\"afhang\u00f6sen und trageschlaufen\" width=\"150\" height=\"150\" \/><\/p><\/article>\n<article class=\"col col34\">\n<h3>Buchschrauben H\u00e4nger<\/h3>\n<p>Trageschlaufen eignen sich zum Aufh\u00e4ngen von Farbf\u00e4chern und dergleichen. Trageschlaufen oder H\u00e4ngeTrageschlaufen k\u00f6nnen f\u00fcr M4-Buchschrauben ab einer L\u00e4nge von 8 mm verwendet werden. Die Buchschraube wird auf die Schlaufe und das zu bindende Material platziert.<\/p>\n<p>Bitte beachten Sie, dass durch die Schlaufe etwa 4 mm der F\u00fcllh\u00f6he verloren geht. Die Trageschlaufen sind aus Kunststoff gefertigt und in den Farben Schwarz oder Wei\u00df in den folgenden L\u00e4ngen erh\u00e4ltlich: 95 mm \/ 135 mm.<\/p>\n<p>Aufhang\u00f6sen\u00a0eignen sich f\u00fcr M4-Buchschrauben aus Metall. Die Farbf\u00e4cher k\u00f6nnen mittels der \u00d6sen einfach aufgeh\u00e4ngt werden. Die \u00d6sen sind vernickelt oder Messing verchromt erh\u00e4ltlich.<\/p>\n<p>Bitte beachten Sie, dass sie nicht f\u00fcr Buchschrauben aus Kunststoff verwendet werden k\u00f6nnen.<\/p>\n<a href=\"https:\/\/www.thesolutionshop.com\/de\/buchschrauben\/buchschrauben-haengern\" class=\"btn large orange\" target=\"_blank\"><i class=\"fa fa-chevron-right\"><\/i>Buchschrauben H\u00e4nger<\/a><\/article>\n<\/section>\n<section class=\"columns\">\n<article class=\"col col4\">\n<p><img loading=\"lazy\" decoding=\"async\" class=\"alignnone size-medium\" src=\"https:\/\/s3.eu-central-1.amazonaws.com\/jaydee.com\/de\/befestigungsartikeln\/buchschrauben-unterlegscheiben-150x150.jpg\" alt=\"unterlegscheiben\" width=\"150\" height=\"150\" \/><\/p><\/article>\n<article class=\"col col34\">\n<h3>Unterlegscheiben<\/h3>\n<p>Unterlegscheiben verst\u00e4rken eine Verbindung oder f\u00fcllen diese auf. Unterlegscheiben, auch Scheibe Rondell genannt, sind in verschiedenen Gr\u00f6\u00dfen erh\u00e4ltlich.<\/p>\n<p>Sie sind aus vernickeltem Metall, Messing verchromt und verzinkt, sowie als Kunststoff- Ausf\u00fchrung in den Farben Schwarz, Wei\u00df und transparent erh\u00e4ltlich. Im Webshop finden Sie alle ab Lager lieferbaren Produkte<\/p>\n<a href=\"https:\/\/www.thesolutionshop.com\/de\/buchschrauben\/unterlegscheiben\" class=\"btn large orange\" target=\"_blank\"><i class=\"fa fa-chevron-right\"><\/i>Unterlegscheiben<\/a><\/article>\n<\/section>\n<section class=\"columns\">\n<article class=\"col col1\">\n<a name=\"haeufige-fragen\"><\/a><\/p>\n<h2>H\u00e4ufige Fragen (FAQ) \u00fcber H\u00fclsenmutter<\/h2>\n<p>Hier finden Sie die haufige Fragen dieses Produkt. F\u00fcr weitere Fragen k\u00f6nnen Sie uns <a href=\"https:\/\/www.jaydee.com\/de\/kontakt\/\">Kontaktieren<\/a>.<\/p>\n<p><strong>Welche Gr\u00f6\u00dfe ben\u00f6tige ich f\u00fcr meine Anwendung?<\/strong><\/p>\n<p>Sie ben\u00f6tigen eine Buchschraube in der gleichen L\u00e4nge, die Sie \u00fcberbr\u00fccken m\u00fcssen. Beispiel: F\u00fcr einen Farbf\u00e4cher von 15 mm ben\u00f6tigen Sie eine 15 mm-Buchschraube.<\/p>\n<p><strong>Welche Gr\u00f6\u00dfen von Buchschrauben und Schraubk\u00f6pfen aus Metall passen zusammen?<\/strong><\/p>\n<p>Buchschrauben k\u00f6nnen in fast allen Gr\u00f6\u00dfen mit 7,5 mm- Schraubk\u00f6pfen verwendet werden. Die Buchschrauben bis 7 mm k\u00f6nnen ausschlie\u00dflich mit 4 mm-Schraubk\u00f6pfen kombiniert werden. Einpressk\u00f6pfe (9 mm) passen auf Buchschrauben ab 10 mm.<\/p>\n<p><strong>Was sind die Vorteile von Kunststoffbuchschrauben?<\/strong><\/p>\n<p>Buchschrauben aus Kunststoff sind etwas einfacher zu montieren als Buchschrauben aus Metall. Sie k\u00f6nnen in der Regel mit der Hand ineinander gesteckt und auseinander genommen werden, w\u00e4hrend f\u00fcr das Einsetzen von Buchschrauben aus Metall Werkzeug ben\u00f6tigt wird.<\/p>\n<p><strong>Gibt es auch Metallbuchschrauben mit Loch zum Befestigen einer Kugelkette?<\/strong><\/p>\n<p>Nein, nur die Kunststoffbuchschrauben sind mit einem Loch versehen.<\/p>\n<p><strong>Gibt es einen Unterschied zwischen Kollektionsschrauben und Buchschrauben?<\/strong><\/p>\n<p>Nein, \u201eKollektionsschrauben\u201c ist nur eine andere Bezeichnung f\u00fcr Kollektionsschrauben , die Sie in unserem Sortiment finden.<\/p>\n<p><strong>Sind diese Produkte auch f\u00fcr M6-H\u00fclsenmutter erh\u00e4ltlich?<\/strong><\/p>\n<p>Diese Produkte sind nicht ab Lager f\u00fcr M6-H\u00fclsenmutter lieferbar. Wir beraten Sie gerne \u00fcber Mengen, Preise und Lieferzeiten f\u00fcr die Sondergr\u00f6\u00dfen. Kontaktieren Sie uns einfach.<\/p><\/article><div class='clearfix'><\/div>\n<\/section>\n","protected":false},"excerpt":{"rendered":"","protected":false},"author":1,"featured_media":0,"parent":3600,"menu_order":0,"comment_status":"closed","ping_status":"closed","template":"","meta":{"footnotes":""},"class_list":["post-3603","page","type-page","status-publish","hentry"],"yoast_head":"<!-- This site is optimized with the Yoast SEO plugin v26.9 - https:\/\/yoast.com\/product\/yoast-seo-wordpress\/ -->\n<title>Buchschrauben &amp; H\u00fclsenmutter: Metall &amp; Kunststoff | Jay Dee International<\/title>\n<meta name=\"description\" content=\"Sind Sie auf der Suche nach Buchschrauben? Hier finden Sie unsere komplette Produktpalette, -einschlie\u00dflich H\u00fclsenmutter. Besuchen Sie unsere Webseite!\" \/>\n<meta name=\"robots\" content=\"index, follow, max-snippet:-1, max-image-preview:large, max-video-preview:-1\" \/>\n<link rel=\"canonical\" href=\"https:\/\/www.jaydee.com\/de\/befestigungsartikeln\/buchschrauben\/\" \/>\n<meta property=\"og:locale\" content=\"de_DE\" \/>\n<meta property=\"og:type\" content=\"article\" \/>\n<meta property=\"og:title\" content=\"Buchschrauben &amp; H\u00fclsenmutter: Metall &amp; Kunststoff | Jay Dee International\" \/>\n<meta property=\"og:description\" content=\"Sind Sie auf der Suche nach Buchschrauben? Hier finden Sie unsere komplette Produktpalette, -einschlie\u00dflich H\u00fclsenmutter. Besuchen Sie unsere Webseite!\" \/>\n<meta property=\"og:url\" content=\"https:\/\/www.jaydee.com\/de\/befestigungsartikeln\/buchschrauben\/\" \/>\n<meta property=\"og:site_name\" content=\"Jay Dee International\" \/>\n<meta property=\"article:modified_time\" content=\"2017-09-19T11:12:13+00:00\" \/>\n<meta property=\"og:image\" content=\"https:\/\/s3.eu-central-1.amazonaws.com\/jaydee.com\/de\/befestigungsartikeln\/buchschrauben-300x300.jpg\" \/>\n<meta name=\"twitter:card\" content=\"summary_large_image\" \/>\n<meta name=\"twitter:label1\" content=\"Gesch\u00e4tzte Lesezeit\" \/>\n\t<meta name=\"twitter:data1\" content=\"8\u00a0Minuten\" \/>\n<script type=\"application\/ld+json\" class=\"yoast-schema-graph\">{\"@context\":\"https:\/\/schema.org\",\"@graph\":[{\"@type\":\"WebPage\",\"@id\":\"https:\/\/www.jaydee.com\/de\/befestigungsartikeln\/buchschrauben\/\",\"url\":\"https:\/\/www.jaydee.com\/de\/befestigungsartikeln\/buchschrauben\/\",\"name\":\"Buchschrauben & H\u00fclsenmutter: Metall & Kunststoff | Jay Dee International\",\"isPartOf\":{\"@id\":\"https:\/\/www.jaydee.com\/nl\/#website\"},\"primaryImageOfPage\":{\"@id\":\"https:\/\/www.jaydee.com\/de\/befestigungsartikeln\/buchschrauben\/#primaryimage\"},\"image\":{\"@id\":\"https:\/\/www.jaydee.com\/de\/befestigungsartikeln\/buchschrauben\/#primaryimage\"},\"thumbnailUrl\":\"https:\/\/s3.eu-central-1.amazonaws.com\/jaydee.com\/de\/befestigungsartikeln\/buchschrauben-300x300.jpg\",\"datePublished\":\"2017-09-18T12:01:03+00:00\",\"dateModified\":\"2017-09-19T11:12:13+00:00\",\"description\":\"Sind Sie auf der Suche nach Buchschrauben? Hier finden Sie unsere komplette Produktpalette, -einschlie\u00dflich H\u00fclsenmutter. Besuchen Sie unsere Webseite!\",\"breadcrumb\":{\"@id\":\"https:\/\/www.jaydee.com\/de\/befestigungsartikeln\/buchschrauben\/#breadcrumb\"},\"inLanguage\":\"de\",\"potentialAction\":[{\"@type\":\"ReadAction\",\"target\":[\"https:\/\/www.jaydee.com\/de\/befestigungsartikeln\/buchschrauben\/\"]}]},{\"@type\":\"ImageObject\",\"inLanguage\":\"de\",\"@id\":\"https:\/\/www.jaydee.com\/de\/befestigungsartikeln\/buchschrauben\/#primaryimage\",\"url\":\"https:\/\/s3.eu-central-1.amazonaws.com\/jaydee.com\/de\/befestigungsartikeln\/buchschrauben-300x300.jpg\",\"contentUrl\":\"https:\/\/s3.eu-central-1.amazonaws.com\/jaydee.com\/de\/befestigungsartikeln\/buchschrauben-300x300.jpg\"},{\"@type\":\"BreadcrumbList\",\"@id\":\"https:\/\/www.jaydee.com\/de\/befestigungsartikeln\/buchschrauben\/#breadcrumb\",\"itemListElement\":[{\"@type\":\"ListItem\",\"position\":1,\"name\":\"Home\",\"item\":\"https:\/\/www.jaydee.com\/de\/\"},{\"@type\":\"ListItem\",\"position\":2,\"name\":\"Befestigungsartikeln\",\"item\":\"https:\/\/www.jaydee.com\/de\/befestigungsartikeln\/\"},{\"@type\":\"ListItem\",\"position\":3,\"name\":\"Buchschrauben und H\u00fclsenmutter\"}]},{\"@type\":\"WebSite\",\"@id\":\"https:\/\/www.jaydee.com\/nl\/#website\",\"url\":\"https:\/\/www.jaydee.com\/nl\/\",\"name\":\"Jay Dee International\",\"description\":\"Jay Dee\",\"potentialAction\":[{\"@type\":\"SearchAction\",\"target\":{\"@type\":\"EntryPoint\",\"urlTemplate\":\"https:\/\/www.jaydee.com\/nl\/?s={search_term_string}\"},\"query-input\":{\"@type\":\"PropertyValueSpecification\",\"valueRequired\":true,\"valueName\":\"search_term_string\"}}],\"inLanguage\":\"de\"}]}<\/script>\n<!-- \/ Yoast SEO plugin. -->","yoast_head_json":{"title":"Buchschrauben & H\u00fclsenmutter: Metall & Kunststoff | Jay Dee International","description":"Sind Sie auf der Suche nach Buchschrauben? Hier finden Sie unsere komplette Produktpalette, -einschlie\u00dflich H\u00fclsenmutter. Besuchen Sie unsere Webseite!","robots":{"index":"index","follow":"follow","max-snippet":"max-snippet:-1","max-image-preview":"max-image-preview:large","max-video-preview":"max-video-preview:-1"},"canonical":"https:\/\/www.jaydee.com\/de\/befestigungsartikeln\/buchschrauben\/","og_locale":"de_DE","og_type":"article","og_title":"Buchschrauben & H\u00fclsenmutter: Metall & Kunststoff | Jay Dee International","og_description":"Sind Sie auf der Suche nach Buchschrauben? Hier finden Sie unsere komplette Produktpalette, -einschlie\u00dflich H\u00fclsenmutter. Besuchen Sie unsere Webseite!","og_url":"https:\/\/www.jaydee.com\/de\/befestigungsartikeln\/buchschrauben\/","og_site_name":"Jay Dee International","article_modified_time":"2017-09-19T11:12:13+00:00","og_image":[{"url":"https:\/\/s3.eu-central-1.amazonaws.com\/jaydee.com\/de\/befestigungsartikeln\/buchschrauben-300x300.jpg","type":"","width":"","height":""}],"twitter_card":"summary_large_image","twitter_misc":{"Gesch\u00e4tzte Lesezeit":"8\u00a0Minuten"},"schema":{"@context":"https:\/\/schema.org","@graph":[{"@type":"WebPage","@id":"https:\/\/www.jaydee.com\/de\/befestigungsartikeln\/buchschrauben\/","url":"https:\/\/www.jaydee.com\/de\/befestigungsartikeln\/buchschrauben\/","name":"Buchschrauben & H\u00fclsenmutter: Metall & Kunststoff | Jay Dee International","isPartOf":{"@id":"https:\/\/www.jaydee.com\/nl\/#website"},"primaryImageOfPage":{"@id":"https:\/\/www.jaydee.com\/de\/befestigungsartikeln\/buchschrauben\/#primaryimage"},"image":{"@id":"https:\/\/www.jaydee.com\/de\/befestigungsartikeln\/buchschrauben\/#primaryimage"},"thumbnailUrl":"https:\/\/s3.eu-central-1.amazonaws.com\/jaydee.com\/de\/befestigungsartikeln\/buchschrauben-300x300.jpg","datePublished":"2017-09-18T12:01:03+00:00","dateModified":"2017-09-19T11:12:13+00:00","description":"Sind Sie auf der Suche nach Buchschrauben? Hier finden Sie unsere komplette Produktpalette, -einschlie\u00dflich H\u00fclsenmutter. Besuchen Sie unsere Webseite!","breadcrumb":{"@id":"https:\/\/www.jaydee.com\/de\/befestigungsartikeln\/buchschrauben\/#breadcrumb"},"inLanguage":"de","potentialAction":[{"@type":"ReadAction","target":["https:\/\/www.jaydee.com\/de\/befestigungsartikeln\/buchschrauben\/"]}]},{"@type":"ImageObject","inLanguage":"de","@id":"https:\/\/www.jaydee.com\/de\/befestigungsartikeln\/buchschrauben\/#primaryimage","url":"https:\/\/s3.eu-central-1.amazonaws.com\/jaydee.com\/de\/befestigungsartikeln\/buchschrauben-300x300.jpg","contentUrl":"https:\/\/s3.eu-central-1.amazonaws.com\/jaydee.com\/de\/befestigungsartikeln\/buchschrauben-300x300.jpg"},{"@type":"BreadcrumbList","@id":"https:\/\/www.jaydee.com\/de\/befestigungsartikeln\/buchschrauben\/#breadcrumb","itemListElement":[{"@type":"ListItem","position":1,"name":"Home","item":"https:\/\/www.jaydee.com\/de\/"},{"@type":"ListItem","position":2,"name":"Befestigungsartikeln","item":"https:\/\/www.jaydee.com\/de\/befestigungsartikeln\/"},{"@type":"ListItem","position":3,"name":"Buchschrauben und H\u00fclsenmutter"}]},{"@type":"WebSite","@id":"https:\/\/www.jaydee.com\/nl\/#website","url":"https:\/\/www.jaydee.com\/nl\/","name":"Jay Dee International","description":"Jay Dee","potentialAction":[{"@type":"SearchAction","target":{"@type":"EntryPoint","urlTemplate":"https:\/\/www.jaydee.com\/nl\/?s={search_term_string}"},"query-input":{"@type":"PropertyValueSpecification","valueRequired":true,"valueName":"search_term_string"}}],"inLanguage":"de"}]}},"_links":{"self":[{"href":"https:\/\/www.jaydee.com\/de\/wp-json\/wp\/v2\/pages\/3603","targetHints":{"allow":["GET"]}}],"collection":[{"href":"https:\/\/www.jaydee.com\/de\/wp-json\/wp\/v2\/pages"}],"about":[{"href":"https:\/\/www.jaydee.com\/de\/wp-json\/wp\/v2\/types\/page"}],"author":[{"embeddable":true,"href":"https:\/\/www.jaydee.com\/de\/wp-json\/wp\/v2\/users\/1"}],"replies":[{"embeddable":true,"href":"https:\/\/www.jaydee.com\/de\/wp-json\/wp\/v2\/comments?post=3603"}],"version-history":[{"count":5,"href":"https:\/\/www.jaydee.com\/de\/wp-json\/wp\/v2\/pages\/3603\/revisions"}],"predecessor-version":[{"id":3724,"href":"https:\/\/www.jaydee.com\/de\/wp-json\/wp\/v2\/pages\/3603\/revisions\/3724"}],"up":[{"embeddable":true,"href":"https:\/\/www.jaydee.com\/de\/wp-json\/wp\/v2\/pages\/3600"}],"wp:attachment":[{"href":"https:\/\/www.jaydee.com\/de\/wp-json\/wp\/v2\/media?parent=3603"}],"curies":[{"name":"wp","href":"https:\/\/api.w.org\/{rel}","templated":true}]}}