{"id":3606,"date":"2017-09-18T14:02:59","date_gmt":"2017-09-18T12:02:59","guid":{"rendered":"https:\/\/www.jaydee.com\/?page_id=3606"},"modified":"2017-09-19T11:59:18","modified_gmt":"2017-09-19T09:59:18","slug":"konfektionsklammern","status":"publish","type":"page","link":"https:\/\/www.jaydee.com\/de\/befestigungsartikeln\/konfektionsklammern\/","title":{"rendered":"Konfektionsklammern"},"content":{"rendered":"<section class=\"columns\">\n<article class=\"col col3\">\n<p><img loading=\"lazy\" decoding=\"async\" class=\"alignnone size-medium\" src=\"https:\/\/s3.eu-central-1.amazonaws.com\/jaydee.com\/de\/befestigungsartikeln\/konfektionsklammern-300x300.jpg\" alt=\"konfektionsklammern\" width=\"300\" height=\"300\" \/><\/p><\/article>\n<article class=\"col col23\">\n<p>Konfektionsklammern\u00a0sind transparente Klammern zum Heften von Stoffen. Sie werden in der Textilindustrie eingesetzt, um beispielsweise Kleidung oder Stoffproben sch\u00f6n zu falten.<\/p>\n<a href=\"https:\/\/www.thesolutionshop.com\/de\/kollektionshaken\/konfektionsklammern\" class=\"btn large orange\" target=\"_blank\"><i class=\"fa fa-chevron-right\"><\/i>Konfektionsklammern ansehen<\/a><\/article>\n<\/section>\n<section class=\"columns\">\n<article class=\"col col1\">\n<p>Weitere information \u00fcber:<\/p>\n<ul>\n<li><a href=\"https:\/\/www.jaydee.com\/de\/befestigungsartikeln\/konfektionsklammern\/#formate\">Formate<\/a><\/li>\n<li><a href=\"https:\/\/www.jaydee.com\/de\/befestigungsartikeln\/konfektionsklammern\/#ausfuehrungen\">Ausf\u00fchrungen<\/a><\/li>\n<li><a href=\"https:\/\/www.jaydee.com\/de\/befestigungsartikeln\/konfektionsklammern\/#verwendung-montage\">Verwendung &amp; Montage<\/a><\/li>\n<li><a href=\"https:\/\/www.jaydee.com\/de\/befestigungsartikeln\/konfektionsklammern\/#zugehoeren\">Zugeh\u00f6ren<\/a><\/li>\n<li><a href=\"https:\/\/www.jaydee.com\/de\/befestigungsartikeln\/konfektionsklammern\/#haeufige-fragen\">H\u00e4ufige Fragen (FAQ)<\/a><\/li>\n<\/ul><\/article><div class='clearfix'><\/div>\n<\/section>\n<section class=\"columns\">\n<article class=\"col col1\">\n<a name=\"formate\"><\/a><\/p>\n<h2>Welche Gr\u00f6\u00dfen\u00a0Konfektionsklammern\u00a0gibt es?<\/h2>\n<p>Konfektionsklammern sind im Standardformat 40 x 4 mm erh\u00e4ltlich. Auf Anfrage sind auch andere Gr\u00f6\u00dfen lieferbar. Wir beraten Sie gerne \u00fcber die M\u00f6glichkeiten.<\/p>\n<p><a name=\"ausfuehrungen\"><\/a><\/p>\n<h2>Welche Ausf\u00fchrungen gibt es?<\/h2>\n<p>Das Produkt ist aus transparentem Kunststoff gefertigt.<\/p>\n<p><a name=\"verwendung-montage\"><\/a><\/p>\n<h2>Verwendung &amp; Montage<\/h2>\n<p>Das Produkt wird in der Regel zum Verpacken von Oberhemden oder anderen Kleidungsst\u00fccken verwendet, damit diese in der Verpackung sch\u00f6n gefaltet bleiben. Sie werden daher manchmal auch als Oberhemden, Shirt-oder Krawatten-Clips bezeichnet.<\/p>\n<p>Auch bei Musterkollektionen kommen die Klammern h\u00e4ufig zur Anwendung, beispielsweise um Gardinenmuster w\u00e4hrend des Transports zu sch\u00fctzen, damit diese auf Messen pr\u00e4sentiert werden k\u00f6nnen.<\/p>\n<p><a name=\"zugehoeren\"><\/a><\/p>\n<h2>Das k\u00f6nnte Sie auch interessieren<\/h2>\n<p>Konfektionsklammern sind ein praktisches Zubeh\u00f6r f\u00fcr die Pr\u00e4sentation von Musterkollektionen. Folgende Produkte sind ebenfalls ideal zum Zusammenstellen und Ordnen Ihrer Musterkollektionen.<\/p><\/article><div class='clearfix'><\/div>\n<\/section>\n<section class=\"columns\">\n<article class=\"col col4\">\n<p><img loading=\"lazy\" decoding=\"async\" class=\"alignnone size-medium\" src=\"https:\/\/s3.eu-central-1.amazonaws.com\/jaydee.com\/de\/befestigungsartikeln\/buchschrauben-150x150.jpg\" alt=\"buchschrauben und hulsenm\u00fctter\" width=\"150\" height=\"150\" \/><\/p><\/article>\n<article class=\"col col34\">\n<h3>Buchschrauben<\/h3>\n<p>Mit Buchschrauben k\u00f6nnen Muster-Kollektionen in verschiedenen Formaten stets flexibel und leicht \u00e4nderbar zusammengestellt werden.<\/p>\n<p>Sie sind in Metall und Kunststoff erh\u00e4ltlich. Buchschrauben mit Loch, Einpressk\u00f6pfe und patentierte Schraubk\u00f6pfe mit Verl\u00e4ngerung k\u00f6nnen ebenfalls n\u00fctzlich sein<\/p>\n<a href=\"https:\/\/www.jaydee.com\/de\/befestigungsartikeln\/buchschrauben\/\" class=\"btn large custom\"><i class=\"fa fa-chevron-right\"><\/i>Buchschrauben<\/a><\/article>\n<\/section>\n<section class=\"columns\">\n<article class=\"col col4\">\n<p><img loading=\"lazy\" decoding=\"async\" class=\"alignnone size-medium\" src=\"https:\/\/s3.eu-central-1.amazonaws.com\/jaydee.com\/de\/befestigungsartikeln\/oesen-150x150.jpg\" alt=\"\u00f6sen\" width=\"150\" height=\"150\" \/><\/p><\/article>\n<article class=\"col col34\">\n<h3>\u00d6sen<\/h3>\n<p>Musterkollektionen werden auch h\u00e4ufig mit \u00d6sen gebunden, die mit einem Verschlussring Gegenring f\u00fcr mehr Stabilit\u00e4t verbunden werden.<\/p>\n<a href=\"https:\/\/www.jaydee.com\/de\/befestigungsartikeln\/oesen\/\" class=\"btn large custom\"><i class=\"fa fa-chevron-right\"><\/i>\u00d6sen<\/a><\/article>\n<\/section>\n<section class=\"columns\">\n<article class=\"col col4\">\n<p><img loading=\"lazy\" decoding=\"async\" class=\"alignnone size-medium\" src=\"https:\/\/s3.eu-central-1.amazonaws.com\/jaydee.com\/de\/praesentationsartikeln\/kollektionshaken-150x150.jpg\" alt=\"kollektionshaken\" width=\"150\" height=\"150\" \/><\/p><\/article>\n<article class=\"col col34\">\n<h3>Kollektionshaken<\/h3>\n<p>Wir liefern Haken aus Kunststoff und Metall in verschiedenen Ausf\u00fchrungen zum repr\u00e4sentativen Aufh\u00e4ngen von Musterkollektionen. In unseren Webshop finden Sie alle lieferbaren Formen und Gr\u00f6\u00dfen.<\/p>\n<a href=\"https:\/\/www.jaydee.com\/de\/praesentationsartikeln\/kollektionshaken\/\" class=\"btn large custom\"><i class=\"fa fa-chevron-right\"><\/i>Kollektionshaken<\/a><\/article>\n<\/section>\n<section class=\"columns\">\n<article class=\"col col1\">\n<a name=\"haeufige-fragen\"><\/a><\/p>\n<h2>H\u00e4ufige Fragen (FAQ) \u00fcber Konfektionsklammern<\/h2>\n<p>Hier finden Sie die haufige Fragen dieses Produkt. F\u00fcr weitere Fragen k\u00f6nnen Sie uns <a href=\"https:\/\/www.jaydee.com\/de\/kontakt\/\">Kontaktieren<\/a>.<\/p>\n<p><strong>K\u00f6nnen Konfektionsklammern auch in anderen Gr\u00f6\u00dfen bestellt werden?<\/strong><\/p>\n<p>Ja, andere Gr\u00f6\u00dfen sind auf Anfrage erh\u00e4ltlich.<\/p><\/article><div class='clearfix'><\/div>\n<\/section>\n","protected":false},"excerpt":{"rendered":"","protected":false},"author":1,"featured_media":0,"parent":3600,"menu_order":0,"comment_status":"closed","ping_status":"closed","template":"","meta":{"footnotes":""},"class_list":["post-3606","page","type-page","status-publish","hentry"],"yoast_head":"<!-- This site is optimized with the Yoast SEO plugin v26.9 - https:\/\/yoast.com\/product\/yoast-seo-wordpress\/ -->\n<title>Konfektionsklammern: zum Heften von Stoffen | Jay Dee International<\/title>\n<meta name=\"description\" content=\"Konfektionsklammern sind verf\u00fcgbar bei Jay Dee International. transparente Klammern zum Heften. Sehen Sie hier unseren Sortiment an!\" \/>\n<meta name=\"robots\" content=\"index, follow, max-snippet:-1, max-image-preview:large, max-video-preview:-1\" \/>\n<link rel=\"canonical\" href=\"https:\/\/www.jaydee.com\/de\/befestigungsartikeln\/konfektionsklammern\/\" \/>\n<meta property=\"og:locale\" content=\"de_DE\" \/>\n<meta property=\"og:type\" content=\"article\" \/>\n<meta property=\"og:title\" content=\"Konfektionsklammern: zum Heften von Stoffen | Jay Dee International\" \/>\n<meta property=\"og:description\" content=\"Konfektionsklammern sind verf\u00fcgbar bei Jay Dee International. transparente Klammern zum Heften. Sehen Sie hier unseren Sortiment an!\" \/>\n<meta property=\"og:url\" content=\"https:\/\/www.jaydee.com\/de\/befestigungsartikeln\/konfektionsklammern\/\" \/>\n<meta property=\"og:site_name\" content=\"Jay Dee International\" \/>\n<meta property=\"article:modified_time\" content=\"2017-09-19T09:59:18+00:00\" \/>\n<meta property=\"og:image\" content=\"https:\/\/s3.eu-central-1.amazonaws.com\/jaydee.com\/de\/befestigungsartikeln\/konfektionsklammern-300x300.jpg\" \/>\n<meta name=\"twitter:card\" content=\"summary_large_image\" \/>\n<meta name=\"twitter:label1\" content=\"Gesch\u00e4tzte Lesezeit\" \/>\n\t<meta name=\"twitter:data1\" content=\"2\u00a0Minuten\" \/>\n<script type=\"application\/ld+json\" class=\"yoast-schema-graph\">{\"@context\":\"https:\/\/schema.org\",\"@graph\":[{\"@type\":\"WebPage\",\"@id\":\"https:\/\/www.jaydee.com\/de\/befestigungsartikeln\/konfektionsklammern\/\",\"url\":\"https:\/\/www.jaydee.com\/de\/befestigungsartikeln\/konfektionsklammern\/\",\"name\":\"Konfektionsklammern: zum Heften von Stoffen | Jay Dee International\",\"isPartOf\":{\"@id\":\"https:\/\/www.jaydee.com\/nl\/#website\"},\"primaryImageOfPage\":{\"@id\":\"https:\/\/www.jaydee.com\/de\/befestigungsartikeln\/konfektionsklammern\/#primaryimage\"},\"image\":{\"@id\":\"https:\/\/www.jaydee.com\/de\/befestigungsartikeln\/konfektionsklammern\/#primaryimage\"},\"thumbnailUrl\":\"https:\/\/s3.eu-central-1.amazonaws.com\/jaydee.com\/de\/befestigungsartikeln\/konfektionsklammern-300x300.jpg\",\"datePublished\":\"2017-09-18T12:02:59+00:00\",\"dateModified\":\"2017-09-19T09:59:18+00:00\",\"description\":\"Konfektionsklammern sind verf\u00fcgbar bei Jay Dee International. transparente Klammern zum Heften. Sehen Sie hier unseren Sortiment an!\",\"breadcrumb\":{\"@id\":\"https:\/\/www.jaydee.com\/de\/befestigungsartikeln\/konfektionsklammern\/#breadcrumb\"},\"inLanguage\":\"de\",\"potentialAction\":[{\"@type\":\"ReadAction\",\"target\":[\"https:\/\/www.jaydee.com\/de\/befestigungsartikeln\/konfektionsklammern\/\"]}]},{\"@type\":\"ImageObject\",\"inLanguage\":\"de\",\"@id\":\"https:\/\/www.jaydee.com\/de\/befestigungsartikeln\/konfektionsklammern\/#primaryimage\",\"url\":\"https:\/\/s3.eu-central-1.amazonaws.com\/jaydee.com\/de\/befestigungsartikeln\/konfektionsklammern-300x300.jpg\",\"contentUrl\":\"https:\/\/s3.eu-central-1.amazonaws.com\/jaydee.com\/de\/befestigungsartikeln\/konfektionsklammern-300x300.jpg\"},{\"@type\":\"BreadcrumbList\",\"@id\":\"https:\/\/www.jaydee.com\/de\/befestigungsartikeln\/konfektionsklammern\/#breadcrumb\",\"itemListElement\":[{\"@type\":\"ListItem\",\"position\":1,\"name\":\"Home\",\"item\":\"https:\/\/www.jaydee.com\/de\/\"},{\"@type\":\"ListItem\",\"position\":2,\"name\":\"Befestigungsartikeln\",\"item\":\"https:\/\/www.jaydee.com\/de\/befestigungsartikeln\/\"},{\"@type\":\"ListItem\",\"position\":3,\"name\":\"Konfektionsklammern\"}]},{\"@type\":\"WebSite\",\"@id\":\"https:\/\/www.jaydee.com\/nl\/#website\",\"url\":\"https:\/\/www.jaydee.com\/nl\/\",\"name\":\"Jay Dee International\",\"description\":\"Jay Dee\",\"potentialAction\":[{\"@type\":\"SearchAction\",\"target\":{\"@type\":\"EntryPoint\",\"urlTemplate\":\"https:\/\/www.jaydee.com\/nl\/?s={search_term_string}\"},\"query-input\":{\"@type\":\"PropertyValueSpecification\",\"valueRequired\":true,\"valueName\":\"search_term_string\"}}],\"inLanguage\":\"de\"}]}<\/script>\n<!-- \/ Yoast SEO plugin. -->","yoast_head_json":{"title":"Konfektionsklammern: zum Heften von Stoffen | Jay Dee International","description":"Konfektionsklammern sind verf\u00fcgbar bei Jay Dee International. transparente Klammern zum Heften. Sehen Sie hier unseren Sortiment an!","robots":{"index":"index","follow":"follow","max-snippet":"max-snippet:-1","max-image-preview":"max-image-preview:large","max-video-preview":"max-video-preview:-1"},"canonical":"https:\/\/www.jaydee.com\/de\/befestigungsartikeln\/konfektionsklammern\/","og_locale":"de_DE","og_type":"article","og_title":"Konfektionsklammern: zum Heften von Stoffen | Jay Dee International","og_description":"Konfektionsklammern sind verf\u00fcgbar bei Jay Dee International. transparente Klammern zum Heften. Sehen Sie hier unseren Sortiment an!","og_url":"https:\/\/www.jaydee.com\/de\/befestigungsartikeln\/konfektionsklammern\/","og_site_name":"Jay Dee International","article_modified_time":"2017-09-19T09:59:18+00:00","og_image":[{"url":"https:\/\/s3.eu-central-1.amazonaws.com\/jaydee.com\/de\/befestigungsartikeln\/konfektionsklammern-300x300.jpg","type":"","width":"","height":""}],"twitter_card":"summary_large_image","twitter_misc":{"Gesch\u00e4tzte Lesezeit":"2\u00a0Minuten"},"schema":{"@context":"https:\/\/schema.org","@graph":[{"@type":"WebPage","@id":"https:\/\/www.jaydee.com\/de\/befestigungsartikeln\/konfektionsklammern\/","url":"https:\/\/www.jaydee.com\/de\/befestigungsartikeln\/konfektionsklammern\/","name":"Konfektionsklammern: zum Heften von Stoffen | Jay Dee International","isPartOf":{"@id":"https:\/\/www.jaydee.com\/nl\/#website"},"primaryImageOfPage":{"@id":"https:\/\/www.jaydee.com\/de\/befestigungsartikeln\/konfektionsklammern\/#primaryimage"},"image":{"@id":"https:\/\/www.jaydee.com\/de\/befestigungsartikeln\/konfektionsklammern\/#primaryimage"},"thumbnailUrl":"https:\/\/s3.eu-central-1.amazonaws.com\/jaydee.com\/de\/befestigungsartikeln\/konfektionsklammern-300x300.jpg","datePublished":"2017-09-18T12:02:59+00:00","dateModified":"2017-09-19T09:59:18+00:00","description":"Konfektionsklammern sind verf\u00fcgbar bei Jay Dee International. transparente Klammern zum Heften. Sehen Sie hier unseren Sortiment an!","breadcrumb":{"@id":"https:\/\/www.jaydee.com\/de\/befestigungsartikeln\/konfektionsklammern\/#breadcrumb"},"inLanguage":"de","potentialAction":[{"@type":"ReadAction","target":["https:\/\/www.jaydee.com\/de\/befestigungsartikeln\/konfektionsklammern\/"]}]},{"@type":"ImageObject","inLanguage":"de","@id":"https:\/\/www.jaydee.com\/de\/befestigungsartikeln\/konfektionsklammern\/#primaryimage","url":"https:\/\/s3.eu-central-1.amazonaws.com\/jaydee.com\/de\/befestigungsartikeln\/konfektionsklammern-300x300.jpg","contentUrl":"https:\/\/s3.eu-central-1.amazonaws.com\/jaydee.com\/de\/befestigungsartikeln\/konfektionsklammern-300x300.jpg"},{"@type":"BreadcrumbList","@id":"https:\/\/www.jaydee.com\/de\/befestigungsartikeln\/konfektionsklammern\/#breadcrumb","itemListElement":[{"@type":"ListItem","position":1,"name":"Home","item":"https:\/\/www.jaydee.com\/de\/"},{"@type":"ListItem","position":2,"name":"Befestigungsartikeln","item":"https:\/\/www.jaydee.com\/de\/befestigungsartikeln\/"},{"@type":"ListItem","position":3,"name":"Konfektionsklammern"}]},{"@type":"WebSite","@id":"https:\/\/www.jaydee.com\/nl\/#website","url":"https:\/\/www.jaydee.com\/nl\/","name":"Jay Dee International","description":"Jay Dee","potentialAction":[{"@type":"SearchAction","target":{"@type":"EntryPoint","urlTemplate":"https:\/\/www.jaydee.com\/nl\/?s={search_term_string}"},"query-input":{"@type":"PropertyValueSpecification","valueRequired":true,"valueName":"search_term_string"}}],"inLanguage":"de"}]}},"_links":{"self":[{"href":"https:\/\/www.jaydee.com\/de\/wp-json\/wp\/v2\/pages\/3606","targetHints":{"allow":["GET"]}}],"collection":[{"href":"https:\/\/www.jaydee.com\/de\/wp-json\/wp\/v2\/pages"}],"about":[{"href":"https:\/\/www.jaydee.com\/de\/wp-json\/wp\/v2\/types\/page"}],"author":[{"embeddable":true,"href":"https:\/\/www.jaydee.com\/de\/wp-json\/wp\/v2\/users\/1"}],"replies":[{"embeddable":true,"href":"https:\/\/www.jaydee.com\/de\/wp-json\/wp\/v2\/comments?post=3606"}],"version-history":[{"count":3,"href":"https:\/\/www.jaydee.com\/de\/wp-json\/wp\/v2\/pages\/3606\/revisions"}],"predecessor-version":[{"id":3720,"href":"https:\/\/www.jaydee.com\/de\/wp-json\/wp\/v2\/pages\/3606\/revisions\/3720"}],"up":[{"embeddable":true,"href":"https:\/\/www.jaydee.com\/de\/wp-json\/wp\/v2\/pages\/3600"}],"wp:attachment":[{"href":"https:\/\/www.jaydee.com\/de\/wp-json\/wp\/v2\/media?parent=3606"}],"curies":[{"name":"wp","href":"https:\/\/api.w.org\/{rel}","templated":true}]}}