{"id":3609,"date":"2017-09-18T14:04:39","date_gmt":"2017-09-18T12:04:39","guid":{"rendered":"https:\/\/www.jaydee.com\/?page_id=3609"},"modified":"2017-09-19T13:46:11","modified_gmt":"2017-09-19T11:46:11","slug":"kunststoff-verbinder","status":"publish","type":"page","link":"https:\/\/www.jaydee.com\/de\/befestigungsartikeln\/kunststoff-verbinder\/","title":{"rendered":"Kunststoff verbinder"},"content":{"rendered":"<section class=\"columns\">\n<article class=\"col col3\">\n<p><img loading=\"lazy\" decoding=\"async\" class=\"alignnone size-medium\" src=\"https:\/\/s3.eu-central-1.amazonaws.com\/jaydee.com\/de\/befestigungsartikeln\/kunststoff-verbinder-300x300.jpg\" alt=\"kunststoff verbinder\" width=\"300\" height=\"300\" \/><\/p><\/article>\n<article class=\"col col23\">\n<p>Kunststoff Verbinder\u00a0sind flexible Kunststoffverbindungen mit Einrastperlen, die mit einer Klemmscheibe oder einer H\u00fclse (nicht im Lieferumfang enthalten) verschlossen werden k\u00f6nnen.\u00a0Kunststoff Verbinder\u00a0sind somit ideal zum Binden von Kollektionen, wenn die L\u00e4nge exakt stimmen muss.<\/p>\n<a href=\"https:\/\/www.thesolutionshop.com\/de\/nieten-osen\/kunststoff-verbinder\" class=\"btn large orange\" target=\"_blank\"><i class=\"fa fa-chevron-right\"><\/i>Kunstoff Verbinder ansehen<\/a><\/article>\n<\/section>\n<section class=\"columns\">\n<article class=\"col col1\">\n<p>Weitere information \u00fcber:<\/p>\n<ul>\n<li><a href=\"https:\/\/www.jaydee.com\/de\/befestigungsartikeln\/kunststoff-verbinder\/#formate\">Formate<\/a><\/li>\n<li><a href=\"https:\/\/www.jaydee.com\/de\/befestigungsartikeln\/kunststoff-verbinder\/#ausfuehrungen\">Ausf\u00fchrungen<\/a><\/li>\n<li><a href=\"https:\/\/www.jaydee.com\/de\/befestigungsartikeln\/kunststoff-verbinder\/#verwendung-montage\">Verwendung &amp; Montage<\/a><\/li>\n<li><a href=\"https:\/\/www.jaydee.com\/de\/befestigungsartikeln\/kunststoff-verbinder\/#zugehoeren\">Zugeh\u00f6ren<\/a><\/li>\n<li><a href=\"https:\/\/www.jaydee.com\/de\/befestigungsartikeln\/kunststoff-verbinder\/#haeufige-fragen\">H\u00e4ufige Fragen (FAQ)<\/a><\/li>\n<\/ul><\/article><div class='clearfix'><\/div>\n<\/section>\n<section class=\"columns\">\n<article class=\"col col1\">\n<a name=\"formate\"><\/a><\/p>\n<h2>Welche Gr\u00f6\u00dfen\u00a0Kunstoff Verbinder gibt es?<\/h2>\n<p>Kunststoff Verbinder sind in den folgenden L\u00e4ngen erh\u00e4ltlich:<\/p>\n<ul>\n<li>45 mm<\/li>\n<li>65 mm<\/li>\n<li>85 mm<\/li>\n<li>140 mm<\/li>\n<li>205 mm<\/li>\n<\/ul>\n<p>Der Durchmesser des Drahtes betr\u00e4gt an der dicksten Stelle 5.85-mm. Der Kopf hat einen Durchmesser von 23 mm.<\/p>\n<p>Mit diesem Verbinder k\u00f6nnen Sie Musterkollektionen in der gew\u00fcnschten Dicke binden. Der \u00fcbersch\u00fcssige Draht wird abgeschnitten und Sie erhalten ein ma\u00dfgeschneidertes Produkt.<\/p>\n<p>Die zugeh\u00f6rigen Klemmscheiben (flache Scheiben) und H\u00fclsen (in der Form von Buchschrauben) sind in einer Standardgr\u00f6\u00dfe mit einem Au\u00dfendurchmesser von 23 mm erh\u00e4ltlich. Beide Produkte werden gleicherma\u00dfen verwendet und montiert, sie unterscheiden sich lediglich in der Ausstrahlung.<\/p>\n<p><a name=\"ausfuehrungen\"><\/a><\/p>\n<h2>Welche Ausf\u00fchrungen gibt es?<\/h2>\n<p>Kunststoff Verbinder sind in einer schwarzen oder wei\u00dfen Kunststoff-Ausf\u00fchrung erh\u00e4ltlich.\u00a0 Die Klemmscheiben und H\u00fclsen zum Verschlie\u00dfen der Verbindung sind ebenfalls in einer schwarzen oder wei\u00dfen Kunststoffausf\u00fchrung erh\u00e4ltlich.<\/p>\n<p>Auf Anfrage liefern wir Ihnen unststof verbinder auch in der gew\u00fcnschten Farbe. Bitte <a href=\"https:\/\/www.jaydee.com\/de\/kontakt\/\">kontaktieren <\/a>Sie uns hierzu.<\/p>\n<p><a name=\"verwendung-montage\"><\/a><\/p>\n<h2>Verwendung &amp; Montage<\/h2>\n<p>Kunststoff Verbinder sind ideal zum Binden von Teppichmustern oder dicken Musterkollektionen. Sie werden h\u00e4ufig in Kombination mit Griffen oder Trageschlaufen verwendet.<\/p>\n<p>Die\u00a0Verbinder sind einfach zu montieren. Sie stecken den flexiblen Draht durch die Musterkollektion und schieben dann die Klemmscheibe oder H\u00fclse auf dem Draht nach oben, bis die Kollektion straff gebunden ist. Abschlie\u00dfend wird der \u00fcbersch\u00fcssige Draht abgeschnitten.<\/p>\n<p><a href=\"https:\/\/www.jaydee.com\/de\/befestigungsartikeln\/klemscheiben\/\">Klemmscheiben <\/a>und H\u00fclsen bieten eine permanente Verbindung und k\u00f6nnen somit nicht mehr gel\u00f6st werden. Klemmscheiben und H\u00fclsen m\u00fcssen zus\u00e4tzlich bestellt werden. Sie sind nicht im Lieferumfang der Kunststoff Verbinder enthalten.<\/p>\n<p><a name=\"zugehoeren\"><\/a><\/p>\n<h2>Das k\u00f6nnte Sie auch interessieren<\/h2>\n<p>Kunststoff Verbinder werden auf dieselbe Weise wie Buchschrauben angebracht. Alternativ zu den Kunststoff Verbindern k\u00f6nnen Sie f\u00fcr Ihre Anwendung somit auch Buchschrauben verwenden.<\/p><\/article><div class='clearfix'><\/div>\n<\/section>\n<section class=\"columns\">\n<article class=\"col col4\">\n<p><img loading=\"lazy\" decoding=\"async\" class=\"alignnone\" src=\"https:\/\/s3.eu-central-1.amazonaws.com\/jaydee.com\/de\/befestigungsartikeln\/buchschrauben-150x150.jpg\" alt=\"h\u00fclsenmutter\" width=\"150\" height=\"150\" \/><\/p><\/article>\n<article class=\"col col34\">\n<h3>H\u00fclsenmutter<\/h3>\n<p>H\u00fclsenmutter, bestehend aus einer H\u00fclse und einem Schraubkopf, sind in verschiedenen Formen und Gr\u00f6\u00dfen erh\u00e4ltlich. Sie werden h\u00e4ufig zum Binden von Musterkollektionen und Farbf\u00e4chern verwendet. Weitere Informationen finden Sie auf der entsprechenden Seite oder direkt in unserem Webshop.<\/p>\n<a href=\"https:\/\/www.jaydee.com\/de\/befestigungsartikeln\/buchschrauben\/\" class=\"btn large custom\"><i class=\"fa fa-chevron-right\"><\/i>H\u00fclsenmutter<\/a><\/article>\n<\/section>\n<section class=\"columns\">\n<article class=\"col col1\">\n<a name=\"haeufige-fragen\"><\/a><\/p>\n<h2>H\u00e4ufige Fragen (FAQ) \u00fcber Kunststoff Verbinder<\/h2>\n<p>Hier finden Sie die haufige Fragen dieses Produkt. F\u00fcr weitere Fragen k\u00f6nnen Sie uns <a href=\"https:\/\/www.jaydee.com\/de\/kontakt\/\">Kontaktieren<\/a>.<\/p>\n<p><strong>Wie flexibel sind Kunststoff Verbinder?<\/strong><\/p>\n<p>Kunststoff Verbinder sind aus flexiblem Kunststoff gefertigt. Sie sind sehr robust und zugleich biegsam.<\/p><\/article><div class='clearfix'><\/div>\n<\/section>\n","protected":false},"excerpt":{"rendered":"","protected":false},"author":1,"featured_media":0,"parent":3600,"menu_order":0,"comment_status":"closed","ping_status":"closed","template":"","meta":{"footnotes":""},"class_list":["post-3609","page","type-page","status-publish","hentry"],"yoast_head":"<!-- This site is optimized with the Yoast SEO plugin v26.9 - https:\/\/yoast.com\/product\/yoast-seo-wordpress\/ -->\n<title>Kunststoff verbinder: flexi Kunststoffverbindungen | Jay Dee International<\/title>\n<meta name=\"description\" content=\"Kunststoff verbinder sind verf\u00fcgbar bei Jay Dee International. \u221a Flexible Kunststoffverbindungen mit Einrastperlen. Sehen Sie hier unseren Sortiment an!\" \/>\n<meta name=\"robots\" content=\"index, follow, max-snippet:-1, max-image-preview:large, max-video-preview:-1\" \/>\n<link rel=\"canonical\" href=\"https:\/\/www.jaydee.com\/de\/befestigungsartikeln\/kunststoff-verbinder\/\" \/>\n<meta property=\"og:locale\" content=\"de_DE\" \/>\n<meta property=\"og:type\" content=\"article\" \/>\n<meta property=\"og:title\" content=\"Kunststoff verbinder: flexi Kunststoffverbindungen | Jay Dee International\" \/>\n<meta property=\"og:description\" content=\"Kunststoff verbinder sind verf\u00fcgbar bei Jay Dee International. \u221a Flexible Kunststoffverbindungen mit Einrastperlen. Sehen Sie hier unseren Sortiment an!\" \/>\n<meta property=\"og:url\" content=\"https:\/\/www.jaydee.com\/de\/befestigungsartikeln\/kunststoff-verbinder\/\" \/>\n<meta property=\"og:site_name\" content=\"Jay Dee International\" \/>\n<meta property=\"article:modified_time\" content=\"2017-09-19T11:46:11+00:00\" \/>\n<meta property=\"og:image\" content=\"https:\/\/s3.eu-central-1.amazonaws.com\/jaydee.com\/de\/befestigungsartikeln\/kunststoff-verbinder-300x300.jpg\" \/>\n<meta name=\"twitter:card\" content=\"summary_large_image\" \/>\n<meta name=\"twitter:label1\" content=\"Gesch\u00e4tzte Lesezeit\" \/>\n\t<meta name=\"twitter:data1\" content=\"3\u00a0Minuten\" \/>\n<script type=\"application\/ld+json\" class=\"yoast-schema-graph\">{\"@context\":\"https:\/\/schema.org\",\"@graph\":[{\"@type\":\"WebPage\",\"@id\":\"https:\/\/www.jaydee.com\/de\/befestigungsartikeln\/kunststoff-verbinder\/\",\"url\":\"https:\/\/www.jaydee.com\/de\/befestigungsartikeln\/kunststoff-verbinder\/\",\"name\":\"Kunststoff verbinder: flexi Kunststoffverbindungen | Jay Dee International\",\"isPartOf\":{\"@id\":\"https:\/\/www.jaydee.com\/nl\/#website\"},\"primaryImageOfPage\":{\"@id\":\"https:\/\/www.jaydee.com\/de\/befestigungsartikeln\/kunststoff-verbinder\/#primaryimage\"},\"image\":{\"@id\":\"https:\/\/www.jaydee.com\/de\/befestigungsartikeln\/kunststoff-verbinder\/#primaryimage\"},\"thumbnailUrl\":\"https:\/\/s3.eu-central-1.amazonaws.com\/jaydee.com\/de\/befestigungsartikeln\/kunststoff-verbinder-300x300.jpg\",\"datePublished\":\"2017-09-18T12:04:39+00:00\",\"dateModified\":\"2017-09-19T11:46:11+00:00\",\"description\":\"Kunststoff verbinder sind verf\u00fcgbar bei Jay Dee International. \u221a Flexible Kunststoffverbindungen mit Einrastperlen. Sehen Sie hier unseren Sortiment an!\",\"breadcrumb\":{\"@id\":\"https:\/\/www.jaydee.com\/de\/befestigungsartikeln\/kunststoff-verbinder\/#breadcrumb\"},\"inLanguage\":\"de\",\"potentialAction\":[{\"@type\":\"ReadAction\",\"target\":[\"https:\/\/www.jaydee.com\/de\/befestigungsartikeln\/kunststoff-verbinder\/\"]}]},{\"@type\":\"ImageObject\",\"inLanguage\":\"de\",\"@id\":\"https:\/\/www.jaydee.com\/de\/befestigungsartikeln\/kunststoff-verbinder\/#primaryimage\",\"url\":\"https:\/\/s3.eu-central-1.amazonaws.com\/jaydee.com\/de\/befestigungsartikeln\/kunststoff-verbinder-300x300.jpg\",\"contentUrl\":\"https:\/\/s3.eu-central-1.amazonaws.com\/jaydee.com\/de\/befestigungsartikeln\/kunststoff-verbinder-300x300.jpg\"},{\"@type\":\"BreadcrumbList\",\"@id\":\"https:\/\/www.jaydee.com\/de\/befestigungsartikeln\/kunststoff-verbinder\/#breadcrumb\",\"itemListElement\":[{\"@type\":\"ListItem\",\"position\":1,\"name\":\"Home\",\"item\":\"https:\/\/www.jaydee.com\/de\/\"},{\"@type\":\"ListItem\",\"position\":2,\"name\":\"Befestigungsartikeln\",\"item\":\"https:\/\/www.jaydee.com\/de\/befestigungsartikeln\/\"},{\"@type\":\"ListItem\",\"position\":3,\"name\":\"Kunststoff verbinder\"}]},{\"@type\":\"WebSite\",\"@id\":\"https:\/\/www.jaydee.com\/nl\/#website\",\"url\":\"https:\/\/www.jaydee.com\/nl\/\",\"name\":\"Jay Dee International\",\"description\":\"Jay Dee\",\"potentialAction\":[{\"@type\":\"SearchAction\",\"target\":{\"@type\":\"EntryPoint\",\"urlTemplate\":\"https:\/\/www.jaydee.com\/nl\/?s={search_term_string}\"},\"query-input\":{\"@type\":\"PropertyValueSpecification\",\"valueRequired\":true,\"valueName\":\"search_term_string\"}}],\"inLanguage\":\"de\"}]}<\/script>\n<!-- \/ Yoast SEO plugin. -->","yoast_head_json":{"title":"Kunststoff verbinder: flexi Kunststoffverbindungen | Jay Dee International","description":"Kunststoff verbinder sind verf\u00fcgbar bei Jay Dee International. \u221a Flexible Kunststoffverbindungen mit Einrastperlen. Sehen Sie hier unseren Sortiment an!","robots":{"index":"index","follow":"follow","max-snippet":"max-snippet:-1","max-image-preview":"max-image-preview:large","max-video-preview":"max-video-preview:-1"},"canonical":"https:\/\/www.jaydee.com\/de\/befestigungsartikeln\/kunststoff-verbinder\/","og_locale":"de_DE","og_type":"article","og_title":"Kunststoff verbinder: flexi Kunststoffverbindungen | Jay Dee International","og_description":"Kunststoff verbinder sind verf\u00fcgbar bei Jay Dee International. \u221a Flexible Kunststoffverbindungen mit Einrastperlen. Sehen Sie hier unseren Sortiment an!","og_url":"https:\/\/www.jaydee.com\/de\/befestigungsartikeln\/kunststoff-verbinder\/","og_site_name":"Jay Dee International","article_modified_time":"2017-09-19T11:46:11+00:00","og_image":[{"url":"https:\/\/s3.eu-central-1.amazonaws.com\/jaydee.com\/de\/befestigungsartikeln\/kunststoff-verbinder-300x300.jpg","type":"","width":"","height":""}],"twitter_card":"summary_large_image","twitter_misc":{"Gesch\u00e4tzte Lesezeit":"3\u00a0Minuten"},"schema":{"@context":"https:\/\/schema.org","@graph":[{"@type":"WebPage","@id":"https:\/\/www.jaydee.com\/de\/befestigungsartikeln\/kunststoff-verbinder\/","url":"https:\/\/www.jaydee.com\/de\/befestigungsartikeln\/kunststoff-verbinder\/","name":"Kunststoff verbinder: flexi Kunststoffverbindungen | Jay Dee International","isPartOf":{"@id":"https:\/\/www.jaydee.com\/nl\/#website"},"primaryImageOfPage":{"@id":"https:\/\/www.jaydee.com\/de\/befestigungsartikeln\/kunststoff-verbinder\/#primaryimage"},"image":{"@id":"https:\/\/www.jaydee.com\/de\/befestigungsartikeln\/kunststoff-verbinder\/#primaryimage"},"thumbnailUrl":"https:\/\/s3.eu-central-1.amazonaws.com\/jaydee.com\/de\/befestigungsartikeln\/kunststoff-verbinder-300x300.jpg","datePublished":"2017-09-18T12:04:39+00:00","dateModified":"2017-09-19T11:46:11+00:00","description":"Kunststoff verbinder sind verf\u00fcgbar bei Jay Dee International. \u221a Flexible Kunststoffverbindungen mit Einrastperlen. Sehen Sie hier unseren Sortiment an!","breadcrumb":{"@id":"https:\/\/www.jaydee.com\/de\/befestigungsartikeln\/kunststoff-verbinder\/#breadcrumb"},"inLanguage":"de","potentialAction":[{"@type":"ReadAction","target":["https:\/\/www.jaydee.com\/de\/befestigungsartikeln\/kunststoff-verbinder\/"]}]},{"@type":"ImageObject","inLanguage":"de","@id":"https:\/\/www.jaydee.com\/de\/befestigungsartikeln\/kunststoff-verbinder\/#primaryimage","url":"https:\/\/s3.eu-central-1.amazonaws.com\/jaydee.com\/de\/befestigungsartikeln\/kunststoff-verbinder-300x300.jpg","contentUrl":"https:\/\/s3.eu-central-1.amazonaws.com\/jaydee.com\/de\/befestigungsartikeln\/kunststoff-verbinder-300x300.jpg"},{"@type":"BreadcrumbList","@id":"https:\/\/www.jaydee.com\/de\/befestigungsartikeln\/kunststoff-verbinder\/#breadcrumb","itemListElement":[{"@type":"ListItem","position":1,"name":"Home","item":"https:\/\/www.jaydee.com\/de\/"},{"@type":"ListItem","position":2,"name":"Befestigungsartikeln","item":"https:\/\/www.jaydee.com\/de\/befestigungsartikeln\/"},{"@type":"ListItem","position":3,"name":"Kunststoff verbinder"}]},{"@type":"WebSite","@id":"https:\/\/www.jaydee.com\/nl\/#website","url":"https:\/\/www.jaydee.com\/nl\/","name":"Jay Dee International","description":"Jay Dee","potentialAction":[{"@type":"SearchAction","target":{"@type":"EntryPoint","urlTemplate":"https:\/\/www.jaydee.com\/nl\/?s={search_term_string}"},"query-input":{"@type":"PropertyValueSpecification","valueRequired":true,"valueName":"search_term_string"}}],"inLanguage":"de"}]}},"_links":{"self":[{"href":"https:\/\/www.jaydee.com\/de\/wp-json\/wp\/v2\/pages\/3609","targetHints":{"allow":["GET"]}}],"collection":[{"href":"https:\/\/www.jaydee.com\/de\/wp-json\/wp\/v2\/pages"}],"about":[{"href":"https:\/\/www.jaydee.com\/de\/wp-json\/wp\/v2\/types\/page"}],"author":[{"embeddable":true,"href":"https:\/\/www.jaydee.com\/de\/wp-json\/wp\/v2\/users\/1"}],"replies":[{"embeddable":true,"href":"https:\/\/www.jaydee.com\/de\/wp-json\/wp\/v2\/comments?post=3609"}],"version-history":[{"count":4,"href":"https:\/\/www.jaydee.com\/de\/wp-json\/wp\/v2\/pages\/3609\/revisions"}],"predecessor-version":[{"id":3728,"href":"https:\/\/www.jaydee.com\/de\/wp-json\/wp\/v2\/pages\/3609\/revisions\/3728"}],"up":[{"embeddable":true,"href":"https:\/\/www.jaydee.com\/de\/wp-json\/wp\/v2\/pages\/3600"}],"wp:attachment":[{"href":"https:\/\/www.jaydee.com\/de\/wp-json\/wp\/v2\/media?parent=3609"}],"curies":[{"name":"wp","href":"https:\/\/api.w.org\/{rel}","templated":true}]}}