{"id":3612,"date":"2017-09-18T14:08:38","date_gmt":"2017-09-18T12:08:38","guid":{"rendered":"https:\/\/www.jaydee.com\/?page_id=3612"},"modified":"2017-09-19T11:23:34","modified_gmt":"2017-09-19T09:23:34","slug":"druckknoepfe","status":"publish","type":"page","link":"https:\/\/www.jaydee.com\/de\/befestigungsartikeln\/druckknoepfe\/","title":{"rendered":"Druckkn\u00f6pfe"},"content":{"rendered":"<section class=\"columns\">\n<article class=\"col col3\">\n<p><img loading=\"lazy\" decoding=\"async\" class=\"alignnone size-medium\" src=\"https:\/\/s3.eu-central-1.amazonaws.com\/jaydee.com\/de\/befestigungsartikeln\/druckknoepfe-300x300.jpg\" alt=\"druckkn\u00f6pfe\" width=\"300\" height=\"300\" \/><\/p><\/article>\n<article class=\"col col23\">\n<p>Druckkn\u00f6pfe\u00a0werden f\u00fcr verschiedene Verbindungen und Verschl\u00fcsse verwendet, wie zum Beispiel Klappverschl\u00fcsse. Sie sind in verschiedenen Metall-Ausf\u00fchrungen erh\u00e4ltlich. Auf Anfrage kann das Produkt auch in Kunststoff geliefert werden. Kontaktieren Sie uns einfach.<\/p>\n<p>Beachten Sie, dass alle Druckkn\u00f6pfe auf dieser Seite wieder verschlie\u00dfbare Verbindungen sind! Werfen Sie auch einen Blick auf unsere Druck\u00f6sen aus Kunststoff, wenn Sie eine einmalig zu montierende Verbindung suchen.<\/p>\n<a href=\"https:\/\/www.thesolutionshop.com\/de\/nieten-osen\/druckknopfen\" class=\"btn large orange\" target=\"_blank\"><i class=\"fa fa-chevron-right\"><\/i>Druckkn\u00f6pfen<\/a><\/article>\n<\/section>\n<section class=\"columns\">\n<article class=\"col col1\">\n<p>Weitere information \u00fcber:<\/p>\n<ul>\n<li><a href=\"https:\/\/www.jaydee.com\/de\/befestigungsartikeln\/druckknoepfe\/#formate\">Formate<\/a><\/li>\n<li><a href=\"https:\/\/www.jaydee.com\/de\/befestigungsartikeln\/druckknoepfe\/#ausfuehrungen\">Ausf\u00fchrungen<\/a><\/li>\n<li><a href=\"https:\/\/www.jaydee.com\/de\/befestigungsartikeln\/druckknoepfe\/#verwendung-montage\">Verwendung &amp; Montage<\/a><\/li>\n<li><a href=\"https:\/\/www.jaydee.com\/de\/befestigungsartikeln\/druckknoepfe\/#zugehoeren\">Zugeh\u00f6ren<\/a><\/li>\n<li><a href=\"https:\/\/www.jaydee.com\/de\/befestigungsartikeln\/druckknoepfe\/#haeufige-fragen\">H\u00e4ufige Fragen (FAQ)<\/a><\/li>\n<\/ul><\/article><div class='clearfix'><\/div>\n<\/section>\n<section class=\"columns\">\n<article class=\"col col1\">\n<a name=\"formate\"><\/a><\/p>\n<h2>Welche Formate Druckkn\u00f6pfen gibt es?<\/h2>\n<p>Druckknopf oder Druckknopf-Verbindungen sind mit einem Kappen-Durchmesser von 12 oder 15 mm erh\u00e4ltlich. Sie sind in zwei verschiedenen Ausf\u00fchrungen erh\u00e4ltlich:<\/p>\n<ul>\n<li>S-Feder (4-teilig)<\/li>\n<li>Ringfeder (4-teilig) \u2013 &gt; f\u00fcr schwerere Anwendungen<\/li>\n<\/ul>\n<p>Bitte kontaktieren Sie uns, wenn Sie eine andere Ausf\u00fchrung bestellen m\u00f6chten.<\/p>\n<p><a name=\"ausfuehrungen\"><\/a><\/p>\n<h2>Welche Ausf\u00fchrungen gibt es?<\/h2>\n<p>Das Produkt ist in den folgenden Standardausf\u00fchrungen erh\u00e4ltlich:<\/p>\n<ul>\n<li>Vernickelt<\/li>\n<li>Messing verchromt<\/li>\n<li>Kappe schwarz (andere Teile vernickelt)<\/li>\n<li>Kappe wei\u00df (andere Teile vernickelt)<\/li>\n<\/ul>\n<p>Es ist auch eine Kunststoff-Variante erh\u00e4ltlich. Wir beraten Sie gerne \u00fcber die Mengen, Preise und Lieferzeiten. Kontaktieren Sie uns einfach.<\/p>\n<p><a name=\"verwendung-montage\"><\/a><\/p>\n<h2>Verwendung und Montage von Druckkn\u00f6pfen<\/h2>\n<p>Das Produkt wird f\u00fcr eine ganze Reihe von Anwendungen verwendet. Unter anderem f\u00fcr Klappverschl\u00fcsse, aber auch f\u00fcr Stoffe. Das Produkt wird mit einem Stempelset und einer Handpresse eingesetzt.<\/p>\n<p><a name=\"zugehoeren\"><\/a><\/p>\n<h2>Das k\u00f6nnte Sie auch interessieren<\/h2>\n<p>Buchschrauben k\u00f6nnen mit zahlreichen Produkten kombiniert werden.<\/p><\/article><div class='clearfix'><\/div>\n<\/section>\n<section class=\"columns\">\n<article class=\"col col4\">\n<p><img loading=\"lazy\" decoding=\"async\" class=\"alignnone size-medium\" src=\"https:\/\/s3.eu-central-1.amazonaws.com\/jaydee.com\/de\/befestigungsartikeln\/handpresse-150x150.jpg\" alt=\"handpresse f\u00fcr druckkn\u00f6pfen\" width=\"150\" height=\"150\" \/><\/p><\/article>\n<article class=\"col col34\">\n<h3>Handpresse \/ Spindelpresse<\/h3>\n<p>Druckkn\u00f6pfe werden mittels ein Werkzeug angebracht. F\u00fcr jede Gr\u00f6\u00dfe ist ein passendes Werkzeug erh\u00e4ltlich. Werkzeuge werden in Kombination mit einer Spindelpresse verwendet.<\/p>\n<p>Wir haben auch einige Handpressen in unserem Sortiment, die perfekt auf die Stempelsets abgestimmt sind. F\u00fcr weitere Informationen k\u00f6nnen Sie uns jederzeit kontaktieren.<\/p>\n<a href=\"https:\/\/www.thesolutionshop.com\/de\/nieten-osen\/spindelpresse\" class=\"btn large orange\" target=\"_blank\"><i class=\"fa fa-chevron-right\"><\/i>Spindelpresse<\/a><\/article>\n<\/section>\n<section class=\"columns\">\n<article class=\"col col1\">\n<a name=\"haeufige-fragen\"><\/a><\/p>\n<h2>H\u00e4ufige Fragen (FAQ) \u00fcber Druckkn\u00f6pfe<\/h2>\n<p>Hier finden Sie die haufige Fragen dieses Produkt. F\u00fcr weitere Fragen k\u00f6nnen Sie uns <a href=\"https:\/\/www.jaydee.com\/de\/kontakt\/\">Kontaktieren<\/a>.<\/p>\n<p><strong>K\u00f6nnen mit Druckkn\u00f6pfen auch dickere Materialien verbunden werden?<\/strong><\/p>\n<p>Ja, in diesem Fall ben\u00f6tigen Sie eine h\u00f6here Schaftl\u00e4nge. Bitte kontaktieren Sie uns, wenn Sie Druckkn\u00f6pfe mit einer angepassten Schaftl\u00e4nge bestellen m\u00f6chten.<\/p>\n<p><strong>Lassen sich die Druckkn\u00f6pfe wieder vom Produkt entfernen?<\/strong><\/p>\n<p>Nein, Druckkn\u00f6pfe sind in zwei Teilen permanent an Ihrem Produkt befestigt.<\/p><\/article><div class='clearfix'><\/div>\n<\/section>\n","protected":false},"excerpt":{"rendered":"","protected":false},"author":1,"featured_media":0,"parent":3600,"menu_order":0,"comment_status":"closed","ping_status":"closed","template":"","meta":{"footnotes":""},"class_list":["post-3612","page","type-page","status-publish","hentry"],"yoast_head":"<!-- This site is optimized with the Yoast SEO plugin v26.9 - https:\/\/yoast.com\/product\/yoast-seo-wordpress\/ -->\n<title>Druckkn\u00f6pfe: Verbindungen und Verschl\u00fcsse | Jay Dee International<\/title>\n<meta name=\"description\" content=\"Druckkn\u00f6pfe sind verf\u00fcgbar bei Jay Dee International. Sehen Sie hier unseren Sortiment an! Und ein baldige Bestellung in unseren Online-Shop\" \/>\n<meta name=\"robots\" content=\"index, follow, max-snippet:-1, max-image-preview:large, max-video-preview:-1\" \/>\n<link rel=\"canonical\" href=\"https:\/\/www.jaydee.com\/de\/befestigungsartikeln\/druckknoepfe\/\" \/>\n<meta property=\"og:locale\" content=\"de_DE\" \/>\n<meta property=\"og:type\" content=\"article\" \/>\n<meta property=\"og:title\" content=\"Druckkn\u00f6pfe: Verbindungen und Verschl\u00fcsse | Jay Dee International\" \/>\n<meta property=\"og:description\" content=\"Druckkn\u00f6pfe sind verf\u00fcgbar bei Jay Dee International. Sehen Sie hier unseren Sortiment an! Und ein baldige Bestellung in unseren Online-Shop\" \/>\n<meta property=\"og:url\" content=\"https:\/\/www.jaydee.com\/de\/befestigungsartikeln\/druckknoepfe\/\" \/>\n<meta property=\"og:site_name\" content=\"Jay Dee International\" \/>\n<meta property=\"article:modified_time\" content=\"2017-09-19T09:23:34+00:00\" \/>\n<meta property=\"og:image\" content=\"https:\/\/s3.eu-central-1.amazonaws.com\/jaydee.com\/de\/befestigungsartikeln\/druckknoepfe-300x300.jpg\" \/>\n<meta name=\"twitter:card\" content=\"summary_large_image\" \/>\n<meta name=\"twitter:label1\" content=\"Gesch\u00e4tzte Lesezeit\" \/>\n\t<meta name=\"twitter:data1\" content=\"2\u00a0Minuten\" \/>\n<script type=\"application\/ld+json\" class=\"yoast-schema-graph\">{\"@context\":\"https:\/\/schema.org\",\"@graph\":[{\"@type\":\"WebPage\",\"@id\":\"https:\/\/www.jaydee.com\/de\/befestigungsartikeln\/druckknoepfe\/\",\"url\":\"https:\/\/www.jaydee.com\/de\/befestigungsartikeln\/druckknoepfe\/\",\"name\":\"Druckkn\u00f6pfe: Verbindungen und Verschl\u00fcsse | Jay Dee International\",\"isPartOf\":{\"@id\":\"https:\/\/www.jaydee.com\/nl\/#website\"},\"primaryImageOfPage\":{\"@id\":\"https:\/\/www.jaydee.com\/de\/befestigungsartikeln\/druckknoepfe\/#primaryimage\"},\"image\":{\"@id\":\"https:\/\/www.jaydee.com\/de\/befestigungsartikeln\/druckknoepfe\/#primaryimage\"},\"thumbnailUrl\":\"https:\/\/s3.eu-central-1.amazonaws.com\/jaydee.com\/de\/befestigungsartikeln\/druckknoepfe-300x300.jpg\",\"datePublished\":\"2017-09-18T12:08:38+00:00\",\"dateModified\":\"2017-09-19T09:23:34+00:00\",\"description\":\"Druckkn\u00f6pfe sind verf\u00fcgbar bei Jay Dee International. Sehen Sie hier unseren Sortiment an! Und ein baldige Bestellung in unseren Online-Shop\",\"breadcrumb\":{\"@id\":\"https:\/\/www.jaydee.com\/de\/befestigungsartikeln\/druckknoepfe\/#breadcrumb\"},\"inLanguage\":\"de\",\"potentialAction\":[{\"@type\":\"ReadAction\",\"target\":[\"https:\/\/www.jaydee.com\/de\/befestigungsartikeln\/druckknoepfe\/\"]}]},{\"@type\":\"ImageObject\",\"inLanguage\":\"de\",\"@id\":\"https:\/\/www.jaydee.com\/de\/befestigungsartikeln\/druckknoepfe\/#primaryimage\",\"url\":\"https:\/\/s3.eu-central-1.amazonaws.com\/jaydee.com\/de\/befestigungsartikeln\/druckknoepfe-300x300.jpg\",\"contentUrl\":\"https:\/\/s3.eu-central-1.amazonaws.com\/jaydee.com\/de\/befestigungsartikeln\/druckknoepfe-300x300.jpg\"},{\"@type\":\"BreadcrumbList\",\"@id\":\"https:\/\/www.jaydee.com\/de\/befestigungsartikeln\/druckknoepfe\/#breadcrumb\",\"itemListElement\":[{\"@type\":\"ListItem\",\"position\":1,\"name\":\"Home\",\"item\":\"https:\/\/www.jaydee.com\/de\/\"},{\"@type\":\"ListItem\",\"position\":2,\"name\":\"Befestigungsartikeln\",\"item\":\"https:\/\/www.jaydee.com\/de\/befestigungsartikeln\/\"},{\"@type\":\"ListItem\",\"position\":3,\"name\":\"Druckkn\u00f6pfe\"}]},{\"@type\":\"WebSite\",\"@id\":\"https:\/\/www.jaydee.com\/nl\/#website\",\"url\":\"https:\/\/www.jaydee.com\/nl\/\",\"name\":\"Jay Dee International\",\"description\":\"Jay Dee\",\"potentialAction\":[{\"@type\":\"SearchAction\",\"target\":{\"@type\":\"EntryPoint\",\"urlTemplate\":\"https:\/\/www.jaydee.com\/nl\/?s={search_term_string}\"},\"query-input\":{\"@type\":\"PropertyValueSpecification\",\"valueRequired\":true,\"valueName\":\"search_term_string\"}}],\"inLanguage\":\"de\"}]}<\/script>\n<!-- \/ Yoast SEO plugin. -->","yoast_head_json":{"title":"Druckkn\u00f6pfe: Verbindungen und Verschl\u00fcsse | Jay Dee International","description":"Druckkn\u00f6pfe sind verf\u00fcgbar bei Jay Dee International. Sehen Sie hier unseren Sortiment an! Und ein baldige Bestellung in unseren Online-Shop","robots":{"index":"index","follow":"follow","max-snippet":"max-snippet:-1","max-image-preview":"max-image-preview:large","max-video-preview":"max-video-preview:-1"},"canonical":"https:\/\/www.jaydee.com\/de\/befestigungsartikeln\/druckknoepfe\/","og_locale":"de_DE","og_type":"article","og_title":"Druckkn\u00f6pfe: Verbindungen und Verschl\u00fcsse | Jay Dee International","og_description":"Druckkn\u00f6pfe sind verf\u00fcgbar bei Jay Dee International. Sehen Sie hier unseren Sortiment an! Und ein baldige Bestellung in unseren Online-Shop","og_url":"https:\/\/www.jaydee.com\/de\/befestigungsartikeln\/druckknoepfe\/","og_site_name":"Jay Dee International","article_modified_time":"2017-09-19T09:23:34+00:00","og_image":[{"url":"https:\/\/s3.eu-central-1.amazonaws.com\/jaydee.com\/de\/befestigungsartikeln\/druckknoepfe-300x300.jpg","type":"","width":"","height":""}],"twitter_card":"summary_large_image","twitter_misc":{"Gesch\u00e4tzte Lesezeit":"2\u00a0Minuten"},"schema":{"@context":"https:\/\/schema.org","@graph":[{"@type":"WebPage","@id":"https:\/\/www.jaydee.com\/de\/befestigungsartikeln\/druckknoepfe\/","url":"https:\/\/www.jaydee.com\/de\/befestigungsartikeln\/druckknoepfe\/","name":"Druckkn\u00f6pfe: Verbindungen und Verschl\u00fcsse | Jay Dee International","isPartOf":{"@id":"https:\/\/www.jaydee.com\/nl\/#website"},"primaryImageOfPage":{"@id":"https:\/\/www.jaydee.com\/de\/befestigungsartikeln\/druckknoepfe\/#primaryimage"},"image":{"@id":"https:\/\/www.jaydee.com\/de\/befestigungsartikeln\/druckknoepfe\/#primaryimage"},"thumbnailUrl":"https:\/\/s3.eu-central-1.amazonaws.com\/jaydee.com\/de\/befestigungsartikeln\/druckknoepfe-300x300.jpg","datePublished":"2017-09-18T12:08:38+00:00","dateModified":"2017-09-19T09:23:34+00:00","description":"Druckkn\u00f6pfe sind verf\u00fcgbar bei Jay Dee International. Sehen Sie hier unseren Sortiment an! Und ein baldige Bestellung in unseren Online-Shop","breadcrumb":{"@id":"https:\/\/www.jaydee.com\/de\/befestigungsartikeln\/druckknoepfe\/#breadcrumb"},"inLanguage":"de","potentialAction":[{"@type":"ReadAction","target":["https:\/\/www.jaydee.com\/de\/befestigungsartikeln\/druckknoepfe\/"]}]},{"@type":"ImageObject","inLanguage":"de","@id":"https:\/\/www.jaydee.com\/de\/befestigungsartikeln\/druckknoepfe\/#primaryimage","url":"https:\/\/s3.eu-central-1.amazonaws.com\/jaydee.com\/de\/befestigungsartikeln\/druckknoepfe-300x300.jpg","contentUrl":"https:\/\/s3.eu-central-1.amazonaws.com\/jaydee.com\/de\/befestigungsartikeln\/druckknoepfe-300x300.jpg"},{"@type":"BreadcrumbList","@id":"https:\/\/www.jaydee.com\/de\/befestigungsartikeln\/druckknoepfe\/#breadcrumb","itemListElement":[{"@type":"ListItem","position":1,"name":"Home","item":"https:\/\/www.jaydee.com\/de\/"},{"@type":"ListItem","position":2,"name":"Befestigungsartikeln","item":"https:\/\/www.jaydee.com\/de\/befestigungsartikeln\/"},{"@type":"ListItem","position":3,"name":"Druckkn\u00f6pfe"}]},{"@type":"WebSite","@id":"https:\/\/www.jaydee.com\/nl\/#website","url":"https:\/\/www.jaydee.com\/nl\/","name":"Jay Dee International","description":"Jay Dee","potentialAction":[{"@type":"SearchAction","target":{"@type":"EntryPoint","urlTemplate":"https:\/\/www.jaydee.com\/nl\/?s={search_term_string}"},"query-input":{"@type":"PropertyValueSpecification","valueRequired":true,"valueName":"search_term_string"}}],"inLanguage":"de"}]}},"_links":{"self":[{"href":"https:\/\/www.jaydee.com\/de\/wp-json\/wp\/v2\/pages\/3612","targetHints":{"allow":["GET"]}}],"collection":[{"href":"https:\/\/www.jaydee.com\/de\/wp-json\/wp\/v2\/pages"}],"about":[{"href":"https:\/\/www.jaydee.com\/de\/wp-json\/wp\/v2\/types\/page"}],"author":[{"embeddable":true,"href":"https:\/\/www.jaydee.com\/de\/wp-json\/wp\/v2\/users\/1"}],"replies":[{"embeddable":true,"href":"https:\/\/www.jaydee.com\/de\/wp-json\/wp\/v2\/comments?post=3612"}],"version-history":[{"count":5,"href":"https:\/\/www.jaydee.com\/de\/wp-json\/wp\/v2\/pages\/3612\/revisions"}],"predecessor-version":[{"id":3716,"href":"https:\/\/www.jaydee.com\/de\/wp-json\/wp\/v2\/pages\/3612\/revisions\/3716"}],"up":[{"embeddable":true,"href":"https:\/\/www.jaydee.com\/de\/wp-json\/wp\/v2\/pages\/3600"}],"wp:attachment":[{"href":"https:\/\/www.jaydee.com\/de\/wp-json\/wp\/v2\/media?parent=3612"}],"curies":[{"name":"wp","href":"https:\/\/api.w.org\/{rel}","templated":true}]}}