{"id":3616,"date":"2017-09-18T14:09:45","date_gmt":"2017-09-18T12:09:45","guid":{"rendered":"https:\/\/www.jaydee.com\/?page_id=3616"},"modified":"2017-09-19T13:12:14","modified_gmt":"2017-09-19T11:12:14","slug":"kunststoff-druecker","status":"publish","type":"page","link":"https:\/\/www.jaydee.com\/de\/befestigungsartikeln\/kunststoff-druecker\/","title":{"rendered":"Kunststoff dr\u00fccker"},"content":{"rendered":"<section class=\"columns\">\n<article class=\"col col3\">\n<p><img loading=\"lazy\" decoding=\"async\" class=\"alignnone\" src=\"https:\/\/s3.eu-central-1.amazonaws.com\/jaydee.com\/de\/befestigungsartikeln\/kunststoff-druecker-300x300.jpg\" alt=\"kunststoff dr\u00fccker\" width=\"300\" height=\"300\" \/><\/p><\/article>\n<article class=\"col col23\">\n<p>Kunststoff Dr\u00fccker\u00a0sind flache Kunststoffnieten. Es gibt auch Dr\u00fccker mit oder ohne Loch. Alle Dr\u00fccker\u00a0lassen sich einfach mit der Hand oder einem Kunststoffhammer anbringen. Flache Dr\u00fccker sind ideal zum Fixieren von kleinen Anwendungen.<\/p>\n<p>Kunststoff Dr\u00fccker mit gro\u00dfer F\u00fcllh\u00f6he oder ohne Loch sind besser geeignet, um gr\u00f6\u00dfere Kapazit\u00e4ten zu bew\u00e4ltigen. Der Vorteil einer Druck\u00f6se mit Loch ist, dass eine Kugelkette zum Aufh\u00e4ngen eingef\u00e4delt werden kann.<\/p>\n<p>Beachten Sie, dass alle Druckkn\u00f6pfe auf dieser Seite in einer einmalig verschlie\u00dfbaren Verbindung angebracht werden! Werfen Sie auch einen Blick auf unsere Druckkn\u00f6pfe, wenn Sie eine wieder verschlie\u00dfbare Verbindung suchen.<\/p>\n<a href=\"https:\/\/www.thesolutionshop.com\/de\/nieten-osen\/kunststoff-druckosen\" class=\"btn large orange\" target=\"_blank\"><i class=\"fa fa-chevron-right\"><\/i>Kunstoff Dr\u00fccker ansehen<\/a><\/article>\n<\/section>\n<section class=\"columns\">\n<article class=\"col col1\">\n<p>Weitere information \u00fcber:<\/p>\n<ul>\n<li><a href=\"https:\/\/www.jaydee.com\/de\/befestigungsartikeln\/kunststoff-druecker\/#formate\">Formate<\/a><\/li>\n<li><a href=\"https:\/\/www.jaydee.com\/de\/befestigungsartikeln\/kunststoff-druecker\/#ausfuehrungen\">Ausf\u00fchrungen<\/a><\/li>\n<li><a href=\"https:\/\/www.jaydee.com\/de\/befestigungsartikeln\/kunststoff-druecker\/#verwendung-montage\">Verwendung &amp; Montage<\/a><\/li>\n<li><a href=\"https:\/\/www.jaydee.com\/de\/befestigungsartikeln\/kunststoff-druecker\/#zugehoeren\">Zugeh\u00f6ren<\/a><\/li>\n<li><a href=\"https:\/\/www.jaydee.com\/de\/befestigungsartikeln\/kunststoff-druecker\/#haeufige-fragen\">H\u00e4ufige Fragen (FAQ)<\/a><\/li>\n<\/ul><\/article><div class='clearfix'><\/div>\n<\/section>\n<section class=\"columns\">\n<article class=\"col col1\">\n<a name=\"formate\"><\/a><\/p>\n<h2>Welche Gr\u00f6\u00dfen\u00a0Kunstoff Dr\u00fccker gibt es?<\/h2>\n<p>Kunststoff Dr\u00fccker (flach) sind f\u00fcr kleinere Anwendungen und somit f\u00fcr geringere Mengen geeignet. Die Kapazit\u00e4t (H\u00f6he):<\/p>\n<ul>\n<li>1,5 mm \/ 2,5 mm<\/li>\n<\/ul>\n<p>Dr\u00fccker mit gro\u00dfer F\u00fcllh\u00f6he k\u00f6nnen eine gr\u00f6\u00dfere Kapazit\u00e4t als flache Dr\u00fccker bew\u00e4ltigen. Diese sind in verschiedenen Gr\u00f6\u00dfen f\u00fcr die folgenden Kapazit\u00e4ten geeignet:<\/p>\n<ul>\n<li>2,5 mm \/ 5 mm \/ 7,5 mm \/ 9 mm<\/li>\n<\/ul>\n<p>Dr\u00fccker mit Loch sind in drei Gr\u00f6\u00dfen erh\u00e4ltlich und bieten die folgenden F\u00fcllh\u00f6hen:<\/p>\n<ul>\n<li>3 mm \/ 6 mm \/ 9 mm<\/li>\n<\/ul>\n<p><a name=\"ausfuehrungen\"><\/a><\/p>\n<h2>Welche Ausf\u00fchrungen gibt es?<\/h2>\n<p>Sowohl die flachen Druckkn\u00f6pfe als auch die Dr\u00fccker mit gro\u00dfer F\u00fcllh\u00f6he sind in einer schwarzen oder wei\u00dfen Ausf\u00fchrung erh\u00e4ltlich. Auf Anfrage ist auch eine andere Farbe m\u00f6glich.<\/p>\n<p>Kunststoff Dr\u00fccker mit Loch sind in transparenten Ausf\u00fchrung erh\u00e4ltlich. Vergleichbare schwarze und wei\u00dfe Ausf\u00fchrungen finden Sie unter der Rubrik <a href=\"https:\/\/www.jaydee.com\/de\/befestigungsartikeln\/buchschrauben\/\">Buchschrauben mit Loch<\/a>.<\/p>\n<p><a name=\"verwendung-montage\"><\/a><\/p>\n<h2>Verwendung &amp; Montage<\/h2>\n<p>Flache Kunststoff Dr\u00fccker\u00a0sind ideal f\u00fcr kleinere Anwendungen wie Farbf\u00e4cher. 2-teilige Dr\u00fccker werden durch Zusammendr\u00fccken der Teile einfach eingesetzt.<\/p>\n<p>Dr\u00fccker mit oder ohne Loch werden \u2013 \u00e4hnlich wie die Buchschrauben \u2013 f\u00fcr Musterkollektionen und gr\u00f6\u00dfere Farbf\u00e4cher verwendet. Kunststoff Dr\u00fccker mit oder ohne Loch werden nicht geschraubt, sondern mit der Hand oder einem Kunststoffhammer eingerastet. Dr\u00fccker mit Loch lassen sich ideal mit einer Kugelkette kombinieren, die durch das Loch gef\u00e4delt wird.<\/p>\n<p>Alle drei Arten von Kunststoff Dr\u00fccker werden einmalig fixiert. Die beiden Teile der \u00d6se klicken sich fest. Sie sind daher nicht vergleichbar mit Druckkn\u00f6pfen und -\u00d6sen, die auf Kleidungsst\u00fccken eingesetzt werden und wieder verschlie\u00dfbar sind. Diese werden auf einer separaten Seite \u00fcber Druckkn\u00f6pfe beschrieben.<\/p>\n<p><a name=\"zugehoeren\"><\/a><\/p>\n<h2>Das k\u00f6nnte Sie auch interessieren<\/h2>\n<p>Kunststoff Dr\u00fccker mit Loch k\u00f6nnen mit einer Kugelkette kombiniert werden, um beispielsweise Farbf\u00e4cher aufzuh\u00e4ngen.<\/p><\/article><div class='clearfix'><\/div>\n<\/section>\n<section class=\"columns\">\n<article class=\"col col4\">\n<p><img loading=\"lazy\" decoding=\"async\" class=\"alignnone size-medium\" src=\"https:\/\/s3.eu-central-1.amazonaws.com\/jaydee.com\/de\/praesentationsartikeln\/kugelketten-150x150.jpg\" alt=\"kugelketten\" width=\"150\" height=\"150\" \/><\/p><\/article>\n<article class=\"col col34\">\n<h3>Kugelketten<\/h3>\n<p>Kugelketten werden in der Regel in Kombination mit Kunststoff Dr\u00fccker mit Loch verwendet. Sie sind mit verschiedenen Durchmessern, sowohl auf Rolle als auf L\u00e4nge zugeschnitten, sowie mit einem Verschluss erh\u00e4ltlich.<\/p>\n<p>Weitere Informationen \u00fcber Kugelketten finden Sie auf einer separaten Seite.<\/p>\n<a href=\"https:\/\/www.jaydee.com\/de\/praesentationsartikeln\/kugelketten\/\" class=\"btn large custom\"><i class=\"fa fa-chevron-right\"><\/i>Kugelketten<\/a><\/article>\n<\/section>\n<section class=\"columns\">\n<article class=\"col col1\">\n<a name=\"haeufige-fragen\"><\/a><\/p>\n<h2>H\u00e4ufige Fragen (FAQ) \u00fcber Kunststoff Dr\u00fccker<\/h2>\n<p>Hier finden Sie die haufige Fragen dieses Produkt. F\u00fcr weitere Fragen k\u00f6nnen Sie uns <a href=\"https:\/\/www.jaydee.com\/de\/kontakt\/\">Kontaktieren<\/a>.<\/p>\n<p><strong>K\u00f6nnen alle drei Kunststoff Dr\u00fccker mit der Hand fixiert werden?<\/strong><\/p>\n<p>Ja, alle drei Varianten sind von Hand zu schlie\u00dfen. Sie k\u00f6nnen auch einen Kunststoffhammer verwenden.<\/p>\n<p><strong>Lassen sich die Dr\u00fccker leicht wieder auseinander nehmen?<\/strong><\/p>\n<p>Nein, die 2-teligen Dr\u00fccker bieten eine einmalige Verbindung, wobei der Stift in den Kopf einrastet.<\/p><\/article><div class='clearfix'><\/div>\n<\/section>\n","protected":false},"excerpt":{"rendered":"","protected":false},"author":1,"featured_media":0,"parent":3600,"menu_order":0,"comment_status":"closed","ping_status":"closed","template":"","meta":{"footnotes":""},"class_list":["post-3616","page","type-page","status-publish","hentry"],"yoast_head":"<!-- This site is optimized with the Yoast SEO plugin v26.9 - https:\/\/yoast.com\/product\/yoast-seo-wordpress\/ -->\n<title>Kunststoff Dr\u00fccker: flache Kunststoffnieten | Jay Dee International<\/title>\n<meta name=\"description\" content=\"Kunststoff Dr\u00fccker sind verf\u00fcgbar bei Jay Dee International. \u221a Flache Kunststoffnieten. Sehen Sie hier unseren Sortiment an!\" \/>\n<meta name=\"robots\" content=\"index, follow, max-snippet:-1, max-image-preview:large, max-video-preview:-1\" \/>\n<link rel=\"canonical\" href=\"https:\/\/www.jaydee.com\/de\/befestigungsartikeln\/kunststoff-druecker\/\" \/>\n<meta property=\"og:locale\" content=\"de_DE\" \/>\n<meta property=\"og:type\" content=\"article\" \/>\n<meta property=\"og:title\" content=\"Kunststoff Dr\u00fccker: flache Kunststoffnieten | Jay Dee International\" \/>\n<meta property=\"og:description\" content=\"Kunststoff Dr\u00fccker sind verf\u00fcgbar bei Jay Dee International. \u221a Flache Kunststoffnieten. Sehen Sie hier unseren Sortiment an!\" \/>\n<meta property=\"og:url\" content=\"https:\/\/www.jaydee.com\/de\/befestigungsartikeln\/kunststoff-druecker\/\" \/>\n<meta property=\"og:site_name\" content=\"Jay Dee International\" \/>\n<meta property=\"article:modified_time\" content=\"2017-09-19T11:12:14+00:00\" \/>\n<meta property=\"og:image\" content=\"https:\/\/s3.eu-central-1.amazonaws.com\/jaydee.com\/de\/befestigungsartikeln\/kunststoff-druecker-300x300.jpg\" \/>\n<meta name=\"twitter:card\" content=\"summary_large_image\" \/>\n<meta name=\"twitter:label1\" content=\"Gesch\u00e4tzte Lesezeit\" \/>\n\t<meta name=\"twitter:data1\" content=\"3\u00a0Minuten\" \/>\n<script type=\"application\/ld+json\" class=\"yoast-schema-graph\">{\"@context\":\"https:\/\/schema.org\",\"@graph\":[{\"@type\":\"WebPage\",\"@id\":\"https:\/\/www.jaydee.com\/de\/befestigungsartikeln\/kunststoff-druecker\/\",\"url\":\"https:\/\/www.jaydee.com\/de\/befestigungsartikeln\/kunststoff-druecker\/\",\"name\":\"Kunststoff Dr\u00fccker: flache Kunststoffnieten | Jay Dee International\",\"isPartOf\":{\"@id\":\"https:\/\/www.jaydee.com\/nl\/#website\"},\"primaryImageOfPage\":{\"@id\":\"https:\/\/www.jaydee.com\/de\/befestigungsartikeln\/kunststoff-druecker\/#primaryimage\"},\"image\":{\"@id\":\"https:\/\/www.jaydee.com\/de\/befestigungsartikeln\/kunststoff-druecker\/#primaryimage\"},\"thumbnailUrl\":\"https:\/\/s3.eu-central-1.amazonaws.com\/jaydee.com\/de\/befestigungsartikeln\/kunststoff-druecker-300x300.jpg\",\"datePublished\":\"2017-09-18T12:09:45+00:00\",\"dateModified\":\"2017-09-19T11:12:14+00:00\",\"description\":\"Kunststoff Dr\u00fccker sind verf\u00fcgbar bei Jay Dee International. \u221a Flache Kunststoffnieten. Sehen Sie hier unseren Sortiment an!\",\"breadcrumb\":{\"@id\":\"https:\/\/www.jaydee.com\/de\/befestigungsartikeln\/kunststoff-druecker\/#breadcrumb\"},\"inLanguage\":\"de\",\"potentialAction\":[{\"@type\":\"ReadAction\",\"target\":[\"https:\/\/www.jaydee.com\/de\/befestigungsartikeln\/kunststoff-druecker\/\"]}]},{\"@type\":\"ImageObject\",\"inLanguage\":\"de\",\"@id\":\"https:\/\/www.jaydee.com\/de\/befestigungsartikeln\/kunststoff-druecker\/#primaryimage\",\"url\":\"https:\/\/s3.eu-central-1.amazonaws.com\/jaydee.com\/de\/befestigungsartikeln\/kunststoff-druecker-300x300.jpg\",\"contentUrl\":\"https:\/\/s3.eu-central-1.amazonaws.com\/jaydee.com\/de\/befestigungsartikeln\/kunststoff-druecker-300x300.jpg\"},{\"@type\":\"BreadcrumbList\",\"@id\":\"https:\/\/www.jaydee.com\/de\/befestigungsartikeln\/kunststoff-druecker\/#breadcrumb\",\"itemListElement\":[{\"@type\":\"ListItem\",\"position\":1,\"name\":\"Home\",\"item\":\"https:\/\/www.jaydee.com\/de\/\"},{\"@type\":\"ListItem\",\"position\":2,\"name\":\"Befestigungsartikeln\",\"item\":\"https:\/\/www.jaydee.com\/de\/befestigungsartikeln\/\"},{\"@type\":\"ListItem\",\"position\":3,\"name\":\"Kunststoff dr\u00fccker\"}]},{\"@type\":\"WebSite\",\"@id\":\"https:\/\/www.jaydee.com\/nl\/#website\",\"url\":\"https:\/\/www.jaydee.com\/nl\/\",\"name\":\"Jay Dee International\",\"description\":\"Jay Dee\",\"potentialAction\":[{\"@type\":\"SearchAction\",\"target\":{\"@type\":\"EntryPoint\",\"urlTemplate\":\"https:\/\/www.jaydee.com\/nl\/?s={search_term_string}\"},\"query-input\":{\"@type\":\"PropertyValueSpecification\",\"valueRequired\":true,\"valueName\":\"search_term_string\"}}],\"inLanguage\":\"de\"}]}<\/script>\n<!-- \/ Yoast SEO plugin. -->","yoast_head_json":{"title":"Kunststoff Dr\u00fccker: flache Kunststoffnieten | Jay Dee International","description":"Kunststoff Dr\u00fccker sind verf\u00fcgbar bei Jay Dee International. \u221a Flache Kunststoffnieten. Sehen Sie hier unseren Sortiment an!","robots":{"index":"index","follow":"follow","max-snippet":"max-snippet:-1","max-image-preview":"max-image-preview:large","max-video-preview":"max-video-preview:-1"},"canonical":"https:\/\/www.jaydee.com\/de\/befestigungsartikeln\/kunststoff-druecker\/","og_locale":"de_DE","og_type":"article","og_title":"Kunststoff Dr\u00fccker: flache Kunststoffnieten | Jay Dee International","og_description":"Kunststoff Dr\u00fccker sind verf\u00fcgbar bei Jay Dee International. \u221a Flache Kunststoffnieten. Sehen Sie hier unseren Sortiment an!","og_url":"https:\/\/www.jaydee.com\/de\/befestigungsartikeln\/kunststoff-druecker\/","og_site_name":"Jay Dee International","article_modified_time":"2017-09-19T11:12:14+00:00","og_image":[{"url":"https:\/\/s3.eu-central-1.amazonaws.com\/jaydee.com\/de\/befestigungsartikeln\/kunststoff-druecker-300x300.jpg","type":"","width":"","height":""}],"twitter_card":"summary_large_image","twitter_misc":{"Gesch\u00e4tzte Lesezeit":"3\u00a0Minuten"},"schema":{"@context":"https:\/\/schema.org","@graph":[{"@type":"WebPage","@id":"https:\/\/www.jaydee.com\/de\/befestigungsartikeln\/kunststoff-druecker\/","url":"https:\/\/www.jaydee.com\/de\/befestigungsartikeln\/kunststoff-druecker\/","name":"Kunststoff Dr\u00fccker: flache Kunststoffnieten | Jay Dee International","isPartOf":{"@id":"https:\/\/www.jaydee.com\/nl\/#website"},"primaryImageOfPage":{"@id":"https:\/\/www.jaydee.com\/de\/befestigungsartikeln\/kunststoff-druecker\/#primaryimage"},"image":{"@id":"https:\/\/www.jaydee.com\/de\/befestigungsartikeln\/kunststoff-druecker\/#primaryimage"},"thumbnailUrl":"https:\/\/s3.eu-central-1.amazonaws.com\/jaydee.com\/de\/befestigungsartikeln\/kunststoff-druecker-300x300.jpg","datePublished":"2017-09-18T12:09:45+00:00","dateModified":"2017-09-19T11:12:14+00:00","description":"Kunststoff Dr\u00fccker sind verf\u00fcgbar bei Jay Dee International. \u221a Flache Kunststoffnieten. Sehen Sie hier unseren Sortiment an!","breadcrumb":{"@id":"https:\/\/www.jaydee.com\/de\/befestigungsartikeln\/kunststoff-druecker\/#breadcrumb"},"inLanguage":"de","potentialAction":[{"@type":"ReadAction","target":["https:\/\/www.jaydee.com\/de\/befestigungsartikeln\/kunststoff-druecker\/"]}]},{"@type":"ImageObject","inLanguage":"de","@id":"https:\/\/www.jaydee.com\/de\/befestigungsartikeln\/kunststoff-druecker\/#primaryimage","url":"https:\/\/s3.eu-central-1.amazonaws.com\/jaydee.com\/de\/befestigungsartikeln\/kunststoff-druecker-300x300.jpg","contentUrl":"https:\/\/s3.eu-central-1.amazonaws.com\/jaydee.com\/de\/befestigungsartikeln\/kunststoff-druecker-300x300.jpg"},{"@type":"BreadcrumbList","@id":"https:\/\/www.jaydee.com\/de\/befestigungsartikeln\/kunststoff-druecker\/#breadcrumb","itemListElement":[{"@type":"ListItem","position":1,"name":"Home","item":"https:\/\/www.jaydee.com\/de\/"},{"@type":"ListItem","position":2,"name":"Befestigungsartikeln","item":"https:\/\/www.jaydee.com\/de\/befestigungsartikeln\/"},{"@type":"ListItem","position":3,"name":"Kunststoff dr\u00fccker"}]},{"@type":"WebSite","@id":"https:\/\/www.jaydee.com\/nl\/#website","url":"https:\/\/www.jaydee.com\/nl\/","name":"Jay Dee International","description":"Jay Dee","potentialAction":[{"@type":"SearchAction","target":{"@type":"EntryPoint","urlTemplate":"https:\/\/www.jaydee.com\/nl\/?s={search_term_string}"},"query-input":{"@type":"PropertyValueSpecification","valueRequired":true,"valueName":"search_term_string"}}],"inLanguage":"de"}]}},"_links":{"self":[{"href":"https:\/\/www.jaydee.com\/de\/wp-json\/wp\/v2\/pages\/3616","targetHints":{"allow":["GET"]}}],"collection":[{"href":"https:\/\/www.jaydee.com\/de\/wp-json\/wp\/v2\/pages"}],"about":[{"href":"https:\/\/www.jaydee.com\/de\/wp-json\/wp\/v2\/types\/page"}],"author":[{"embeddable":true,"href":"https:\/\/www.jaydee.com\/de\/wp-json\/wp\/v2\/users\/1"}],"replies":[{"embeddable":true,"href":"https:\/\/www.jaydee.com\/de\/wp-json\/wp\/v2\/comments?post=3616"}],"version-history":[{"count":6,"href":"https:\/\/www.jaydee.com\/de\/wp-json\/wp\/v2\/pages\/3616\/revisions"}],"predecessor-version":[{"id":3725,"href":"https:\/\/www.jaydee.com\/de\/wp-json\/wp\/v2\/pages\/3616\/revisions\/3725"}],"up":[{"embeddable":true,"href":"https:\/\/www.jaydee.com\/de\/wp-json\/wp\/v2\/pages\/3600"}],"wp:attachment":[{"href":"https:\/\/www.jaydee.com\/de\/wp-json\/wp\/v2\/media?parent=3616"}],"curies":[{"name":"wp","href":"https:\/\/api.w.org\/{rel}","templated":true}]}}