{"id":3620,"date":"2017-09-18T14:10:52","date_gmt":"2017-09-18T12:10:52","guid":{"rendered":"https:\/\/www.jaydee.com\/?page_id=3620"},"modified":"2017-09-19T16:23:04","modified_gmt":"2017-09-19T14:23:04","slug":"nieten","status":"publish","type":"page","link":"https:\/\/www.jaydee.com\/de\/befestigungsartikeln\/nieten\/","title":{"rendered":"Nieten"},"content":{"rendered":"<section class=\"columns\">\n<article class=\"col col3\">\n<p><img loading=\"lazy\" decoding=\"async\" class=\"alignnone size-medium\" src=\"https:\/\/s3.eu-central-1.amazonaws.com\/jaydee.com\/de\/befestigungsartikeln\/nieten-300x300.jpg\" alt=\"nieten\" width=\"300\" height=\"300\" \/><\/p><\/article>\n<article class=\"col col23\">\n<p>Nieten sind in vielen Formen und Gr\u00f6\u00dfen erh\u00e4ltlich. In unserem Sortiment finden Sie Flachkopfn\u00e4gel, Hohlnieten und Maschinennieten mit den unterschiedlichsten Eigenschaften. Alle Nieten sind in verschiedenen Metall-Ausf\u00fchrungen lieferbar.<\/p>\n<a href=\"https:\/\/www.thesolutionshop.com\/de\/nieten-osen\" class=\"btn large orange\" target=\"_blank\"><i class=\"fa fa-chevron-right\"><\/i>Nieten ansehen<\/a><\/article>\n<\/section>\n<section class=\"columns\">\n<article class=\"col col1\">\n<p>Weitere information \u00fcber:<\/p>\n<ul>\n<li><a href=\"https:\/\/www.jaydee.com\/de\/befestigungsartikeln\/nieten\/#formate\">Formate<\/a><\/li>\n<li><a href=\"https:\/\/www.jaydee.com\/de\/befestigungsartikeln\/nieten\/#ausfuehrungen\">Ausf\u00fchrungen<\/a><\/li>\n<li><a href=\"https:\/\/www.jaydee.com\/de\/befestigungsartikeln\/nieten\/#verwendung-montage\">Verwendung &amp; Montage<\/a><\/li>\n<li><a href=\"https:\/\/www.jaydee.com\/de\/befestigungsartikeln\/nieten\/#zugehoeren\">Zugeh\u00f6ren<\/a><\/li>\n<li><a href=\"https:\/\/www.jaydee.com\/de\/befestigungsartikeln\/nieten\/#haeufige-fragen\">H\u00e4ufige Fragen (FAQ)<\/a><\/li>\n<\/ul><\/article><div class='clearfix'><\/div>\n<\/section>\n<section class=\"columns\">\n<article class=\"col col1\">\n<a name=\"formate\"><\/a><\/p>\n<h2>Welche Gr\u00f6\u00dfen\u00a0Nieten gibt es?<\/h2>\n<p>Flachkopfn\u00e4gel bestehen aus zwei Teilen: einer Kappe und einem Unterteil. Die Kappe hat einen festen Durchmesser von 12 mm und eignet sich f\u00fcr die folgenden Nieten: 5 mm \/ 10 mm \/ 12,5 mm \/ 15 mm \/ 17,5 mm \/ 20 mm \/ 25 mm \/ 30 mm. Die Kappe und das Unterteil sind separat zu bestellen.<\/p>\n<p>Hohlnieten, auch als Doppel-Hohlnieten bekannt, bestehen aus zwei Teilen: Kappe und Fu\u00df. Oberteil (Kappe) und Unterteil (Fu\u00df) sind separat zu bestellen. Es sind verschiedene Kombinationen m\u00f6glich, beispielsweise ein Standardunterteil mit einer offenen oder geschlossenen Kappe.<\/p>\n<p>Kappen sind mit einem Durchmesser von 7 mm und 11 mm erh\u00e4ltlich und k\u00f6nnen mit Unterteilen von 8 mm, 10 mm oder 12 mm kombiniert werden. In unserem Webshop finden Sie alle M\u00f6glichkeiten.<\/p>\n<p>Maschinennieten, auch Selbstlochnieten, genannt, sind in einigen Standardgr\u00f6\u00dfen erh\u00e4ltlich. Eine \u00dcbersicht finden Sie in unserem Webshop.<\/p>\n<p>Der Durchmesser der Kappe variiert zwischen 7 und 8 mm, die am h\u00e4ufigsten verwendete L\u00e4nge ist 5 bis 8 mm und die Standardh\u00f6he des Schaftes betr\u00e4gt 3,5 bis 4 mm.<\/p>\n<p><a name=\"ausfuehrungen\"><\/a><\/p>\n<h2>Welche Ausf\u00fchrungen gibt es?<\/h2>\n<p>Flachkopfn\u00e4gel, Hohlnieten und Maschinennieten sind in verschiedenen Metall-Ausf\u00fchrungen erh\u00e4ltlich, wie vermessingt, vernickelt, schwarz verzinkt und wei\u00df. Haben Sie in unserem Webshop nicht das gefunden, was Sie gesucht haben?<\/p>\n<p>Kontaktieren Sie uns einfach. Die Nieten k\u00f6nnen auch in einer anderen Ausf\u00fchrung und in jeder RAL-Farbe (lackiert) bestellt werden.<\/p>\n<p><a name=\"verwendung-montage\"><\/a><\/p>\n<h2>Verwendung &amp; Montage<\/h2>\n<p>Flachkopfn\u00e4gel sind ideal zum Binden von Stoffmustern. 2-teilige Nieten lassen sich kinderleicht mit einem Hammer aus Kunststoff oder einem Handeisen einsetzen. Sie werden deshalb auch als Handnieten bezeichnet.<\/p>\n<p>Hohlnieten eignen sich besser f\u00fcr permanente Verbindungen, zum Beispiel zum Fixieren von Drehscheiben und Griffen. 2-teilige Nieten bestehen aus einem Oberteil (Kappe) und einem Unterteil (Stift). Diese werden mit einem Stempelset und einer Presse eingesetzt.<\/p>\n<p>Maschinennieten sind ebenfalls f\u00fcr eine permanente Verbindung von Griffen und Drehscheiben geeignet, aber auch f\u00fcr die Montage von u.a. Mechaniken in Ordnern. Sie werden auch als Ordnernieten bezeichnet.<\/p>\n<p>Die Klammern werden mit einem Stempelset in Kombination mit einer Presse (Handpresse oder automatische Presse) eingesetzt. In der Regel werden Maschinennieten mit einer automatischen Presse fixiert.<\/p>\n<p>Sie sind relativ einfach zu montieren, weil sie nur aus einem Teil bestehen. Die Spitze des Stiftes wird umgebogen, um die Niete zu sichern.<\/p>\n<p><a name=\"zugehoeren\"><\/a><\/p>\n<h2>Das k\u00f6nnte Sie auch interessieren<\/h2>\n<p>F\u00fcr bestimmte Nieten ist Zubeh\u00f6r erh\u00e4ltlich, das die Montage vereinfacht und oder die Anwendung stabiler macht.<\/p><\/article><div class='clearfix'><\/div>\n<\/section>\n<section class=\"columns\">\n<article class=\"col col4\">\n<p><img loading=\"lazy\" decoding=\"async\" class=\"alignnone size-medium\" src=\"https:\/\/s3.eu-central-1.amazonaws.com\/jaydee.com\/de\/befestigungsartikeln\/unterlegscheiben-150x150.jpg\" alt=\"unterlegscheiben\" width=\"150\" height=\"150\" \/><\/p><\/article>\n<article class=\"col col34\">\n<h3>Unterlegscheiben<\/h3>\n<p>Unterlegscheiben sind Scheiben zur Verst\u00e4rkung oder F\u00fcllung von Zwischenr\u00e4umen in Ihrer Anwendung. Sie sind in verschiedenen Kunststoff oder Metall-Ausf\u00fchrungen erh\u00e4ltlich. Eine \u00dcbersicht finden Sie in unserem Webshop<\/p>\n<a href=\"https:\/\/www.thesolutionshop.com\/de\/buchschrauben\/unterlegscheiben\" class=\"btn large orange\" target=\"_blank\"><i class=\"fa fa-chevron-right\"><\/i>Unterlegscheiben<\/a><\/article>\n<\/section>\n<section class=\"columns\">\n<article class=\"col col4\">\n<p><img loading=\"lazy\" decoding=\"async\" class=\"alignnone size-medium\" src=\"https:\/\/s3.eu-central-1.amazonaws.com\/jaydee.com\/de\/befestigungsartikeln\/handpresse-150x150.jpg\" alt=\"handpresse\" width=\"150\" height=\"150\" \/><\/p><\/article>\n<article class=\"col col34\">\n<h3>Handpresse<\/h3>\n<p>Werkzeugen sind in vielen Formen und Gr\u00f6\u00dfen erh\u00e4ltlich. Es ist wichtig, dass das Werkzeug genau auf die von Ihnen gew\u00e4hlten Nieten passen, da diese sonst bei der Montage besch\u00e4digt werden k\u00f6nnen.<\/p>\n<p>Es ist auch m\u00f6glich, eine passende Handpresse aus unserem Sortiment zu bestellen. Diese ist mit dem f\u00fcr Ihre Anwendung passenden Stempel ausgestattet.<\/p>\n<a href=\"https:\/\/www.thesolutionshop.com\/de\/nieten-osen\/spindelpresse\" class=\"btn large orange\" target=\"_blank\"><i class=\"fa fa-chevron-right\"><\/i>Handpresse<\/a><\/article>\n<\/section>\n<section class=\"columns\">\n<article class=\"col col1\">\n<a name=\"haeufige-fragen\"><\/a><\/p>\n<h2>H\u00e4ufige Fragen (FAQ) \u00fcber Nieten<\/h2>\n<p>Hier finden Sie die haufige Fragen dieses Produkt. F\u00fcr weitere Fragen k\u00f6nnen Sie uns <a href=\"https:\/\/www.jaydee.com\/de\/kontakt\/\">Kontaktieren<\/a>.<\/p>\n<p><strong>Was ist der Unterschied zwischen den drei Nieten-Typen?<\/strong><br \/>\nFlachkopfn\u00e4gel werden vor allem zum Heften von Stoffen verwendet, w\u00e4hrend Hohlnieten und Maschinennieten besser f\u00fcr die Verbindung von einer Vielzahl von Anwendungen geeignet sind.<\/p>\n<p>Flachkopfn\u00e4gel (2-teilig) werden einfach mit einem Hammer aus Kunststoff oder einem Handeisen eingesetzt. Hohlnieten (2-teilig) werden am besten mittels ein Werkzeug und einer Presse montiert. Maschinennieten sind ideal f\u00fcr eine automatisierte Montage, da sie einteilig sind.<\/p>\n<p><strong>Welche Maschine ben\u00f6tige ich f\u00fcr welche Nieten?<\/strong><\/p>\n<p>F\u00fcr die Montage von Flachkopfn\u00e4gel ist keine Maschine erforderlich. Hohlnieten erfordern auf jeden Fall eine manuelle Presse und Maschinennieten werden in der Regel mit einer automatisierten Presse eingesetzt.<\/p>\n<p>Besonders wichtig ist, dass f\u00fcr die Nieten das passende Werkzeug verwendet wird und, dass dieses in die Maschine passt. Wir beraten Sie gerne \u00fcber die verschiedenen Ma\u00dfe und Formen. Kontaktieren Sie uns einfach.<\/p>\n<p><strong>Welche Stifth\u00f6he ben\u00f6tige ich f\u00fcr mein Produkt?<\/strong><\/p>\n<p>F\u00fcr die richtige H\u00f6he messen Sie die ben\u00f6tigte F\u00fcllh\u00f6he (in Millimetern). Im Falle der Flachkopfn\u00e4gel und Hohlnieten wird ein Teil des Stiftes in den Kopf gedr\u00fcckt. Daher m\u00fcssen Sie der ben\u00f6tigten F\u00fcllh\u00f6he etwa 3 mm Freiraum f\u00fcr die Montage hinzuaddieren.<\/p>\n<p>Maschinennieten bestehen aus einem Teil, wobei das Ende etwa 3 mm sauber umgeb\u00f6rtelt wird, um eine stabile Verbindung zu gew\u00e4hrleisten. Sie m\u00fcssen daher zu der ben\u00f6tigten F\u00fcllh\u00f6he etwa 3 mm extra f\u00fcr die Montage hinzuaddieren.<\/p><\/article><div class='clearfix'><\/div>\n<\/section>\n","protected":false},"excerpt":{"rendered":"","protected":false},"author":1,"featured_media":0,"parent":3600,"menu_order":0,"comment_status":"closed","ping_status":"closed","template":"","meta":{"footnotes":""},"class_list":["post-3620","page","type-page","status-publish","hentry"],"yoast_head":"<!-- This site is optimized with the Yoast SEO plugin v26.9 - https:\/\/yoast.com\/product\/yoast-seo-wordpress\/ -->\n<title>Nieten: Hohlnieten &amp; Machinennieten kaufen | Jay Dee International<\/title>\n<meta name=\"description\" content=\"Maschinen nieten, Kappend und Nieten und Doppel Hohlnieten sind verf\u00fcgbar bei Jay Dee International. Sehen Sie hier unseren Sortiment an!\" \/>\n<meta name=\"robots\" content=\"index, follow, max-snippet:-1, max-image-preview:large, max-video-preview:-1\" \/>\n<link rel=\"canonical\" href=\"https:\/\/www.jaydee.com\/de\/befestigungsartikeln\/nieten\/\" \/>\n<meta property=\"og:locale\" content=\"de_DE\" \/>\n<meta property=\"og:type\" content=\"article\" \/>\n<meta property=\"og:title\" content=\"Nieten: Hohlnieten &amp; Machinennieten kaufen | Jay Dee International\" \/>\n<meta property=\"og:description\" content=\"Maschinen nieten, Kappend und Nieten und Doppel Hohlnieten sind verf\u00fcgbar bei Jay Dee International. Sehen Sie hier unseren Sortiment an!\" \/>\n<meta property=\"og:url\" content=\"https:\/\/www.jaydee.com\/de\/befestigungsartikeln\/nieten\/\" \/>\n<meta property=\"og:site_name\" content=\"Jay Dee International\" \/>\n<meta property=\"article:modified_time\" content=\"2017-09-19T14:23:04+00:00\" \/>\n<meta property=\"og:image\" content=\"https:\/\/s3.eu-central-1.amazonaws.com\/jaydee.com\/de\/befestigungsartikeln\/nieten-300x300.jpg\" \/>\n<meta name=\"twitter:card\" content=\"summary_large_image\" \/>\n<meta name=\"twitter:label1\" content=\"Gesch\u00e4tzte Lesezeit\" \/>\n\t<meta name=\"twitter:data1\" content=\"5\u00a0Minuten\" \/>\n<script type=\"application\/ld+json\" class=\"yoast-schema-graph\">{\"@context\":\"https:\/\/schema.org\",\"@graph\":[{\"@type\":\"WebPage\",\"@id\":\"https:\/\/www.jaydee.com\/de\/befestigungsartikeln\/nieten\/\",\"url\":\"https:\/\/www.jaydee.com\/de\/befestigungsartikeln\/nieten\/\",\"name\":\"Nieten: Hohlnieten & Machinennieten kaufen | Jay Dee International\",\"isPartOf\":{\"@id\":\"https:\/\/www.jaydee.com\/nl\/#website\"},\"primaryImageOfPage\":{\"@id\":\"https:\/\/www.jaydee.com\/de\/befestigungsartikeln\/nieten\/#primaryimage\"},\"image\":{\"@id\":\"https:\/\/www.jaydee.com\/de\/befestigungsartikeln\/nieten\/#primaryimage\"},\"thumbnailUrl\":\"https:\/\/s3.eu-central-1.amazonaws.com\/jaydee.com\/de\/befestigungsartikeln\/nieten-300x300.jpg\",\"datePublished\":\"2017-09-18T12:10:52+00:00\",\"dateModified\":\"2017-09-19T14:23:04+00:00\",\"description\":\"Maschinen nieten, Kappend und Nieten und Doppel Hohlnieten sind verf\u00fcgbar bei Jay Dee International. Sehen Sie hier unseren Sortiment an!\",\"breadcrumb\":{\"@id\":\"https:\/\/www.jaydee.com\/de\/befestigungsartikeln\/nieten\/#breadcrumb\"},\"inLanguage\":\"de\",\"potentialAction\":[{\"@type\":\"ReadAction\",\"target\":[\"https:\/\/www.jaydee.com\/de\/befestigungsartikeln\/nieten\/\"]}]},{\"@type\":\"ImageObject\",\"inLanguage\":\"de\",\"@id\":\"https:\/\/www.jaydee.com\/de\/befestigungsartikeln\/nieten\/#primaryimage\",\"url\":\"https:\/\/s3.eu-central-1.amazonaws.com\/jaydee.com\/de\/befestigungsartikeln\/nieten-300x300.jpg\",\"contentUrl\":\"https:\/\/s3.eu-central-1.amazonaws.com\/jaydee.com\/de\/befestigungsartikeln\/nieten-300x300.jpg\"},{\"@type\":\"BreadcrumbList\",\"@id\":\"https:\/\/www.jaydee.com\/de\/befestigungsartikeln\/nieten\/#breadcrumb\",\"itemListElement\":[{\"@type\":\"ListItem\",\"position\":1,\"name\":\"Home\",\"item\":\"https:\/\/www.jaydee.com\/de\/\"},{\"@type\":\"ListItem\",\"position\":2,\"name\":\"Befestigungsartikeln\",\"item\":\"https:\/\/www.jaydee.com\/de\/befestigungsartikeln\/\"},{\"@type\":\"ListItem\",\"position\":3,\"name\":\"Nieten\"}]},{\"@type\":\"WebSite\",\"@id\":\"https:\/\/www.jaydee.com\/nl\/#website\",\"url\":\"https:\/\/www.jaydee.com\/nl\/\",\"name\":\"Jay Dee International\",\"description\":\"Jay Dee\",\"potentialAction\":[{\"@type\":\"SearchAction\",\"target\":{\"@type\":\"EntryPoint\",\"urlTemplate\":\"https:\/\/www.jaydee.com\/nl\/?s={search_term_string}\"},\"query-input\":{\"@type\":\"PropertyValueSpecification\",\"valueRequired\":true,\"valueName\":\"search_term_string\"}}],\"inLanguage\":\"de\"}]}<\/script>\n<!-- \/ Yoast SEO plugin. -->","yoast_head_json":{"title":"Nieten: Hohlnieten & Machinennieten kaufen | Jay Dee International","description":"Maschinen nieten, Kappend und Nieten und Doppel Hohlnieten sind verf\u00fcgbar bei Jay Dee International. Sehen Sie hier unseren Sortiment an!","robots":{"index":"index","follow":"follow","max-snippet":"max-snippet:-1","max-image-preview":"max-image-preview:large","max-video-preview":"max-video-preview:-1"},"canonical":"https:\/\/www.jaydee.com\/de\/befestigungsartikeln\/nieten\/","og_locale":"de_DE","og_type":"article","og_title":"Nieten: Hohlnieten & Machinennieten kaufen | Jay Dee International","og_description":"Maschinen nieten, Kappend und Nieten und Doppel Hohlnieten sind verf\u00fcgbar bei Jay Dee International. Sehen Sie hier unseren Sortiment an!","og_url":"https:\/\/www.jaydee.com\/de\/befestigungsartikeln\/nieten\/","og_site_name":"Jay Dee International","article_modified_time":"2017-09-19T14:23:04+00:00","og_image":[{"url":"https:\/\/s3.eu-central-1.amazonaws.com\/jaydee.com\/de\/befestigungsartikeln\/nieten-300x300.jpg","type":"","width":"","height":""}],"twitter_card":"summary_large_image","twitter_misc":{"Gesch\u00e4tzte Lesezeit":"5\u00a0Minuten"},"schema":{"@context":"https:\/\/schema.org","@graph":[{"@type":"WebPage","@id":"https:\/\/www.jaydee.com\/de\/befestigungsartikeln\/nieten\/","url":"https:\/\/www.jaydee.com\/de\/befestigungsartikeln\/nieten\/","name":"Nieten: Hohlnieten & Machinennieten kaufen | Jay Dee International","isPartOf":{"@id":"https:\/\/www.jaydee.com\/nl\/#website"},"primaryImageOfPage":{"@id":"https:\/\/www.jaydee.com\/de\/befestigungsartikeln\/nieten\/#primaryimage"},"image":{"@id":"https:\/\/www.jaydee.com\/de\/befestigungsartikeln\/nieten\/#primaryimage"},"thumbnailUrl":"https:\/\/s3.eu-central-1.amazonaws.com\/jaydee.com\/de\/befestigungsartikeln\/nieten-300x300.jpg","datePublished":"2017-09-18T12:10:52+00:00","dateModified":"2017-09-19T14:23:04+00:00","description":"Maschinen nieten, Kappend und Nieten und Doppel Hohlnieten sind verf\u00fcgbar bei Jay Dee International. Sehen Sie hier unseren Sortiment an!","breadcrumb":{"@id":"https:\/\/www.jaydee.com\/de\/befestigungsartikeln\/nieten\/#breadcrumb"},"inLanguage":"de","potentialAction":[{"@type":"ReadAction","target":["https:\/\/www.jaydee.com\/de\/befestigungsartikeln\/nieten\/"]}]},{"@type":"ImageObject","inLanguage":"de","@id":"https:\/\/www.jaydee.com\/de\/befestigungsartikeln\/nieten\/#primaryimage","url":"https:\/\/s3.eu-central-1.amazonaws.com\/jaydee.com\/de\/befestigungsartikeln\/nieten-300x300.jpg","contentUrl":"https:\/\/s3.eu-central-1.amazonaws.com\/jaydee.com\/de\/befestigungsartikeln\/nieten-300x300.jpg"},{"@type":"BreadcrumbList","@id":"https:\/\/www.jaydee.com\/de\/befestigungsartikeln\/nieten\/#breadcrumb","itemListElement":[{"@type":"ListItem","position":1,"name":"Home","item":"https:\/\/www.jaydee.com\/de\/"},{"@type":"ListItem","position":2,"name":"Befestigungsartikeln","item":"https:\/\/www.jaydee.com\/de\/befestigungsartikeln\/"},{"@type":"ListItem","position":3,"name":"Nieten"}]},{"@type":"WebSite","@id":"https:\/\/www.jaydee.com\/nl\/#website","url":"https:\/\/www.jaydee.com\/nl\/","name":"Jay Dee International","description":"Jay Dee","potentialAction":[{"@type":"SearchAction","target":{"@type":"EntryPoint","urlTemplate":"https:\/\/www.jaydee.com\/nl\/?s={search_term_string}"},"query-input":{"@type":"PropertyValueSpecification","valueRequired":true,"valueName":"search_term_string"}}],"inLanguage":"de"}]}},"_links":{"self":[{"href":"https:\/\/www.jaydee.com\/de\/wp-json\/wp\/v2\/pages\/3620","targetHints":{"allow":["GET"]}}],"collection":[{"href":"https:\/\/www.jaydee.com\/de\/wp-json\/wp\/v2\/pages"}],"about":[{"href":"https:\/\/www.jaydee.com\/de\/wp-json\/wp\/v2\/types\/page"}],"author":[{"embeddable":true,"href":"https:\/\/www.jaydee.com\/de\/wp-json\/wp\/v2\/users\/1"}],"replies":[{"embeddable":true,"href":"https:\/\/www.jaydee.com\/de\/wp-json\/wp\/v2\/comments?post=3620"}],"version-history":[{"count":3,"href":"https:\/\/www.jaydee.com\/de\/wp-json\/wp\/v2\/pages\/3620\/revisions"}],"predecessor-version":[{"id":3730,"href":"https:\/\/www.jaydee.com\/de\/wp-json\/wp\/v2\/pages\/3620\/revisions\/3730"}],"up":[{"embeddable":true,"href":"https:\/\/www.jaydee.com\/de\/wp-json\/wp\/v2\/pages\/3600"}],"wp:attachment":[{"href":"https:\/\/www.jaydee.com\/de\/wp-json\/wp\/v2\/media?parent=3620"}],"curies":[{"name":"wp","href":"https:\/\/api.w.org\/{rel}","templated":true}]}}