{"id":3623,"date":"2017-09-18T14:11:40","date_gmt":"2017-09-18T12:11:40","guid":{"rendered":"https:\/\/www.jaydee.com\/?page_id=3623"},"modified":"2017-09-25T09:07:15","modified_gmt":"2017-09-25T07:07:15","slug":"pillarz-druckknoepfe","status":"publish","type":"page","link":"https:\/\/www.jaydee.com\/de\/befestigungsartikeln\/pillarz-druckknoepfe\/","title":{"rendered":"Pillarz druckkn\u00f6pfe"},"content":{"rendered":"<section class=\"columns\">\n<article class=\"col col3\">\n<p><img loading=\"lazy\" decoding=\"async\" class=\"alignnone\" src=\"https:\/\/s3.eu-central-1.amazonaws.com\/jaydee.com\/de\/befestigungsartikeln\/druckknoepfe-pillarz-300x300.jpg\" alt=\"Pillarz Druckkn\u00f6pfe\" width=\"300\" height=\"300\" \/><\/p><\/article>\n<article class=\"col col23\">\n<p>Pillarz Druckkn\u00f6pfe <strong>\u00ae<\/strong>\u00a0sind ideal zum Binden von Musterkollektionen. Die Montage ist kinderleicht: Die Muster werden am Stift aufgeh\u00e4ngt und die B\u00fcgelkappe mit einem Klick zugemacht. Die 4-teiligen Pillarz Druckkn\u00f6pfe sind in verschiedenen Gr\u00f6\u00dfen und Ausf\u00fchrungen erh\u00e4ltlich.<\/p>\n<a href=\"https:\/\/www.thesolutionshop.com\/de\/nieten-osen\/druckknopfen-pillarz\" class=\"btn large orange\" target=\"_blank\"><i class=\"fa fa-chevron-right\"><\/i>Pillarz ansehen<\/a><\/article>\n<\/section>\n<section class=\"columns\">\n<article class=\"col col1\">\n<p>Weitere information \u00fcber:<\/p>\n<ul>\n<li><a href=\"https:\/\/www.jaydee.com\/de\/befestigungsartikeln\/pillarz-druckknoepfe\/#formate\">Formate<\/a><\/li>\n<li><a href=\"https:\/\/www.jaydee.com\/de\/befestigungsartikeln\/pillarz-druckknoepfe\/#ausfuehrungen\">Ausf\u00fchrungen<\/a><\/li>\n<li><a href=\"https:\/\/www.jaydee.com\/de\/befestigungsartikeln\/pillarz-druckknoepfe\/#verwendung-montage\">Verwendung &amp; Montage<\/a><\/li>\n<li><a href=\"https:\/\/www.jaydee.com\/de\/befestigungsartikeln\/pillarz-druckknoepfe\/#zugehoeren\">Zugeh\u00f6ren<\/a><\/li>\n<li><a href=\"https:\/\/www.jaydee.com\/de\/befestigungsartikeln\/pillarz-druckknoepfe\/#haeufige-fragen\">H\u00e4ufige Fragen (FAQ)<\/a><\/li>\n<\/ul><\/article><div class='clearfix'><\/div>\n<\/section>\n<section class=\"columns\">\n<article class=\"col col1\">\n<a name=\"formate\"><\/a><\/p>\n<h2>Welche Gr\u00f6\u00dfen Pillarz Druckkn\u00f6pfe\u00a0gibt es?<\/h2>\n<p>Pillarz Druckkn\u00f6pfe sind in den folgenden Gr\u00f6\u00dfen erh\u00e4ltlich:<\/p>\n<ul>\n<li>Schaftl\u00e4nge (F\u00fcllh\u00f6he): 6 mm \/ 9 mm \/ 12 mm \/ 15 mm \/ 17 mm \/ 22 mm \/ 27 mm<\/li>\n<\/ul>\n<p>Druckkn\u00f6pfe Pillarz werden 4-teilig als Set geliefert. Sie bestehen aus Stift, Kappe, Niet und Federring.<\/p>\n<p><a name=\"ausfuehrungen\"><\/a><\/p>\n<h2>Welche Ausf\u00fchrungen gibt es?<\/h2>\n<p>Druckkn\u00f6pfe Pillarz sind in den folgenden Ausf\u00fchrungen erh\u00e4ltlich:<\/p>\n<ul>\n<li>Kappe und Niet: vernickelt<\/li>\n<li>Kappe und Niet: Messing verchromt<\/li>\n<li>Kappe und Niet: schwarz<\/li>\n<li>Kappe und Niet: wei\u00df<\/li>\n<\/ul>\n<p>Auf Wunsch k\u00f6nnen Sie beide Teile (Kappe und Niet) in fast jeder RAL-Farbe bestellen. Kontaktieren Sie uns einfach.<\/p>\n<p><a name=\"verwendung-montage\"><\/a><\/p>\n<h2>Verwendung &amp; Montage<\/h2>\n<p>Druckkn\u00f6pfe Pillarz sind ideal zum Binden von Musterkollektionen und B\u00fcchern. Die Druckkn\u00f6pfe sind sehr einfach zu montieren und wieder verschlie\u00dfbar. Das garantiert Ihnen ein hohes Ma\u00df an Flexibilit\u00e4t, da Sie Ihre Kollektionen stets neu zusammenstellen oder ordnen k\u00f6nnen.<\/p>\n<p>Die Druckkn\u00f6pfe werden mittels einer Presse mit Werkzeug montiert. Es ist auch m\u00f6glich, die Druckkn\u00f6pfe Pillarz\u00ae unsichtbar in einem Musterb\u00fcgel zu verarbeiten. Sie befestigen Sie den Druckknopf auf ein St\u00fcck Pappe, das Sie anschlie\u00dfend in den Musterb\u00fcgel oder anderes Produkt kleben.<\/p>\n<p><a name=\"zugehoeren\"><\/a><\/p>\n<h2>Das k\u00f6nnte Sie auch interessieren<\/h2>\n<p>Druckkn\u00f6pfe Pillarz werden mittels einer Presse mit Werkzeug montiert.<\/p><\/article><div class='clearfix'><\/div>\n<\/section>\n<section class=\"columns\">\n<article class=\"col col4\">\n<p><img loading=\"lazy\" decoding=\"async\" class=\"alignnone size-medium\" src=\"https:\/\/s3.eu-central-1.amazonaws.com\/jaydee.com\/de\/befestigungsartikeln\/handpresse-150x150.jpg\" alt=\"handpresse\" width=\"150\" height=\"150\" \/><\/p><\/article>\n<article class=\"col col34\">\n<h3>Handpresse<\/h3>\n<p>Speziell f\u00fcr die Druckkn\u00f6pfe Pillarz haben wir ein universell einsetzbares Werkzeug in unserem Sortiment, mit dem diese Druckkn\u00f6pfe in jeder gew\u00fcnschten Stiftl\u00e4nge eingesetzt werden k\u00f6nnen.<\/p>\n<p>Das Werkzeug wird mit einer Presse verwendet. In unserem Sortiment haben wir verschiedene Handpressen. Wir beraten Sie gerne zu den lieferbaren Werkzeugen und Pressen. Kontaktieren Sie uns einfach.<\/p>\n<a href=\"https:\/\/www.thesolutionshop.com\/de\/nieten-osen\/spindelpresse\" class=\"btn large orange\" target=\"_blank\"><i class=\"fa fa-chevron-right\"><\/i>Handpresse<\/a><\/article>\n<\/section>\n<section class=\"columns\">\n<article class=\"col col1\">\n<a name=\"haeufige-fragen\"><\/a><\/p>\n<h2>H\u00e4ufige Fragen (FAQ) \u00fcber Pillarz Druckkn\u00f6pfe<\/h2>\n<p>Hier finden Sie die haufige Fragen dieses Produkt. F\u00fcr weitere Fragen k\u00f6nnen Sie uns <a href=\"https:\/\/www.jaydee.com\/de\/kontakt\/\">Kontaktieren<\/a>.<\/p>\n<p><strong>Welche Gr\u00f6\u00dfe muss ich bestellen?<\/strong><br \/>\nUm die entsprechende Gr\u00f6\u00dfe f\u00fcr Ihre Druckkn\u00f6pfe zu bestimmen, messen Sie den Musterb\u00fcgel (oder eine andere Anwendung) an der Innenseite.<\/p>\n<p>Von dieser Gr\u00f6\u00dfe (z. B. 12 mm) m\u00fcssen etwa 3 mm abgezogen werden. So bestimmen Sie die ben\u00f6tigte Stift-Kapazit\u00e4t (in diesem Beispiel ben\u00f6tigen Sie also einen 9 mm-Druckknopf).<\/p>\n<p><strong>Gehen die Druckkn\u00f6pfen von selbst wieder auf?<\/strong><\/p>\n<p>Das h\u00e4ngt von dem Gewicht ab, das vom Knopf getragen werden muss, da es sich ja um ein Klick-System handelt. Unsere Druckkn\u00f6pfe Pillarz werden mit einem stabilen Verschluss gefertigt und sind somit sehr belastbar.<\/p>\n<p><strong>Sind die Pillarz Druckkn\u00f6pfe auch in anderen Farben erh\u00e4ltlich?<\/strong><\/p>\n<p>Ober- und Unterteil der Druckkn\u00f6pfe Pillarz k\u00f6nnen auf Anfrage in jeder RAL-Farbe lackiert werden. Wir beraten Sie gerne \u00fcber Mengen, Preise und Lieferzeiten. Kontaktieren Sie uns einfach.<\/p><\/article><div class='clearfix'><\/div>\n<\/section>\n","protected":false},"excerpt":{"rendered":"","protected":false},"author":1,"featured_media":0,"parent":3600,"menu_order":0,"comment_status":"closed","ping_status":"closed","template":"","meta":{"footnotes":""},"class_list":["post-3623","page","type-page","status-publish","hentry"],"yoast_head":"<!-- This site is optimized with the Yoast SEO plugin v26.9 - https:\/\/yoast.com\/product\/yoast-seo-wordpress\/ -->\n<title>Pillarz Druckkn\u00f6pfe: Binden von Musterkollektionen | Jay Dee International<\/title>\n<meta name=\"description\" content=\"Pillarz Druckkn\u00f6pfe \u00ae sind verf\u00fcgbar bei Jay Dee International. ideal zum Binden von Musterkollektionen. Sehen Sie hier unseren Sortiment an!\" \/>\n<meta name=\"robots\" content=\"index, follow, max-snippet:-1, max-image-preview:large, max-video-preview:-1\" \/>\n<link rel=\"canonical\" href=\"https:\/\/www.jaydee.com\/de\/befestigungsartikeln\/pillarz-druckknoepfe\/\" \/>\n<meta property=\"og:locale\" content=\"de_DE\" \/>\n<meta property=\"og:type\" content=\"article\" \/>\n<meta property=\"og:title\" content=\"Pillarz Druckkn\u00f6pfe: Binden von Musterkollektionen | Jay Dee International\" \/>\n<meta property=\"og:description\" content=\"Pillarz Druckkn\u00f6pfe \u00ae sind verf\u00fcgbar bei Jay Dee International. ideal zum Binden von Musterkollektionen. Sehen Sie hier unseren Sortiment an!\" \/>\n<meta property=\"og:url\" content=\"https:\/\/www.jaydee.com\/de\/befestigungsartikeln\/pillarz-druckknoepfe\/\" \/>\n<meta property=\"og:site_name\" content=\"Jay Dee International\" \/>\n<meta property=\"article:modified_time\" content=\"2017-09-25T07:07:15+00:00\" \/>\n<meta property=\"og:image\" content=\"https:\/\/s3.eu-central-1.amazonaws.com\/jaydee.com\/de\/befestigungsartikeln\/druckknoepfe-pillarz-300x300.jpg\" \/>\n<meta name=\"twitter:card\" content=\"summary_large_image\" \/>\n<meta name=\"twitter:label1\" content=\"Gesch\u00e4tzte Lesezeit\" \/>\n\t<meta name=\"twitter:data1\" content=\"3\u00a0Minuten\" \/>\n<script type=\"application\/ld+json\" class=\"yoast-schema-graph\">{\"@context\":\"https:\/\/schema.org\",\"@graph\":[{\"@type\":\"WebPage\",\"@id\":\"https:\/\/www.jaydee.com\/de\/befestigungsartikeln\/pillarz-druckknoepfe\/\",\"url\":\"https:\/\/www.jaydee.com\/de\/befestigungsartikeln\/pillarz-druckknoepfe\/\",\"name\":\"Pillarz Druckkn\u00f6pfe: Binden von Musterkollektionen | Jay Dee International\",\"isPartOf\":{\"@id\":\"https:\/\/www.jaydee.com\/nl\/#website\"},\"primaryImageOfPage\":{\"@id\":\"https:\/\/www.jaydee.com\/de\/befestigungsartikeln\/pillarz-druckknoepfe\/#primaryimage\"},\"image\":{\"@id\":\"https:\/\/www.jaydee.com\/de\/befestigungsartikeln\/pillarz-druckknoepfe\/#primaryimage\"},\"thumbnailUrl\":\"https:\/\/s3.eu-central-1.amazonaws.com\/jaydee.com\/de\/befestigungsartikeln\/druckknoepfe-pillarz-300x300.jpg\",\"datePublished\":\"2017-09-18T12:11:40+00:00\",\"dateModified\":\"2017-09-25T07:07:15+00:00\",\"description\":\"Pillarz Druckkn\u00f6pfe \u00ae sind verf\u00fcgbar bei Jay Dee International. ideal zum Binden von Musterkollektionen. Sehen Sie hier unseren Sortiment an!\",\"breadcrumb\":{\"@id\":\"https:\/\/www.jaydee.com\/de\/befestigungsartikeln\/pillarz-druckknoepfe\/#breadcrumb\"},\"inLanguage\":\"de\",\"potentialAction\":[{\"@type\":\"ReadAction\",\"target\":[\"https:\/\/www.jaydee.com\/de\/befestigungsartikeln\/pillarz-druckknoepfe\/\"]}]},{\"@type\":\"ImageObject\",\"inLanguage\":\"de\",\"@id\":\"https:\/\/www.jaydee.com\/de\/befestigungsartikeln\/pillarz-druckknoepfe\/#primaryimage\",\"url\":\"https:\/\/s3.eu-central-1.amazonaws.com\/jaydee.com\/de\/befestigungsartikeln\/druckknoepfe-pillarz-300x300.jpg\",\"contentUrl\":\"https:\/\/s3.eu-central-1.amazonaws.com\/jaydee.com\/de\/befestigungsartikeln\/druckknoepfe-pillarz-300x300.jpg\"},{\"@type\":\"BreadcrumbList\",\"@id\":\"https:\/\/www.jaydee.com\/de\/befestigungsartikeln\/pillarz-druckknoepfe\/#breadcrumb\",\"itemListElement\":[{\"@type\":\"ListItem\",\"position\":1,\"name\":\"Home\",\"item\":\"https:\/\/www.jaydee.com\/de\/\"},{\"@type\":\"ListItem\",\"position\":2,\"name\":\"Befestigungsartikeln\",\"item\":\"https:\/\/www.jaydee.com\/de\/befestigungsartikeln\/\"},{\"@type\":\"ListItem\",\"position\":3,\"name\":\"Pillarz druckkn\u00f6pfe\"}]},{\"@type\":\"WebSite\",\"@id\":\"https:\/\/www.jaydee.com\/nl\/#website\",\"url\":\"https:\/\/www.jaydee.com\/nl\/\",\"name\":\"Jay Dee International\",\"description\":\"Jay Dee\",\"potentialAction\":[{\"@type\":\"SearchAction\",\"target\":{\"@type\":\"EntryPoint\",\"urlTemplate\":\"https:\/\/www.jaydee.com\/nl\/?s={search_term_string}\"},\"query-input\":{\"@type\":\"PropertyValueSpecification\",\"valueRequired\":true,\"valueName\":\"search_term_string\"}}],\"inLanguage\":\"de\"}]}<\/script>\n<!-- \/ Yoast SEO plugin. -->","yoast_head_json":{"title":"Pillarz Druckkn\u00f6pfe: Binden von Musterkollektionen | Jay Dee International","description":"Pillarz Druckkn\u00f6pfe \u00ae sind verf\u00fcgbar bei Jay Dee International. ideal zum Binden von Musterkollektionen. Sehen Sie hier unseren Sortiment an!","robots":{"index":"index","follow":"follow","max-snippet":"max-snippet:-1","max-image-preview":"max-image-preview:large","max-video-preview":"max-video-preview:-1"},"canonical":"https:\/\/www.jaydee.com\/de\/befestigungsartikeln\/pillarz-druckknoepfe\/","og_locale":"de_DE","og_type":"article","og_title":"Pillarz Druckkn\u00f6pfe: Binden von Musterkollektionen | Jay Dee International","og_description":"Pillarz Druckkn\u00f6pfe \u00ae sind verf\u00fcgbar bei Jay Dee International. ideal zum Binden von Musterkollektionen. Sehen Sie hier unseren Sortiment an!","og_url":"https:\/\/www.jaydee.com\/de\/befestigungsartikeln\/pillarz-druckknoepfe\/","og_site_name":"Jay Dee International","article_modified_time":"2017-09-25T07:07:15+00:00","og_image":[{"url":"https:\/\/s3.eu-central-1.amazonaws.com\/jaydee.com\/de\/befestigungsartikeln\/druckknoepfe-pillarz-300x300.jpg","type":"","width":"","height":""}],"twitter_card":"summary_large_image","twitter_misc":{"Gesch\u00e4tzte Lesezeit":"3\u00a0Minuten"},"schema":{"@context":"https:\/\/schema.org","@graph":[{"@type":"WebPage","@id":"https:\/\/www.jaydee.com\/de\/befestigungsartikeln\/pillarz-druckknoepfe\/","url":"https:\/\/www.jaydee.com\/de\/befestigungsartikeln\/pillarz-druckknoepfe\/","name":"Pillarz Druckkn\u00f6pfe: Binden von Musterkollektionen | Jay Dee International","isPartOf":{"@id":"https:\/\/www.jaydee.com\/nl\/#website"},"primaryImageOfPage":{"@id":"https:\/\/www.jaydee.com\/de\/befestigungsartikeln\/pillarz-druckknoepfe\/#primaryimage"},"image":{"@id":"https:\/\/www.jaydee.com\/de\/befestigungsartikeln\/pillarz-druckknoepfe\/#primaryimage"},"thumbnailUrl":"https:\/\/s3.eu-central-1.amazonaws.com\/jaydee.com\/de\/befestigungsartikeln\/druckknoepfe-pillarz-300x300.jpg","datePublished":"2017-09-18T12:11:40+00:00","dateModified":"2017-09-25T07:07:15+00:00","description":"Pillarz Druckkn\u00f6pfe \u00ae sind verf\u00fcgbar bei Jay Dee International. ideal zum Binden von Musterkollektionen. Sehen Sie hier unseren Sortiment an!","breadcrumb":{"@id":"https:\/\/www.jaydee.com\/de\/befestigungsartikeln\/pillarz-druckknoepfe\/#breadcrumb"},"inLanguage":"de","potentialAction":[{"@type":"ReadAction","target":["https:\/\/www.jaydee.com\/de\/befestigungsartikeln\/pillarz-druckknoepfe\/"]}]},{"@type":"ImageObject","inLanguage":"de","@id":"https:\/\/www.jaydee.com\/de\/befestigungsartikeln\/pillarz-druckknoepfe\/#primaryimage","url":"https:\/\/s3.eu-central-1.amazonaws.com\/jaydee.com\/de\/befestigungsartikeln\/druckknoepfe-pillarz-300x300.jpg","contentUrl":"https:\/\/s3.eu-central-1.amazonaws.com\/jaydee.com\/de\/befestigungsartikeln\/druckknoepfe-pillarz-300x300.jpg"},{"@type":"BreadcrumbList","@id":"https:\/\/www.jaydee.com\/de\/befestigungsartikeln\/pillarz-druckknoepfe\/#breadcrumb","itemListElement":[{"@type":"ListItem","position":1,"name":"Home","item":"https:\/\/www.jaydee.com\/de\/"},{"@type":"ListItem","position":2,"name":"Befestigungsartikeln","item":"https:\/\/www.jaydee.com\/de\/befestigungsartikeln\/"},{"@type":"ListItem","position":3,"name":"Pillarz druckkn\u00f6pfe"}]},{"@type":"WebSite","@id":"https:\/\/www.jaydee.com\/nl\/#website","url":"https:\/\/www.jaydee.com\/nl\/","name":"Jay Dee International","description":"Jay Dee","potentialAction":[{"@type":"SearchAction","target":{"@type":"EntryPoint","urlTemplate":"https:\/\/www.jaydee.com\/nl\/?s={search_term_string}"},"query-input":{"@type":"PropertyValueSpecification","valueRequired":true,"valueName":"search_term_string"}}],"inLanguage":"de"}]}},"_links":{"self":[{"href":"https:\/\/www.jaydee.com\/de\/wp-json\/wp\/v2\/pages\/3623","targetHints":{"allow":["GET"]}}],"collection":[{"href":"https:\/\/www.jaydee.com\/de\/wp-json\/wp\/v2\/pages"}],"about":[{"href":"https:\/\/www.jaydee.com\/de\/wp-json\/wp\/v2\/types\/page"}],"author":[{"embeddable":true,"href":"https:\/\/www.jaydee.com\/de\/wp-json\/wp\/v2\/users\/1"}],"replies":[{"embeddable":true,"href":"https:\/\/www.jaydee.com\/de\/wp-json\/wp\/v2\/comments?post=3623"}],"version-history":[{"count":7,"href":"https:\/\/www.jaydee.com\/de\/wp-json\/wp\/v2\/pages\/3623\/revisions"}],"predecessor-version":[{"id":3735,"href":"https:\/\/www.jaydee.com\/de\/wp-json\/wp\/v2\/pages\/3623\/revisions\/3735"}],"up":[{"embeddable":true,"href":"https:\/\/www.jaydee.com\/de\/wp-json\/wp\/v2\/pages\/3600"}],"wp:attachment":[{"href":"https:\/\/www.jaydee.com\/de\/wp-json\/wp\/v2\/media?parent=3623"}],"curies":[{"name":"wp","href":"https:\/\/api.w.org\/{rel}","templated":true}]}}