{"id":3627,"date":"2017-09-18T14:17:34","date_gmt":"2017-09-18T12:17:34","guid":{"rendered":"https:\/\/www.jaydee.com\/?page_id=3627"},"modified":"2017-09-25T09:22:52","modified_gmt":"2017-09-25T07:22:52","slug":"oesen","status":"publish","type":"page","link":"https:\/\/www.jaydee.com\/de\/befestigungsartikeln\/oesen\/","title":{"rendered":"\u00d6sen"},"content":{"rendered":"<section class=\"columns\">\n<article class=\"col col3\">\n<p><img loading=\"lazy\" decoding=\"async\" class=\"alignnone size-medium\" src=\"https:\/\/s3.eu-central-1.amazonaws.com\/jaydee.com\/de\/befestigungsartikeln\/oesen-300x300.jpg\" alt=\"\u00f6sen\" width=\"300\" height=\"300\" \/><\/p><\/article>\n<article class=\"col col23\">\n<p>\u00d6sen\u00a0werden h\u00e4ufig f\u00fcr die folgenden Anwendungen verwendet: Papier, Karton, Pappe, Mappen, Brosch\u00fcren, B\u00fccher, Musterkoffer, Stoffe, Schuhe und Vorh\u00e4nge. Sie sind auch bekannt als Segelringe, Planen\u00f6sen, Ring\u00f6sen, Schn\u00fcr\u00f6sen an Schuhen, Couponringe.<\/p>\n<p>Das Prinzip ist immer dasselbe. Es gibt eine Vielzahl von \u00d6sen, in einer runden, ovalen der flachen Ausf\u00fchrung, und in verschiedenen Materialien, Farben und Gr\u00f6\u00dfen.<\/p>\n<a href=\"https:\/\/www.thesolutionshop.com\/de\/nieten-osen\" class=\"btn large orange\" target=\"_blank\"><i class=\"fa fa-chevron-right\"><\/i>\u00d6sen ansehen<\/a><\/article>\n<\/section>\n<section class=\"columns\">\n<article class=\"col col1\">\n<p>Weitere information \u00fcber:<\/p>\n<ul>\n<li><a href=\"https:\/\/www.jaydee.com\/de\/befestigungsartikeln\/oesen\/#formate\">Formate<\/a><\/li>\n<li><a href=\"https:\/\/www.jaydee.com\/de\/befestigungsartikeln\/oesen\/#ausfuehrungen\">Ausf\u00fchrungen<\/a><\/li>\n<li><a href=\"https:\/\/www.jaydee.com\/de\/befestigungsartikeln\/oesen\/#verwendung-montage\">Verwendung &amp; Montage<\/a><\/li>\n<li><a href=\"https:\/\/www.jaydee.com\/de\/befestigungsartikeln\/oesen\/#zugehoeren\">Zugeh\u00f6ren<\/a><\/li>\n<li><a href=\"https:\/\/www.jaydee.com\/de\/befestigungsartikeln\/oesen\/#haeufige-fragen\">H\u00e4ufige Fragen (FAQ)<\/a><\/li>\n<\/ul><\/article><div class='clearfix'><\/div>\n<\/section>\n<section class=\"columns\">\n<article class=\"col col1\">\n<a name=\"formate\"><\/a><\/p>\n<h2>Welche Gr\u00f6\u00dfen \u00d6sen gibt es?<\/h2>\n<p>\u00d6sen gibt es in unterschiedlichen Arten, die jeweils in verschiedenen Gr\u00f6\u00dfen erh\u00e4ltlich sind. Man unterscheidet:<\/p>\n<ul>\n<li>Flache ohne Gegenring<\/li>\n<li>Runde mit oder ohne Gegenring<\/li>\n<li>Ovale mit oder ohne Gegenring<\/li>\n<\/ul>\n<p>Diese \u00d6sen sind in verschiedenen Gr\u00f6\u00dfen erh\u00e4ltlich, variierend zwischen wenigen Millimetern und mehreren Zentimetern. Eine \u00dcbersicht finden Sie in unserem Webshop. Sie haben die gew\u00fcnschte Gr\u00f6\u00dfe nicht gefunden? Sondergr\u00f6\u00dfen sind auf Anfrage m\u00f6glich. Kontaktieren Sie uns einfach.<\/p>\n<p><a name=\"ausfuehrungen\"><\/a><\/p>\n<h2>Welche Ausf\u00fchrungen gibt es?<\/h2>\n<p>\u00d6sen sind in den folgenden Standardausf\u00fchrungen erh\u00e4ltlich:<\/p>\n<ul>\n<li>Vernickelt<\/li>\n<li>Vermessingt<\/li>\n<li>Messing<\/li>\n<li>Messing vernickelt<\/li>\n<li>Schwarz verzinkt<\/li>\n<li>Kunststoff: schwarz, wei\u00df und verschiedene andere Farben<\/li>\n<\/ul>\n<p>Eine \u00dcbersicht aller lieferbaren \u00d6sen finden Sie in unserem Webshop oder kontaktieren Sie uns. Wenn Sie eine bestimmte \u00d6se nicht in der von Ihnen gew\u00fcnschten Ausf\u00fchrung gefunden haben, beraten wir Sie gerne \u00fcber die M\u00f6glichkeiten.<\/p>\n<p><a name=\"verwendung-montage\"><\/a><\/p>\n<h2>Verwendung &amp; Montage<\/h2>\n<p>Flache \u00d6sen werden haupts\u00e4chlich f\u00fcr die Verarbeitung von Papier verwendet, da der flache Rand b\u00fcndig mit dem Papier verarbeitet werden kann. Die \u00fcbrigen werden f\u00fcr eine Vielzahl von Anwendungen verwendet, beispielsweise f\u00fcr Mappen, Koffer, Stoffe und Schuhe.<\/p>\n<p>\u00d6sen mit Gegenring sind ideal f\u00fcr die Verarbeitung von d\u00fcnnen Materialien wie Stoff, da der Gegenring einen optimalen Halt bietet, sodass sich die \u00d6se nicht aus dem Stoff l\u00f6sen kann.<\/p>\n<p>Alle \u00d6sen \u2013 mit oder ohne Gegenring \u2013 k\u00f6nnen mittels einer Presse mit Werkzeug platziert werden. Es stehen verschiedene Pressen zur Verf\u00fcgung.<\/p>\n<p><a name=\"zugehoeren\"><\/a><\/p>\n<h2>Das k\u00f6nnte Sie auch interessieren<\/h2>\n<p>Druckkn\u00f6pfe Pillarz werden mittels einer Presse mit Werkzeug montiert.<\/p><\/article><div class='clearfix'><\/div>\n<\/section>\n<section class=\"columns\">\n<article class=\"col col4\">\n<p><img loading=\"lazy\" decoding=\"async\" class=\"alignnone size-medium\" src=\"https:\/\/s3.eu-central-1.amazonaws.com\/jaydee.com\/de\/befestigungsartikeln\/handpresse-150x150.jpg\" alt=\"handpresse\" width=\"150\" height=\"150\" \/><\/p><\/article>\n<article class=\"col col34\">\n<h3>Handpresse<\/h3>\n<p>Werkzeugen werden in Kombination mit einer Handpresse verwendet. F\u00fcr die Platzierung der \u00d6sen ist es wichtig, dass das Werkzeug in der richtigen Gr\u00f6\u00dfe gew\u00e4hlt wird, sodass diese bei der Montage nicht besch\u00e4digt werden.<\/p>\n<p>Zum Einsetzen von \u00d6sen eignen sich auch Handpressen. In unserem Webshop finden Sie weitere Informationen \u00fcber Pressen. Sie k\u00f6nnen nat\u00fcrlich auch einfach direkt anrufen.<\/p>\n<a href=\"https:\/\/www.thesolutionshop.com\/de\/nieten-osen\/spindelpresse\" class=\"btn large orange\" target=\"_blank\"><i class=\"fa fa-chevron-right\"><\/i>Handpresse<\/a><\/article>\n<\/section>\n<section class=\"columns\">\n<article class=\"col col4\">\n<p><img loading=\"lazy\" decoding=\"async\" class=\"alignnone size-medium\" src=\"https:\/\/s3.eu-central-1.amazonaws.com\/jaydee.com\/de\/praesentationsartikeln\/kordel-150x150.jpg\" alt=\"kordel \" width=\"150\" height=\"150\" \/><\/p><\/article>\n<article class=\"col col34\">\n<h3>Kordel<\/h3>\n<p>Kordeln k\u00f6nnen einfach durch die \u00d6sen gef\u00e4delt werden und sind ideal als Griff. Au\u00dferdem verleihen Sie Ihrer Anwendung ein sch\u00f6nes Finish. In unserem Sortiment finden Sie Kordeln in verschiedenen Ausf\u00fchrungen, beispielsweise gedrehte und geflochtene Kordeln, sowie Lederkordeln. Weitere Informationen finden Sie auf den entsprechenden Seiten.<\/p>\n<a href=\"https:\/\/www.jaydee.com\/de\/praesentationsartikeln\/kordel\/\" class=\"btn large custom\"><i class=\"fa fa-chevron-right\"><\/i>Kordel<\/a><\/article>\n<\/section>\n<section class=\"columns\">\n<article class=\"col col1\">\n<a name=\"haeufige-fragen\"><\/a><\/p>\n<h2>H\u00e4ufige Fragen (FAQ) \u00fcber \u00d6sen<\/h2>\n<p>Hier finden Sie die haufige Fragen dieses Produkt. F\u00fcr weitere Fragen k\u00f6nnen Sie uns <a href=\"https:\/\/www.jaydee.com\/de\/kontakt\/\">Kontaktieren<\/a>.<\/p>\n<p><strong>Was sind die Vorteile von \u00d6sen mit Gegenring?<\/strong><br \/>\n\u00d6sen mit Gegenring bieten die M\u00f6glichkeit, das Material an beiden Seiten ordentlich und repr\u00e4sentativ zu verarbeiten. Ein weiterer Vorteil ist, dass die mit Gegenring in d\u00fcnnere Materialien wie Stoffe f\u00fcr mehr Stabilit\u00e4t eingesetzt werden k\u00f6nnen.<\/p>\n<p><strong>Welche Gr\u00f6\u00dfe muss ich bestellen?<\/strong><\/p>\n<p>Um die richtige Gr\u00f6\u00dfe zu bestimmen, berechnet man den gew\u00fcnschten Innen- und Au\u00dfen-Durchmesser und die St\u00e4rke des Materials, in das die \u00d6se eingesetzt werden soll.<\/p>\n<p>Bei der H\u00f6he der \u00d6se m\u00fcssen Sie beachten, dass diese einige Millimeter \u00fcber das Material herausragen muss. Um eine stabile Verbindung zu gew\u00e4hrleisten, m\u00fcssen die Enden der \u00d6sen n\u00e4mlich ein paar Millimeter gerollt oder gespalten werden.<\/p>\n<p><strong>Welche Presse wird ben\u00f6tigt, um \u00d6sen einzusetzen?<\/strong><\/p>\n<p>Dazu eignen sich mehrere Pressen. Es gibt beispielsweise Handpressen, sowie elektrische, pneumatische und voll automatische Pressen. Wir helfen Ihnen gerne, das passende Werkzeug zu w\u00e4hlen. Kontaktieren Sie uns einfach.<\/p><\/article><div class='clearfix'><\/div>\n<\/section>\n","protected":false},"excerpt":{"rendered":"","protected":false},"author":1,"featured_media":0,"parent":3600,"menu_order":0,"comment_status":"closed","ping_status":"closed","template":"","meta":{"footnotes":""},"class_list":["post-3627","page","type-page","status-publish","hentry"],"yoast_head":"<!-- This site is optimized with the Yoast SEO plugin v26.9 - https:\/\/yoast.com\/product\/yoast-seo-wordpress\/ -->\n<title>\u00d6sen: Schl\u00fcsselringe, Metall\u00f6sen &amp; Aufh\u00e4nge\u00f6sen | Jay Dee International<\/title>\n<meta name=\"description\" content=\"\u00d6sen sind verf\u00fcgbar bei Jay Dee International. Schl\u00fcsselringe, Metall\u00f6sen &amp; Aufh\u00e4nge\u00f6sen. Sehen Sie hier unseren Sortiment an!\" \/>\n<meta name=\"robots\" content=\"index, follow, max-snippet:-1, max-image-preview:large, max-video-preview:-1\" \/>\n<link rel=\"canonical\" href=\"https:\/\/www.jaydee.com\/de\/befestigungsartikeln\/oesen\/\" \/>\n<meta property=\"og:locale\" content=\"de_DE\" \/>\n<meta property=\"og:type\" content=\"article\" \/>\n<meta property=\"og:title\" content=\"\u00d6sen: Schl\u00fcsselringe, Metall\u00f6sen &amp; Aufh\u00e4nge\u00f6sen | Jay Dee International\" \/>\n<meta property=\"og:description\" content=\"\u00d6sen sind verf\u00fcgbar bei Jay Dee International. Schl\u00fcsselringe, Metall\u00f6sen &amp; Aufh\u00e4nge\u00f6sen. Sehen Sie hier unseren Sortiment an!\" \/>\n<meta property=\"og:url\" content=\"https:\/\/www.jaydee.com\/de\/befestigungsartikeln\/oesen\/\" \/>\n<meta property=\"og:site_name\" content=\"Jay Dee International\" \/>\n<meta property=\"article:modified_time\" content=\"2017-09-25T07:22:52+00:00\" \/>\n<meta property=\"og:image\" content=\"https:\/\/s3.eu-central-1.amazonaws.com\/jaydee.com\/de\/befestigungsartikeln\/oesen-300x300.jpg\" \/>\n<meta name=\"twitter:card\" content=\"summary_large_image\" \/>\n<meta name=\"twitter:label1\" content=\"Gesch\u00e4tzte Lesezeit\" \/>\n\t<meta name=\"twitter:data1\" content=\"4\u00a0Minuten\" \/>\n<script type=\"application\/ld+json\" class=\"yoast-schema-graph\">{\"@context\":\"https:\/\/schema.org\",\"@graph\":[{\"@type\":\"WebPage\",\"@id\":\"https:\/\/www.jaydee.com\/de\/befestigungsartikeln\/oesen\/\",\"url\":\"https:\/\/www.jaydee.com\/de\/befestigungsartikeln\/oesen\/\",\"name\":\"\u00d6sen: Schl\u00fcsselringe, Metall\u00f6sen & Aufh\u00e4nge\u00f6sen | Jay Dee International\",\"isPartOf\":{\"@id\":\"https:\/\/www.jaydee.com\/nl\/#website\"},\"primaryImageOfPage\":{\"@id\":\"https:\/\/www.jaydee.com\/de\/befestigungsartikeln\/oesen\/#primaryimage\"},\"image\":{\"@id\":\"https:\/\/www.jaydee.com\/de\/befestigungsartikeln\/oesen\/#primaryimage\"},\"thumbnailUrl\":\"https:\/\/s3.eu-central-1.amazonaws.com\/jaydee.com\/de\/befestigungsartikeln\/oesen-300x300.jpg\",\"datePublished\":\"2017-09-18T12:17:34+00:00\",\"dateModified\":\"2017-09-25T07:22:52+00:00\",\"description\":\"\u00d6sen sind verf\u00fcgbar bei Jay Dee International. Schl\u00fcsselringe, Metall\u00f6sen & Aufh\u00e4nge\u00f6sen. Sehen Sie hier unseren Sortiment an!\",\"breadcrumb\":{\"@id\":\"https:\/\/www.jaydee.com\/de\/befestigungsartikeln\/oesen\/#breadcrumb\"},\"inLanguage\":\"de\",\"potentialAction\":[{\"@type\":\"ReadAction\",\"target\":[\"https:\/\/www.jaydee.com\/de\/befestigungsartikeln\/oesen\/\"]}]},{\"@type\":\"ImageObject\",\"inLanguage\":\"de\",\"@id\":\"https:\/\/www.jaydee.com\/de\/befestigungsartikeln\/oesen\/#primaryimage\",\"url\":\"https:\/\/s3.eu-central-1.amazonaws.com\/jaydee.com\/de\/befestigungsartikeln\/oesen-300x300.jpg\",\"contentUrl\":\"https:\/\/s3.eu-central-1.amazonaws.com\/jaydee.com\/de\/befestigungsartikeln\/oesen-300x300.jpg\"},{\"@type\":\"BreadcrumbList\",\"@id\":\"https:\/\/www.jaydee.com\/de\/befestigungsartikeln\/oesen\/#breadcrumb\",\"itemListElement\":[{\"@type\":\"ListItem\",\"position\":1,\"name\":\"Home\",\"item\":\"https:\/\/www.jaydee.com\/de\/\"},{\"@type\":\"ListItem\",\"position\":2,\"name\":\"Befestigungsartikeln\",\"item\":\"https:\/\/www.jaydee.com\/de\/befestigungsartikeln\/\"},{\"@type\":\"ListItem\",\"position\":3,\"name\":\"\u00d6sen\"}]},{\"@type\":\"WebSite\",\"@id\":\"https:\/\/www.jaydee.com\/nl\/#website\",\"url\":\"https:\/\/www.jaydee.com\/nl\/\",\"name\":\"Jay Dee International\",\"description\":\"Jay Dee\",\"potentialAction\":[{\"@type\":\"SearchAction\",\"target\":{\"@type\":\"EntryPoint\",\"urlTemplate\":\"https:\/\/www.jaydee.com\/nl\/?s={search_term_string}\"},\"query-input\":{\"@type\":\"PropertyValueSpecification\",\"valueRequired\":true,\"valueName\":\"search_term_string\"}}],\"inLanguage\":\"de\"}]}<\/script>\n<!-- \/ Yoast SEO plugin. -->","yoast_head_json":{"title":"\u00d6sen: Schl\u00fcsselringe, Metall\u00f6sen & Aufh\u00e4nge\u00f6sen | Jay Dee International","description":"\u00d6sen sind verf\u00fcgbar bei Jay Dee International. Schl\u00fcsselringe, Metall\u00f6sen & Aufh\u00e4nge\u00f6sen. Sehen Sie hier unseren Sortiment an!","robots":{"index":"index","follow":"follow","max-snippet":"max-snippet:-1","max-image-preview":"max-image-preview:large","max-video-preview":"max-video-preview:-1"},"canonical":"https:\/\/www.jaydee.com\/de\/befestigungsartikeln\/oesen\/","og_locale":"de_DE","og_type":"article","og_title":"\u00d6sen: Schl\u00fcsselringe, Metall\u00f6sen & Aufh\u00e4nge\u00f6sen | Jay Dee International","og_description":"\u00d6sen sind verf\u00fcgbar bei Jay Dee International. Schl\u00fcsselringe, Metall\u00f6sen & Aufh\u00e4nge\u00f6sen. Sehen Sie hier unseren Sortiment an!","og_url":"https:\/\/www.jaydee.com\/de\/befestigungsartikeln\/oesen\/","og_site_name":"Jay Dee International","article_modified_time":"2017-09-25T07:22:52+00:00","og_image":[{"url":"https:\/\/s3.eu-central-1.amazonaws.com\/jaydee.com\/de\/befestigungsartikeln\/oesen-300x300.jpg","type":"","width":"","height":""}],"twitter_card":"summary_large_image","twitter_misc":{"Gesch\u00e4tzte Lesezeit":"4\u00a0Minuten"},"schema":{"@context":"https:\/\/schema.org","@graph":[{"@type":"WebPage","@id":"https:\/\/www.jaydee.com\/de\/befestigungsartikeln\/oesen\/","url":"https:\/\/www.jaydee.com\/de\/befestigungsartikeln\/oesen\/","name":"\u00d6sen: Schl\u00fcsselringe, Metall\u00f6sen & Aufh\u00e4nge\u00f6sen | Jay Dee International","isPartOf":{"@id":"https:\/\/www.jaydee.com\/nl\/#website"},"primaryImageOfPage":{"@id":"https:\/\/www.jaydee.com\/de\/befestigungsartikeln\/oesen\/#primaryimage"},"image":{"@id":"https:\/\/www.jaydee.com\/de\/befestigungsartikeln\/oesen\/#primaryimage"},"thumbnailUrl":"https:\/\/s3.eu-central-1.amazonaws.com\/jaydee.com\/de\/befestigungsartikeln\/oesen-300x300.jpg","datePublished":"2017-09-18T12:17:34+00:00","dateModified":"2017-09-25T07:22:52+00:00","description":"\u00d6sen sind verf\u00fcgbar bei Jay Dee International. Schl\u00fcsselringe, Metall\u00f6sen & Aufh\u00e4nge\u00f6sen. Sehen Sie hier unseren Sortiment an!","breadcrumb":{"@id":"https:\/\/www.jaydee.com\/de\/befestigungsartikeln\/oesen\/#breadcrumb"},"inLanguage":"de","potentialAction":[{"@type":"ReadAction","target":["https:\/\/www.jaydee.com\/de\/befestigungsartikeln\/oesen\/"]}]},{"@type":"ImageObject","inLanguage":"de","@id":"https:\/\/www.jaydee.com\/de\/befestigungsartikeln\/oesen\/#primaryimage","url":"https:\/\/s3.eu-central-1.amazonaws.com\/jaydee.com\/de\/befestigungsartikeln\/oesen-300x300.jpg","contentUrl":"https:\/\/s3.eu-central-1.amazonaws.com\/jaydee.com\/de\/befestigungsartikeln\/oesen-300x300.jpg"},{"@type":"BreadcrumbList","@id":"https:\/\/www.jaydee.com\/de\/befestigungsartikeln\/oesen\/#breadcrumb","itemListElement":[{"@type":"ListItem","position":1,"name":"Home","item":"https:\/\/www.jaydee.com\/de\/"},{"@type":"ListItem","position":2,"name":"Befestigungsartikeln","item":"https:\/\/www.jaydee.com\/de\/befestigungsartikeln\/"},{"@type":"ListItem","position":3,"name":"\u00d6sen"}]},{"@type":"WebSite","@id":"https:\/\/www.jaydee.com\/nl\/#website","url":"https:\/\/www.jaydee.com\/nl\/","name":"Jay Dee International","description":"Jay Dee","potentialAction":[{"@type":"SearchAction","target":{"@type":"EntryPoint","urlTemplate":"https:\/\/www.jaydee.com\/nl\/?s={search_term_string}"},"query-input":{"@type":"PropertyValueSpecification","valueRequired":true,"valueName":"search_term_string"}}],"inLanguage":"de"}]}},"_links":{"self":[{"href":"https:\/\/www.jaydee.com\/de\/wp-json\/wp\/v2\/pages\/3627","targetHints":{"allow":["GET"]}}],"collection":[{"href":"https:\/\/www.jaydee.com\/de\/wp-json\/wp\/v2\/pages"}],"about":[{"href":"https:\/\/www.jaydee.com\/de\/wp-json\/wp\/v2\/types\/page"}],"author":[{"embeddable":true,"href":"https:\/\/www.jaydee.com\/de\/wp-json\/wp\/v2\/users\/1"}],"replies":[{"embeddable":true,"href":"https:\/\/www.jaydee.com\/de\/wp-json\/wp\/v2\/comments?post=3627"}],"version-history":[{"count":4,"href":"https:\/\/www.jaydee.com\/de\/wp-json\/wp\/v2\/pages\/3627\/revisions"}],"predecessor-version":[{"id":3737,"href":"https:\/\/www.jaydee.com\/de\/wp-json\/wp\/v2\/pages\/3627\/revisions\/3737"}],"up":[{"embeddable":true,"href":"https:\/\/www.jaydee.com\/de\/wp-json\/wp\/v2\/pages\/3600"}],"wp:attachment":[{"href":"https:\/\/www.jaydee.com\/de\/wp-json\/wp\/v2\/media?parent=3627"}],"curies":[{"name":"wp","href":"https:\/\/api.w.org\/{rel}","templated":true}]}}