{"id":3631,"date":"2017-09-18T14:23:28","date_gmt":"2017-09-18T12:23:28","guid":{"rendered":"https:\/\/www.jaydee.com\/?page_id=3631"},"modified":"2017-09-25T10:22:16","modified_gmt":"2017-09-25T08:22:16","slug":"klemscheiben","status":"publish","type":"page","link":"https:\/\/www.jaydee.com\/de\/befestigungsartikeln\/klemscheiben\/","title":{"rendered":"Klemscheiben"},"content":{"rendered":"<section class=\"columns\">\n<article class=\"col col3\">\n<p><img loading=\"lazy\" decoding=\"async\" class=\"alignnone size-medium\" src=\"https:\/\/s3.eu-central-1.amazonaws.com\/jaydee.com\/de\/befestigungsartikeln\/klemmscheiben-300x300.jpg\" alt=\"klemmscheiben\" width=\"300\" height=\"300\" \/><\/p><\/article>\n<article class=\"col col23\">\n<p>Klemmscheiben\u00a0sind Metallverbindungen f\u00fcr verschiedene Arten von Achsen. In unserem Sortiment finden Sie\u00a0Klemmscheiben\u00a0in verschiedenen Formaten (auch mit Kappe).<\/p>\n<a href=\"https:\/\/www.jaydee.com\/de\/kontakt\/\" class=\"btn large custom\"><i class=\"fa fa-chevron-right\"><\/i>Kontakten Sie uns<\/a><\/article>\n<\/section>\n<section class=\"columns\">\n<article class=\"col col1\">\n<p>Weitere information \u00fcber:<\/p>\n<ul>\n<li><a href=\"https:\/\/www.jaydee.com\/de\/befestigungsartikeln\/klemscheiben\/#formate\">Formate<\/a><\/li>\n<li><a href=\"https:\/\/www.jaydee.com\/de\/befestigungsartikeln\/klemscheiben\/#ausfuehrungen\">Ausf\u00fchrungen<\/a><\/li>\n<li><a href=\"https:\/\/www.jaydee.com\/de\/befestigungsartikeln\/klemscheiben\/#verwendung-montage\">Verwendung &amp; Montage<\/a><\/li>\n<li><a href=\"https:\/\/www.jaydee.com\/de\/befestigungsartikeln\/klemscheiben\/#zugehoeren\">Zugeh\u00f6ren<\/a><\/li>\n<li><a href=\"https:\/\/www.jaydee.com\/de\/befestigungsartikeln\/klemscheiben\/#haeufige-fragen\">H\u00e4ufige Fragen (FAQ)<\/a><\/li>\n<\/ul><\/article><div class='clearfix'><\/div>\n<\/section>\n<section class=\"columns\">\n<article class=\"col col1\">\n<a name=\"formate\"><\/a><\/p>\n<h2>Klemmscheiben \u2013 Welche Formate gibt es?<\/h2>\n<p>Das Produkt ist in den folgenden Formaten erh\u00e4ltlich:<\/p>\n<ul>\n<li>4 mm<\/li>\n<li>5 mm<\/li>\n<li>6 mm<\/li>\n<li>8 mm<\/li>\n<\/ul>\n<p><a name=\"ausfuehrungen\"><\/a><\/p>\n<h2>Welche Ausf\u00fchrungen Metallverbindungen gibt es?<\/h2>\n<p>Das Produkt ist aus flexiblem Federstahl gefertigt. Es ist mit oder ohne Kappe erh\u00e4ltlich. Die Scheiben sind f\u00fcr eine schnelle Verarbeitung geeignet.<\/p>\n<p><a name=\"verwendung-montage\"><\/a><\/p>\n<h2>Verwendung und Montage von Klemmscheiben<\/h2>\n<p>Die Scheiben werden als Achsen- bzw. Wellenklemmringe verwendet. Sie k\u00f6nnen direkt auf eine glatte Achse geschoben werden. Es ist nicht notwendig, erst Nuten zu machen, dies w\u00fcrde die Haftung der Klemmscheiben sogar verringern.<\/p>\n<p>Die Scheiben aus Federstahl fixieren sich von alleine an der Achse und k\u00f6nnen nicht mehr entfernt werden, ohne dass die Scheiben kaputt gehen.<\/p>\n<p>Das Produkt wird in der Regel mit einer Zange oder einem Rohr befestigt. Die Metallverbindungen garantieren eine sehr stabile Verbindung und werden in verschiedenen Branchen, wie der Automobil- und der Gesundheitsindustrie in verschiedenen Anlagen oder f\u00fcr Konstruktionen in Geb\u00e4uden verwendet.<\/p>\n<p><a name=\"zugehoeren\"><\/a><\/p>\n<h2>Das k\u00f6nnte Sie auch interessieren<\/h2>\n<p>Das Produkt wird bei der Papier- und Kunststoffverarbeitung h\u00e4ufig verwendet, um beispielsweise glatte Haken oder andere glatten Draht-Produkte zu befestigen.<\/p><\/article><div class='clearfix'><\/div>\n<\/section>\n<section class=\"columns\">\n<article class=\"col col4\">\n<p><img loading=\"lazy\" decoding=\"async\" class=\"alignnone size-medium\" src=\"https:\/\/s3.eu-central-1.amazonaws.com\/jaydee.com\/de\/praesentationsartikeln\/kollektionshaken-150x150.jpg\" alt=\"Kollektionshaken\" width=\"150\" height=\"150\" \/><\/p><\/article>\n<article class=\"col col34\">\n<h3>Kollektionshaken<\/h3>\n<p>Ein glatter Haken kann mit einer Klemmscheibe versehen werden, an welcher der Musterb\u00fcgel befestigt werden kann.<\/p>\n<p>Sie k\u00f6nnen sich aber auch f\u00fcr einen Haken mit Mutter oder einen speziellen Haken f\u00fcr Ihre Anwendung entscheiden. Eine vollst\u00e4ndige \u00dcbersicht finden Sie in unserem Webshop<\/p>\n<a href=\"https:\/\/www.jaydee.com\/de\/praesentationsartikeln\/kollektionshaken\/\" class=\"btn large custom\"><i class=\"fa fa-chevron-right\"><\/i>Kollektionshaken<\/a><\/article>\n<\/section>\n<section class=\"columns\">\n<article class=\"col col1\">\n<a name=\"haeufige-fragen\"><\/a><\/p>\n<h2>H\u00e4ufige Fragen (FAQ) \u00fcber Klemmscheiben<\/h2>\n<p>Hier finden Sie die haufige Fragen dieses Produkt. F\u00fcr weitere Fragen k\u00f6nnen Sie uns <a href=\"https:\/\/www.jaydee.com\/de\/kontakt\/\">Kontaktieren<\/a>.<\/p>\n<p><strong>Wie funktioniert eine Klemmscheibe?<\/strong><\/p>\n<p>Klemmscheiben sind aus Federstahl gefertigt, der eine stabile Klemmverbindung mit der glatten Achse gew\u00e4hrleistet. Die Scheiben k\u00f6nnen somit nur in eine Richtung auf die Achse geschoben werden. Zur\u00fcckschieben ist nicht m\u00f6glich.<\/p><\/article><div class='clearfix'><\/div>\n<\/section>\n","protected":false},"excerpt":{"rendered":"","protected":false},"author":1,"featured_media":0,"parent":3600,"menu_order":0,"comment_status":"closed","ping_status":"closed","template":"","meta":{"footnotes":""},"class_list":["post-3631","page","type-page","status-publish","hentry"],"yoast_head":"<!-- This site is optimized with the Yoast SEO plugin v26.9 - https:\/\/yoast.com\/product\/yoast-seo-wordpress\/ -->\n<title>Klemscheiben: Metallverbindungen | Jay Dee International<\/title>\n<meta name=\"description\" content=\"Klemmscheiben sind verf\u00fcgbar bei Jay Dee International. Metallverbindungen f\u00fcr verschiedene Arten von Achsen. Sehen Sie hier unseren Sortiment an!\" \/>\n<meta name=\"robots\" content=\"index, follow, max-snippet:-1, max-image-preview:large, max-video-preview:-1\" \/>\n<link rel=\"canonical\" href=\"https:\/\/www.jaydee.com\/de\/befestigungsartikeln\/klemscheiben\/\" \/>\n<meta property=\"og:locale\" content=\"de_DE\" \/>\n<meta property=\"og:type\" content=\"article\" \/>\n<meta property=\"og:title\" content=\"Klemscheiben: Metallverbindungen | Jay Dee International\" \/>\n<meta property=\"og:description\" content=\"Klemmscheiben sind verf\u00fcgbar bei Jay Dee International. Metallverbindungen f\u00fcr verschiedene Arten von Achsen. Sehen Sie hier unseren Sortiment an!\" \/>\n<meta property=\"og:url\" content=\"https:\/\/www.jaydee.com\/de\/befestigungsartikeln\/klemscheiben\/\" \/>\n<meta property=\"og:site_name\" content=\"Jay Dee International\" \/>\n<meta property=\"article:modified_time\" content=\"2017-09-25T08:22:16+00:00\" \/>\n<meta property=\"og:image\" content=\"https:\/\/s3.eu-central-1.amazonaws.com\/jaydee.com\/de\/befestigungsartikeln\/klemmscheiben-300x300.jpg\" \/>\n<meta name=\"twitter:card\" content=\"summary_large_image\" \/>\n<meta name=\"twitter:label1\" content=\"Gesch\u00e4tzte Lesezeit\" \/>\n\t<meta name=\"twitter:data1\" content=\"2\u00a0Minuten\" \/>\n<script type=\"application\/ld+json\" class=\"yoast-schema-graph\">{\"@context\":\"https:\/\/schema.org\",\"@graph\":[{\"@type\":\"WebPage\",\"@id\":\"https:\/\/www.jaydee.com\/de\/befestigungsartikeln\/klemscheiben\/\",\"url\":\"https:\/\/www.jaydee.com\/de\/befestigungsartikeln\/klemscheiben\/\",\"name\":\"Klemscheiben: Metallverbindungen | Jay Dee International\",\"isPartOf\":{\"@id\":\"https:\/\/www.jaydee.com\/nl\/#website\"},\"primaryImageOfPage\":{\"@id\":\"https:\/\/www.jaydee.com\/de\/befestigungsartikeln\/klemscheiben\/#primaryimage\"},\"image\":{\"@id\":\"https:\/\/www.jaydee.com\/de\/befestigungsartikeln\/klemscheiben\/#primaryimage\"},\"thumbnailUrl\":\"https:\/\/s3.eu-central-1.amazonaws.com\/jaydee.com\/de\/befestigungsartikeln\/klemmscheiben-300x300.jpg\",\"datePublished\":\"2017-09-18T12:23:28+00:00\",\"dateModified\":\"2017-09-25T08:22:16+00:00\",\"description\":\"Klemmscheiben sind verf\u00fcgbar bei Jay Dee International. Metallverbindungen f\u00fcr verschiedene Arten von Achsen. Sehen Sie hier unseren Sortiment an!\",\"breadcrumb\":{\"@id\":\"https:\/\/www.jaydee.com\/de\/befestigungsartikeln\/klemscheiben\/#breadcrumb\"},\"inLanguage\":\"de\",\"potentialAction\":[{\"@type\":\"ReadAction\",\"target\":[\"https:\/\/www.jaydee.com\/de\/befestigungsartikeln\/klemscheiben\/\"]}]},{\"@type\":\"ImageObject\",\"inLanguage\":\"de\",\"@id\":\"https:\/\/www.jaydee.com\/de\/befestigungsartikeln\/klemscheiben\/#primaryimage\",\"url\":\"https:\/\/s3.eu-central-1.amazonaws.com\/jaydee.com\/de\/befestigungsartikeln\/klemmscheiben-300x300.jpg\",\"contentUrl\":\"https:\/\/s3.eu-central-1.amazonaws.com\/jaydee.com\/de\/befestigungsartikeln\/klemmscheiben-300x300.jpg\"},{\"@type\":\"BreadcrumbList\",\"@id\":\"https:\/\/www.jaydee.com\/de\/befestigungsartikeln\/klemscheiben\/#breadcrumb\",\"itemListElement\":[{\"@type\":\"ListItem\",\"position\":1,\"name\":\"Home\",\"item\":\"https:\/\/www.jaydee.com\/de\/\"},{\"@type\":\"ListItem\",\"position\":2,\"name\":\"Befestigungsartikeln\",\"item\":\"https:\/\/www.jaydee.com\/de\/befestigungsartikeln\/\"},{\"@type\":\"ListItem\",\"position\":3,\"name\":\"Klemscheiben\"}]},{\"@type\":\"WebSite\",\"@id\":\"https:\/\/www.jaydee.com\/nl\/#website\",\"url\":\"https:\/\/www.jaydee.com\/nl\/\",\"name\":\"Jay Dee International\",\"description\":\"Jay Dee\",\"potentialAction\":[{\"@type\":\"SearchAction\",\"target\":{\"@type\":\"EntryPoint\",\"urlTemplate\":\"https:\/\/www.jaydee.com\/nl\/?s={search_term_string}\"},\"query-input\":{\"@type\":\"PropertyValueSpecification\",\"valueRequired\":true,\"valueName\":\"search_term_string\"}}],\"inLanguage\":\"de\"}]}<\/script>\n<!-- \/ Yoast SEO plugin. -->","yoast_head_json":{"title":"Klemscheiben: Metallverbindungen | Jay Dee International","description":"Klemmscheiben sind verf\u00fcgbar bei Jay Dee International. Metallverbindungen f\u00fcr verschiedene Arten von Achsen. Sehen Sie hier unseren Sortiment an!","robots":{"index":"index","follow":"follow","max-snippet":"max-snippet:-1","max-image-preview":"max-image-preview:large","max-video-preview":"max-video-preview:-1"},"canonical":"https:\/\/www.jaydee.com\/de\/befestigungsartikeln\/klemscheiben\/","og_locale":"de_DE","og_type":"article","og_title":"Klemscheiben: Metallverbindungen | Jay Dee International","og_description":"Klemmscheiben sind verf\u00fcgbar bei Jay Dee International. Metallverbindungen f\u00fcr verschiedene Arten von Achsen. Sehen Sie hier unseren Sortiment an!","og_url":"https:\/\/www.jaydee.com\/de\/befestigungsartikeln\/klemscheiben\/","og_site_name":"Jay Dee International","article_modified_time":"2017-09-25T08:22:16+00:00","og_image":[{"url":"https:\/\/s3.eu-central-1.amazonaws.com\/jaydee.com\/de\/befestigungsartikeln\/klemmscheiben-300x300.jpg","type":"","width":"","height":""}],"twitter_card":"summary_large_image","twitter_misc":{"Gesch\u00e4tzte Lesezeit":"2\u00a0Minuten"},"schema":{"@context":"https:\/\/schema.org","@graph":[{"@type":"WebPage","@id":"https:\/\/www.jaydee.com\/de\/befestigungsartikeln\/klemscheiben\/","url":"https:\/\/www.jaydee.com\/de\/befestigungsartikeln\/klemscheiben\/","name":"Klemscheiben: Metallverbindungen | Jay Dee International","isPartOf":{"@id":"https:\/\/www.jaydee.com\/nl\/#website"},"primaryImageOfPage":{"@id":"https:\/\/www.jaydee.com\/de\/befestigungsartikeln\/klemscheiben\/#primaryimage"},"image":{"@id":"https:\/\/www.jaydee.com\/de\/befestigungsartikeln\/klemscheiben\/#primaryimage"},"thumbnailUrl":"https:\/\/s3.eu-central-1.amazonaws.com\/jaydee.com\/de\/befestigungsartikeln\/klemmscheiben-300x300.jpg","datePublished":"2017-09-18T12:23:28+00:00","dateModified":"2017-09-25T08:22:16+00:00","description":"Klemmscheiben sind verf\u00fcgbar bei Jay Dee International. Metallverbindungen f\u00fcr verschiedene Arten von Achsen. Sehen Sie hier unseren Sortiment an!","breadcrumb":{"@id":"https:\/\/www.jaydee.com\/de\/befestigungsartikeln\/klemscheiben\/#breadcrumb"},"inLanguage":"de","potentialAction":[{"@type":"ReadAction","target":["https:\/\/www.jaydee.com\/de\/befestigungsartikeln\/klemscheiben\/"]}]},{"@type":"ImageObject","inLanguage":"de","@id":"https:\/\/www.jaydee.com\/de\/befestigungsartikeln\/klemscheiben\/#primaryimage","url":"https:\/\/s3.eu-central-1.amazonaws.com\/jaydee.com\/de\/befestigungsartikeln\/klemmscheiben-300x300.jpg","contentUrl":"https:\/\/s3.eu-central-1.amazonaws.com\/jaydee.com\/de\/befestigungsartikeln\/klemmscheiben-300x300.jpg"},{"@type":"BreadcrumbList","@id":"https:\/\/www.jaydee.com\/de\/befestigungsartikeln\/klemscheiben\/#breadcrumb","itemListElement":[{"@type":"ListItem","position":1,"name":"Home","item":"https:\/\/www.jaydee.com\/de\/"},{"@type":"ListItem","position":2,"name":"Befestigungsartikeln","item":"https:\/\/www.jaydee.com\/de\/befestigungsartikeln\/"},{"@type":"ListItem","position":3,"name":"Klemscheiben"}]},{"@type":"WebSite","@id":"https:\/\/www.jaydee.com\/nl\/#website","url":"https:\/\/www.jaydee.com\/nl\/","name":"Jay Dee International","description":"Jay Dee","potentialAction":[{"@type":"SearchAction","target":{"@type":"EntryPoint","urlTemplate":"https:\/\/www.jaydee.com\/nl\/?s={search_term_string}"},"query-input":{"@type":"PropertyValueSpecification","valueRequired":true,"valueName":"search_term_string"}}],"inLanguage":"de"}]}},"_links":{"self":[{"href":"https:\/\/www.jaydee.com\/de\/wp-json\/wp\/v2\/pages\/3631","targetHints":{"allow":["GET"]}}],"collection":[{"href":"https:\/\/www.jaydee.com\/de\/wp-json\/wp\/v2\/pages"}],"about":[{"href":"https:\/\/www.jaydee.com\/de\/wp-json\/wp\/v2\/types\/page"}],"author":[{"embeddable":true,"href":"https:\/\/www.jaydee.com\/de\/wp-json\/wp\/v2\/users\/1"}],"replies":[{"embeddable":true,"href":"https:\/\/www.jaydee.com\/de\/wp-json\/wp\/v2\/comments?post=3631"}],"version-history":[{"count":4,"href":"https:\/\/www.jaydee.com\/de\/wp-json\/wp\/v2\/pages\/3631\/revisions"}],"predecessor-version":[{"id":3738,"href":"https:\/\/www.jaydee.com\/de\/wp-json\/wp\/v2\/pages\/3631\/revisions\/3738"}],"up":[{"embeddable":true,"href":"https:\/\/www.jaydee.com\/de\/wp-json\/wp\/v2\/pages\/3600"}],"wp:attachment":[{"href":"https:\/\/www.jaydee.com\/de\/wp-json\/wp\/v2\/media?parent=3631"}],"curies":[{"name":"wp","href":"https:\/\/api.w.org\/{rel}","templated":true}]}}