{"id":3637,"date":"2017-09-18T14:26:05","date_gmt":"2017-09-18T12:26:05","guid":{"rendered":"https:\/\/www.jaydee.com\/?page_id=3637"},"modified":"2017-10-09T11:15:28","modified_gmt":"2017-10-09T09:15:28","slug":"disclaimer","status":"publish","type":"page","link":"https:\/\/www.jaydee.com\/de\/disclaimer\/","title":{"rendered":"Disclaimer"},"content":{"rendered":"<h2>Der Ordnung halber<\/h2>\n<p>Diese komplette Website ist Eigentum der Jay Dee International in Oisterwijk (NL). Nichts von diesen Internetseiten darf ohne vorherige schriftliche Zustimmung der Gesch\u00e4ftsf\u00fchrung f\u00fcr weitere Ver\u00f6ffentlichung \u00fcbernommen werden. Die Jay Dee International bem\u00fcht sich darum, dass alle Informationen in diesen Internetseiten korrekt sind. Die Jay Dee International gew\u00e4hrleistet jedoch weder die Korrektheit der Daten, noch kann angenommen werden, dass sie eine derartige Gew\u00e4hrleistung stillschweigend gegeben hat. Die Jay Dee International haftet auf keinen Fall f\u00fcr irgendwelche Sch\u00e4den, unter denen direkte, indirekte oder Folgesch\u00e4den, die sich aus oder im Zusammenhang mit der Benutzung oder dem Besuch dieser Internetseiten ergeben. Copyright \u00a9 2017: Jay Dee International<\/p>\n","protected":false},"excerpt":{"rendered":"<p>Der Ordnung halber Diese komplette Website ist Eigentum der Jay Dee International in Oisterwijk (NL). Nichts von diesen Internetseiten darf ohne vorherige schriftliche Zustimmung der Gesch\u00e4ftsf\u00fchrung f\u00fcr weitere Ver\u00f6ffentlichung \u00fcbernommen werden. Die Jay Dee International bem\u00fcht sich darum, dass alle Informationen in diesen Internetseiten korrekt sind. Die Jay Dee International gew\u00e4hrleistet jedoch weder die Korrektheit [&hellip;]<\/p>\n","protected":false},"author":1,"featured_media":0,"parent":0,"menu_order":0,"comment_status":"closed","ping_status":"closed","template":"","meta":{"footnotes":""},"class_list":["post-3637","page","type-page","status-publish","hentry"],"yoast_head":"<!-- This site is optimized with the Yoast SEO plugin v26.9 - https:\/\/yoast.com\/product\/yoast-seo-wordpress\/ -->\n<title>Disclaimer - Jay Dee International<\/title>\n<meta name=\"robots\" content=\"noindex, nofollow\" \/>\n<meta property=\"og:locale\" content=\"de_DE\" \/>\n<meta property=\"og:type\" content=\"article\" \/>\n<meta property=\"og:title\" content=\"Disclaimer - Jay Dee International\" \/>\n<meta property=\"og:description\" content=\"Der Ordnung halber Diese komplette Website ist Eigentum der Jay Dee International in Oisterwijk (NL). Nichts von diesen Internetseiten darf ohne vorherige schriftliche Zustimmung der Gesch\u00e4ftsf\u00fchrung f\u00fcr weitere Ver\u00f6ffentlichung \u00fcbernommen werden. Die Jay Dee International bem\u00fcht sich darum, dass alle Informationen in diesen Internetseiten korrekt sind. Die Jay Dee International gew\u00e4hrleistet jedoch weder die Korrektheit [&hellip;]\" \/>\n<meta property=\"og:url\" content=\"https:\/\/www.jaydee.com\/de\/disclaimer\/\" \/>\n<meta property=\"og:site_name\" content=\"Jay Dee International\" \/>\n<meta property=\"article:modified_time\" content=\"2017-10-09T09:15:28+00:00\" \/>\n<meta name=\"twitter:card\" content=\"summary_large_image\" \/>\n<meta name=\"twitter:label1\" content=\"Gesch\u00e4tzte Lesezeit\" \/>\n\t<meta name=\"twitter:data1\" content=\"1\u00a0Minute\" \/>\n<script type=\"application\/ld+json\" class=\"yoast-schema-graph\">{\"@context\":\"https:\/\/schema.org\",\"@graph\":[{\"@type\":\"WebPage\",\"@id\":\"https:\/\/www.jaydee.com\/de\/disclaimer\/\",\"url\":\"https:\/\/www.jaydee.com\/de\/disclaimer\/\",\"name\":\"Disclaimer - Jay Dee International\",\"isPartOf\":{\"@id\":\"https:\/\/www.jaydee.com\/nl\/#website\"},\"datePublished\":\"2017-09-18T12:26:05+00:00\",\"dateModified\":\"2017-10-09T09:15:28+00:00\",\"breadcrumb\":{\"@id\":\"https:\/\/www.jaydee.com\/de\/disclaimer\/#breadcrumb\"},\"inLanguage\":\"de\",\"potentialAction\":[{\"@type\":\"ReadAction\",\"target\":[\"https:\/\/www.jaydee.com\/de\/disclaimer\/\"]}]},{\"@type\":\"BreadcrumbList\",\"@id\":\"https:\/\/www.jaydee.com\/de\/disclaimer\/#breadcrumb\",\"itemListElement\":[{\"@type\":\"ListItem\",\"position\":1,\"name\":\"Home\",\"item\":\"https:\/\/www.jaydee.com\/de\/\"},{\"@type\":\"ListItem\",\"position\":2,\"name\":\"Disclaimer\"}]},{\"@type\":\"WebSite\",\"@id\":\"https:\/\/www.jaydee.com\/nl\/#website\",\"url\":\"https:\/\/www.jaydee.com\/nl\/\",\"name\":\"Jay Dee International\",\"description\":\"Jay Dee\",\"potentialAction\":[{\"@type\":\"SearchAction\",\"target\":{\"@type\":\"EntryPoint\",\"urlTemplate\":\"https:\/\/www.jaydee.com\/nl\/?s={search_term_string}\"},\"query-input\":{\"@type\":\"PropertyValueSpecification\",\"valueRequired\":true,\"valueName\":\"search_term_string\"}}],\"inLanguage\":\"de\"}]}<\/script>\n<!-- \/ Yoast SEO plugin. -->","yoast_head_json":{"title":"Disclaimer - Jay Dee International","robots":{"index":"noindex","follow":"nofollow"},"og_locale":"de_DE","og_type":"article","og_title":"Disclaimer - Jay Dee International","og_description":"Der Ordnung halber Diese komplette Website ist Eigentum der Jay Dee International in Oisterwijk (NL). Nichts von diesen Internetseiten darf ohne vorherige schriftliche Zustimmung der Gesch\u00e4ftsf\u00fchrung f\u00fcr weitere Ver\u00f6ffentlichung \u00fcbernommen werden. Die Jay Dee International bem\u00fcht sich darum, dass alle Informationen in diesen Internetseiten korrekt sind. Die Jay Dee International gew\u00e4hrleistet jedoch weder die Korrektheit [&hellip;]","og_url":"https:\/\/www.jaydee.com\/de\/disclaimer\/","og_site_name":"Jay Dee International","article_modified_time":"2017-10-09T09:15:28+00:00","twitter_card":"summary_large_image","twitter_misc":{"Gesch\u00e4tzte Lesezeit":"1\u00a0Minute"},"schema":{"@context":"https:\/\/schema.org","@graph":[{"@type":"WebPage","@id":"https:\/\/www.jaydee.com\/de\/disclaimer\/","url":"https:\/\/www.jaydee.com\/de\/disclaimer\/","name":"Disclaimer - Jay Dee International","isPartOf":{"@id":"https:\/\/www.jaydee.com\/nl\/#website"},"datePublished":"2017-09-18T12:26:05+00:00","dateModified":"2017-10-09T09:15:28+00:00","breadcrumb":{"@id":"https:\/\/www.jaydee.com\/de\/disclaimer\/#breadcrumb"},"inLanguage":"de","potentialAction":[{"@type":"ReadAction","target":["https:\/\/www.jaydee.com\/de\/disclaimer\/"]}]},{"@type":"BreadcrumbList","@id":"https:\/\/www.jaydee.com\/de\/disclaimer\/#breadcrumb","itemListElement":[{"@type":"ListItem","position":1,"name":"Home","item":"https:\/\/www.jaydee.com\/de\/"},{"@type":"ListItem","position":2,"name":"Disclaimer"}]},{"@type":"WebSite","@id":"https:\/\/www.jaydee.com\/nl\/#website","url":"https:\/\/www.jaydee.com\/nl\/","name":"Jay Dee International","description":"Jay Dee","potentialAction":[{"@type":"SearchAction","target":{"@type":"EntryPoint","urlTemplate":"https:\/\/www.jaydee.com\/nl\/?s={search_term_string}"},"query-input":{"@type":"PropertyValueSpecification","valueRequired":true,"valueName":"search_term_string"}}],"inLanguage":"de"}]}},"_links":{"self":[{"href":"https:\/\/www.jaydee.com\/de\/wp-json\/wp\/v2\/pages\/3637","targetHints":{"allow":["GET"]}}],"collection":[{"href":"https:\/\/www.jaydee.com\/de\/wp-json\/wp\/v2\/pages"}],"about":[{"href":"https:\/\/www.jaydee.com\/de\/wp-json\/wp\/v2\/types\/page"}],"author":[{"embeddable":true,"href":"https:\/\/www.jaydee.com\/de\/wp-json\/wp\/v2\/users\/1"}],"replies":[{"embeddable":true,"href":"https:\/\/www.jaydee.com\/de\/wp-json\/wp\/v2\/comments?post=3637"}],"version-history":[{"count":3,"href":"https:\/\/www.jaydee.com\/de\/wp-json\/wp\/v2\/pages\/3637\/revisions"}],"predecessor-version":[{"id":3901,"href":"https:\/\/www.jaydee.com\/de\/wp-json\/wp\/v2\/pages\/3637\/revisions\/3901"}],"wp:attachment":[{"href":"https:\/\/www.jaydee.com\/de\/wp-json\/wp\/v2\/media?parent=3637"}],"curies":[{"name":"wp","href":"https:\/\/api.w.org\/{rel}","templated":true}]}}