{"id":3640,"date":"2017-09-18T14:27:11","date_gmt":"2017-09-18T12:27:11","guid":{"rendered":"https:\/\/www.jaydee.com\/?page_id=3640"},"modified":"2017-10-02T12:25:22","modified_gmt":"2017-10-02T10:25:22","slug":"grafische-verarbeitung","status":"publish","type":"page","link":"https:\/\/www.jaydee.com\/de\/grafische-verarbeitung\/","title":{"rendered":"Grafische verarbeitung"},"content":{"rendered":"<p>Grafische Verarbeitung, hiermit meinen wir Artikeln womit Sie Ihre Drucksachen, Brosch\u00fcren, Muster und dergleichen b\u00fcndeln, befestigen, sichern und verschlie\u00dfen k\u00f6nnen. Beispielsweise die Fertigstellung einer Mappe oder Brosch\u00fcre oder den Verschluss eines Muster- bzw. Pr\u00e4sentationskoffers.<\/p>\n<h2>Grafische Verarbeitung bei Jay Dee International:<\/h2>\n<section class=\"columns\">\n<article class=\"col col4\">\n<div style=\"width: 160px\" class=\"wp-caption alignnone\"><a href=\"https:\/\/www.jaydee.com\/de\/grafische-verarbeitung\/buchecken\/\"><img loading=\"lazy\" decoding=\"async\" src=\"https:\/\/s3.eu-central-1.amazonaws.com\/jaydee.com\/de\/grafische-verarbeitung\/buchecken-150x150.jpg\" alt=\"Buchecken\" width=\"150\" height=\"150\" \/><\/a><p class=\"wp-caption-text\">Buchecken<\/p><\/div><\/article>\n<article class=\"col col4\">\n<div style=\"width: 160px\" class=\"wp-caption alignnone\"><a href=\"https:\/\/www.jaydee.com\/de\/grafische-verarbeitung\/cd-halter\/\"><img loading=\"lazy\" decoding=\"async\" class=\"size-medium\" src=\"https:\/\/s3.eu-central-1.amazonaws.com\/jaydee.com\/de\/grafische-verarbeitung\/cd-halter-150x150.jpg\" alt=\"CD halter\" width=\"150\" height=\"150\" \/><\/a><p class=\"wp-caption-text\">CD halter<\/p><\/div><\/article>\n<article class=\"col col4\">\n<div style=\"width: 160px\" class=\"wp-caption alignnone\"><a href=\"https:\/\/www.jaydee.com\/de\/grafische-verarbeitung\/doppelseitiges-klebeband\/\"><img loading=\"lazy\" decoding=\"async\" class=\"size-medium\" src=\"https:\/\/s3.eu-central-1.amazonaws.com\/jaydee.com\/de\/grafische-verarbeitung\/doppelseitiges-klebeband-150x150.jpg\" alt=\"Dopelseitiges Klebeband\" width=\"150\" height=\"150\" \/><\/a><p class=\"wp-caption-text\">Dopelseitiges Klebeband<\/p><\/div><\/article>\n<article class=\"col col4\">\n<div style=\"width: 160px\" class=\"wp-caption alignnone\"><a href=\"https:\/\/www.jaydee.com\/de\/grafische-verarbeitung\/glue-dots\/\"><img loading=\"lazy\" decoding=\"async\" class=\"size-medium\" src=\"https:\/\/s3.eu-central-1.amazonaws.com\/jaydee.com\/de\/grafische-verarbeitung\/glue-dots-150x150.jpg\" alt=\"Glue dots\" width=\"150\" height=\"150\" \/><\/a><p class=\"wp-caption-text\">Glue dots<\/p><\/div><\/article>\n<\/section>\n<section class=\"columns\">\n<article class=\"col col4\">\n<div style=\"width: 160px\" class=\"wp-caption alignnone\"><a href=\"https:\/\/www.jaydee.com\/de\/grafische-verarbeitung\/heftmechaniken\/\"><img loading=\"lazy\" decoding=\"async\" class=\"size-medium\" src=\"https:\/\/s3.eu-central-1.amazonaws.com\/jaydee.com\/de\/grafische-verarbeitung\/heftmechaniken-150x150.jpg\" alt=\"Heftmechaniken\" width=\"150\" height=\"150\" \/><\/a><p class=\"wp-caption-text\">Heftmechaniken<\/p><\/div><\/article>\n<article class=\"col col4\">\n<div style=\"width: 160px\" class=\"wp-caption alignnone\"><a href=\"https:\/\/www.jaydee.com\/de\/grafische-verarbeitung\/klarsichttaschen\/\"><img loading=\"lazy\" decoding=\"async\" class=\"size-medium\" src=\"https:\/\/s3.eu-central-1.amazonaws.com\/jaydee.com\/de\/grafische-verarbeitung\/klarsichttaschen-150x150.jpg\" alt=\"Klarsichttaschen\" width=\"150\" height=\"150\" \/><\/a><p class=\"wp-caption-text\">Klarsichttaschen<\/p><\/div><\/article>\n<article class=\"col col4\">\n<div style=\"width: 160px\" class=\"wp-caption alignnone\"><a href=\"https:\/\/www.jaydee.com\/de\/grafische-verarbeitung\/klettband\/\"><img loading=\"lazy\" decoding=\"async\" class=\"size-medium\" src=\"https:\/\/s3.eu-central-1.amazonaws.com\/jaydee.com\/de\/grafische-verarbeitung\/klettband-150x150.jpg\" alt=\"Klettband\" width=\"150\" height=\"150\" \/><\/a><p class=\"wp-caption-text\">Klettband<\/p><\/div><\/article>\n<article class=\"col col4\">\n<div style=\"width: 160px\" class=\"wp-caption alignnone\"><a href=\"https:\/\/www.jaydee.com\/de\/grafische-verarbeitung\/neodym-magnete\/\"><img loading=\"lazy\" decoding=\"async\" class=\"size-medium\" src=\"https:\/\/s3.eu-central-1.amazonaws.com\/jaydee.com\/de\/grafische-verarbeitung\/neodym-magnet-150x150.jpg\" alt=\"Neodym magnet\" width=\"150\" height=\"150\" \/><\/a><p class=\"wp-caption-text\">Neodym magnet<\/p><\/div><\/article>\n<\/section>\n<section class=\"columns\">\n<article class=\"col col4\">\n<div style=\"width: 160px\" class=\"wp-caption alignnone\"><a href=\"https:\/\/www.jaydee.com\/de\/grafische-verarbeitung\/ringbuchmechaniken\/\"><img loading=\"lazy\" decoding=\"async\" class=\"size-medium\" src=\"https:\/\/s3.eu-central-1.amazonaws.com\/jaydee.com\/de\/grafische-verarbeitung\/ringbuchmechaniken-150x150.jpg\" alt=\"Ringbuchmechaniken\" width=\"150\" height=\"150\" \/><\/a><p class=\"wp-caption-text\">Ringbuchmechaniken<\/p><\/div><\/article>\n<article class=\"col col4\">\n<div style=\"width: 160px\" class=\"wp-caption alignnone\"><a href=\"https:\/\/www.jaydee.com\/de\/grafische-verarbeitung\/verschlusspunkte\/\"><img loading=\"lazy\" decoding=\"async\" class=\"size-medium\" src=\"https:\/\/s3.eu-central-1.amazonaws.com\/jaydee.com\/de\/grafische-verarbeitung\/verschlusspunkte-150x150.jpg\" alt=\"Verschlusspunkte\" width=\"150\" height=\"150\" \/><\/a><p class=\"wp-caption-text\">Verschlusspunkte<\/p><\/div><\/article>\n<article class=\"col col4\"><\/article>\n<article class=\"col col4\"><\/article>\n<\/section>\n<h2>Grafische Verarbeitung bei Jay Dee International<\/h2>\n<section class=\"columns\">\n<article class=\"col col2\">\n<p>Sie m\u00f6chten Ihren Ordnern, Mappen, Brosch\u00fcren oder B\u00fcchern den letzten Schliff verleihen? Dann sind Ringbuchmechaniken, Bucheckecken, CD-Halter, Sichth\u00fcllen, Silikonklebepunkte oder Verschlusspunkte genau das Richtige.<\/p>\n<p>M\u00f6chten Sie ein Produkt anbringen, fixieren oder schlie\u00dfen? Werfen Sie einen Blick auf unser doppelseitiges Klebeband, Klettband oder unsere Magnete. In unserem Sortiment finden Sie auch eine breite Palette an Schnellhefter zum B\u00fcndeln von Dokumenten.<\/p>\n<p>Nicht gefunden, was Sie gesucht haben? Weitere Artikel finden Sie in den Rubriken <a href=\"https:\/\/www.jaydee.com\/de\/praesentationsartikeln\/\">Pr\u00e4sentationsartikel<\/a> und <a href=\"https:\/\/www.jaydee.com\/de\/befestigungsartikeln\/\">Befestigungsartikel<\/a>!<\/p><\/article>\n<article class=\"col col2\">\n<p><img loading=\"lazy\" decoding=\"async\" class=\"alignnone size-medium\" src=\"https:\/\/s3.eu-central-1.amazonaws.com\/jaydee.com\/de\/home\/grafische-verarbeitung-450x300.jpg\" alt=\"grafische verarbeitung\" width=\"450\" height=\"300\" \/><\/p><\/article>\n<\/section>\n","protected":false},"excerpt":{"rendered":"<p>Grafische Verarbeitung, hiermit meinen wir Artikeln womit Sie Ihre Drucksachen, Brosch\u00fcren, Muster und dergleichen b\u00fcndeln, befestigen, sichern und verschlie\u00dfen k\u00f6nnen. Beispielsweise die Fertigstellung einer Mappe oder Brosch\u00fcre oder den Verschluss eines Muster- bzw. Pr\u00e4sentationskoffers. Grafische Verarbeitung bei Jay Dee International: Grafische Verarbeitung bei Jay Dee International<\/p>\n","protected":false},"author":1,"featured_media":0,"parent":0,"menu_order":0,"comment_status":"closed","ping_status":"closed","template":"","meta":{"footnotes":""},"class_list":["post-3640","page","type-page","status-publish","hentry"],"yoast_head":"<!-- This site is optimized with the Yoast SEO plugin v26.9 - https:\/\/yoast.com\/product\/yoast-seo-wordpress\/ -->\n<title>Grafische verarbeitung: b\u00fcndeln, befestigen, schlie\u00dfen | Jay Dee Int.<\/title>\n<meta name=\"description\" content=\"Suchen Sie Befestigungsartikeln? Buchschrauben, Nieten, \u00d6sen &amp; Kollektionshaken sind verf\u00fcgbar bei Jay Dee International. Sehen Sie hier unser Sortiment an!\" \/>\n<meta name=\"robots\" content=\"index, follow, max-snippet:-1, max-image-preview:large, max-video-preview:-1\" \/>\n<link rel=\"canonical\" href=\"https:\/\/www.jaydee.com\/de\/grafische-verarbeitung\/\" \/>\n<meta property=\"og:locale\" content=\"de_DE\" \/>\n<meta property=\"og:type\" content=\"article\" \/>\n<meta property=\"og:title\" content=\"Grafische verarbeitung: b\u00fcndeln, befestigen, schlie\u00dfen | Jay Dee Int.\" \/>\n<meta property=\"og:description\" content=\"Suchen Sie Befestigungsartikeln? Buchschrauben, Nieten, \u00d6sen &amp; Kollektionshaken sind verf\u00fcgbar bei Jay Dee International. Sehen Sie hier unser Sortiment an!\" \/>\n<meta property=\"og:url\" content=\"https:\/\/www.jaydee.com\/de\/grafische-verarbeitung\/\" \/>\n<meta property=\"og:site_name\" content=\"Jay Dee International\" \/>\n<meta property=\"article:modified_time\" content=\"2017-10-02T10:25:22+00:00\" \/>\n<meta property=\"og:image\" content=\"https:\/\/s3.eu-central-1.amazonaws.com\/jaydee.com\/de\/grafische-verarbeitung\/buchecken-150x150.jpg\" \/>\n<meta name=\"twitter:card\" content=\"summary_large_image\" \/>\n<meta name=\"twitter:label1\" content=\"Gesch\u00e4tzte Lesezeit\" \/>\n\t<meta name=\"twitter:data1\" content=\"1\u00a0Minute\" \/>\n<script type=\"application\/ld+json\" class=\"yoast-schema-graph\">{\"@context\":\"https:\/\/schema.org\",\"@graph\":[{\"@type\":\"WebPage\",\"@id\":\"https:\/\/www.jaydee.com\/de\/grafische-verarbeitung\/\",\"url\":\"https:\/\/www.jaydee.com\/de\/grafische-verarbeitung\/\",\"name\":\"Grafische verarbeitung: b\u00fcndeln, befestigen, schlie\u00dfen | Jay Dee Int.\",\"isPartOf\":{\"@id\":\"https:\/\/www.jaydee.com\/nl\/#website\"},\"primaryImageOfPage\":{\"@id\":\"https:\/\/www.jaydee.com\/de\/grafische-verarbeitung\/#primaryimage\"},\"image\":{\"@id\":\"https:\/\/www.jaydee.com\/de\/grafische-verarbeitung\/#primaryimage\"},\"thumbnailUrl\":\"https:\/\/s3.eu-central-1.amazonaws.com\/jaydee.com\/de\/grafische-verarbeitung\/buchecken-150x150.jpg\",\"datePublished\":\"2017-09-18T12:27:11+00:00\",\"dateModified\":\"2017-10-02T10:25:22+00:00\",\"description\":\"Suchen Sie Befestigungsartikeln? Buchschrauben, Nieten, \u00d6sen & Kollektionshaken sind verf\u00fcgbar bei Jay Dee International. Sehen Sie hier unser Sortiment an!\",\"breadcrumb\":{\"@id\":\"https:\/\/www.jaydee.com\/de\/grafische-verarbeitung\/#breadcrumb\"},\"inLanguage\":\"de\",\"potentialAction\":[{\"@type\":\"ReadAction\",\"target\":[\"https:\/\/www.jaydee.com\/de\/grafische-verarbeitung\/\"]}]},{\"@type\":\"ImageObject\",\"inLanguage\":\"de\",\"@id\":\"https:\/\/www.jaydee.com\/de\/grafische-verarbeitung\/#primaryimage\",\"url\":\"https:\/\/s3.eu-central-1.amazonaws.com\/jaydee.com\/de\/grafische-verarbeitung\/buchecken-150x150.jpg\",\"contentUrl\":\"https:\/\/s3.eu-central-1.amazonaws.com\/jaydee.com\/de\/grafische-verarbeitung\/buchecken-150x150.jpg\"},{\"@type\":\"BreadcrumbList\",\"@id\":\"https:\/\/www.jaydee.com\/de\/grafische-verarbeitung\/#breadcrumb\",\"itemListElement\":[{\"@type\":\"ListItem\",\"position\":1,\"name\":\"Home\",\"item\":\"https:\/\/www.jaydee.com\/de\/\"},{\"@type\":\"ListItem\",\"position\":2,\"name\":\"Grafische verarbeitung\"}]},{\"@type\":\"WebSite\",\"@id\":\"https:\/\/www.jaydee.com\/nl\/#website\",\"url\":\"https:\/\/www.jaydee.com\/nl\/\",\"name\":\"Jay Dee International\",\"description\":\"Jay Dee\",\"potentialAction\":[{\"@type\":\"SearchAction\",\"target\":{\"@type\":\"EntryPoint\",\"urlTemplate\":\"https:\/\/www.jaydee.com\/nl\/?s={search_term_string}\"},\"query-input\":{\"@type\":\"PropertyValueSpecification\",\"valueRequired\":true,\"valueName\":\"search_term_string\"}}],\"inLanguage\":\"de\"}]}<\/script>\n<!-- \/ Yoast SEO plugin. -->","yoast_head_json":{"title":"Grafische verarbeitung: b\u00fcndeln, befestigen, schlie\u00dfen | Jay Dee Int.","description":"Suchen Sie Befestigungsartikeln? Buchschrauben, Nieten, \u00d6sen & Kollektionshaken sind verf\u00fcgbar bei Jay Dee International. Sehen Sie hier unser Sortiment an!","robots":{"index":"index","follow":"follow","max-snippet":"max-snippet:-1","max-image-preview":"max-image-preview:large","max-video-preview":"max-video-preview:-1"},"canonical":"https:\/\/www.jaydee.com\/de\/grafische-verarbeitung\/","og_locale":"de_DE","og_type":"article","og_title":"Grafische verarbeitung: b\u00fcndeln, befestigen, schlie\u00dfen | Jay Dee Int.","og_description":"Suchen Sie Befestigungsartikeln? Buchschrauben, Nieten, \u00d6sen & Kollektionshaken sind verf\u00fcgbar bei Jay Dee International. Sehen Sie hier unser Sortiment an!","og_url":"https:\/\/www.jaydee.com\/de\/grafische-verarbeitung\/","og_site_name":"Jay Dee International","article_modified_time":"2017-10-02T10:25:22+00:00","og_image":[{"url":"https:\/\/s3.eu-central-1.amazonaws.com\/jaydee.com\/de\/grafische-verarbeitung\/buchecken-150x150.jpg","type":"","width":"","height":""}],"twitter_card":"summary_large_image","twitter_misc":{"Gesch\u00e4tzte Lesezeit":"1\u00a0Minute"},"schema":{"@context":"https:\/\/schema.org","@graph":[{"@type":"WebPage","@id":"https:\/\/www.jaydee.com\/de\/grafische-verarbeitung\/","url":"https:\/\/www.jaydee.com\/de\/grafische-verarbeitung\/","name":"Grafische verarbeitung: b\u00fcndeln, befestigen, schlie\u00dfen | Jay Dee Int.","isPartOf":{"@id":"https:\/\/www.jaydee.com\/nl\/#website"},"primaryImageOfPage":{"@id":"https:\/\/www.jaydee.com\/de\/grafische-verarbeitung\/#primaryimage"},"image":{"@id":"https:\/\/www.jaydee.com\/de\/grafische-verarbeitung\/#primaryimage"},"thumbnailUrl":"https:\/\/s3.eu-central-1.amazonaws.com\/jaydee.com\/de\/grafische-verarbeitung\/buchecken-150x150.jpg","datePublished":"2017-09-18T12:27:11+00:00","dateModified":"2017-10-02T10:25:22+00:00","description":"Suchen Sie Befestigungsartikeln? Buchschrauben, Nieten, \u00d6sen & Kollektionshaken sind verf\u00fcgbar bei Jay Dee International. Sehen Sie hier unser Sortiment an!","breadcrumb":{"@id":"https:\/\/www.jaydee.com\/de\/grafische-verarbeitung\/#breadcrumb"},"inLanguage":"de","potentialAction":[{"@type":"ReadAction","target":["https:\/\/www.jaydee.com\/de\/grafische-verarbeitung\/"]}]},{"@type":"ImageObject","inLanguage":"de","@id":"https:\/\/www.jaydee.com\/de\/grafische-verarbeitung\/#primaryimage","url":"https:\/\/s3.eu-central-1.amazonaws.com\/jaydee.com\/de\/grafische-verarbeitung\/buchecken-150x150.jpg","contentUrl":"https:\/\/s3.eu-central-1.amazonaws.com\/jaydee.com\/de\/grafische-verarbeitung\/buchecken-150x150.jpg"},{"@type":"BreadcrumbList","@id":"https:\/\/www.jaydee.com\/de\/grafische-verarbeitung\/#breadcrumb","itemListElement":[{"@type":"ListItem","position":1,"name":"Home","item":"https:\/\/www.jaydee.com\/de\/"},{"@type":"ListItem","position":2,"name":"Grafische verarbeitung"}]},{"@type":"WebSite","@id":"https:\/\/www.jaydee.com\/nl\/#website","url":"https:\/\/www.jaydee.com\/nl\/","name":"Jay Dee International","description":"Jay Dee","potentialAction":[{"@type":"SearchAction","target":{"@type":"EntryPoint","urlTemplate":"https:\/\/www.jaydee.com\/nl\/?s={search_term_string}"},"query-input":{"@type":"PropertyValueSpecification","valueRequired":true,"valueName":"search_term_string"}}],"inLanguage":"de"}]}},"_links":{"self":[{"href":"https:\/\/www.jaydee.com\/de\/wp-json\/wp\/v2\/pages\/3640","targetHints":{"allow":["GET"]}}],"collection":[{"href":"https:\/\/www.jaydee.com\/de\/wp-json\/wp\/v2\/pages"}],"about":[{"href":"https:\/\/www.jaydee.com\/de\/wp-json\/wp\/v2\/types\/page"}],"author":[{"embeddable":true,"href":"https:\/\/www.jaydee.com\/de\/wp-json\/wp\/v2\/users\/1"}],"replies":[{"embeddable":true,"href":"https:\/\/www.jaydee.com\/de\/wp-json\/wp\/v2\/comments?post=3640"}],"version-history":[{"count":5,"href":"https:\/\/www.jaydee.com\/de\/wp-json\/wp\/v2\/pages\/3640\/revisions"}],"predecessor-version":[{"id":3816,"href":"https:\/\/www.jaydee.com\/de\/wp-json\/wp\/v2\/pages\/3640\/revisions\/3816"}],"wp:attachment":[{"href":"https:\/\/www.jaydee.com\/de\/wp-json\/wp\/v2\/media?parent=3640"}],"curies":[{"name":"wp","href":"https:\/\/api.w.org\/{rel}","templated":true}]}}