{"id":3643,"date":"2017-09-18T14:28:05","date_gmt":"2017-09-18T12:28:05","guid":{"rendered":"https:\/\/www.jaydee.com\/?page_id=3643"},"modified":"2017-09-25T10:57:20","modified_gmt":"2017-09-25T08:57:20","slug":"buchecken","status":"publish","type":"page","link":"https:\/\/www.jaydee.com\/de\/grafische-verarbeitung\/buchecken\/","title":{"rendered":"Buchecken"},"content":{"rendered":"<section class=\"columns\">\n<article class=\"col col3\">\n<p><img loading=\"lazy\" decoding=\"async\" class=\"alignnone size-medium\" src=\"https:\/\/s3.eu-central-1.amazonaws.com\/jaydee.com\/de\/grafische-verarbeitung\/buchecken-300x300.jpg\" alt=\"buchecken\" width=\"300\" height=\"300\" \/><\/p><\/article>\n<article class=\"col col23\">\n<p>Buchecken, auch Metallecken runden das Gesamtbild Ihrer Mappen und Alben ab und bieten den perfekten Schutz. Die Ecken\u00a0sind in verschiedenen Ausf\u00fchrungen und Gr\u00f6\u00dfen erh\u00e4ltlich.<\/p>\n<a href=\"https:\/\/www.thesolutionshop.com\/de\/mechaniken-ordner-zubehor\/buchecken\" class=\"btn large orange\" target=\"_blank\"><i class=\"fa fa-chevron-right\"><\/i>Buchecken ansehen<\/a><\/article>\n<\/section>\n<section class=\"columns\">\n<article class=\"col col1\">\n<p>Weitere information \u00fcber:<\/p>\n<ul>\n<li><a href=\"https:\/\/www.jaydee.com\/de\/grafische-verarbeitung\/buchecken\/#formate\">Formate<\/a><\/li>\n<li><a href=\"https:\/\/www.jaydee.com\/de\/grafische-verarbeitung\/buchecken\/#ausfuehrungen\">Ausf\u00fchrungen<\/a><\/li>\n<li><a href=\"https:\/\/www.jaydee.com\/de\/grafische-verarbeitung\/buchecken\/#verwendung-montage\">Verwendung &amp; Montage<\/a><\/li>\n<li><a href=\"https:\/\/www.jaydee.com\/de\/grafische-verarbeitung\/buchecken\/#zugehoeren\">Zugeh\u00f6ren<\/a><\/li>\n<li><a href=\"https:\/\/www.jaydee.com\/de\/grafische-verarbeitung\/buchecken\/#haeufige-fragen\">H\u00e4ufige Fragen (FAQ)<\/a><\/li>\n<\/ul><\/article><div class='clearfix'><\/div>\n<\/section>\n<section class=\"columns\">\n<article class=\"col col1\">\n<a name=\"formate\"><\/a><\/p>\n<h2>Welche Gr\u00f6\u00dfen Buchecken gibt es?<\/h2>\n<p>Buchecken oder Metallecken\u00a0sind in den verschiedensten Gr\u00f6\u00dfen lieferbar. In unserem Webshop finden Sie Standardgr\u00f6\u00dfen, die zwischen 8 x 8 mm und 50 x 50 mm variieren. Diese Gr\u00f6\u00dfen sind in verschiedenen Modellen erh\u00e4ltlich:<\/p>\n<ul>\n<li>C-Modell<\/li>\n<li>P-Modell<\/li>\n<li>PS-Modell<\/li>\n<li>A-Modell<\/li>\n<li>Metallecke P<\/li>\n<\/ul>\n<p><a name=\"ausfuehrungen\"><\/a><\/p>\n<h2>Welche Ausf\u00fchrungen gibt es?<\/h2>\n<p>Buchecken oder Metallecken\u00a0sind in den folgenden Ausf\u00fchrungen erh\u00e4ltlich:<\/p>\n<ul>\n<li>Vermessingt<\/li>\n<li>Vernickelt<\/li>\n<li>Vergoldet<\/li>\n<li>Metall schwarz<\/li>\n<li>Metall wei\u00df<\/li>\n<\/ul>\n<p>Auf Anfrage sind auch andere Farben erh\u00e4ltlich.<\/p>\n<p><a name=\"verwendung-montage\"><\/a><\/p>\n<h2>Verwendung &amp; Montage<\/h2>\n<p>Buchecken bieten optimalen Schutz und eine repr\u00e4sentative, edle Ausstrahlung f\u00fcr Ihre B\u00fccher, Alben oder Mappen. Aus diesem Grund hei\u00dfen sie auch Metallecken\u00a0oder Eckenschutz.<\/p>\n<p>Die Ecken werden mithilfe einer Zange angebracht, mit der die Ecken zugedr\u00fcckt werden. Wir haben eine Universalzange in unserem Sortiment, mit der Sie Ecken\u00a0in jeder Gr\u00f6\u00dfe und jeder Ausf\u00fchrung anbringen k\u00f6nnen.<\/p>\n<p>Zum Anbringen kann auch eine (Hand-)Presse oder eine spezielle Maschine verwendet werden. F\u00fcr weitere Informationen k\u00f6nnen Sie uns jederzeit kontaktieren.<\/p>\n<p><a name=\"zugehoeren\"><\/a><\/p>\n<h2>Das k\u00f6nnte Sie auch interessieren<\/h2>\n<p>In unserem Sortiment finden Sie eine Universalzange zum Fixieren von Ecken sowie des gesamten Kantenschutzes.<\/p><\/article><div class='clearfix'><\/div>\n<\/section>\n<section class=\"columns\">\n<article class=\"col col4\">\n<p><img loading=\"lazy\" decoding=\"async\" class=\"alignnone size-medium\" src=\"https:\/\/s3.eu-central-1.amazonaws.com\/jaydee.com\/de\/grafische-verarbeitung\/universalzange-150x150.jpg\" alt=\"universalzange bucheckenzange\" width=\"150\" height=\"150\" \/><\/p><\/article>\n<article class=\"col col34\">\n<h3>Bucheckenzange<\/h3>\n<p>Mit der Bucheckenzange k\u00f6nnen Sie jede beliebige Buchecke an den Ecken Ihrer Mappe oder Ihres Buches anbringen. Einfach zusammendr\u00fccken und fertig. Kontaktieren Sie uns, wenn Sie mehr \u00fcber diese Zange erfahren m\u00f6chten.<\/p>\n<a href=\"https:\/\/www.thesolutionshop.com\/de\/mechaniken-ordner-zubehor\/buchecken\/hand-pliers-for-corner-protectors.html\" class=\"btn large orange\" target=\"_blank\"><i class=\"fa fa-chevron-right\"><\/i>Bucheckenzange<\/a><\/article>\n<\/section>\n<section class=\"columns\">\n<article class=\"col col4\">\n<p><img loading=\"lazy\" decoding=\"async\" class=\"alignnone size-medium\" src=\"https:\/\/s3.eu-central-1.amazonaws.com\/jaydee.com\/de\/grafische-verarbeitung\/kantenschutz-150x150.jpg\" alt=\"kantenschutz\" width=\"150\" height=\"150\" \/><\/p><\/article>\n<article class=\"col col34\">\n<h3>Kantenschutz<\/h3>\n<p>Kantenschutz bzw. Kantenprofil ist ideal f\u00fcr Ordner oder Ringbuchmappen. Diese werden in der Regel am unteren Rand der Mappe angebracht und garantieren mehr Stabilit\u00e4t. Der Kantenschutz ist aus verzinktem Stahlblech gefertigt.<\/p>\n<a href=\"https:\/\/www.thesolutionshop.com\/de\/mechaniken-ordner-zubehor\/buchecken\/folder-edge-protectors.html\" class=\"btn large orange\" target=\"_blank\"><i class=\"fa fa-chevron-right\"><\/i>Kantenschutz<\/a><\/article>\n<\/section>\n<section class=\"columns\">\n<article class=\"col col1\">\n<a name=\"haeufige-fragen\"><\/a><\/p>\n<h2>H\u00e4ufige Fragen (FAQ) \u00fcber Pillarz Druckkn\u00f6pfe<\/h2>\n<p>Hier finden Sie die haufige Fragen dieses Produkt. F\u00fcr weitere Fragen k\u00f6nnen Sie uns <a href=\"https:\/\/www.jaydee.com\/de\/kontakt\/\">Kontaktieren<\/a>.<\/p>\n<p><strong>Sind auch Buchecken\u00a0aus Kunststoff erh\u00e4ltlich?<\/strong><\/p>\n<p>Nein, Schmuckecken werden angebracht, indem man sie gleichm\u00e4\u00dfig an beiden Seiten zusammendr\u00fcckt. Dies w\u00e4re mit Schmuckecken aus Kunststoff nicht m\u00f6glich.<\/p>\n<p><strong>Welche Kapazit\u00e4t haben Buchecken?<\/strong><\/p>\n<p>Bitte kontaktieren Sie uns, wenn Sie mehr Informationen \u00fcber die Kapazit\u00e4t einer bestimmten Schmuckecke m\u00f6chten. Um Sie beraten zu k\u00f6nnen, welche Buchecke Sie am besten geeignet ist, ben\u00f6tigen wir eine genaue Angabe zu der Kapazit\u00e4t, die Sie ben\u00f6tigen.<\/p>\n<p>&nbsp;<\/p><\/article><div class='clearfix'><\/div>\n<\/section>\n","protected":false},"excerpt":{"rendered":"","protected":false},"author":1,"featured_media":0,"parent":3640,"menu_order":0,"comment_status":"closed","ping_status":"closed","template":"","meta":{"footnotes":""},"class_list":["post-3643","page","type-page","status-publish","hentry"],"yoast_head":"<!-- This site is optimized with the Yoast SEO plugin v26.9 - https:\/\/yoast.com\/product\/yoast-seo-wordpress\/ -->\n<title>Buchecken: Montieren mit ein Bucheckenzange | Jay Dee International<\/title>\n<meta name=\"description\" content=\"Buchecken und Metallecken sind verf\u00fcgbar bei Jay Dee International. Auch f\u00fcr ein Bucheckenzange. Sehen Sie hier unser Assortiment an!\" \/>\n<meta name=\"robots\" content=\"index, follow, max-snippet:-1, max-image-preview:large, max-video-preview:-1\" \/>\n<link rel=\"canonical\" href=\"https:\/\/www.jaydee.com\/de\/grafische-verarbeitung\/buchecken\/\" \/>\n<meta property=\"og:locale\" content=\"de_DE\" \/>\n<meta property=\"og:type\" content=\"article\" \/>\n<meta property=\"og:title\" content=\"Buchecken: Montieren mit ein Bucheckenzange | Jay Dee International\" \/>\n<meta property=\"og:description\" content=\"Buchecken und Metallecken sind verf\u00fcgbar bei Jay Dee International. Auch f\u00fcr ein Bucheckenzange. Sehen Sie hier unser Assortiment an!\" \/>\n<meta property=\"og:url\" content=\"https:\/\/www.jaydee.com\/de\/grafische-verarbeitung\/buchecken\/\" \/>\n<meta property=\"og:site_name\" content=\"Jay Dee International\" \/>\n<meta property=\"article:modified_time\" content=\"2017-09-25T08:57:20+00:00\" \/>\n<meta property=\"og:image\" content=\"https:\/\/s3.eu-central-1.amazonaws.com\/jaydee.com\/de\/grafische-verarbeitung\/buchecken-300x300.jpg\" \/>\n<meta name=\"twitter:card\" content=\"summary_large_image\" \/>\n<meta name=\"twitter:label1\" content=\"Gesch\u00e4tzte Lesezeit\" \/>\n\t<meta name=\"twitter:data1\" content=\"3\u00a0Minuten\" \/>\n<script type=\"application\/ld+json\" class=\"yoast-schema-graph\">{\"@context\":\"https:\/\/schema.org\",\"@graph\":[{\"@type\":\"WebPage\",\"@id\":\"https:\/\/www.jaydee.com\/de\/grafische-verarbeitung\/buchecken\/\",\"url\":\"https:\/\/www.jaydee.com\/de\/grafische-verarbeitung\/buchecken\/\",\"name\":\"Buchecken: Montieren mit ein Bucheckenzange | Jay Dee International\",\"isPartOf\":{\"@id\":\"https:\/\/www.jaydee.com\/nl\/#website\"},\"primaryImageOfPage\":{\"@id\":\"https:\/\/www.jaydee.com\/de\/grafische-verarbeitung\/buchecken\/#primaryimage\"},\"image\":{\"@id\":\"https:\/\/www.jaydee.com\/de\/grafische-verarbeitung\/buchecken\/#primaryimage\"},\"thumbnailUrl\":\"https:\/\/s3.eu-central-1.amazonaws.com\/jaydee.com\/de\/grafische-verarbeitung\/buchecken-300x300.jpg\",\"datePublished\":\"2017-09-18T12:28:05+00:00\",\"dateModified\":\"2017-09-25T08:57:20+00:00\",\"description\":\"Buchecken und Metallecken sind verf\u00fcgbar bei Jay Dee International. Auch f\u00fcr ein Bucheckenzange. Sehen Sie hier unser Assortiment an!\",\"breadcrumb\":{\"@id\":\"https:\/\/www.jaydee.com\/de\/grafische-verarbeitung\/buchecken\/#breadcrumb\"},\"inLanguage\":\"de\",\"potentialAction\":[{\"@type\":\"ReadAction\",\"target\":[\"https:\/\/www.jaydee.com\/de\/grafische-verarbeitung\/buchecken\/\"]}]},{\"@type\":\"ImageObject\",\"inLanguage\":\"de\",\"@id\":\"https:\/\/www.jaydee.com\/de\/grafische-verarbeitung\/buchecken\/#primaryimage\",\"url\":\"https:\/\/s3.eu-central-1.amazonaws.com\/jaydee.com\/de\/grafische-verarbeitung\/buchecken-300x300.jpg\",\"contentUrl\":\"https:\/\/s3.eu-central-1.amazonaws.com\/jaydee.com\/de\/grafische-verarbeitung\/buchecken-300x300.jpg\"},{\"@type\":\"BreadcrumbList\",\"@id\":\"https:\/\/www.jaydee.com\/de\/grafische-verarbeitung\/buchecken\/#breadcrumb\",\"itemListElement\":[{\"@type\":\"ListItem\",\"position\":1,\"name\":\"Home\",\"item\":\"https:\/\/www.jaydee.com\/de\/\"},{\"@type\":\"ListItem\",\"position\":2,\"name\":\"Grafische verarbeitung\",\"item\":\"https:\/\/www.jaydee.com\/de\/grafische-verarbeitung\/\"},{\"@type\":\"ListItem\",\"position\":3,\"name\":\"Buchecken\"}]},{\"@type\":\"WebSite\",\"@id\":\"https:\/\/www.jaydee.com\/nl\/#website\",\"url\":\"https:\/\/www.jaydee.com\/nl\/\",\"name\":\"Jay Dee International\",\"description\":\"Jay Dee\",\"potentialAction\":[{\"@type\":\"SearchAction\",\"target\":{\"@type\":\"EntryPoint\",\"urlTemplate\":\"https:\/\/www.jaydee.com\/nl\/?s={search_term_string}\"},\"query-input\":{\"@type\":\"PropertyValueSpecification\",\"valueRequired\":true,\"valueName\":\"search_term_string\"}}],\"inLanguage\":\"de\"}]}<\/script>\n<!-- \/ Yoast SEO plugin. -->","yoast_head_json":{"title":"Buchecken: Montieren mit ein Bucheckenzange | Jay Dee International","description":"Buchecken und Metallecken sind verf\u00fcgbar bei Jay Dee International. Auch f\u00fcr ein Bucheckenzange. Sehen Sie hier unser Assortiment an!","robots":{"index":"index","follow":"follow","max-snippet":"max-snippet:-1","max-image-preview":"max-image-preview:large","max-video-preview":"max-video-preview:-1"},"canonical":"https:\/\/www.jaydee.com\/de\/grafische-verarbeitung\/buchecken\/","og_locale":"de_DE","og_type":"article","og_title":"Buchecken: Montieren mit ein Bucheckenzange | Jay Dee International","og_description":"Buchecken und Metallecken sind verf\u00fcgbar bei Jay Dee International. Auch f\u00fcr ein Bucheckenzange. Sehen Sie hier unser Assortiment an!","og_url":"https:\/\/www.jaydee.com\/de\/grafische-verarbeitung\/buchecken\/","og_site_name":"Jay Dee International","article_modified_time":"2017-09-25T08:57:20+00:00","og_image":[{"url":"https:\/\/s3.eu-central-1.amazonaws.com\/jaydee.com\/de\/grafische-verarbeitung\/buchecken-300x300.jpg","type":"","width":"","height":""}],"twitter_card":"summary_large_image","twitter_misc":{"Gesch\u00e4tzte Lesezeit":"3\u00a0Minuten"},"schema":{"@context":"https:\/\/schema.org","@graph":[{"@type":"WebPage","@id":"https:\/\/www.jaydee.com\/de\/grafische-verarbeitung\/buchecken\/","url":"https:\/\/www.jaydee.com\/de\/grafische-verarbeitung\/buchecken\/","name":"Buchecken: Montieren mit ein Bucheckenzange | Jay Dee International","isPartOf":{"@id":"https:\/\/www.jaydee.com\/nl\/#website"},"primaryImageOfPage":{"@id":"https:\/\/www.jaydee.com\/de\/grafische-verarbeitung\/buchecken\/#primaryimage"},"image":{"@id":"https:\/\/www.jaydee.com\/de\/grafische-verarbeitung\/buchecken\/#primaryimage"},"thumbnailUrl":"https:\/\/s3.eu-central-1.amazonaws.com\/jaydee.com\/de\/grafische-verarbeitung\/buchecken-300x300.jpg","datePublished":"2017-09-18T12:28:05+00:00","dateModified":"2017-09-25T08:57:20+00:00","description":"Buchecken und Metallecken sind verf\u00fcgbar bei Jay Dee International. Auch f\u00fcr ein Bucheckenzange. Sehen Sie hier unser Assortiment an!","breadcrumb":{"@id":"https:\/\/www.jaydee.com\/de\/grafische-verarbeitung\/buchecken\/#breadcrumb"},"inLanguage":"de","potentialAction":[{"@type":"ReadAction","target":["https:\/\/www.jaydee.com\/de\/grafische-verarbeitung\/buchecken\/"]}]},{"@type":"ImageObject","inLanguage":"de","@id":"https:\/\/www.jaydee.com\/de\/grafische-verarbeitung\/buchecken\/#primaryimage","url":"https:\/\/s3.eu-central-1.amazonaws.com\/jaydee.com\/de\/grafische-verarbeitung\/buchecken-300x300.jpg","contentUrl":"https:\/\/s3.eu-central-1.amazonaws.com\/jaydee.com\/de\/grafische-verarbeitung\/buchecken-300x300.jpg"},{"@type":"BreadcrumbList","@id":"https:\/\/www.jaydee.com\/de\/grafische-verarbeitung\/buchecken\/#breadcrumb","itemListElement":[{"@type":"ListItem","position":1,"name":"Home","item":"https:\/\/www.jaydee.com\/de\/"},{"@type":"ListItem","position":2,"name":"Grafische verarbeitung","item":"https:\/\/www.jaydee.com\/de\/grafische-verarbeitung\/"},{"@type":"ListItem","position":3,"name":"Buchecken"}]},{"@type":"WebSite","@id":"https:\/\/www.jaydee.com\/nl\/#website","url":"https:\/\/www.jaydee.com\/nl\/","name":"Jay Dee International","description":"Jay Dee","potentialAction":[{"@type":"SearchAction","target":{"@type":"EntryPoint","urlTemplate":"https:\/\/www.jaydee.com\/nl\/?s={search_term_string}"},"query-input":{"@type":"PropertyValueSpecification","valueRequired":true,"valueName":"search_term_string"}}],"inLanguage":"de"}]}},"_links":{"self":[{"href":"https:\/\/www.jaydee.com\/de\/wp-json\/wp\/v2\/pages\/3643","targetHints":{"allow":["GET"]}}],"collection":[{"href":"https:\/\/www.jaydee.com\/de\/wp-json\/wp\/v2\/pages"}],"about":[{"href":"https:\/\/www.jaydee.com\/de\/wp-json\/wp\/v2\/types\/page"}],"author":[{"embeddable":true,"href":"https:\/\/www.jaydee.com\/de\/wp-json\/wp\/v2\/users\/1"}],"replies":[{"embeddable":true,"href":"https:\/\/www.jaydee.com\/de\/wp-json\/wp\/v2\/comments?post=3643"}],"version-history":[{"count":2,"href":"https:\/\/www.jaydee.com\/de\/wp-json\/wp\/v2\/pages\/3643\/revisions"}],"predecessor-version":[{"id":3740,"href":"https:\/\/www.jaydee.com\/de\/wp-json\/wp\/v2\/pages\/3643\/revisions\/3740"}],"up":[{"embeddable":true,"href":"https:\/\/www.jaydee.com\/de\/wp-json\/wp\/v2\/pages\/3640"}],"wp:attachment":[{"href":"https:\/\/www.jaydee.com\/de\/wp-json\/wp\/v2\/media?parent=3643"}],"curies":[{"name":"wp","href":"https:\/\/api.w.org\/{rel}","templated":true}]}}