{"id":3646,"date":"2017-09-18T14:29:07","date_gmt":"2017-09-18T12:29:07","guid":{"rendered":"https:\/\/www.jaydee.com\/?page_id=3646"},"modified":"2017-09-25T11:47:23","modified_gmt":"2017-09-25T09:47:23","slug":"cd-halter","status":"publish","type":"page","link":"https:\/\/www.jaydee.com\/de\/grafische-verarbeitung\/cd-halter\/","title":{"rendered":"CD halter"},"content":{"rendered":"<section class=\"columns\">\n<article class=\"col col3\">\n<p><img loading=\"lazy\" decoding=\"async\" class=\"alignnone size-medium\" src=\"https:\/\/s3.eu-central-1.amazonaws.com\/jaydee.com\/de\/grafische-verarbeitung\/cd-halter-300x300.jpg\" alt=\"cd halter\" width=\"300\" height=\"300\" \/><\/p><\/article>\n<article class=\"col col23\">\n<p>CD Halter\u00a0sind in verschiedenen Sorten erh\u00e4ltlich: Fixiersterne, CD Schaumstoffpunkte und\u00a0CD Taschen. So k\u00f6nnen Ihre CDs einfach an Mailings, Brosch\u00fcren oder Drucksachen angebracht werden. Alle drei CD Halter sind selbstklebend erh\u00e4ltlich, was eine einfache Montage erm\u00f6glicht.<\/p>\n<a href=\"https:\/\/www.thesolutionshop.com\/de\/mechaniken-ordner-zubehor\/cd-halter\" class=\"btn large orange\" target=\"_blank\"><i class=\"fa fa-chevron-right\"><\/i>CD halter ansehen<\/a><\/article>\n<\/section>\n<section class=\"columns\">\n<article class=\"col col1\">\n<p>Weitere information \u00fcber:<\/p>\n<ul>\n<li><a href=\"https:\/\/www.jaydee.com\/de\/grafische-verarbeitung\/cd-halter\/#formate\">Formate<\/a><\/li>\n<li><a href=\"https:\/\/www.jaydee.com\/de\/grafische-verarbeitung\/cd-halter\/#ausfuehrungen\">Ausf\u00fchrungen<\/a><\/li>\n<li><a href=\"https:\/\/www.jaydee.com\/de\/grafische-verarbeitung\/cd-halter\/#verwendung-montage\">Verwendung &amp; Montage<\/a><\/li>\n<li><a href=\"https:\/\/www.jaydee.com\/de\/grafische-verarbeitung\/cd-halter\/#zugehoeren\">Zugeh\u00f6ren<\/a><\/li>\n<li><a href=\"https:\/\/www.jaydee.com\/de\/grafische-verarbeitung\/cd-halter\/#haeufige-fragen\">H\u00e4ufige Fragen (FAQ)<\/a><\/li>\n<\/ul><\/article><div class='clearfix'><\/div>\n<\/section>\n<section class=\"columns\">\n<article class=\"col col1\">\n<a name=\"formate\"><\/a><\/p>\n<h2>Welche Gr\u00f6\u00dfen CD halter gibt es?<\/h2>\n<p>CD Fixiersterne werden im Webshop in zwei Standardausf\u00fchrungen angeboten: mit oder ohne Druckknopf. Die Fixiersterne mit Druckknopf haben einen Durchmesser von 30 mm. Die CD Fixiersterne ohne Druckknopf sind mit einem Durchmesser von 30 mm oder 35 mm erh\u00e4ltlich.<\/p>\n<p>Die CD Schaumstoffpunkte sind kleiner, weil das CD-Loch auf den Ring gedr\u00fcckt wird. Die CD Schaumstoffpunkte haben einen Durchmesser von 15,5 mm.\u00a0Die CD Taschen sind mit oder ohne Klappe erh\u00e4ltlich, wodurch das Format der H\u00fclle variiert. Sie sind f\u00fcr normale CDs, sowie f\u00fcr Mini-CDs erh\u00e4ltlich. Die genauen Abmessungen finden Sie in unserem Webshop.<\/p>\n<p><a name=\"ausfuehrungen\"><\/a><\/p>\n<h2>Welche Ausf\u00fchrungen gibt es?<\/h2>\n<p>Die CD mit Fixiersterne sind aus Kunststoff gefertigt und haben eine selbstklebende Schicht. Die Fixiersterne mit Druckknopf sind in den Farben Schwarz und Wei\u00df erh\u00e4ltlich. Die Fixiersterne ohne diese Druckkn\u00f6pfe sind transparent. Auf Anfrage auch lieferbar in Schwarz oder Wei\u00df.<\/p>\n<p>Die CD Schaumstoffpunkte sind auch selbstklebend und in mehreren Farben erh\u00e4ltlich. Eine \u00dcbersicht finden Sie in unserem Webshop.<\/p>\n<p>Die CD Taschen oder -Taschen sind aus PVC oder Polypropylen gefertigt. Die meisten CD Taschen sind selbstklebend und somit einfach anzubringen.<\/p>\n<p><a name=\"verwendung-montage\"><\/a><\/p>\n<h2>Verwendung &amp; Montage<\/h2>\n<p>Mit CD Haltern lassen sich CDs oder DVDs problemlos an Mailings, Brosch\u00fcren oder Drucksachen befestigten. Alle drei CD Halter k\u00f6nnen auch einzeln verwendet werden.<\/p>\n<p>So l\u00e4sst sich die CD einfach an einen Fixierstern oder Haltepunkt aus Schaumstoff anbringen oder f\u00fcr zus\u00e4tzlichen Schutz in einer H\u00fclle aufbewahren. Die CD Fixiersterne sind auch ohne Druckknopf erh\u00e4ltlich.<\/p>\n<p>Die CD Schaumstoffpunkte k\u00f6nnen auch als Schutzpolster verwendet werden. Dank der selbstklebenden Schicht sind sie einfach anzubringen.<\/p>\n<p><a name=\"zugehoeren\"><\/a><\/p>\n<h2>Das k\u00f6nnte Sie auch interessieren<\/h2>\n<p>In unserem Angebot sind weitere Kunststoff-Halter und -Taschen f\u00fcr multifunktionale L\u00f6sungen erh\u00e4ltlich.<\/p><\/article><div class='clearfix'><\/div>\n<\/section>\n<section class=\"columns\">\n<article class=\"col col4\">\n<p><img loading=\"lazy\" decoding=\"async\" class=\"alignnone size-medium\" src=\"https:\/\/s3.eu-central-1.amazonaws.com\/jaydee.com\/de\/grafische-verarbeitung\/klarsichttaschen-150x150.jpg\" alt=\"klarsichttaschen\" width=\"150\" height=\"150\" \/><\/p><\/article>\n<article class=\"col col34\">\n<h3>Klarsichttaschen<\/h3>\n<p>Klarsichttaschen sind in verschiedenen Formaten erh\u00e4ltlich. Mit Dreiecktaschen k\u00f6nnen Sie Mappen und Ordner f\u00fcr die Aufbewahrung von Dokumenten und Karten ausr\u00fcsten. In unserem Webshop finden Sie die Formate, in denen diese Taschen erh\u00e4ltlich sind.<\/p>\n<p>Die Visitenkarten-Tasche ist der kleine Bruder der CD-H\u00fclle. In dieser Tasche k\u00f6nnen Sie Ordnern, Brosch\u00fcren oder Mailings einfach eine Visitenkarte beif\u00fcgen.<\/p>\n<a href=\"https:\/\/www.jaydee.com\/de\/grafische-verarbeitung\/klarsichttaschen\/\" class=\"btn large custom\"><i class=\"fa fa-chevron-right\"><\/i>Klarsichttaschen<\/a><\/article>\n<\/section>\n<section class=\"columns\">\n<article class=\"col col1\">\n<a name=\"haeufige-fragen\"><\/a><\/p>\n<h2>H\u00e4ufige Fragen (FAQ) \u00fcber CD halter<\/h2>\n<p>Hier finden Sie die haufige Fragen dieses Produkt. F\u00fcr weitere Fragen k\u00f6nnen Sie uns <a href=\"https:\/\/www.jaydee.com\/de\/kontakt\/\">Kontaktieren<\/a>.<\/p>\n<p><strong>Was ist der Unterschied zwischen einem Fixierstern mit Druckknopf und anderen Fixiersternen?<\/strong><\/p>\n<p>Die CD Fixiersterne sind im Spritzgussverfahren gefertigt und mit einem Druckknopf ausgestattet. Der \u201eButton\u201c bzw. Knopf zum Herausnehmen befindet sich in der Mitte der Verbindung.<\/p>\n<p>Der Knopf erleichtert das Herausnehmen der CD aus dem Halter. Die anderen CD Halter sind im Vakuumtiefziehverfahren gefertigt und nicht mit einem Druckknopf ausgestattet. Ein Vorteil ist, dass sich die CD nicht einfach aus der Halterung l\u00f6sen kann, wenn z.B. schwere B\u00fccher auf der CD liegen.<\/p><\/article><div class='clearfix'><\/div>\n<\/section>\n","protected":false},"excerpt":{"rendered":"","protected":false},"author":1,"featured_media":0,"parent":3640,"menu_order":0,"comment_status":"closed","ping_status":"closed","template":"","meta":{"footnotes":""},"class_list":["post-3646","page","type-page","status-publish","hentry"],"yoast_head":"<!-- This site is optimized with the Yoast SEO plugin v26.9 - https:\/\/yoast.com\/product\/yoast-seo-wordpress\/ -->\n<title>CD halter: CD Clips und CD Schaumstoffpunkte | Jay Dee International<\/title>\n<meta name=\"description\" content=\"CD Halter sind verf\u00fcgbar bei Jay Dee International. Auch gibts es CD Clips und CD Schaumstoffpunkte. Sehen Sie hier unser Assortiment an!\" \/>\n<meta name=\"robots\" content=\"index, follow, max-snippet:-1, max-image-preview:large, max-video-preview:-1\" \/>\n<link rel=\"canonical\" href=\"https:\/\/www.jaydee.com\/de\/grafische-verarbeitung\/cd-halter\/\" \/>\n<meta property=\"og:locale\" content=\"de_DE\" \/>\n<meta property=\"og:type\" content=\"article\" \/>\n<meta property=\"og:title\" content=\"CD halter: CD Clips und CD Schaumstoffpunkte | Jay Dee International\" \/>\n<meta property=\"og:description\" content=\"CD Halter sind verf\u00fcgbar bei Jay Dee International. Auch gibts es CD Clips und CD Schaumstoffpunkte. Sehen Sie hier unser Assortiment an!\" \/>\n<meta property=\"og:url\" content=\"https:\/\/www.jaydee.com\/de\/grafische-verarbeitung\/cd-halter\/\" \/>\n<meta property=\"og:site_name\" content=\"Jay Dee International\" \/>\n<meta property=\"article:modified_time\" content=\"2017-09-25T09:47:23+00:00\" \/>\n<meta property=\"og:image\" content=\"https:\/\/s3.eu-central-1.amazonaws.com\/jaydee.com\/de\/grafische-verarbeitung\/cd-halter-300x300.jpg\" \/>\n<meta name=\"twitter:card\" content=\"summary_large_image\" \/>\n<meta name=\"twitter:label1\" content=\"Gesch\u00e4tzte Lesezeit\" \/>\n\t<meta name=\"twitter:data1\" content=\"3\u00a0Minuten\" \/>\n<script type=\"application\/ld+json\" class=\"yoast-schema-graph\">{\"@context\":\"https:\/\/schema.org\",\"@graph\":[{\"@type\":\"WebPage\",\"@id\":\"https:\/\/www.jaydee.com\/de\/grafische-verarbeitung\/cd-halter\/\",\"url\":\"https:\/\/www.jaydee.com\/de\/grafische-verarbeitung\/cd-halter\/\",\"name\":\"CD halter: CD Clips und CD Schaumstoffpunkte | Jay Dee International\",\"isPartOf\":{\"@id\":\"https:\/\/www.jaydee.com\/nl\/#website\"},\"primaryImageOfPage\":{\"@id\":\"https:\/\/www.jaydee.com\/de\/grafische-verarbeitung\/cd-halter\/#primaryimage\"},\"image\":{\"@id\":\"https:\/\/www.jaydee.com\/de\/grafische-verarbeitung\/cd-halter\/#primaryimage\"},\"thumbnailUrl\":\"https:\/\/s3.eu-central-1.amazonaws.com\/jaydee.com\/de\/grafische-verarbeitung\/cd-halter-300x300.jpg\",\"datePublished\":\"2017-09-18T12:29:07+00:00\",\"dateModified\":\"2017-09-25T09:47:23+00:00\",\"description\":\"CD Halter sind verf\u00fcgbar bei Jay Dee International. Auch gibts es CD Clips und CD Schaumstoffpunkte. Sehen Sie hier unser Assortiment an!\",\"breadcrumb\":{\"@id\":\"https:\/\/www.jaydee.com\/de\/grafische-verarbeitung\/cd-halter\/#breadcrumb\"},\"inLanguage\":\"de\",\"potentialAction\":[{\"@type\":\"ReadAction\",\"target\":[\"https:\/\/www.jaydee.com\/de\/grafische-verarbeitung\/cd-halter\/\"]}]},{\"@type\":\"ImageObject\",\"inLanguage\":\"de\",\"@id\":\"https:\/\/www.jaydee.com\/de\/grafische-verarbeitung\/cd-halter\/#primaryimage\",\"url\":\"https:\/\/s3.eu-central-1.amazonaws.com\/jaydee.com\/de\/grafische-verarbeitung\/cd-halter-300x300.jpg\",\"contentUrl\":\"https:\/\/s3.eu-central-1.amazonaws.com\/jaydee.com\/de\/grafische-verarbeitung\/cd-halter-300x300.jpg\"},{\"@type\":\"BreadcrumbList\",\"@id\":\"https:\/\/www.jaydee.com\/de\/grafische-verarbeitung\/cd-halter\/#breadcrumb\",\"itemListElement\":[{\"@type\":\"ListItem\",\"position\":1,\"name\":\"Home\",\"item\":\"https:\/\/www.jaydee.com\/de\/\"},{\"@type\":\"ListItem\",\"position\":2,\"name\":\"Grafische verarbeitung\",\"item\":\"https:\/\/www.jaydee.com\/de\/grafische-verarbeitung\/\"},{\"@type\":\"ListItem\",\"position\":3,\"name\":\"CD halter\"}]},{\"@type\":\"WebSite\",\"@id\":\"https:\/\/www.jaydee.com\/nl\/#website\",\"url\":\"https:\/\/www.jaydee.com\/nl\/\",\"name\":\"Jay Dee International\",\"description\":\"Jay Dee\",\"potentialAction\":[{\"@type\":\"SearchAction\",\"target\":{\"@type\":\"EntryPoint\",\"urlTemplate\":\"https:\/\/www.jaydee.com\/nl\/?s={search_term_string}\"},\"query-input\":{\"@type\":\"PropertyValueSpecification\",\"valueRequired\":true,\"valueName\":\"search_term_string\"}}],\"inLanguage\":\"de\"}]}<\/script>\n<!-- \/ Yoast SEO plugin. -->","yoast_head_json":{"title":"CD halter: CD Clips und CD Schaumstoffpunkte | Jay Dee International","description":"CD Halter sind verf\u00fcgbar bei Jay Dee International. Auch gibts es CD Clips und CD Schaumstoffpunkte. Sehen Sie hier unser Assortiment an!","robots":{"index":"index","follow":"follow","max-snippet":"max-snippet:-1","max-image-preview":"max-image-preview:large","max-video-preview":"max-video-preview:-1"},"canonical":"https:\/\/www.jaydee.com\/de\/grafische-verarbeitung\/cd-halter\/","og_locale":"de_DE","og_type":"article","og_title":"CD halter: CD Clips und CD Schaumstoffpunkte | Jay Dee International","og_description":"CD Halter sind verf\u00fcgbar bei Jay Dee International. Auch gibts es CD Clips und CD Schaumstoffpunkte. Sehen Sie hier unser Assortiment an!","og_url":"https:\/\/www.jaydee.com\/de\/grafische-verarbeitung\/cd-halter\/","og_site_name":"Jay Dee International","article_modified_time":"2017-09-25T09:47:23+00:00","og_image":[{"url":"https:\/\/s3.eu-central-1.amazonaws.com\/jaydee.com\/de\/grafische-verarbeitung\/cd-halter-300x300.jpg","type":"","width":"","height":""}],"twitter_card":"summary_large_image","twitter_misc":{"Gesch\u00e4tzte Lesezeit":"3\u00a0Minuten"},"schema":{"@context":"https:\/\/schema.org","@graph":[{"@type":"WebPage","@id":"https:\/\/www.jaydee.com\/de\/grafische-verarbeitung\/cd-halter\/","url":"https:\/\/www.jaydee.com\/de\/grafische-verarbeitung\/cd-halter\/","name":"CD halter: CD Clips und CD Schaumstoffpunkte | Jay Dee International","isPartOf":{"@id":"https:\/\/www.jaydee.com\/nl\/#website"},"primaryImageOfPage":{"@id":"https:\/\/www.jaydee.com\/de\/grafische-verarbeitung\/cd-halter\/#primaryimage"},"image":{"@id":"https:\/\/www.jaydee.com\/de\/grafische-verarbeitung\/cd-halter\/#primaryimage"},"thumbnailUrl":"https:\/\/s3.eu-central-1.amazonaws.com\/jaydee.com\/de\/grafische-verarbeitung\/cd-halter-300x300.jpg","datePublished":"2017-09-18T12:29:07+00:00","dateModified":"2017-09-25T09:47:23+00:00","description":"CD Halter sind verf\u00fcgbar bei Jay Dee International. Auch gibts es CD Clips und CD Schaumstoffpunkte. Sehen Sie hier unser Assortiment an!","breadcrumb":{"@id":"https:\/\/www.jaydee.com\/de\/grafische-verarbeitung\/cd-halter\/#breadcrumb"},"inLanguage":"de","potentialAction":[{"@type":"ReadAction","target":["https:\/\/www.jaydee.com\/de\/grafische-verarbeitung\/cd-halter\/"]}]},{"@type":"ImageObject","inLanguage":"de","@id":"https:\/\/www.jaydee.com\/de\/grafische-verarbeitung\/cd-halter\/#primaryimage","url":"https:\/\/s3.eu-central-1.amazonaws.com\/jaydee.com\/de\/grafische-verarbeitung\/cd-halter-300x300.jpg","contentUrl":"https:\/\/s3.eu-central-1.amazonaws.com\/jaydee.com\/de\/grafische-verarbeitung\/cd-halter-300x300.jpg"},{"@type":"BreadcrumbList","@id":"https:\/\/www.jaydee.com\/de\/grafische-verarbeitung\/cd-halter\/#breadcrumb","itemListElement":[{"@type":"ListItem","position":1,"name":"Home","item":"https:\/\/www.jaydee.com\/de\/"},{"@type":"ListItem","position":2,"name":"Grafische verarbeitung","item":"https:\/\/www.jaydee.com\/de\/grafische-verarbeitung\/"},{"@type":"ListItem","position":3,"name":"CD halter"}]},{"@type":"WebSite","@id":"https:\/\/www.jaydee.com\/nl\/#website","url":"https:\/\/www.jaydee.com\/nl\/","name":"Jay Dee International","description":"Jay Dee","potentialAction":[{"@type":"SearchAction","target":{"@type":"EntryPoint","urlTemplate":"https:\/\/www.jaydee.com\/nl\/?s={search_term_string}"},"query-input":{"@type":"PropertyValueSpecification","valueRequired":true,"valueName":"search_term_string"}}],"inLanguage":"de"}]}},"_links":{"self":[{"href":"https:\/\/www.jaydee.com\/de\/wp-json\/wp\/v2\/pages\/3646","targetHints":{"allow":["GET"]}}],"collection":[{"href":"https:\/\/www.jaydee.com\/de\/wp-json\/wp\/v2\/pages"}],"about":[{"href":"https:\/\/www.jaydee.com\/de\/wp-json\/wp\/v2\/types\/page"}],"author":[{"embeddable":true,"href":"https:\/\/www.jaydee.com\/de\/wp-json\/wp\/v2\/users\/1"}],"replies":[{"embeddable":true,"href":"https:\/\/www.jaydee.com\/de\/wp-json\/wp\/v2\/comments?post=3646"}],"version-history":[{"count":5,"href":"https:\/\/www.jaydee.com\/de\/wp-json\/wp\/v2\/pages\/3646\/revisions"}],"predecessor-version":[{"id":3745,"href":"https:\/\/www.jaydee.com\/de\/wp-json\/wp\/v2\/pages\/3646\/revisions\/3745"}],"up":[{"embeddable":true,"href":"https:\/\/www.jaydee.com\/de\/wp-json\/wp\/v2\/pages\/3640"}],"wp:attachment":[{"href":"https:\/\/www.jaydee.com\/de\/wp-json\/wp\/v2\/media?parent=3646"}],"curies":[{"name":"wp","href":"https:\/\/api.w.org\/{rel}","templated":true}]}}