{"id":3652,"date":"2017-09-18T14:30:58","date_gmt":"2017-09-18T12:30:58","guid":{"rendered":"https:\/\/www.jaydee.com\/?page_id=3652"},"modified":"2017-09-26T08:59:15","modified_gmt":"2017-09-26T06:59:15","slug":"klarsichttaschen","status":"publish","type":"page","link":"https:\/\/www.jaydee.com\/de\/grafische-verarbeitung\/klarsichttaschen\/","title":{"rendered":"Klarsichttaschen"},"content":{"rendered":"<section class=\"columns\">\n<article class=\"col col3\">\n<p><img loading=\"lazy\" decoding=\"async\" class=\"alignnone size-medium\" src=\"https:\/\/s3.eu-central-1.amazonaws.com\/jaydee.com\/de\/grafische-verarbeitung\/klarsichttaschen-300x300.jpg\" alt=\"klarsichttaschen\" width=\"300\" height=\"300\" \/><\/p><\/article>\n<article class=\"col col23\">\n<p>Selbstklebende\u00a0Klarsichttaschen\u00a0sind in drei Ausf\u00fchrungen erh\u00e4ltlich: Dreieck-, Rechteck- und Visitenkarten-Taschen. Die Klarsichttaschen sind ideal zum Einkleben in Ordner und Mappen, um diese noch optimaler zu nutzen. Sie sind in verschiedenen Formaten erh\u00e4ltlich.<\/p>\n<a href=\"https:\/\/www.thesolutionshop.com\/de\/mechaniken-ordner-zubehor\/rechtecktaschen\" class=\"btn large orange\" target=\"_blank\"><i class=\"fa fa-chevron-right\"><\/i>Klarsichttaschen ansehen<\/a><\/article>\n<\/section>\n<section class=\"columns\">\n<article class=\"col col1\">\n<p>Weitere information \u00fcber:<\/p>\n<ul>\n<li><a href=\"https:\/\/www.jaydee.com\/de\/grafische-verarbeitung\/klarsichttaschen\/#formate\">Formate<\/a><\/li>\n<li><a href=\"https:\/\/www.jaydee.com\/de\/grafische-verarbeitung\/klarsichttaschen\/#ausfuehrungen\">Ausf\u00fchrungen<\/a><\/li>\n<li><a href=\"https:\/\/www.jaydee.com\/de\/grafische-verarbeitung\/klarsichttaschen\/#verwendung-montage\">Verwendung &amp; Montage<\/a><\/li>\n<li><a href=\"https:\/\/www.jaydee.com\/de\/grafische-verarbeitung\/klarsichttaschen\/#zugehoeren\">Zugeh\u00f6ren<\/a><\/li>\n<li><a href=\"https:\/\/www.jaydee.com\/de\/grafische-verarbeitung\/klarsichttaschen\/#haeufige-fragen\">H\u00e4ufige Fragen (FAQ)<\/a><\/li>\n<\/ul><\/article><div class='clearfix'><\/div>\n<\/section>\n<section class=\"columns\">\n<article class=\"col col1\">\n<a name=\"formate\"><\/a><\/p>\n<h2>Welche Gr\u00f6\u00dfen Klarsichttaschen\u00a0gibt es?<\/h2>\n<p>Die Dreiecktaschen sind in verschiedenen Formaten, variierend von 32 x 32 mm und 210 x 210 mm erh\u00e4ltlich. Die Dreiecktaschen besitzen eine selbstklebende R\u00fcckseite und eine offene Ecke. In unserem Webshop finden Sie alle lieferbaren Formate.<\/p>\n<p>Rechtecktaschen sind im A3- und A7-Format erh\u00e4ltlich. Das Produkt ist an der Schmal- oder an der Breitseite offen, hat eine \u00d6ffnung auf der langen oder der kurzen Seite, mit einer verk\u00fcrzten oder unverk\u00fcrzten Vorderfolie. Der Vorteil einer verk\u00fcrzten Vorderfolie ist, dass die Unterseite ein paar mm l\u00e4nger ist, was das Einstecken des Dokuments vereinfacht.<\/p>\n<p>Das Format der Visitenkarten-Taschen variiert zwischen 50 x 88 mm und 68 x 115 mm. In unserem Webshop finden Sie eine \u00dcbersicht \u00fcber alle lieferbaren Visitenkarten-Taschen.<br \/>\nFehlt das gew\u00fcnschte Format? Sondergr\u00f6\u00dfen sind auf Anfrage m\u00f6glich.<\/p>\n<p><a name=\"ausfuehrungen\"><\/a><\/p>\n<h2>Welche Ausf\u00fchrungen gibt es?<\/h2>\n<p>Selbstklebende Klarsichttaschen sind aus transparentem Polypropylen oder PVC gefertigt und mit einer selbstklebenden Schicht ausgestattet. Einige Rechtecktaschen sind auch ohne Klebeschicht mit einer \u00d6se zum Aufh\u00e4ngen erh\u00e4ltlich.<\/p>\n<p><a name=\"verwendung-montage\"><\/a><\/p>\n<h2>Verwendung &amp; Montage<\/h2>\n<p>Dreieck-, Rechteck- und Visitenkarten-Taschen eignen sich zum Einkleben in Ordner und Mappen mit Ringbuchmechanik f\u00fcr eine optimale Aufbewahrung. Das Produkt wird auch oft f\u00fcr B\u00fccher verwendet.<\/p>\n<p>Dank des selbstklebenden Streifens ist das Einkleben ein Kinderspiel.<\/p>\n<p><a name=\"zugehoeren\"><\/a><\/p>\n<h2>Das k\u00f6nnte Sie auch interessieren<\/h2>\n<p>Selbstklebende H\u00fcllen in Kombination mit einem CD-Halter sind auch ideal f\u00fcr Mappen, wodurch Sie Ihre Mappen noch vielseitiger nutzen k\u00f6nnen.<\/p><\/article><div class='clearfix'><\/div>\n<\/section>\n<section class=\"columns\">\n<article class=\"col col4\">\n<p><img loading=\"lazy\" decoding=\"async\" class=\"alignnone size-medium\" src=\"https:\/\/s3.eu-central-1.amazonaws.com\/jaydee.com\/de\/grafische-verarbeitung\/cd-halter-150x150.jpg\" alt=\"cd halter\" width=\"150\" height=\"150\" \/><\/p><\/article>\n<article class=\"col col34\">\n<h3>CD halter<\/h3>\n<p>CD-Halter sind in verschiedene Ausf\u00fchrungen erh\u00e4ltlich: als Fixiersterne, Haltepunkte aus Schaumstoff und H\u00fcllen. CDs oder DVDs lassen sich so einfach in einer Mappe verstauen oder an einer Drucksache befestigen.<\/p>\n<a href=\"https:\/\/www.jaydee.com\/de\/grafische-verarbeitung\/cd-halter\" class=\"btn large custom\"><i class=\"fa fa-chevron-right\"><\/i>CD Halteransehen<\/a><\/article>\n<\/section>\n<section class=\"columns\">\n<article class=\"col col1\">\n<a name=\"haeufige-fragen\"><\/a><\/p>\n<h2>H\u00e4ufige Fragen (FAQ) \u00fcber\u00a0Klarsichttaschen<\/h2>\n<p>Hier finden Sie die haufige Fragen dieses Produkt. F\u00fcr weitere Fragen k\u00f6nnen Sie uns <a href=\"https:\/\/www.jaydee.com\/de\/kontakt\/\">Kontaktieren<\/a>.<\/p>\n<p><strong>Sind selbstklebende Klarsichttaschen auch in farbigen Ausf\u00fchrungen erh\u00e4ltlich?<\/strong><\/p>\n<p>Nein, wir liefern ausschlie\u00dflich transparente Klarsichttaschen.<\/p><\/article><div class='clearfix'><\/div>\n<\/section>\n","protected":false},"excerpt":{"rendered":"","protected":false},"author":1,"featured_media":0,"parent":3640,"menu_order":0,"comment_status":"closed","ping_status":"closed","template":"","meta":{"footnotes":""},"class_list":["post-3652","page","type-page","status-publish","hentry"],"yoast_head":"<!-- This site is optimized with the Yoast SEO plugin v26.9 - https:\/\/yoast.com\/product\/yoast-seo-wordpress\/ -->\n<title>Klarsichttaschen: Dreieck, Rechteck &amp; Visitenkarten | Jay Dee International<\/title>\n<meta name=\"description\" content=\"Selbstklebende Klarsichttaschen sind verf\u00fcgbar bei Jay Dee International. Dreieck, Rechteck &amp; Visitenkarten. Sehen Sie hier unser Asortiment an.\" \/>\n<meta name=\"robots\" content=\"index, follow, max-snippet:-1, max-image-preview:large, max-video-preview:-1\" \/>\n<link rel=\"canonical\" href=\"https:\/\/www.jaydee.com\/de\/grafische-verarbeitung\/klarsichttaschen\/\" \/>\n<meta property=\"og:locale\" content=\"de_DE\" \/>\n<meta property=\"og:type\" content=\"article\" \/>\n<meta property=\"og:title\" content=\"Klarsichttaschen: Dreieck, Rechteck &amp; Visitenkarten | Jay Dee International\" \/>\n<meta property=\"og:description\" content=\"Selbstklebende Klarsichttaschen sind verf\u00fcgbar bei Jay Dee International. Dreieck, Rechteck &amp; Visitenkarten. Sehen Sie hier unser Asortiment an.\" \/>\n<meta property=\"og:url\" content=\"https:\/\/www.jaydee.com\/de\/grafische-verarbeitung\/klarsichttaschen\/\" \/>\n<meta property=\"og:site_name\" content=\"Jay Dee International\" \/>\n<meta property=\"article:modified_time\" content=\"2017-09-26T06:59:15+00:00\" \/>\n<meta property=\"og:image\" content=\"https:\/\/s3.eu-central-1.amazonaws.com\/jaydee.com\/de\/grafische-verarbeitung\/klarsichttaschen-300x300.jpg\" \/>\n<meta name=\"twitter:card\" content=\"summary_large_image\" \/>\n<meta name=\"twitter:label1\" content=\"Gesch\u00e4tzte Lesezeit\" \/>\n\t<meta name=\"twitter:data1\" content=\"2\u00a0Minuten\" \/>\n<script type=\"application\/ld+json\" class=\"yoast-schema-graph\">{\"@context\":\"https:\/\/schema.org\",\"@graph\":[{\"@type\":\"WebPage\",\"@id\":\"https:\/\/www.jaydee.com\/de\/grafische-verarbeitung\/klarsichttaschen\/\",\"url\":\"https:\/\/www.jaydee.com\/de\/grafische-verarbeitung\/klarsichttaschen\/\",\"name\":\"Klarsichttaschen: Dreieck, Rechteck & Visitenkarten | Jay Dee International\",\"isPartOf\":{\"@id\":\"https:\/\/www.jaydee.com\/nl\/#website\"},\"primaryImageOfPage\":{\"@id\":\"https:\/\/www.jaydee.com\/de\/grafische-verarbeitung\/klarsichttaschen\/#primaryimage\"},\"image\":{\"@id\":\"https:\/\/www.jaydee.com\/de\/grafische-verarbeitung\/klarsichttaschen\/#primaryimage\"},\"thumbnailUrl\":\"https:\/\/s3.eu-central-1.amazonaws.com\/jaydee.com\/de\/grafische-verarbeitung\/klarsichttaschen-300x300.jpg\",\"datePublished\":\"2017-09-18T12:30:58+00:00\",\"dateModified\":\"2017-09-26T06:59:15+00:00\",\"description\":\"Selbstklebende Klarsichttaschen sind verf\u00fcgbar bei Jay Dee International. Dreieck, Rechteck & Visitenkarten. Sehen Sie hier unser Asortiment an.\",\"breadcrumb\":{\"@id\":\"https:\/\/www.jaydee.com\/de\/grafische-verarbeitung\/klarsichttaschen\/#breadcrumb\"},\"inLanguage\":\"de\",\"potentialAction\":[{\"@type\":\"ReadAction\",\"target\":[\"https:\/\/www.jaydee.com\/de\/grafische-verarbeitung\/klarsichttaschen\/\"]}]},{\"@type\":\"ImageObject\",\"inLanguage\":\"de\",\"@id\":\"https:\/\/www.jaydee.com\/de\/grafische-verarbeitung\/klarsichttaschen\/#primaryimage\",\"url\":\"https:\/\/s3.eu-central-1.amazonaws.com\/jaydee.com\/de\/grafische-verarbeitung\/klarsichttaschen-300x300.jpg\",\"contentUrl\":\"https:\/\/s3.eu-central-1.amazonaws.com\/jaydee.com\/de\/grafische-verarbeitung\/klarsichttaschen-300x300.jpg\"},{\"@type\":\"BreadcrumbList\",\"@id\":\"https:\/\/www.jaydee.com\/de\/grafische-verarbeitung\/klarsichttaschen\/#breadcrumb\",\"itemListElement\":[{\"@type\":\"ListItem\",\"position\":1,\"name\":\"Home\",\"item\":\"https:\/\/www.jaydee.com\/de\/\"},{\"@type\":\"ListItem\",\"position\":2,\"name\":\"Grafische verarbeitung\",\"item\":\"https:\/\/www.jaydee.com\/de\/grafische-verarbeitung\/\"},{\"@type\":\"ListItem\",\"position\":3,\"name\":\"Klarsichttaschen\"}]},{\"@type\":\"WebSite\",\"@id\":\"https:\/\/www.jaydee.com\/nl\/#website\",\"url\":\"https:\/\/www.jaydee.com\/nl\/\",\"name\":\"Jay Dee International\",\"description\":\"Jay Dee\",\"potentialAction\":[{\"@type\":\"SearchAction\",\"target\":{\"@type\":\"EntryPoint\",\"urlTemplate\":\"https:\/\/www.jaydee.com\/nl\/?s={search_term_string}\"},\"query-input\":{\"@type\":\"PropertyValueSpecification\",\"valueRequired\":true,\"valueName\":\"search_term_string\"}}],\"inLanguage\":\"de\"}]}<\/script>\n<!-- \/ Yoast SEO plugin. -->","yoast_head_json":{"title":"Klarsichttaschen: Dreieck, Rechteck & Visitenkarten | Jay Dee International","description":"Selbstklebende Klarsichttaschen sind verf\u00fcgbar bei Jay Dee International. Dreieck, Rechteck & Visitenkarten. Sehen Sie hier unser Asortiment an.","robots":{"index":"index","follow":"follow","max-snippet":"max-snippet:-1","max-image-preview":"max-image-preview:large","max-video-preview":"max-video-preview:-1"},"canonical":"https:\/\/www.jaydee.com\/de\/grafische-verarbeitung\/klarsichttaschen\/","og_locale":"de_DE","og_type":"article","og_title":"Klarsichttaschen: Dreieck, Rechteck & Visitenkarten | Jay Dee International","og_description":"Selbstklebende Klarsichttaschen sind verf\u00fcgbar bei Jay Dee International. Dreieck, Rechteck & Visitenkarten. Sehen Sie hier unser Asortiment an.","og_url":"https:\/\/www.jaydee.com\/de\/grafische-verarbeitung\/klarsichttaschen\/","og_site_name":"Jay Dee International","article_modified_time":"2017-09-26T06:59:15+00:00","og_image":[{"url":"https:\/\/s3.eu-central-1.amazonaws.com\/jaydee.com\/de\/grafische-verarbeitung\/klarsichttaschen-300x300.jpg","type":"","width":"","height":""}],"twitter_card":"summary_large_image","twitter_misc":{"Gesch\u00e4tzte Lesezeit":"2\u00a0Minuten"},"schema":{"@context":"https:\/\/schema.org","@graph":[{"@type":"WebPage","@id":"https:\/\/www.jaydee.com\/de\/grafische-verarbeitung\/klarsichttaschen\/","url":"https:\/\/www.jaydee.com\/de\/grafische-verarbeitung\/klarsichttaschen\/","name":"Klarsichttaschen: Dreieck, Rechteck & Visitenkarten | Jay Dee International","isPartOf":{"@id":"https:\/\/www.jaydee.com\/nl\/#website"},"primaryImageOfPage":{"@id":"https:\/\/www.jaydee.com\/de\/grafische-verarbeitung\/klarsichttaschen\/#primaryimage"},"image":{"@id":"https:\/\/www.jaydee.com\/de\/grafische-verarbeitung\/klarsichttaschen\/#primaryimage"},"thumbnailUrl":"https:\/\/s3.eu-central-1.amazonaws.com\/jaydee.com\/de\/grafische-verarbeitung\/klarsichttaschen-300x300.jpg","datePublished":"2017-09-18T12:30:58+00:00","dateModified":"2017-09-26T06:59:15+00:00","description":"Selbstklebende Klarsichttaschen sind verf\u00fcgbar bei Jay Dee International. Dreieck, Rechteck & Visitenkarten. Sehen Sie hier unser Asortiment an.","breadcrumb":{"@id":"https:\/\/www.jaydee.com\/de\/grafische-verarbeitung\/klarsichttaschen\/#breadcrumb"},"inLanguage":"de","potentialAction":[{"@type":"ReadAction","target":["https:\/\/www.jaydee.com\/de\/grafische-verarbeitung\/klarsichttaschen\/"]}]},{"@type":"ImageObject","inLanguage":"de","@id":"https:\/\/www.jaydee.com\/de\/grafische-verarbeitung\/klarsichttaschen\/#primaryimage","url":"https:\/\/s3.eu-central-1.amazonaws.com\/jaydee.com\/de\/grafische-verarbeitung\/klarsichttaschen-300x300.jpg","contentUrl":"https:\/\/s3.eu-central-1.amazonaws.com\/jaydee.com\/de\/grafische-verarbeitung\/klarsichttaschen-300x300.jpg"},{"@type":"BreadcrumbList","@id":"https:\/\/www.jaydee.com\/de\/grafische-verarbeitung\/klarsichttaschen\/#breadcrumb","itemListElement":[{"@type":"ListItem","position":1,"name":"Home","item":"https:\/\/www.jaydee.com\/de\/"},{"@type":"ListItem","position":2,"name":"Grafische verarbeitung","item":"https:\/\/www.jaydee.com\/de\/grafische-verarbeitung\/"},{"@type":"ListItem","position":3,"name":"Klarsichttaschen"}]},{"@type":"WebSite","@id":"https:\/\/www.jaydee.com\/nl\/#website","url":"https:\/\/www.jaydee.com\/nl\/","name":"Jay Dee International","description":"Jay Dee","potentialAction":[{"@type":"SearchAction","target":{"@type":"EntryPoint","urlTemplate":"https:\/\/www.jaydee.com\/nl\/?s={search_term_string}"},"query-input":{"@type":"PropertyValueSpecification","valueRequired":true,"valueName":"search_term_string"}}],"inLanguage":"de"}]}},"_links":{"self":[{"href":"https:\/\/www.jaydee.com\/de\/wp-json\/wp\/v2\/pages\/3652","targetHints":{"allow":["GET"]}}],"collection":[{"href":"https:\/\/www.jaydee.com\/de\/wp-json\/wp\/v2\/pages"}],"about":[{"href":"https:\/\/www.jaydee.com\/de\/wp-json\/wp\/v2\/types\/page"}],"author":[{"embeddable":true,"href":"https:\/\/www.jaydee.com\/de\/wp-json\/wp\/v2\/users\/1"}],"replies":[{"embeddable":true,"href":"https:\/\/www.jaydee.com\/de\/wp-json\/wp\/v2\/comments?post=3652"}],"version-history":[{"count":5,"href":"https:\/\/www.jaydee.com\/de\/wp-json\/wp\/v2\/pages\/3652\/revisions"}],"predecessor-version":[{"id":3773,"href":"https:\/\/www.jaydee.com\/de\/wp-json\/wp\/v2\/pages\/3652\/revisions\/3773"}],"up":[{"embeddable":true,"href":"https:\/\/www.jaydee.com\/de\/wp-json\/wp\/v2\/pages\/3640"}],"wp:attachment":[{"href":"https:\/\/www.jaydee.com\/de\/wp-json\/wp\/v2\/media?parent=3652"}],"curies":[{"name":"wp","href":"https:\/\/api.w.org\/{rel}","templated":true}]}}