{"id":3663,"date":"2017-09-18T14:35:10","date_gmt":"2017-09-18T12:35:10","guid":{"rendered":"https:\/\/www.jaydee.com\/?page_id=3663"},"modified":"2017-09-25T12:19:40","modified_gmt":"2017-09-25T10:19:40","slug":"glue-dots","status":"publish","type":"page","link":"https:\/\/www.jaydee.com\/de\/grafische-verarbeitung\/glue-dots\/","title":{"rendered":"Glue dots"},"content":{"rendered":"<section class=\"columns\">\n<article class=\"col col3\">\n<p><img loading=\"lazy\" decoding=\"async\" class=\"alignnone size-medium\" src=\"https:\/\/s3.eu-central-1.amazonaws.com\/jaydee.com\/de\/grafische-verarbeitung\/glue-dots-300x300.jpg\" alt=\"glue dots\" width=\"300\" height=\"300\" \/><\/p><\/article>\n<article class=\"col col23\">\n<p>Glue dots, auch Silikonklebepunkte genannt, sind ideal, um zwei Produkte miteinander zu verbinden. So lassen sich beispielsweise Kundenkarten oder andere K\u00e4rtchen einem Brief beif\u00fcgen. Die Glue dots sind in verschiedenen Klebest\u00e4rken erh\u00e4ltlich: abl\u00f6sbar, halb-permanent und permanent.<\/p>\n<a href=\"https:\/\/www.thesolutionshop.com\/de\/klebebaender\/silikonklebepunkten\" class=\"btn large orange\" target=\"_blank\"><i class=\"fa fa-chevron-right\"><\/i>Klebeb\u00e4nder ansehen<\/a><\/article>\n<\/section>\n<section class=\"columns\">\n<article class=\"col col1\">\n<p>Weitere information \u00fcber:<\/p>\n<ul>\n<li><a href=\"https:\/\/www.jaydee.com\/de\/grafische-verarbeitung\/glue-dots\/#formate\">Formate<\/a><\/li>\n<li><a href=\"https:\/\/www.jaydee.com\/de\/grafische-verarbeitung\/glue-dots\/#ausfuehrungen\">Ausf\u00fchrungen<\/a><\/li>\n<li><a href=\"https:\/\/www.jaydee.com\/de\/grafische-verarbeitung\/glue-dots\/#verwendung-montage\">Verwendung &amp; Montage<\/a><\/li>\n<li><a href=\"https:\/\/www.jaydee.com\/de\/grafische-verarbeitung\/glue-dots\/#zugehoeren\">Zugeh\u00f6ren<\/a><\/li>\n<li><a href=\"https:\/\/www.jaydee.com\/de\/grafische-verarbeitung\/glue-dots\/#haeufige-fragen\">H\u00e4ufige Fragen (FAQ)<\/a><\/li>\n<\/ul><\/article><div class='clearfix'><\/div>\n<\/section>\n<section class=\"columns\">\n<article class=\"col col1\">\n<a name=\"formate\"><\/a><\/p>\n<h2>Welche Gr\u00f6\u00dfen Glue dots gibt es?<\/h2>\n<p>Silikonpunkte sind in einer Standardgr\u00f6\u00dfe mit einem Durchmesser von 6, 9 oder 12 mm erh\u00e4ltlich. Sie k\u00f6nnen zu je 1500, 2000 oder 8000 St\u00fcck bestellt werden. Eine \u00dcbersicht aller Gr\u00f6\u00dfen und Mengen finden Sie in unserem Webshop.<\/p>\n<p><a name=\"ausfuehrungen\"><\/a><\/p>\n<h2>Welche Ausf\u00fchrungen gibt es?<\/h2>\n<p>Wie der Name schon sagt sind Glue dots aus Silikon gefertigt. Im Grunde handelt es sich um Tropfen Klebstoff, die nicht vollst\u00e4ndig ausgeh\u00e4rtet sind.<br \/>\nKlebest\u00e4rken:<\/p>\n<ul>\n<li>Low Tack: abl\u00f6sbar<\/li>\n<li>High Tack: halb-permanent<\/li>\n<li>Super High Tack: permanent<\/li>\n<\/ul>\n<p><a name=\"verwendung-montage\"><\/a><\/p>\n<h2>Verwendung &amp; Montage<\/h2>\n<p>Silikonklebepunkte sind ideal, um Artikel an Mailings, Brosch\u00fcren oder Mappen anzubringen. Je nach Klebest\u00e4rke k\u00f6nnen unterschiedliche Anwendungen fixiert werden. Low-Tack-Punkte werden in der Regel verwendet, um Kundenkarten oder \u00e4hnliches an Briefen anzubringen, damit diese wieder einfach abgel\u00f6st werden k\u00f6nnen.<\/p>\n<p>Super-High-Tack-Punkte kleben am st\u00e4rksten und sind somit ideal, um Klarsichth\u00fcllen oder Taschen dauerhaft an einer Mappe oder einem Ordner anzubringen.<\/p>\n<p><a name=\"zugehoeren\"><\/a><\/p>\n<h2>Das k\u00f6nnte Sie auch interessieren<\/h2>\n<p>In unserem Webshop finden Sie auch praktische Dispenser f\u00fcr Glue dots.<\/p><\/article><div class='clearfix'><\/div>\n<\/section>\n<section class=\"columns\">\n<article class=\"col col4\">\n<p><img loading=\"lazy\" decoding=\"async\" class=\"alignnone size-medium\" src=\"https:\/\/s3.eu-central-1.amazonaws.com\/jaydee.com\/de\/grafische-verarbeitung\/dispenser-150x150.jpg\" alt=\"dispenser\" width=\"150\" height=\"150\" \/><\/p><\/article>\n<article class=\"col col34\">\n<h3>Dispenser<\/h3>\n<p>Mit dem Dispenser ist das Anbringen der Silikon-Tropfen auf Ihrem Produkt kinderleicht. Bitte beachten Sie, dass ein Dispenser nur f\u00fcr eine Verpackung von 1500 Punkten ausreicht. Gr\u00f6\u00dfere Mengen k\u00f6nnen maschinell verarbeitet werden. Wenn Sie an einer Maschine f\u00fcr die automatische Verarbeitung interessiert sind, k\u00f6nnen Sie uns jederzeit kontaktieren.<\/p>\n<a href=\"https:\/\/www.thesolutionshop.com\/de\/klebebaender\/silikonklebepunkten\/handheld-applicator-1500.html\" class=\"btn large orange\" target=\"_blank\"><i class=\"fa fa-chevron-right\"><\/i>Dispenser<\/a><\/article>\n<\/section>\n<section class=\"columns\">\n<article class=\"col col1\">\n<a name=\"haeufige-fragen\"><\/a><\/p>\n<h2>H\u00e4ufige Fragen (FAQ) \u00fcber Glue dots<\/h2>\n<p>Hier finden Sie die haufige Fragen dieses Produkt. F\u00fcr weitere Fragen k\u00f6nnen Sie uns <a href=\"https:\/\/www.jaydee.com\/de\/kontakt\/\">Kontaktieren<\/a>.<\/p>\n<p><strong>Kann ich auch die Silikonklebepunkte in einer anderen St\u00fcckzahl bestellen?<\/strong><\/p>\n<p>Nein, Silikonklebepunkte sind nur pro Verpackung lieferbar.<\/p>\n<p><strong>Welche Form haben die Klebepunkte?<\/strong><\/p>\n<p>Klebepunkte sehen aus wie zusammengedr\u00fcckte Tropfen, die auch Klebescheiben genannt werden.<\/p>\n<p><strong>Welches Doppelseitiges Klebeband hat die gr\u00f6\u00dfte Belastbarkeit?<\/strong><\/p>\n<p>Das permanente Klebeband sorgt f\u00fcr eine dauerhafte, starke Verbindung, beispielsweise von zwei Blatt Papier. Wenn Sie versuchen die Bl\u00e4tter zu trennen, rei\u00dfen diese.<\/p>\n<p>Mit abl\u00f6sbarem Klebeband k\u00f6nnen Sie die Bl\u00e4tter einfach trennen, ohne dass das Papier rei\u00dft. Das Klebeband ist wieder abl\u00f6sbar und mehrere Male wieder verwendbar. Der Klebestoff verliert jedoch jedes Mal an Klebekraft.<\/p><\/article><div class='clearfix'><\/div>\n<\/section>\n","protected":false},"excerpt":{"rendered":"","protected":false},"author":1,"featured_media":0,"parent":3640,"menu_order":0,"comment_status":"closed","ping_status":"closed","template":"","meta":{"footnotes":""},"class_list":["post-3663","page","type-page","status-publish","hentry"],"yoast_head":"<!-- This site is optimized with the Yoast SEO plugin v26.9 - https:\/\/yoast.com\/product\/yoast-seo-wordpress\/ -->\n<title>Glue Dots: Silikonklebepunkte | Jay Dee International<\/title>\n<meta name=\"description\" content=\"Silikonklebepunkte sind verf\u00fcgbar bei Jay Dee International. Glue Dots in verschiedene Ausf\u00fchrungen. Sehen sie hier unser Assortiment an.\" \/>\n<meta name=\"robots\" content=\"index, follow, max-snippet:-1, max-image-preview:large, max-video-preview:-1\" \/>\n<link rel=\"canonical\" href=\"https:\/\/www.jaydee.com\/de\/grafische-verarbeitung\/glue-dots\/\" \/>\n<meta property=\"og:locale\" content=\"de_DE\" \/>\n<meta property=\"og:type\" content=\"article\" \/>\n<meta property=\"og:title\" content=\"Glue Dots: Silikonklebepunkte | Jay Dee International\" \/>\n<meta property=\"og:description\" content=\"Silikonklebepunkte sind verf\u00fcgbar bei Jay Dee International. Glue Dots in verschiedene Ausf\u00fchrungen. Sehen sie hier unser Assortiment an.\" \/>\n<meta property=\"og:url\" content=\"https:\/\/www.jaydee.com\/de\/grafische-verarbeitung\/glue-dots\/\" \/>\n<meta property=\"og:site_name\" content=\"Jay Dee International\" \/>\n<meta property=\"article:modified_time\" content=\"2017-09-25T10:19:40+00:00\" \/>\n<meta property=\"og:image\" content=\"https:\/\/s3.eu-central-1.amazonaws.com\/jaydee.com\/de\/grafische-verarbeitung\/glue-dots-300x300.jpg\" \/>\n<meta name=\"twitter:card\" content=\"summary_large_image\" \/>\n<meta name=\"twitter:label1\" content=\"Gesch\u00e4tzte Lesezeit\" \/>\n\t<meta name=\"twitter:data1\" content=\"3\u00a0Minuten\" \/>\n<script type=\"application\/ld+json\" class=\"yoast-schema-graph\">{\"@context\":\"https:\/\/schema.org\",\"@graph\":[{\"@type\":\"WebPage\",\"@id\":\"https:\/\/www.jaydee.com\/de\/grafische-verarbeitung\/glue-dots\/\",\"url\":\"https:\/\/www.jaydee.com\/de\/grafische-verarbeitung\/glue-dots\/\",\"name\":\"Glue Dots: Silikonklebepunkte | Jay Dee International\",\"isPartOf\":{\"@id\":\"https:\/\/www.jaydee.com\/nl\/#website\"},\"primaryImageOfPage\":{\"@id\":\"https:\/\/www.jaydee.com\/de\/grafische-verarbeitung\/glue-dots\/#primaryimage\"},\"image\":{\"@id\":\"https:\/\/www.jaydee.com\/de\/grafische-verarbeitung\/glue-dots\/#primaryimage\"},\"thumbnailUrl\":\"https:\/\/s3.eu-central-1.amazonaws.com\/jaydee.com\/de\/grafische-verarbeitung\/glue-dots-300x300.jpg\",\"datePublished\":\"2017-09-18T12:35:10+00:00\",\"dateModified\":\"2017-09-25T10:19:40+00:00\",\"description\":\"Silikonklebepunkte sind verf\u00fcgbar bei Jay Dee International. Glue Dots in verschiedene Ausf\u00fchrungen. Sehen sie hier unser Assortiment an.\",\"breadcrumb\":{\"@id\":\"https:\/\/www.jaydee.com\/de\/grafische-verarbeitung\/glue-dots\/#breadcrumb\"},\"inLanguage\":\"de\",\"potentialAction\":[{\"@type\":\"ReadAction\",\"target\":[\"https:\/\/www.jaydee.com\/de\/grafische-verarbeitung\/glue-dots\/\"]}]},{\"@type\":\"ImageObject\",\"inLanguage\":\"de\",\"@id\":\"https:\/\/www.jaydee.com\/de\/grafische-verarbeitung\/glue-dots\/#primaryimage\",\"url\":\"https:\/\/s3.eu-central-1.amazonaws.com\/jaydee.com\/de\/grafische-verarbeitung\/glue-dots-300x300.jpg\",\"contentUrl\":\"https:\/\/s3.eu-central-1.amazonaws.com\/jaydee.com\/de\/grafische-verarbeitung\/glue-dots-300x300.jpg\"},{\"@type\":\"BreadcrumbList\",\"@id\":\"https:\/\/www.jaydee.com\/de\/grafische-verarbeitung\/glue-dots\/#breadcrumb\",\"itemListElement\":[{\"@type\":\"ListItem\",\"position\":1,\"name\":\"Home\",\"item\":\"https:\/\/www.jaydee.com\/de\/\"},{\"@type\":\"ListItem\",\"position\":2,\"name\":\"Grafische verarbeitung\",\"item\":\"https:\/\/www.jaydee.com\/de\/grafische-verarbeitung\/\"},{\"@type\":\"ListItem\",\"position\":3,\"name\":\"Glue dots\"}]},{\"@type\":\"WebSite\",\"@id\":\"https:\/\/www.jaydee.com\/nl\/#website\",\"url\":\"https:\/\/www.jaydee.com\/nl\/\",\"name\":\"Jay Dee International\",\"description\":\"Jay Dee\",\"potentialAction\":[{\"@type\":\"SearchAction\",\"target\":{\"@type\":\"EntryPoint\",\"urlTemplate\":\"https:\/\/www.jaydee.com\/nl\/?s={search_term_string}\"},\"query-input\":{\"@type\":\"PropertyValueSpecification\",\"valueRequired\":true,\"valueName\":\"search_term_string\"}}],\"inLanguage\":\"de\"}]}<\/script>\n<!-- \/ Yoast SEO plugin. -->","yoast_head_json":{"title":"Glue Dots: Silikonklebepunkte | Jay Dee International","description":"Silikonklebepunkte sind verf\u00fcgbar bei Jay Dee International. Glue Dots in verschiedene Ausf\u00fchrungen. Sehen sie hier unser Assortiment an.","robots":{"index":"index","follow":"follow","max-snippet":"max-snippet:-1","max-image-preview":"max-image-preview:large","max-video-preview":"max-video-preview:-1"},"canonical":"https:\/\/www.jaydee.com\/de\/grafische-verarbeitung\/glue-dots\/","og_locale":"de_DE","og_type":"article","og_title":"Glue Dots: Silikonklebepunkte | Jay Dee International","og_description":"Silikonklebepunkte sind verf\u00fcgbar bei Jay Dee International. Glue Dots in verschiedene Ausf\u00fchrungen. Sehen sie hier unser Assortiment an.","og_url":"https:\/\/www.jaydee.com\/de\/grafische-verarbeitung\/glue-dots\/","og_site_name":"Jay Dee International","article_modified_time":"2017-09-25T10:19:40+00:00","og_image":[{"url":"https:\/\/s3.eu-central-1.amazonaws.com\/jaydee.com\/de\/grafische-verarbeitung\/glue-dots-300x300.jpg","type":"","width":"","height":""}],"twitter_card":"summary_large_image","twitter_misc":{"Gesch\u00e4tzte Lesezeit":"3\u00a0Minuten"},"schema":{"@context":"https:\/\/schema.org","@graph":[{"@type":"WebPage","@id":"https:\/\/www.jaydee.com\/de\/grafische-verarbeitung\/glue-dots\/","url":"https:\/\/www.jaydee.com\/de\/grafische-verarbeitung\/glue-dots\/","name":"Glue Dots: Silikonklebepunkte | Jay Dee International","isPartOf":{"@id":"https:\/\/www.jaydee.com\/nl\/#website"},"primaryImageOfPage":{"@id":"https:\/\/www.jaydee.com\/de\/grafische-verarbeitung\/glue-dots\/#primaryimage"},"image":{"@id":"https:\/\/www.jaydee.com\/de\/grafische-verarbeitung\/glue-dots\/#primaryimage"},"thumbnailUrl":"https:\/\/s3.eu-central-1.amazonaws.com\/jaydee.com\/de\/grafische-verarbeitung\/glue-dots-300x300.jpg","datePublished":"2017-09-18T12:35:10+00:00","dateModified":"2017-09-25T10:19:40+00:00","description":"Silikonklebepunkte sind verf\u00fcgbar bei Jay Dee International. Glue Dots in verschiedene Ausf\u00fchrungen. Sehen sie hier unser Assortiment an.","breadcrumb":{"@id":"https:\/\/www.jaydee.com\/de\/grafische-verarbeitung\/glue-dots\/#breadcrumb"},"inLanguage":"de","potentialAction":[{"@type":"ReadAction","target":["https:\/\/www.jaydee.com\/de\/grafische-verarbeitung\/glue-dots\/"]}]},{"@type":"ImageObject","inLanguage":"de","@id":"https:\/\/www.jaydee.com\/de\/grafische-verarbeitung\/glue-dots\/#primaryimage","url":"https:\/\/s3.eu-central-1.amazonaws.com\/jaydee.com\/de\/grafische-verarbeitung\/glue-dots-300x300.jpg","contentUrl":"https:\/\/s3.eu-central-1.amazonaws.com\/jaydee.com\/de\/grafische-verarbeitung\/glue-dots-300x300.jpg"},{"@type":"BreadcrumbList","@id":"https:\/\/www.jaydee.com\/de\/grafische-verarbeitung\/glue-dots\/#breadcrumb","itemListElement":[{"@type":"ListItem","position":1,"name":"Home","item":"https:\/\/www.jaydee.com\/de\/"},{"@type":"ListItem","position":2,"name":"Grafische verarbeitung","item":"https:\/\/www.jaydee.com\/de\/grafische-verarbeitung\/"},{"@type":"ListItem","position":3,"name":"Glue dots"}]},{"@type":"WebSite","@id":"https:\/\/www.jaydee.com\/nl\/#website","url":"https:\/\/www.jaydee.com\/nl\/","name":"Jay Dee International","description":"Jay Dee","potentialAction":[{"@type":"SearchAction","target":{"@type":"EntryPoint","urlTemplate":"https:\/\/www.jaydee.com\/nl\/?s={search_term_string}"},"query-input":{"@type":"PropertyValueSpecification","valueRequired":true,"valueName":"search_term_string"}}],"inLanguage":"de"}]}},"_links":{"self":[{"href":"https:\/\/www.jaydee.com\/de\/wp-json\/wp\/v2\/pages\/3663","targetHints":{"allow":["GET"]}}],"collection":[{"href":"https:\/\/www.jaydee.com\/de\/wp-json\/wp\/v2\/pages"}],"about":[{"href":"https:\/\/www.jaydee.com\/de\/wp-json\/wp\/v2\/types\/page"}],"author":[{"embeddable":true,"href":"https:\/\/www.jaydee.com\/de\/wp-json\/wp\/v2\/users\/1"}],"replies":[{"embeddable":true,"href":"https:\/\/www.jaydee.com\/de\/wp-json\/wp\/v2\/comments?post=3663"}],"version-history":[{"count":4,"href":"https:\/\/www.jaydee.com\/de\/wp-json\/wp\/v2\/pages\/3663\/revisions"}],"predecessor-version":[{"id":3749,"href":"https:\/\/www.jaydee.com\/de\/wp-json\/wp\/v2\/pages\/3663\/revisions\/3749"}],"up":[{"embeddable":true,"href":"https:\/\/www.jaydee.com\/de\/wp-json\/wp\/v2\/pages\/3640"}],"wp:attachment":[{"href":"https:\/\/www.jaydee.com\/de\/wp-json\/wp\/v2\/media?parent=3663"}],"curies":[{"name":"wp","href":"https:\/\/api.w.org\/{rel}","templated":true}]}}