{"id":3671,"date":"2017-09-18T14:39:13","date_gmt":"2017-09-18T12:39:13","guid":{"rendered":"https:\/\/www.jaydee.com\/?page_id=3671"},"modified":"2017-09-26T09:00:16","modified_gmt":"2017-09-26T07:00:16","slug":"heftmechaniken","status":"publish","type":"page","link":"https:\/\/www.jaydee.com\/de\/grafische-verarbeitung\/heftmechaniken\/","title":{"rendered":"Heftmechaniken"},"content":{"rendered":"<section class=\"columns\">\n<article class=\"col col3\">\n<p><img loading=\"lazy\" decoding=\"async\" class=\"alignnone size-medium\" src=\"https:\/\/s3.eu-central-1.amazonaws.com\/jaydee.com\/de\/grafische-verarbeitung\/heftmechaniken-300x300.jpg\" alt=\"heftmechaniken\" width=\"300\" height=\"300\" \/><\/p><\/article>\n<article class=\"col col23\">\n<p>Heftmechaniken, oder Abheftmappen, lassen sich einfach in einer Mappe anbringen und werden zum Verwalten und Archivieren von Schriftst\u00fccken verwendet. In unserem Sortiment finden Sie eine Vielzahl von\u00a0<em>schnellhefter<\/em>\u00a0in verschiedenen Gr\u00f6\u00dfen und Ausf\u00fchrungen<\/p>\n<a href=\"https:\/\/www.thesolutionshop.com\/de\/mechaniken-ordner-zubehor\/heftmechaniken\" class=\"btn large orange\" target=\"_blank\"><i class=\"fa fa-chevron-right\"><\/i>Heftmechaniken ansehen<\/a><\/article>\n<\/section>\n<section class=\"columns\">\n<article class=\"col col1\">\n<p>Weitere information \u00fcber:<\/p>\n<ul>\n<li><a href=\"https:\/\/www.jaydee.com\/de\/grafische-verarbeitung\/heftmechaniken\/#formate\">Formate<\/a><\/li>\n<li><a href=\"https:\/\/www.jaydee.com\/de\/grafische-verarbeitung\/heftmechaniken\/#ausfuehrungen\">Ausf\u00fchrungen<\/a><\/li>\n<li><a href=\"https:\/\/www.jaydee.com\/de\/grafische-verarbeitung\/heftmechaniken\/#verwendung-montage\">Verwendung &amp; Montage<\/a><\/li>\n<li><a href=\"https:\/\/www.jaydee.com\/de\/grafische-verarbeitung\/heftmechaniken\/#zugehoeren\">Zugeh\u00f6ren<\/a><\/li>\n<li><a href=\"https:\/\/www.jaydee.com\/de\/grafische-verarbeitung\/heftmechaniken\/#haeufige-fragen\">H\u00e4ufige Fragen (FAQ)<\/a><\/li>\n<\/ul><\/article><div class='clearfix'><\/div>\n<\/section>\n<section class=\"columns\">\n<article class=\"col col1\">\n<a name=\"formate\"><\/a><\/p>\n<h2>Welche Gr\u00f6\u00dfen Heftmechaniken gibt es?<\/h2>\n<p>Selbstklebende Heftmechaniken oder\u00a0Abheftmappen sind mit einer Grundfl\u00e4che von 150 mm x 20 mm, inklusive Deckleiste und optional mit einem Einh\u00e4ngestreifen erh\u00e4ltlich. Die kunststoffbeschichteten Streifen haben eine L\u00e4nge von 145 mm. Die entsprechenden Abdeckschienen sind in einer L\u00e4nge von 297 mm erh\u00e4ltlich.<\/p>\n<p>Wir liefern auch abheftmappen ohne Klebeschicht in verschiedenen Gr\u00f6\u00dfen. Eine \u00dcbersicht \u00fcber alle verf\u00fcgbaren Gr\u00f6\u00dfen finden Sie auf unserer Website oder kontaktieren Sie uns direkt.<\/p>\n<p><a name=\"ausfuehrungen\"><\/a><\/p>\n<h2>Welche Ausf\u00fchrungen gibt es?<\/h2>\n<p>Selbstklebende schnellhefter sind mit einer Klebeschicht ausgestattet, mit denen der Streifen direkt am Ordner angebracht werden kann. Die Metallstreifen sind mit oder ohne sch\u00fctzende Endkappen erh\u00e4ltlich. Die Kunststoff-Ausf\u00fchrung ist in de Farben Schwarz und Wei\u00df lieferbar f\u00fcr schnellhefter:<\/p>\n<ul>\n<li>inklusive Deckleiste<\/li>\n<li>inklusive Deckleiste + Einh\u00e4ngestreifen<\/li>\n<li>Optional: Abdeckschiene zum Abdecken der Heftmechanik<\/li>\n<\/ul>\n<p>In unserem Webshop finden Sie auch nicht selbstklebende schnellhefter und Bindesysteme, die lose verwendet werden k\u00f6nnen. Diese werden folgenderma\u00dfen geliefert:<\/p>\n<ul>\n<li>Klebestreifen kunststoffbeschichtet<\/li>\n<li>Einh\u00e4ngestreifen aus Plastik (f\u00fcr Einh\u00e4ngeakten)<\/li>\n<li>Abheftmappen mit Schiene<\/li>\n<li>Zeitschriften-Halter<\/li>\n<li>Bogen-Clips A<\/li>\n<li>Abdeckschiene<\/li>\n<\/ul>\n<p><a name=\"verwendung-montage\"><\/a><\/p>\n<h2>Verwendung &amp; Montage<\/h2>\n<p>Selbstklebende Heftmechaniken lassen sich durch den Klebestreifen einfach an einen Plastik-Ordner anbringen, um Ihre Schriftst\u00fccke und Drucksachen zu organisieren oder zu archivieren.<\/p>\n<p>Sie k\u00f6nnen sich aber auch f\u00fcr einen abheftmap ohne Ordner oder Mappe entscheiden. In unserem Sortiment finden Sie verschiedene nicht selbstklebende Abheftmappen, beispielsweise f\u00fcr Schriftst\u00fccke, Zeitschriften oder Drucksachen.<\/p>\n<p><a name=\"zugehoeren\"><\/a><\/p>\n<h2>Das k\u00f6nnte Sie auch interessieren<\/h2>\n<p>Weiterhin gibt es die M\u00f6glichkeit einer Abdeckschiene, mit der die Heftmechanik fein s\u00e4uberlich verdeckt werden kann.<\/p><\/article><div class='clearfix'><\/div>\n<\/section>\n<section class=\"columns\">\n<article class=\"col col4\">\n<p><img loading=\"lazy\" decoding=\"async\" class=\"alignnone size-medium\" src=\"https:\/\/s3.eu-central-1.amazonaws.com\/jaydee.com\/de\/grafische-verarbeitung\/heftmechaniken-150x150.jpg\" alt=\"heftmechaniken\" width=\"150\" height=\"150\" \/><\/p><\/article>\n<article class=\"col col34\">\n<h3>Abdeckschiene f\u00fcr schnellhefter<\/h3>\n<p>Abdeckschienen sind in den Farben Wei\u00df oder Schwarz mit einer L\u00e4nge von 297 mm erh\u00e4ltlich. Diese passen genau auf die 150 x 20 mm-gro\u00dfen selbstklebenden schnellhefter. In unserem Webshop finden Sie alle Abheftmappen und Abdeckschienen, die auch einzeln erh\u00e4ltlich sind.<\/p>\n<a href=\"https:\/\/www.thesolutionshop.com\/de\/mechaniken-ordner-zubehor\/heftmechaniken\" class=\"btn large orange\" target=\"_blank\"><i class=\"fa fa-chevron-right\"><\/i>Abdeckschienen ansehen<\/a><\/article>\n<\/section>\n<section class=\"columns\">\n<article class=\"col col1\">\n<a name=\"haeufige-fragen\"><\/a><\/p>\n<h2>H\u00e4ufige Fragen (FAQ) \u00fcber Glue dots<\/h2>\n<p>Hier finden Sie die haufige Fragen dieses Produkt. F\u00fcr weitere Fragen k\u00f6nnen Sie uns <a href=\"https:\/\/www.jaydee.com\/de\/kontakt\/\">Kontaktieren<\/a>.<\/p>\n<p><strong>Wie viel passt in einen schnellhefter?<\/strong><\/p>\n<p>Das ist sehr unterschiedlich. Wenn Sie beispielsweise einen selbstklebenden abheftmappen\u00a0im Standardformat mit einem Streifen von 145 mm und einer Perforation von 80 mm bestellen, dann bleiben Ihnen 65 mm bzw. 32,5 mm auf jeder Seite.<\/p>\n<p>Der Streifen muss auch noch umgebogen werden, damit die Dokumente nicht verrutschen. In den abheftmappen k\u00f6nnen Stapel bis zu 2,5 cm abgeheftet werden.<\/p>\n<p><strong>K\u00f6nnen schnellhefter auch f\u00fcr gr\u00f6\u00dfere Stapel bestellt werden?<\/strong><\/p>\n<p>Ja, in diesem Fall m\u00fcssen Sie einem gr\u00f6\u00dferen Format bestellen. Wenn die Abmessungen Ihrer Stapel bekannt sind, k\u00f6nnen Sie wie in Frage 1 berechnen, wie gro\u00df Ihre Abheftmap sein m\u00fcssen.<\/p>\n<p><strong>Gibt es auch farbige Abheftmappen?<\/strong><\/p>\n<p>Nein, wir liefern Abheftmappennur in den Farben Schwarz und Wei\u00df.<\/p><\/article><div class='clearfix'><\/div>\n<\/section>\n","protected":false},"excerpt":{"rendered":"","protected":false},"author":1,"featured_media":0,"parent":3640,"menu_order":0,"comment_status":"closed","ping_status":"closed","template":"","meta":{"footnotes":""},"class_list":["post-3671","page","type-page","status-publish","hentry"],"yoast_head":"<!-- This site is optimized with the Yoast SEO plugin v26.9 - https:\/\/yoast.com\/product\/yoast-seo-wordpress\/ -->\n<title>Heftmechaniken: Schnellhefter und Abdeckschiene | Jay Dee International<\/title>\n<meta name=\"description\" content=\"Heftmechaniken f\u00fcr Schnellhefter sind verf\u00fcgbar bei Jay Dee International. Es gibt auch Abdeckschienen. Sehen Sie hier unser Asortiment an.\" \/>\n<meta name=\"robots\" content=\"index, follow, max-snippet:-1, max-image-preview:large, max-video-preview:-1\" \/>\n<link rel=\"canonical\" href=\"https:\/\/www.jaydee.com\/de\/grafische-verarbeitung\/heftmechaniken\/\" \/>\n<meta property=\"og:locale\" content=\"de_DE\" \/>\n<meta property=\"og:type\" content=\"article\" \/>\n<meta property=\"og:title\" content=\"Heftmechaniken: Schnellhefter und Abdeckschiene | Jay Dee International\" \/>\n<meta property=\"og:description\" content=\"Heftmechaniken f\u00fcr Schnellhefter sind verf\u00fcgbar bei Jay Dee International. Es gibt auch Abdeckschienen. Sehen Sie hier unser Asortiment an.\" \/>\n<meta property=\"og:url\" content=\"https:\/\/www.jaydee.com\/de\/grafische-verarbeitung\/heftmechaniken\/\" \/>\n<meta property=\"og:site_name\" content=\"Jay Dee International\" \/>\n<meta property=\"article:modified_time\" content=\"2017-09-26T07:00:16+00:00\" \/>\n<meta property=\"og:image\" content=\"https:\/\/s3.eu-central-1.amazonaws.com\/jaydee.com\/de\/grafische-verarbeitung\/heftmechaniken-300x300.jpg\" \/>\n<meta name=\"twitter:card\" content=\"summary_large_image\" \/>\n<meta name=\"twitter:label1\" content=\"Gesch\u00e4tzte Lesezeit\" \/>\n\t<meta name=\"twitter:data1\" content=\"3\u00a0Minuten\" \/>\n<script type=\"application\/ld+json\" class=\"yoast-schema-graph\">{\"@context\":\"https:\/\/schema.org\",\"@graph\":[{\"@type\":\"WebPage\",\"@id\":\"https:\/\/www.jaydee.com\/de\/grafische-verarbeitung\/heftmechaniken\/\",\"url\":\"https:\/\/www.jaydee.com\/de\/grafische-verarbeitung\/heftmechaniken\/\",\"name\":\"Heftmechaniken: Schnellhefter und Abdeckschiene | Jay Dee International\",\"isPartOf\":{\"@id\":\"https:\/\/www.jaydee.com\/nl\/#website\"},\"primaryImageOfPage\":{\"@id\":\"https:\/\/www.jaydee.com\/de\/grafische-verarbeitung\/heftmechaniken\/#primaryimage\"},\"image\":{\"@id\":\"https:\/\/www.jaydee.com\/de\/grafische-verarbeitung\/heftmechaniken\/#primaryimage\"},\"thumbnailUrl\":\"https:\/\/s3.eu-central-1.amazonaws.com\/jaydee.com\/de\/grafische-verarbeitung\/heftmechaniken-300x300.jpg\",\"datePublished\":\"2017-09-18T12:39:13+00:00\",\"dateModified\":\"2017-09-26T07:00:16+00:00\",\"description\":\"Heftmechaniken f\u00fcr Schnellhefter sind verf\u00fcgbar bei Jay Dee International. Es gibt auch Abdeckschienen. Sehen Sie hier unser Asortiment an.\",\"breadcrumb\":{\"@id\":\"https:\/\/www.jaydee.com\/de\/grafische-verarbeitung\/heftmechaniken\/#breadcrumb\"},\"inLanguage\":\"de\",\"potentialAction\":[{\"@type\":\"ReadAction\",\"target\":[\"https:\/\/www.jaydee.com\/de\/grafische-verarbeitung\/heftmechaniken\/\"]}]},{\"@type\":\"ImageObject\",\"inLanguage\":\"de\",\"@id\":\"https:\/\/www.jaydee.com\/de\/grafische-verarbeitung\/heftmechaniken\/#primaryimage\",\"url\":\"https:\/\/s3.eu-central-1.amazonaws.com\/jaydee.com\/de\/grafische-verarbeitung\/heftmechaniken-300x300.jpg\",\"contentUrl\":\"https:\/\/s3.eu-central-1.amazonaws.com\/jaydee.com\/de\/grafische-verarbeitung\/heftmechaniken-300x300.jpg\"},{\"@type\":\"BreadcrumbList\",\"@id\":\"https:\/\/www.jaydee.com\/de\/grafische-verarbeitung\/heftmechaniken\/#breadcrumb\",\"itemListElement\":[{\"@type\":\"ListItem\",\"position\":1,\"name\":\"Home\",\"item\":\"https:\/\/www.jaydee.com\/de\/\"},{\"@type\":\"ListItem\",\"position\":2,\"name\":\"Grafische verarbeitung\",\"item\":\"https:\/\/www.jaydee.com\/de\/grafische-verarbeitung\/\"},{\"@type\":\"ListItem\",\"position\":3,\"name\":\"Heftmechaniken\"}]},{\"@type\":\"WebSite\",\"@id\":\"https:\/\/www.jaydee.com\/nl\/#website\",\"url\":\"https:\/\/www.jaydee.com\/nl\/\",\"name\":\"Jay Dee International\",\"description\":\"Jay Dee\",\"potentialAction\":[{\"@type\":\"SearchAction\",\"target\":{\"@type\":\"EntryPoint\",\"urlTemplate\":\"https:\/\/www.jaydee.com\/nl\/?s={search_term_string}\"},\"query-input\":{\"@type\":\"PropertyValueSpecification\",\"valueRequired\":true,\"valueName\":\"search_term_string\"}}],\"inLanguage\":\"de\"}]}<\/script>\n<!-- \/ Yoast SEO plugin. -->","yoast_head_json":{"title":"Heftmechaniken: Schnellhefter und Abdeckschiene | Jay Dee International","description":"Heftmechaniken f\u00fcr Schnellhefter sind verf\u00fcgbar bei Jay Dee International. Es gibt auch Abdeckschienen. Sehen Sie hier unser Asortiment an.","robots":{"index":"index","follow":"follow","max-snippet":"max-snippet:-1","max-image-preview":"max-image-preview:large","max-video-preview":"max-video-preview:-1"},"canonical":"https:\/\/www.jaydee.com\/de\/grafische-verarbeitung\/heftmechaniken\/","og_locale":"de_DE","og_type":"article","og_title":"Heftmechaniken: Schnellhefter und Abdeckschiene | Jay Dee International","og_description":"Heftmechaniken f\u00fcr Schnellhefter sind verf\u00fcgbar bei Jay Dee International. Es gibt auch Abdeckschienen. Sehen Sie hier unser Asortiment an.","og_url":"https:\/\/www.jaydee.com\/de\/grafische-verarbeitung\/heftmechaniken\/","og_site_name":"Jay Dee International","article_modified_time":"2017-09-26T07:00:16+00:00","og_image":[{"url":"https:\/\/s3.eu-central-1.amazonaws.com\/jaydee.com\/de\/grafische-verarbeitung\/heftmechaniken-300x300.jpg","type":"","width":"","height":""}],"twitter_card":"summary_large_image","twitter_misc":{"Gesch\u00e4tzte Lesezeit":"3\u00a0Minuten"},"schema":{"@context":"https:\/\/schema.org","@graph":[{"@type":"WebPage","@id":"https:\/\/www.jaydee.com\/de\/grafische-verarbeitung\/heftmechaniken\/","url":"https:\/\/www.jaydee.com\/de\/grafische-verarbeitung\/heftmechaniken\/","name":"Heftmechaniken: Schnellhefter und Abdeckschiene | Jay Dee International","isPartOf":{"@id":"https:\/\/www.jaydee.com\/nl\/#website"},"primaryImageOfPage":{"@id":"https:\/\/www.jaydee.com\/de\/grafische-verarbeitung\/heftmechaniken\/#primaryimage"},"image":{"@id":"https:\/\/www.jaydee.com\/de\/grafische-verarbeitung\/heftmechaniken\/#primaryimage"},"thumbnailUrl":"https:\/\/s3.eu-central-1.amazonaws.com\/jaydee.com\/de\/grafische-verarbeitung\/heftmechaniken-300x300.jpg","datePublished":"2017-09-18T12:39:13+00:00","dateModified":"2017-09-26T07:00:16+00:00","description":"Heftmechaniken f\u00fcr Schnellhefter sind verf\u00fcgbar bei Jay Dee International. Es gibt auch Abdeckschienen. Sehen Sie hier unser Asortiment an.","breadcrumb":{"@id":"https:\/\/www.jaydee.com\/de\/grafische-verarbeitung\/heftmechaniken\/#breadcrumb"},"inLanguage":"de","potentialAction":[{"@type":"ReadAction","target":["https:\/\/www.jaydee.com\/de\/grafische-verarbeitung\/heftmechaniken\/"]}]},{"@type":"ImageObject","inLanguage":"de","@id":"https:\/\/www.jaydee.com\/de\/grafische-verarbeitung\/heftmechaniken\/#primaryimage","url":"https:\/\/s3.eu-central-1.amazonaws.com\/jaydee.com\/de\/grafische-verarbeitung\/heftmechaniken-300x300.jpg","contentUrl":"https:\/\/s3.eu-central-1.amazonaws.com\/jaydee.com\/de\/grafische-verarbeitung\/heftmechaniken-300x300.jpg"},{"@type":"BreadcrumbList","@id":"https:\/\/www.jaydee.com\/de\/grafische-verarbeitung\/heftmechaniken\/#breadcrumb","itemListElement":[{"@type":"ListItem","position":1,"name":"Home","item":"https:\/\/www.jaydee.com\/de\/"},{"@type":"ListItem","position":2,"name":"Grafische verarbeitung","item":"https:\/\/www.jaydee.com\/de\/grafische-verarbeitung\/"},{"@type":"ListItem","position":3,"name":"Heftmechaniken"}]},{"@type":"WebSite","@id":"https:\/\/www.jaydee.com\/nl\/#website","url":"https:\/\/www.jaydee.com\/nl\/","name":"Jay Dee International","description":"Jay Dee","potentialAction":[{"@type":"SearchAction","target":{"@type":"EntryPoint","urlTemplate":"https:\/\/www.jaydee.com\/nl\/?s={search_term_string}"},"query-input":{"@type":"PropertyValueSpecification","valueRequired":true,"valueName":"search_term_string"}}],"inLanguage":"de"}]}},"_links":{"self":[{"href":"https:\/\/www.jaydee.com\/de\/wp-json\/wp\/v2\/pages\/3671","targetHints":{"allow":["GET"]}}],"collection":[{"href":"https:\/\/www.jaydee.com\/de\/wp-json\/wp\/v2\/pages"}],"about":[{"href":"https:\/\/www.jaydee.com\/de\/wp-json\/wp\/v2\/types\/page"}],"author":[{"embeddable":true,"href":"https:\/\/www.jaydee.com\/de\/wp-json\/wp\/v2\/users\/1"}],"replies":[{"embeddable":true,"href":"https:\/\/www.jaydee.com\/de\/wp-json\/wp\/v2\/comments?post=3671"}],"version-history":[{"count":4,"href":"https:\/\/www.jaydee.com\/de\/wp-json\/wp\/v2\/pages\/3671\/revisions"}],"predecessor-version":[{"id":3774,"href":"https:\/\/www.jaydee.com\/de\/wp-json\/wp\/v2\/pages\/3671\/revisions\/3774"}],"up":[{"embeddable":true,"href":"https:\/\/www.jaydee.com\/de\/wp-json\/wp\/v2\/pages\/3640"}],"wp:attachment":[{"href":"https:\/\/www.jaydee.com\/de\/wp-json\/wp\/v2\/media?parent=3671"}],"curies":[{"name":"wp","href":"https:\/\/api.w.org\/{rel}","templated":true}]}}