{"id":3674,"date":"2017-09-18T14:41:31","date_gmt":"2017-09-18T12:41:31","guid":{"rendered":"https:\/\/www.jaydee.com\/?page_id=3674"},"modified":"2017-10-16T13:44:28","modified_gmt":"2017-10-16T11:44:28","slug":"praesentationsartikeln","status":"publish","type":"page","link":"https:\/\/www.jaydee.com\/de\/praesentationsartikeln\/","title":{"rendered":"Pr\u00e4sentationsartikeln"},"content":{"rendered":"<p>Pr\u00e4sentationsartikeln\u00a0sind Materialien, mit denen Sie Ihr Produkte bei Kundenbesuchen und Messeauftritten pr\u00e4sentieren k\u00f6nnen. So lassen sich Ihre Artikel in einem Pr\u00e4sentations- bzw. Musterkoffer bequem transportieren oder Ihre Musterf\u00e4cher und\/oder Musterkollektionen repr\u00e4sentativ aufh\u00e4ngen.<\/p>\n<h2>Pr\u00e4sentationsartikeln\u00a0bei Jay Dee International:<\/h2>\n<section class=\"columns\">\n<article class=\"col col4\">\n<div style=\"width: 160px\" class=\"wp-caption alignnone\"><a href=\"https:\/\/www.jaydee.com\/de\/praesentationsartikeln\/gurtband\/\"><img loading=\"lazy\" decoding=\"async\" class=\"size-medium\" src=\"https:\/\/s3.eu-central-1.amazonaws.com\/jaydee.com\/de\/praesentationsartikeln\/gurtband-150x150.jpg\" alt=\"Gurtband\" width=\"150\" height=\"150\" \/><\/a><p class=\"wp-caption-text\">Gurtband<\/p><\/div><\/article>\n<article class=\"col col4\">\n<div style=\"width: 160px\" class=\"wp-caption alignnone\"><a href=\"https:\/\/www.jaydee.com\/de\/praesentationsartikeln\/heftringe\/\"><img loading=\"lazy\" decoding=\"async\" class=\"size-medium\" src=\"https:\/\/s3.eu-central-1.amazonaws.com\/jaydee.com\/de\/praesentationsartikeln\/heftringe-150x150.jpg\" alt=\"Heftringe\" width=\"150\" height=\"150\" \/><\/a><p class=\"wp-caption-text\">Heftringe<\/p><\/div><\/article>\n<article class=\"col col4\">\n<div style=\"width: 160px\" class=\"wp-caption alignnone\"><a href=\"https:\/\/www.jaydee.com\/de\/praesentationsartikeln\/kollektionshaken\/\"><img loading=\"lazy\" decoding=\"async\" class=\"size-medium\" src=\"https:\/\/s3.eu-central-1.amazonaws.com\/jaydee.com\/de\/praesentationsartikeln\/kollektionshaken-150x150.jpg\" alt=\"Kollektionshaken\" width=\"150\" height=\"150\" \/><\/a><p class=\"wp-caption-text\">Kollektionshaken<\/p><\/div><\/article>\n<article class=\"col col4\">\n<div style=\"width: 160px\" class=\"wp-caption alignnone\"><a href=\"https:\/\/www.jaydee.com\/de\/praesentationsartikeln\/kordel\/\"><img loading=\"lazy\" decoding=\"async\" class=\"size-medium\" src=\"https:\/\/s3.eu-central-1.amazonaws.com\/jaydee.com\/de\/praesentationsartikeln\/kordel-150x150.jpg\" alt=\"Kordel\" width=\"150\" height=\"150\" \/><\/a><p class=\"wp-caption-text\">Kordel<\/p><\/div><\/article>\n<\/section>\n<section class=\"columns\">\n<article class=\"col col4\">\n<div style=\"width: 160px\" class=\"wp-caption alignnone\"><a href=\"https:\/\/www.jaydee.com\/de\/praesentationsartikeln\/kugelketten\/\"><img loading=\"lazy\" decoding=\"async\" class=\"size-medium\" src=\"https:\/\/s3.eu-central-1.amazonaws.com\/jaydee.com\/de\/praesentationsartikeln\/kugelketten-150x150.jpg\" alt=\"Kugelketten\" width=\"150\" height=\"150\" \/><\/a><p class=\"wp-caption-text\">Kugelketten<\/p><\/div><\/article>\n<article class=\"col col4\">\n<div style=\"width: 160px\" class=\"wp-caption alignnone\"><a href=\"https:\/\/www.jaydee.com\/de\/praesentationsartikeln\/tragegriffe\/\"><img loading=\"lazy\" decoding=\"async\" class=\"size-medium\" src=\"https:\/\/s3.eu-central-1.amazonaws.com\/jaydee.com\/de\/praesentationsartikeln\/tragegriffe-150x150.jpg\" alt=\"Tragegriffe\" width=\"150\" height=\"150\" \/><\/a><p class=\"wp-caption-text\">Tragegriffe<\/p><\/div><\/article>\n<article class=\"col col4\">\n<div style=\"width: 160px\" class=\"wp-caption alignnone\"><a href=\"https:\/\/www.jaydee.com\/de\/praesentationsartikeln\/trageschlaufen\/\"><img loading=\"lazy\" decoding=\"async\" class=\"size-medium\" src=\"https:\/\/s3.eu-central-1.amazonaws.com\/jaydee.com\/de\/praesentationsartikeln\/trageschlaufen-150x150.jpg\" alt=\"Trageschlaufen\" width=\"150\" height=\"150\" \/><\/a><p class=\"wp-caption-text\">Trageschlaufen<\/p><\/div><\/article>\n<article class=\"col col4\">\n<div style=\"width: 160px\" class=\"wp-caption alignnone\"><a href=\"https:\/\/www.jaydee.com\/de\/praesentationsartikeln\/verschluesse\/\"><img loading=\"lazy\" decoding=\"async\" class=\"size-medium\" src=\"https:\/\/s3.eu-central-1.amazonaws.com\/jaydee.com\/de\/praesentationsartikeln\/verschluesse-150x150.jpg\" alt=\"Versch\u00fcsse\" width=\"150\" height=\"150\" \/><\/a><p class=\"wp-caption-text\">Verschl\u00fcsse<\/p><\/div><\/article>\n<\/section>\n<h2>Pr\u00e4sentationsartikeln bei Jay Dee International<\/h2>\n<section class=\"columns\">\n<article class=\"col col2\">\n<p>Sie suchen nach Tragem\u00f6glichkeiten f\u00fcr Koffer, Musterb\u00fcgel oder Mappen? Das k\u00f6nnte Sie interessieren. Wir bieten Trageschlaufen, Griffe, Kordel und Webb\u00e4nder. Pr\u00e4sentationskoffer sind h\u00e4ufig mit Verschl\u00fcssen ausgestattet, die einen schnellen und bequemen Zugriff erlauben.<\/p>\n<p>Sie m\u00f6chten einen Musterf\u00e4cher, eine Musterkollektion oder ein anderes Produkt zur Pr\u00e4sentation aufh\u00e4ngen? In unserem Sortiment werden Sie f\u00fcndig, wir liefern Haken, Kugelketten oder Heftringe!<\/p>\n<p>Nicht gefunden, was Sie gesucht haben? Weitere Pr\u00e4sentationsartikel finden Sie in den Rubriken <a href=\"https:\/\/www.jaydee.com\/de\/grafische-verarbeitung\/\">Grafische Verarbeitung<\/a> und <a href=\"https:\/\/www.jaydee.com\/de\/befestigungsartikeln\/\">Befestigungsartikel<\/a>!<\/p><\/article>\n<article class=\"col col2\">\n<p><img loading=\"lazy\" decoding=\"async\" class=\"alignnone\" src=\"https:\/\/s3.eu-central-1.amazonaws.com\/jaydee.com\/de\/home\/praesentationsartikeln-450x300.jpg\" alt=\"Pr\u00e4sentationsartikeln\" width=\"450\" height=\"300\" \/><\/p><\/article>\n<\/section>\n","protected":false},"excerpt":{"rendered":"<p>Pr\u00e4sentationsartikeln\u00a0sind Materialien, mit denen Sie Ihr Produkte bei Kundenbesuchen und Messeauftritten pr\u00e4sentieren k\u00f6nnen. So lassen sich Ihre Artikel in einem Pr\u00e4sentations- bzw. Musterkoffer bequem transportieren oder Ihre Musterf\u00e4cher und\/oder Musterkollektionen repr\u00e4sentativ aufh\u00e4ngen. Pr\u00e4sentationsartikeln\u00a0bei Jay Dee International: Pr\u00e4sentationsartikeln bei Jay Dee International<\/p>\n","protected":false},"author":1,"featured_media":0,"parent":0,"menu_order":0,"comment_status":"closed","ping_status":"closed","template":"","meta":{"footnotes":""},"class_list":["post-3674","page","type-page","status-publish","hentry"],"yoast_head":"<!-- This site is optimized with the Yoast SEO plugin v26.9 - https:\/\/yoast.com\/product\/yoast-seo-wordpress\/ -->\n<title>Pr\u00e4sentationsartikeln: Produkte pr\u00e4sentieren | Jay Dee International<\/title>\n<meta name=\"description\" content=\"Suchen Sie Pr\u00e4sentationsartikeln? Ihre Produkte bei Kundenbesuchen und Messeauftritten pr\u00e4sentieren. Sehen Sie hier unser Sortiment an!\" \/>\n<meta name=\"robots\" content=\"index, follow, max-snippet:-1, max-image-preview:large, max-video-preview:-1\" \/>\n<link rel=\"canonical\" href=\"https:\/\/www.jaydee.com\/de\/praesentationsartikeln\/\" \/>\n<meta property=\"og:locale\" content=\"de_DE\" \/>\n<meta property=\"og:type\" content=\"article\" \/>\n<meta property=\"og:title\" content=\"Pr\u00e4sentationsartikeln: Produkte pr\u00e4sentieren | Jay Dee International\" \/>\n<meta property=\"og:description\" content=\"Suchen Sie Pr\u00e4sentationsartikeln? Ihre Produkte bei Kundenbesuchen und Messeauftritten pr\u00e4sentieren. Sehen Sie hier unser Sortiment an!\" \/>\n<meta property=\"og:url\" content=\"https:\/\/www.jaydee.com\/de\/praesentationsartikeln\/\" \/>\n<meta property=\"og:site_name\" content=\"Jay Dee International\" \/>\n<meta property=\"article:modified_time\" content=\"2017-10-16T11:44:28+00:00\" \/>\n<meta property=\"og:image\" content=\"https:\/\/s3.eu-central-1.amazonaws.com\/jaydee.com\/de\/praesentationsartikeln\/gurtband-150x150.jpg\" \/>\n<meta name=\"twitter:card\" content=\"summary_large_image\" \/>\n<meta name=\"twitter:label1\" content=\"Gesch\u00e4tzte Lesezeit\" \/>\n\t<meta name=\"twitter:data1\" content=\"1\u00a0Minute\" \/>\n<script type=\"application\/ld+json\" class=\"yoast-schema-graph\">{\"@context\":\"https:\/\/schema.org\",\"@graph\":[{\"@type\":\"WebPage\",\"@id\":\"https:\/\/www.jaydee.com\/de\/praesentationsartikeln\/\",\"url\":\"https:\/\/www.jaydee.com\/de\/praesentationsartikeln\/\",\"name\":\"Pr\u00e4sentationsartikeln: Produkte pr\u00e4sentieren | Jay Dee International\",\"isPartOf\":{\"@id\":\"https:\/\/www.jaydee.com\/nl\/#website\"},\"primaryImageOfPage\":{\"@id\":\"https:\/\/www.jaydee.com\/de\/praesentationsartikeln\/#primaryimage\"},\"image\":{\"@id\":\"https:\/\/www.jaydee.com\/de\/praesentationsartikeln\/#primaryimage\"},\"thumbnailUrl\":\"https:\/\/s3.eu-central-1.amazonaws.com\/jaydee.com\/de\/praesentationsartikeln\/gurtband-150x150.jpg\",\"datePublished\":\"2017-09-18T12:41:31+00:00\",\"dateModified\":\"2017-10-16T11:44:28+00:00\",\"description\":\"Suchen Sie Pr\u00e4sentationsartikeln? Ihre Produkte bei Kundenbesuchen und Messeauftritten pr\u00e4sentieren. Sehen Sie hier unser Sortiment an!\",\"breadcrumb\":{\"@id\":\"https:\/\/www.jaydee.com\/de\/praesentationsartikeln\/#breadcrumb\"},\"inLanguage\":\"de\",\"potentialAction\":[{\"@type\":\"ReadAction\",\"target\":[\"https:\/\/www.jaydee.com\/de\/praesentationsartikeln\/\"]}]},{\"@type\":\"ImageObject\",\"inLanguage\":\"de\",\"@id\":\"https:\/\/www.jaydee.com\/de\/praesentationsartikeln\/#primaryimage\",\"url\":\"https:\/\/s3.eu-central-1.amazonaws.com\/jaydee.com\/de\/praesentationsartikeln\/gurtband-150x150.jpg\",\"contentUrl\":\"https:\/\/s3.eu-central-1.amazonaws.com\/jaydee.com\/de\/praesentationsartikeln\/gurtband-150x150.jpg\"},{\"@type\":\"BreadcrumbList\",\"@id\":\"https:\/\/www.jaydee.com\/de\/praesentationsartikeln\/#breadcrumb\",\"itemListElement\":[{\"@type\":\"ListItem\",\"position\":1,\"name\":\"Home\",\"item\":\"https:\/\/www.jaydee.com\/de\/\"},{\"@type\":\"ListItem\",\"position\":2,\"name\":\"Pr\u00e4sentationsartikeln\"}]},{\"@type\":\"WebSite\",\"@id\":\"https:\/\/www.jaydee.com\/nl\/#website\",\"url\":\"https:\/\/www.jaydee.com\/nl\/\",\"name\":\"Jay Dee International\",\"description\":\"Jay Dee\",\"potentialAction\":[{\"@type\":\"SearchAction\",\"target\":{\"@type\":\"EntryPoint\",\"urlTemplate\":\"https:\/\/www.jaydee.com\/nl\/?s={search_term_string}\"},\"query-input\":{\"@type\":\"PropertyValueSpecification\",\"valueRequired\":true,\"valueName\":\"search_term_string\"}}],\"inLanguage\":\"de\"}]}<\/script>\n<!-- \/ Yoast SEO plugin. -->","yoast_head_json":{"title":"Pr\u00e4sentationsartikeln: Produkte pr\u00e4sentieren | Jay Dee International","description":"Suchen Sie Pr\u00e4sentationsartikeln? Ihre Produkte bei Kundenbesuchen und Messeauftritten pr\u00e4sentieren. Sehen Sie hier unser Sortiment an!","robots":{"index":"index","follow":"follow","max-snippet":"max-snippet:-1","max-image-preview":"max-image-preview:large","max-video-preview":"max-video-preview:-1"},"canonical":"https:\/\/www.jaydee.com\/de\/praesentationsartikeln\/","og_locale":"de_DE","og_type":"article","og_title":"Pr\u00e4sentationsartikeln: Produkte pr\u00e4sentieren | Jay Dee International","og_description":"Suchen Sie Pr\u00e4sentationsartikeln? Ihre Produkte bei Kundenbesuchen und Messeauftritten pr\u00e4sentieren. Sehen Sie hier unser Sortiment an!","og_url":"https:\/\/www.jaydee.com\/de\/praesentationsartikeln\/","og_site_name":"Jay Dee International","article_modified_time":"2017-10-16T11:44:28+00:00","og_image":[{"url":"https:\/\/s3.eu-central-1.amazonaws.com\/jaydee.com\/de\/praesentationsartikeln\/gurtband-150x150.jpg","type":"","width":"","height":""}],"twitter_card":"summary_large_image","twitter_misc":{"Gesch\u00e4tzte Lesezeit":"1\u00a0Minute"},"schema":{"@context":"https:\/\/schema.org","@graph":[{"@type":"WebPage","@id":"https:\/\/www.jaydee.com\/de\/praesentationsartikeln\/","url":"https:\/\/www.jaydee.com\/de\/praesentationsartikeln\/","name":"Pr\u00e4sentationsartikeln: Produkte pr\u00e4sentieren | Jay Dee International","isPartOf":{"@id":"https:\/\/www.jaydee.com\/nl\/#website"},"primaryImageOfPage":{"@id":"https:\/\/www.jaydee.com\/de\/praesentationsartikeln\/#primaryimage"},"image":{"@id":"https:\/\/www.jaydee.com\/de\/praesentationsartikeln\/#primaryimage"},"thumbnailUrl":"https:\/\/s3.eu-central-1.amazonaws.com\/jaydee.com\/de\/praesentationsartikeln\/gurtband-150x150.jpg","datePublished":"2017-09-18T12:41:31+00:00","dateModified":"2017-10-16T11:44:28+00:00","description":"Suchen Sie Pr\u00e4sentationsartikeln? Ihre Produkte bei Kundenbesuchen und Messeauftritten pr\u00e4sentieren. Sehen Sie hier unser Sortiment an!","breadcrumb":{"@id":"https:\/\/www.jaydee.com\/de\/praesentationsartikeln\/#breadcrumb"},"inLanguage":"de","potentialAction":[{"@type":"ReadAction","target":["https:\/\/www.jaydee.com\/de\/praesentationsartikeln\/"]}]},{"@type":"ImageObject","inLanguage":"de","@id":"https:\/\/www.jaydee.com\/de\/praesentationsartikeln\/#primaryimage","url":"https:\/\/s3.eu-central-1.amazonaws.com\/jaydee.com\/de\/praesentationsartikeln\/gurtband-150x150.jpg","contentUrl":"https:\/\/s3.eu-central-1.amazonaws.com\/jaydee.com\/de\/praesentationsartikeln\/gurtband-150x150.jpg"},{"@type":"BreadcrumbList","@id":"https:\/\/www.jaydee.com\/de\/praesentationsartikeln\/#breadcrumb","itemListElement":[{"@type":"ListItem","position":1,"name":"Home","item":"https:\/\/www.jaydee.com\/de\/"},{"@type":"ListItem","position":2,"name":"Pr\u00e4sentationsartikeln"}]},{"@type":"WebSite","@id":"https:\/\/www.jaydee.com\/nl\/#website","url":"https:\/\/www.jaydee.com\/nl\/","name":"Jay Dee International","description":"Jay Dee","potentialAction":[{"@type":"SearchAction","target":{"@type":"EntryPoint","urlTemplate":"https:\/\/www.jaydee.com\/nl\/?s={search_term_string}"},"query-input":{"@type":"PropertyValueSpecification","valueRequired":true,"valueName":"search_term_string"}}],"inLanguage":"de"}]}},"_links":{"self":[{"href":"https:\/\/www.jaydee.com\/de\/wp-json\/wp\/v2\/pages\/3674","targetHints":{"allow":["GET"]}}],"collection":[{"href":"https:\/\/www.jaydee.com\/de\/wp-json\/wp\/v2\/pages"}],"about":[{"href":"https:\/\/www.jaydee.com\/de\/wp-json\/wp\/v2\/types\/page"}],"author":[{"embeddable":true,"href":"https:\/\/www.jaydee.com\/de\/wp-json\/wp\/v2\/users\/1"}],"replies":[{"embeddable":true,"href":"https:\/\/www.jaydee.com\/de\/wp-json\/wp\/v2\/comments?post=3674"}],"version-history":[{"count":6,"href":"https:\/\/www.jaydee.com\/de\/wp-json\/wp\/v2\/pages\/3674\/revisions"}],"predecessor-version":[{"id":4172,"href":"https:\/\/www.jaydee.com\/de\/wp-json\/wp\/v2\/pages\/3674\/revisions\/4172"}],"wp:attachment":[{"href":"https:\/\/www.jaydee.com\/de\/wp-json\/wp\/v2\/media?parent=3674"}],"curies":[{"name":"wp","href":"https:\/\/api.w.org\/{rel}","templated":true}]}}