{"id":3681,"date":"2017-09-18T14:49:03","date_gmt":"2017-09-18T12:49:03","guid":{"rendered":"https:\/\/www.jaydee.com\/?page_id=3681"},"modified":"2017-09-26T10:40:34","modified_gmt":"2017-09-26T08:40:34","slug":"kollektionshaken","status":"publish","type":"page","link":"https:\/\/www.jaydee.com\/de\/praesentationsartikeln\/kollektionshaken\/","title":{"rendered":"Kollektionshaken"},"content":{"rendered":"<section class=\"columns\">\n<article class=\"col col3\">\n<p><img loading=\"lazy\" decoding=\"async\" class=\"alignnone size-medium\" src=\"https:\/\/s3.eu-central-1.amazonaws.com\/jaydee.com\/de\/praesentationsartikeln\/kollektionshaken-300x300.jpg\" alt=\"kollektionshaken\" width=\"300\" height=\"300\" \/><\/p><\/article>\n<article class=\"col col23\">\n<p>Kollektionshaken\u00a0k\u00f6nnen unter anderem zum Aufh\u00e4ngen von Musterkollektionen und -B\u00fcgeln verwendet werden. Die Metall-Ausf\u00fchrungen sind in mehreren Modellen erh\u00e4ltlich, einschlie\u00dflich\u00a0Haken\u00a0mit M4- oder M5- Gewinde und selbstsichernder Mutter.<\/p>\n<p>Die Kunststoffhaken sind in einer Vielzahl von Farben erh\u00e4ltlich. In unserem Webshop finden Sie alle frei ab Lager lieferbaren Produkte.<\/p>\n<p>Nicht gefunden, was Sie gesucht haben? Kontaktieren Sie uns, wir helfen Ihnen auch gerne, eine ma\u00dfgeschneiderte L\u00f6sung f\u00fcr Sie zu entwickeln.<\/p>\n<a href=\"https:\/\/www.thesolutionshop.com\/de\/kollektionshaken\" class=\"btn large orange\" target=\"_blank\"><i class=\"fa fa-chevron-right\"><\/i>Kollektionshaken ansehen<\/a><\/article>\n<\/section>\n<section class=\"columns\">\n<article class=\"col col1\">\n<p>Weitere information \u00fcber:<\/p>\n<ul>\n<li><a href=\"https:\/\/www.jaydee.com\/de\/praesentationsartikeln\/kollektionshaken\/#formate\">Formate<\/a><\/li>\n<li><a href=\"https:\/\/www.jaydee.com\/de\/praesentationsartikeln\/kollektionshaken\/#ausfuehrungen\">Ausf\u00fchrungen<\/a><\/li>\n<li><a href=\"https:\/\/www.jaydee.com\/de\/praesentationsartikeln\/kollektionshaken\/#verwendung-montage\">Verwendung &amp; Montage<\/a><\/li>\n<li><a href=\"https:\/\/www.jaydee.com\/de\/praesentationsartikeln\/kollektionshaken\/#zugehoeren\">Zugeh\u00f6ren<\/a><\/li>\n<li><a href=\"https:\/\/www.jaydee.com\/de\/praesentationsartikeln\/kollektionshaken\/#haeufige-fragen\">H\u00e4ufige Fragen (FAQ)<\/a><\/li>\n<\/ul><\/article><div class='clearfix'><\/div>\n<\/section>\n<section class=\"columns\">\n<article class=\"col col1\">\n<a name=\"formate\"><\/a><\/p>\n<h2>Welche Gr\u00f6\u00dfen Kollektionshakengibt es?<\/h2>\n<p>aken sind in verschiedenen Gr\u00f6\u00dfen ab Lager lieferbar. In unserem Webshop finden Sie eine \u00dcbersicht. Wir liefern auch Haken, die nicht in unserem Sortiment aufgef\u00fchrt sind oder wir entwickeln f\u00fcr Sie ma\u00dfgeschneiderte L\u00f6sungen. Kontaktieren Sie uns einfach.<\/p>\n<p><a name=\"ausfuehrungen\"><\/a><\/p>\n<h2>Welche Ausf\u00fchrungen gibt es?<\/h2>\n<p>Die Metallhaken sind vernickelt, verzinkt und Messing verchromt erh\u00e4ltlich. Dar\u00fcber hinaus k\u00f6nnen sie in jeder RAL-Farbe geliefert werden. Die Kunststoffhaken sind auch in mehreren Farben erh\u00e4ltlich. F\u00fcr jeden Wunsch ist genau die passende Farbe dabei.<\/p>\n<p><a name=\"verwendung-montage\"><\/a><\/p>\n<h2>Verwendung &amp; Montage<\/h2>\n<p>Haken werden h\u00e4ufig f\u00fcr die Pr\u00e4sentation von Musterkollektionen und \u2013 B\u00fcgeln verwendet. Welcher aus unserem Sortiment am besten f\u00fcr Ihre Anwendung geeignet ist, h\u00e4ngt von einigen Faktoren ab.<\/p>\n<p>Die Standardhaken aus Metall sind lose im B\u00fcgel verankert, sodass diese gedreht werden k\u00f6nnen. Haken mit Mutter werden festgeschraubt, wodurch der dieser immer in der gleichen Position bleibt.<\/p>\n<p>M\u00f6chten Sie eine leichte Musterkollektion aufh\u00e4ngen? Dann eignet sich am besten ein flacher Plastikhaken.<\/p>\n<p><a name=\"zugehoeren\"><\/a><\/p>\n<h2>Das k\u00f6nnte Sie auch interessieren<\/h2>\n<p>Haken k\u00f6nnen f\u00fcr eine komplette Verarbeitung mit einigen Produkten kombiniert werden.<\/p><\/article><div class='clearfix'><\/div>\n<\/section>\n<section class=\"columns\">\n<article class=\"col col4\">\n<p><img loading=\"lazy\" decoding=\"async\" class=\"alignnone size-medium\" src=\"https:\/\/s3.eu-central-1.amazonaws.com\/jaydee.com\/de\/praesentationsartikeln\/platten-150x150.jpg\" alt=\"platten\" width=\"150\" height=\"150\" \/><\/p><\/article>\n<article class=\"col col34\">\n<h3>Platten<\/h3>\n<p>Platten sorgen f\u00fcr mehr Stabilit\u00e4t, wodurch eine h\u00f6here Tragkraft gew\u00e4hrleistet werden kann. Platten sind verzinkt und in den folgenden Formaten erh\u00e4ltlich:<\/p>\n<ul>\n<li>100 x 8 x 2 mm mit Loch 5,2 mm<\/li>\n<li>100 x 10 x 2 mm mit Loch 5,2 mm<\/li>\n<li>80 x 10 x 2 mm mit Loch 5,2 mm<\/li>\n<\/ul>\n<a href=\"https:\/\/www.thesolutionshop.com\/de\/kollektionshaken\/platten-fur-kollektionshaken\" class=\"btn large orange\" target=\"_blank\"><i class=\"fa fa-chevron-right\"><\/i>Platten<\/a><\/article>\n<\/section>\n<section class=\"columns\">\n<article class=\"col col4\">\n<p><img loading=\"lazy\" decoding=\"async\" class=\"alignnone size-medium\" src=\"https:\/\/s3.eu-central-1.amazonaws.com\/jaydee.com\/de\/praesentationsartikeln\/groessenreiter-150x150.jpg\" alt=\"groesenreiter\" width=\"150\" height=\"150\" \/><\/p><\/article>\n<article class=\"col col34\">\n<h3>Codierungen<\/h3>\n<p>Mit Codierungen k\u00f6nnen Sie Ihre Kollektionen problemlos verschl\u00fcsseln oder markieren. Codierungen oder Markierungsringe sind in verschiedenen Formen, Gr\u00f6\u00dfen und Farben erh\u00e4ltlich. Um die Codierungen noch mehr hervorzuheben, k\u00f6nnen Sie die Ringe mit schwarzen oder wei\u00dfen Texten bzw. Zahlen bedrucken lassen<\/p>\n<a href=\"https:\/\/www.thesolutionshop.com\/de\/kollektionshaken\/grossenreiter\" class=\"btn large orange\" target=\"_blank\"><i class=\"fa fa-chevron-right\"><\/i>Codierungen<\/a><\/article>\n<\/section>\n<section class=\"columns\">\n<article class=\"col col4\">\n<p><img loading=\"lazy\" decoding=\"async\" class=\"alignnone size-medium\" src=\"https:\/\/s3.eu-central-1.amazonaws.com\/jaydee.com\/de\/befestigungsartikeln\/buchschrauben-unterlegscheiben-150x150.jpg\" alt=\"unterlegscheiben\" width=\"150\" height=\"150\" \/><\/p><\/article>\n<article class=\"col col34\">\n<h3>Unterlegscheiben<\/h3>\n<p>Unterlegscheiben, auch Rondell-Scheibe genannt, dienen dazu, Anwendungen zu verst\u00e4rken oder zu f\u00fcllen. Sie sind in Metall und Kunststoff erh\u00e4ltlich. Die Metallscheiben sind verzinkt, vermessingt verchromt oder vernickelt erh\u00e4ltlich. Unterlegscheiben aus Kunststoff gibt es in den Farben Schwarz, Wei\u00df oder in einer transparenten Ausf\u00fchrung.<\/p>\n<a href=\"https:\/\/www.thesolutionshop.com\/de\/buchschrauben\/unterlegscheiben\" class=\"btn large orange\" target=\"_blank\"><i class=\"fa fa-chevron-right\"><\/i>Unterlegscheiben<\/a><\/article>\n<\/section>\n<section class=\"columns\">\n<article class=\"col col1\">\n<a name=\"haeufige-fragen\"><\/a><\/p>\n<h2>H\u00e4ufige Fragen (FAQ) \u00fcber Kollektionshaken<\/h2>\n<p>Hier finden Sie die haufige Fragen dieses Produkt. F\u00fcr weitere Fragen k\u00f6nnen Sie uns <a href=\"https:\/\/www.jaydee.com\/de\/kontakt\/\">Kontaktieren<\/a>.<\/p>\n<p><strong>Was ist der Unterschied zwischen einem Haken mit und ohne Mutter?<\/strong><\/p>\n<p>Kollektionshaken ohne Mutter sind nicht fest mit der R\u00fcckenkappe verbunden, sodass diese flexibel in die gew\u00fcnschte Position gedreht werden k\u00f6nnen.<\/p>\n<p>Haken mit Mutter werden an der R\u00fcckenkappe festgeschraubt, sie k\u00f6nnen somit nicht verrutschen und befinden sich mit der \u00d6ffnung immer in der gew\u00fcnschten Richtung.<\/p><\/article><div class='clearfix'><\/div>\n<\/section>\n","protected":false},"excerpt":{"rendered":"","protected":false},"author":1,"featured_media":0,"parent":3674,"menu_order":0,"comment_status":"closed","ping_status":"closed","template":"","meta":{"footnotes":""},"class_list":["post-3681","page","type-page","status-publish","hentry"],"yoast_head":"<!-- This site is optimized with the Yoast SEO plugin v26.9 - https:\/\/yoast.com\/product\/yoast-seo-wordpress\/ -->\n<title>Kollektionshaken: Musterkollektionen aufh\u00e4ngen | Jay Dee International<\/title>\n<meta name=\"description\" content=\"Kollektionshaken sind verf\u00fcgbar bei Jay Dee International. zum Aufh\u00e4ngen von Musterkollektionen und -B\u00fcgeln. Sehen Sie hier unseren Sortiment an!\" \/>\n<meta name=\"robots\" content=\"index, follow, max-snippet:-1, max-image-preview:large, max-video-preview:-1\" \/>\n<link rel=\"canonical\" href=\"https:\/\/www.jaydee.com\/de\/praesentationsartikeln\/kollektionshaken\/\" \/>\n<meta property=\"og:locale\" content=\"de_DE\" \/>\n<meta property=\"og:type\" content=\"article\" \/>\n<meta property=\"og:title\" content=\"Kollektionshaken: Musterkollektionen aufh\u00e4ngen | Jay Dee International\" \/>\n<meta property=\"og:description\" content=\"Kollektionshaken sind verf\u00fcgbar bei Jay Dee International. zum Aufh\u00e4ngen von Musterkollektionen und -B\u00fcgeln. Sehen Sie hier unseren Sortiment an!\" \/>\n<meta property=\"og:url\" content=\"https:\/\/www.jaydee.com\/de\/praesentationsartikeln\/kollektionshaken\/\" \/>\n<meta property=\"og:site_name\" content=\"Jay Dee International\" \/>\n<meta property=\"article:modified_time\" content=\"2017-09-26T08:40:34+00:00\" \/>\n<meta property=\"og:image\" content=\"https:\/\/s3.eu-central-1.amazonaws.com\/jaydee.com\/de\/praesentationsartikeln\/kollektionshaken-300x300.jpg\" \/>\n<meta name=\"twitter:card\" content=\"summary_large_image\" \/>\n<meta name=\"twitter:label1\" content=\"Gesch\u00e4tzte Lesezeit\" \/>\n\t<meta name=\"twitter:data1\" content=\"3\u00a0Minuten\" \/>\n<script type=\"application\/ld+json\" class=\"yoast-schema-graph\">{\"@context\":\"https:\/\/schema.org\",\"@graph\":[{\"@type\":\"WebPage\",\"@id\":\"https:\/\/www.jaydee.com\/de\/praesentationsartikeln\/kollektionshaken\/\",\"url\":\"https:\/\/www.jaydee.com\/de\/praesentationsartikeln\/kollektionshaken\/\",\"name\":\"Kollektionshaken: Musterkollektionen aufh\u00e4ngen | Jay Dee International\",\"isPartOf\":{\"@id\":\"https:\/\/www.jaydee.com\/nl\/#website\"},\"primaryImageOfPage\":{\"@id\":\"https:\/\/www.jaydee.com\/de\/praesentationsartikeln\/kollektionshaken\/#primaryimage\"},\"image\":{\"@id\":\"https:\/\/www.jaydee.com\/de\/praesentationsartikeln\/kollektionshaken\/#primaryimage\"},\"thumbnailUrl\":\"https:\/\/s3.eu-central-1.amazonaws.com\/jaydee.com\/de\/praesentationsartikeln\/kollektionshaken-300x300.jpg\",\"datePublished\":\"2017-09-18T12:49:03+00:00\",\"dateModified\":\"2017-09-26T08:40:34+00:00\",\"description\":\"Kollektionshaken sind verf\u00fcgbar bei Jay Dee International. zum Aufh\u00e4ngen von Musterkollektionen und -B\u00fcgeln. Sehen Sie hier unseren Sortiment an!\",\"breadcrumb\":{\"@id\":\"https:\/\/www.jaydee.com\/de\/praesentationsartikeln\/kollektionshaken\/#breadcrumb\"},\"inLanguage\":\"de\",\"potentialAction\":[{\"@type\":\"ReadAction\",\"target\":[\"https:\/\/www.jaydee.com\/de\/praesentationsartikeln\/kollektionshaken\/\"]}]},{\"@type\":\"ImageObject\",\"inLanguage\":\"de\",\"@id\":\"https:\/\/www.jaydee.com\/de\/praesentationsartikeln\/kollektionshaken\/#primaryimage\",\"url\":\"https:\/\/s3.eu-central-1.amazonaws.com\/jaydee.com\/de\/praesentationsartikeln\/kollektionshaken-300x300.jpg\",\"contentUrl\":\"https:\/\/s3.eu-central-1.amazonaws.com\/jaydee.com\/de\/praesentationsartikeln\/kollektionshaken-300x300.jpg\"},{\"@type\":\"BreadcrumbList\",\"@id\":\"https:\/\/www.jaydee.com\/de\/praesentationsartikeln\/kollektionshaken\/#breadcrumb\",\"itemListElement\":[{\"@type\":\"ListItem\",\"position\":1,\"name\":\"Home\",\"item\":\"https:\/\/www.jaydee.com\/de\/\"},{\"@type\":\"ListItem\",\"position\":2,\"name\":\"Pr\u00e4sentationsartikeln\",\"item\":\"https:\/\/www.jaydee.com\/de\/praesentationsartikeln\/\"},{\"@type\":\"ListItem\",\"position\":3,\"name\":\"Kollektionshaken\"}]},{\"@type\":\"WebSite\",\"@id\":\"https:\/\/www.jaydee.com\/nl\/#website\",\"url\":\"https:\/\/www.jaydee.com\/nl\/\",\"name\":\"Jay Dee International\",\"description\":\"Jay Dee\",\"potentialAction\":[{\"@type\":\"SearchAction\",\"target\":{\"@type\":\"EntryPoint\",\"urlTemplate\":\"https:\/\/www.jaydee.com\/nl\/?s={search_term_string}\"},\"query-input\":{\"@type\":\"PropertyValueSpecification\",\"valueRequired\":true,\"valueName\":\"search_term_string\"}}],\"inLanguage\":\"de\"}]}<\/script>\n<!-- \/ Yoast SEO plugin. -->","yoast_head_json":{"title":"Kollektionshaken: Musterkollektionen aufh\u00e4ngen | Jay Dee International","description":"Kollektionshaken sind verf\u00fcgbar bei Jay Dee International. zum Aufh\u00e4ngen von Musterkollektionen und -B\u00fcgeln. Sehen Sie hier unseren Sortiment an!","robots":{"index":"index","follow":"follow","max-snippet":"max-snippet:-1","max-image-preview":"max-image-preview:large","max-video-preview":"max-video-preview:-1"},"canonical":"https:\/\/www.jaydee.com\/de\/praesentationsartikeln\/kollektionshaken\/","og_locale":"de_DE","og_type":"article","og_title":"Kollektionshaken: Musterkollektionen aufh\u00e4ngen | Jay Dee International","og_description":"Kollektionshaken sind verf\u00fcgbar bei Jay Dee International. zum Aufh\u00e4ngen von Musterkollektionen und -B\u00fcgeln. Sehen Sie hier unseren Sortiment an!","og_url":"https:\/\/www.jaydee.com\/de\/praesentationsartikeln\/kollektionshaken\/","og_site_name":"Jay Dee International","article_modified_time":"2017-09-26T08:40:34+00:00","og_image":[{"url":"https:\/\/s3.eu-central-1.amazonaws.com\/jaydee.com\/de\/praesentationsartikeln\/kollektionshaken-300x300.jpg","type":"","width":"","height":""}],"twitter_card":"summary_large_image","twitter_misc":{"Gesch\u00e4tzte Lesezeit":"3\u00a0Minuten"},"schema":{"@context":"https:\/\/schema.org","@graph":[{"@type":"WebPage","@id":"https:\/\/www.jaydee.com\/de\/praesentationsartikeln\/kollektionshaken\/","url":"https:\/\/www.jaydee.com\/de\/praesentationsartikeln\/kollektionshaken\/","name":"Kollektionshaken: Musterkollektionen aufh\u00e4ngen | Jay Dee International","isPartOf":{"@id":"https:\/\/www.jaydee.com\/nl\/#website"},"primaryImageOfPage":{"@id":"https:\/\/www.jaydee.com\/de\/praesentationsartikeln\/kollektionshaken\/#primaryimage"},"image":{"@id":"https:\/\/www.jaydee.com\/de\/praesentationsartikeln\/kollektionshaken\/#primaryimage"},"thumbnailUrl":"https:\/\/s3.eu-central-1.amazonaws.com\/jaydee.com\/de\/praesentationsartikeln\/kollektionshaken-300x300.jpg","datePublished":"2017-09-18T12:49:03+00:00","dateModified":"2017-09-26T08:40:34+00:00","description":"Kollektionshaken sind verf\u00fcgbar bei Jay Dee International. zum Aufh\u00e4ngen von Musterkollektionen und -B\u00fcgeln. Sehen Sie hier unseren Sortiment an!","breadcrumb":{"@id":"https:\/\/www.jaydee.com\/de\/praesentationsartikeln\/kollektionshaken\/#breadcrumb"},"inLanguage":"de","potentialAction":[{"@type":"ReadAction","target":["https:\/\/www.jaydee.com\/de\/praesentationsartikeln\/kollektionshaken\/"]}]},{"@type":"ImageObject","inLanguage":"de","@id":"https:\/\/www.jaydee.com\/de\/praesentationsartikeln\/kollektionshaken\/#primaryimage","url":"https:\/\/s3.eu-central-1.amazonaws.com\/jaydee.com\/de\/praesentationsartikeln\/kollektionshaken-300x300.jpg","contentUrl":"https:\/\/s3.eu-central-1.amazonaws.com\/jaydee.com\/de\/praesentationsartikeln\/kollektionshaken-300x300.jpg"},{"@type":"BreadcrumbList","@id":"https:\/\/www.jaydee.com\/de\/praesentationsartikeln\/kollektionshaken\/#breadcrumb","itemListElement":[{"@type":"ListItem","position":1,"name":"Home","item":"https:\/\/www.jaydee.com\/de\/"},{"@type":"ListItem","position":2,"name":"Pr\u00e4sentationsartikeln","item":"https:\/\/www.jaydee.com\/de\/praesentationsartikeln\/"},{"@type":"ListItem","position":3,"name":"Kollektionshaken"}]},{"@type":"WebSite","@id":"https:\/\/www.jaydee.com\/nl\/#website","url":"https:\/\/www.jaydee.com\/nl\/","name":"Jay Dee International","description":"Jay Dee","potentialAction":[{"@type":"SearchAction","target":{"@type":"EntryPoint","urlTemplate":"https:\/\/www.jaydee.com\/nl\/?s={search_term_string}"},"query-input":{"@type":"PropertyValueSpecification","valueRequired":true,"valueName":"search_term_string"}}],"inLanguage":"de"}]}},"_links":{"self":[{"href":"https:\/\/www.jaydee.com\/de\/wp-json\/wp\/v2\/pages\/3681","targetHints":{"allow":["GET"]}}],"collection":[{"href":"https:\/\/www.jaydee.com\/de\/wp-json\/wp\/v2\/pages"}],"about":[{"href":"https:\/\/www.jaydee.com\/de\/wp-json\/wp\/v2\/types\/page"}],"author":[{"embeddable":true,"href":"https:\/\/www.jaydee.com\/de\/wp-json\/wp\/v2\/users\/1"}],"replies":[{"embeddable":true,"href":"https:\/\/www.jaydee.com\/de\/wp-json\/wp\/v2\/comments?post=3681"}],"version-history":[{"count":4,"href":"https:\/\/www.jaydee.com\/de\/wp-json\/wp\/v2\/pages\/3681\/revisions"}],"predecessor-version":[{"id":3781,"href":"https:\/\/www.jaydee.com\/de\/wp-json\/wp\/v2\/pages\/3681\/revisions\/3781"}],"up":[{"embeddable":true,"href":"https:\/\/www.jaydee.com\/de\/wp-json\/wp\/v2\/pages\/3674"}],"wp:attachment":[{"href":"https:\/\/www.jaydee.com\/de\/wp-json\/wp\/v2\/media?parent=3681"}],"curies":[{"name":"wp","href":"https:\/\/api.w.org\/{rel}","templated":true}]}}