{"id":3687,"date":"2017-09-18T14:51:40","date_gmt":"2017-09-18T12:51:40","guid":{"rendered":"https:\/\/www.jaydee.com\/?page_id=3687"},"modified":"2017-09-26T16:45:44","modified_gmt":"2017-09-26T14:45:44","slug":"verschluesse","status":"publish","type":"page","link":"https:\/\/www.jaydee.com\/de\/praesentationsartikeln\/verschluesse\/","title":{"rendered":"Verschluesse"},"content":{"rendered":"<section class=\"columns\">\n<article class=\"col col3\">\n<p><img loading=\"lazy\" decoding=\"async\" class=\"alignnone size-medium\" src=\"https:\/\/s3.eu-central-1.amazonaws.com\/jaydee.com\/de\/praesentationsartikeln\/verschluesse-300x300.jpg\" alt=\"verschl\u00fcsse\" width=\"300\" height=\"300\" \/><\/p><\/article>\n<article class=\"col col23\">\n<p>Verschl\u00fcsse\u00a0werden verwendet, um Pr\u00e4sentations- und Prospektkoffer aus Karton zu verschlie\u00dfen, und werden auch Kofferschl\u00f6sser genannt. Sie sind in verschiedenen Formen und Gr\u00f6\u00dfen erh\u00e4ltlich.<\/p>\n<a href=\"https:\/\/www.thesolutionshop.com\/de\/kordel-griffe\/kunststoff-verschluss\" class=\"btn large orange\" target=\"_blank\"><i class=\"fa fa-chevron-right\"><\/i>Verschl\u00fcsse ansehen<\/a><\/article>\n<\/section>\n<section class=\"columns\">\n<article class=\"col col1\">\n<p>Weitere information \u00fcber:<\/p>\n<ul>\n<li><a href=\"https:\/\/www.jaydee.com\/de\/praesentationsartikeln\/verschluesse\/#formate\">Formate<\/a><\/li>\n<li><a href=\"https:\/\/www.jaydee.com\/de\/praesentationsartikeln\/verschluesse\/#ausfuehrungen\">Ausf\u00fchrungen<\/a><\/li>\n<li><a href=\"https:\/\/www.jaydee.com\/de\/praesentationsartikeln\/verschluesse\/#verwendung-montage\">Verwendung &amp; Montage<\/a><\/li>\n<li><a href=\"https:\/\/www.jaydee.com\/de\/praesentationsartikeln\/verschluesse\/#zugehoeren\">Zugeh\u00f6ren<\/a><\/li>\n<li><a href=\"https:\/\/www.jaydee.com\/de\/praesentationsartikeln\/verschluesse\/#haeufige-fragen\">H\u00e4ufige Fragen (FAQ)<\/a><\/li>\n<\/ul><\/article><div class='clearfix'><\/div>\n<\/section>\n<section class=\"columns\">\n<article class=\"col col1\">\n<a name=\"formate\"><\/a><\/p>\n<h2>Welche Gr\u00f6\u00dfen Verschl\u00fcsse gibt es?<\/h2>\n<p>Sie sind in verschiedenen Ausf\u00fchrungen und Gr\u00f6\u00dfen erh\u00e4ltlich. Je nach Verschluss sind Platten oder Druckkn\u00f6pfe f\u00fcr die Montage im Lieferumfang enthalten. Eine \u00dcbersicht \u00fcber alle lieferbaren Steckverschl\u00fcsse finden Sie in unserem Webshop. Wenn Sie einen anderen Verschluss und\/oder Zubeh\u00f6r bestellen m\u00f6chten, kontaktieren Sie uns einfach.<\/p>\n<p><a name=\"ausfuehrungen\"><\/a><\/p>\n<h2>Welche Ausf\u00fchrungen gibt es?<\/h2>\n<p>Verschl\u00fcsse sind standardm\u00e4\u00dfig in Schwarz erh\u00e4ltlich, andere Farben sind auf Anfrage lieferbar. Wir liefern auch Metall-Varianten. Wir beraten Sie gerne \u00fcber Bestellmengen, Preise und Lieferzeiten. Kontaktieren Sie uns einfach.<\/p>\n<p><a name=\"verwendung-montage\"><\/a><\/p>\n<h2>Verwendung &amp; Montage<\/h2>\n<p>Verschl\u00fcsse werden h\u00e4ufig f\u00fcr Pr\u00e4sentationskoffer und -Boxen, Prospektkoffer, Taschen und Rucks\u00e4cke verwendet, es sind aber auch zahlreiche andere Anwendungen denkbar.<\/p>\n<p>Die Verschl\u00fcsse sind einfach zu montieren. Die verschiedenen Verschl\u00fcsse bestehen aus mehreren Teilen, einschlie\u00dflich Platten oder Druckkn\u00f6pfe f\u00fcr die Montage. Diese werden je nach Verschlussart am Koffer oder an einer anderen Anwendung durch Klicken oder Pressen befestigt.<\/p>\n<p>Wir empfehlen Ihnen, f\u00fcr die Montage eine Presse mit passendem Werkzeug zu verwenden, um sicherzustellen, dass die Verschl\u00fcsse ordnungsgem\u00e4\u00df angebracht werden.<\/p>\n<p><a name=\"zugehoeren\"><\/a><\/p>\n<h2>Das k\u00f6nnte Sie auch interessieren<\/h2>\n<p>Sie k\u00f6nnen Ihre Koffer und Mappen alternativ auch mit Magneten, Klettband oder Druckkn\u00f6pfen verschlie\u00dfen.<\/p><\/article><div class='clearfix'><\/div>\n<\/section>\n<section class=\"columns\">\n<article class=\"col col4\">\n<p><img loading=\"lazy\" decoding=\"async\" class=\"alignnone size-medium\" src=\"https:\/\/s3.eu-central-1.amazonaws.com\/jaydee.com\/de\/grafische-verarbeitung\/neodym-magnet-150x150.jpg\" alt=\"neodym magnete\" width=\"150\" height=\"150\" \/><\/p><\/article>\n<article class=\"col col34\">\n<h3>Neodym magnete<\/h3>\n<p>In unserem Sortiment finden Sie Magnetscheiben aus Neodym und Magnetklebeb\u00e4nder. Diese werden in der Regel am Deckel einer Mappe oder eines Buches als Verschluss angebracht. Weitere Informationen finden Sie auf einer separaten Seite oder in unserem Webshop<\/p>\n<a href=\"https:\/\/www.jaydee.com\/de\/grafische-verarbeitung\/neodym-magnete\/\" class=\"btn large custom\"><i class=\"fa fa-chevron-right\"><\/i>Neodym magnete<\/a><\/article>\n<\/section>\n<section class=\"columns\">\n<article class=\"col col4\">\n<p><img loading=\"lazy\" decoding=\"async\" class=\"alignnone size-medium\" src=\"https:\/\/s3.eu-central-1.amazonaws.com\/jaydee.com\/de\/grafische-verarbeitung\/klettband-150x150.jpg\" alt=\"klettband\" width=\"150\" height=\"150\" \/><\/p><\/article>\n<article class=\"col col34\">\n<h3>Klettband<\/h3>\n<p>Klettband kann auch als Verschluss verwendet werden. Es ist auch auf Rolle, als zugeschnittene Teile oder als Klettpunkte erh\u00e4ltlich. In unserem Webshop finden Sie eine \u00dcbersicht aller direkt ab Lager lieferbaren Klettverschl\u00fcsse.<\/p>\n<a href=\"https:\/\/www.jaydee.com\/de\/grafische-verarbeitung\/klettband\/\" class=\"btn large custom\"><i class=\"fa fa-chevron-right\"><\/i>Klettband<\/a><\/article>\n<\/section>\n<section class=\"columns\">\n<article class=\"col col4\">\n<p><img loading=\"lazy\" decoding=\"async\" class=\"alignnone size-medium\" src=\"https:\/\/s3.eu-central-1.amazonaws.com\/jaydee.com\/de\/befestigungsartikeln\/druckknoepfe-150x150.jpg\" alt=\"druckkn\u00f6pfe\" width=\"150\" height=\"150\" \/><\/p><\/article>\n<article class=\"col col34\">\n<h3>Druckkn\u00f6pfe<\/h3>\n<p>Druckkn\u00f6pfe aus Metall werden in vier Teilen geliefert. Sie bringen beispielsweise zwei Teile am Deckel der Mappe und die anderen zwei Teile an der Mappe an. Diese sind (wieder-)verschlie\u00dfbar. Weitere Informationen finden Sie auf einer separaten Seite.<\/p>\n<a href=\"https:\/\/www.jaydee.com\/de\/befestigungsartikeln\/druckknoepfe\/\" class=\"btn large custom\"><i class=\"fa fa-chevron-right\"><\/i>Druckkn\u00f6pfe<\/a><\/article>\n<\/section>\n<section class=\"columns\">\n<article class=\"col col1\">\n<a name=\"haeufige-fragen\"><\/a><\/p>\n<h2>H\u00e4ufige Fragen (FAQ) \u00fcber Verschl\u00fcsse<\/h2>\n<p>Hier finden Sie die haufige Fragen dieses Produkt. F\u00fcr weitere Fragen k\u00f6nnen Sie uns <a href=\"https:\/\/www.jaydee.com\/de\/kontakt\/\">Kontaktieren<\/a>.<\/p>\n<p><strong>Welche Verschl\u00fcsse sind am einfachsten zu montieren?<\/strong><\/p>\n<p>Jeder Verschluss wird auf unterschiedliche Weise\u00a0 montiert. Das h\u00e4ngt also von dem Verschluss und der beabsichtigten Anwendung ab.<\/p>\n<p><strong>Welcher Verschluss bietet die meiste Stabilit\u00e4t?<\/strong><\/p>\n<p>Es gibt keinen Verschluss, der am st\u00e4rksten ist, nur einen Unterschied zwischen schweren oder feinen Ausf\u00fchrungen. Wir beraten Sie gerne zu den M\u00f6glichkeiten. Kontaktieren Sie uns einfach.<\/p>\n<p><strong>Sind alle Kunststoff-Verschl\u00fcsse auch als Metall-Ausf\u00fchrung erh\u00e4ltlich?<\/strong><\/p>\n<p>Nur einige Kunststoff-Modellen sind auch in einer Metall- Ausf\u00fchrung erh\u00e4ltlich. Wenn Sie Metall-Verschl\u00fcsse bestellen m\u00f6chten, k\u00f6nnen Sie uns kontaktieren. Wir beraten Sie gerne \u00fcber die M\u00f6glichkeiten.<\/p>\n<p><strong>Kann ich die Einzelteile der Verschl\u00fcsse auch separat bestellen?<\/strong><\/p>\n<p>Nein, unsere Schleusen sind nur als Set erh\u00e4ltlich.<\/p><\/article><div class='clearfix'><\/div>\n<\/section>\n","protected":false},"excerpt":{"rendered":"","protected":false},"author":1,"featured_media":0,"parent":3674,"menu_order":0,"comment_status":"closed","ping_status":"closed","template":"","meta":{"footnotes":""},"class_list":["post-3687","page","type-page","status-publish","hentry"],"yoast_head":"<!-- This site is optimized with the Yoast SEO plugin v26.9 - https:\/\/yoast.com\/product\/yoast-seo-wordpress\/ -->\n<title>Verschl\u00fcsse: F\u00fcr Pr\u00e4sentations- und Prospektkoffer | Jay Dee International<\/title>\n<meta name=\"description\" content=\"Verschl\u00fcsse sind verf\u00fcgbar bei Jay Dee International. F\u00fcr Pr\u00e4sentations- und Prospektkoffer. Sehen Sie hier unseren Sortiment an!\" \/>\n<meta name=\"robots\" content=\"index, follow, max-snippet:-1, max-image-preview:large, max-video-preview:-1\" \/>\n<link rel=\"canonical\" href=\"https:\/\/www.jaydee.com\/de\/praesentationsartikeln\/verschluesse\/\" \/>\n<meta property=\"og:locale\" content=\"de_DE\" \/>\n<meta property=\"og:type\" content=\"article\" \/>\n<meta property=\"og:title\" content=\"Verschl\u00fcsse: F\u00fcr Pr\u00e4sentations- und Prospektkoffer | Jay Dee International\" \/>\n<meta property=\"og:description\" content=\"Verschl\u00fcsse sind verf\u00fcgbar bei Jay Dee International. F\u00fcr Pr\u00e4sentations- und Prospektkoffer. Sehen Sie hier unseren Sortiment an!\" \/>\n<meta property=\"og:url\" content=\"https:\/\/www.jaydee.com\/de\/praesentationsartikeln\/verschluesse\/\" \/>\n<meta property=\"og:site_name\" content=\"Jay Dee International\" \/>\n<meta property=\"article:modified_time\" content=\"2017-09-26T14:45:44+00:00\" \/>\n<meta property=\"og:image\" content=\"https:\/\/s3.eu-central-1.amazonaws.com\/jaydee.com\/de\/praesentationsartikeln\/verschluesse-300x300.jpg\" \/>\n<meta name=\"twitter:card\" content=\"summary_large_image\" \/>\n<meta name=\"twitter:label1\" content=\"Gesch\u00e4tzte Lesezeit\" \/>\n\t<meta name=\"twitter:data1\" content=\"3\u00a0Minuten\" \/>\n<script type=\"application\/ld+json\" class=\"yoast-schema-graph\">{\"@context\":\"https:\/\/schema.org\",\"@graph\":[{\"@type\":\"WebPage\",\"@id\":\"https:\/\/www.jaydee.com\/de\/praesentationsartikeln\/verschluesse\/\",\"url\":\"https:\/\/www.jaydee.com\/de\/praesentationsartikeln\/verschluesse\/\",\"name\":\"Verschl\u00fcsse: F\u00fcr Pr\u00e4sentations- und Prospektkoffer | Jay Dee International\",\"isPartOf\":{\"@id\":\"https:\/\/www.jaydee.com\/nl\/#website\"},\"primaryImageOfPage\":{\"@id\":\"https:\/\/www.jaydee.com\/de\/praesentationsartikeln\/verschluesse\/#primaryimage\"},\"image\":{\"@id\":\"https:\/\/www.jaydee.com\/de\/praesentationsartikeln\/verschluesse\/#primaryimage\"},\"thumbnailUrl\":\"https:\/\/s3.eu-central-1.amazonaws.com\/jaydee.com\/de\/praesentationsartikeln\/verschluesse-300x300.jpg\",\"datePublished\":\"2017-09-18T12:51:40+00:00\",\"dateModified\":\"2017-09-26T14:45:44+00:00\",\"description\":\"Verschl\u00fcsse sind verf\u00fcgbar bei Jay Dee International. F\u00fcr Pr\u00e4sentations- und Prospektkoffer. Sehen Sie hier unseren Sortiment an!\",\"breadcrumb\":{\"@id\":\"https:\/\/www.jaydee.com\/de\/praesentationsartikeln\/verschluesse\/#breadcrumb\"},\"inLanguage\":\"de\",\"potentialAction\":[{\"@type\":\"ReadAction\",\"target\":[\"https:\/\/www.jaydee.com\/de\/praesentationsartikeln\/verschluesse\/\"]}]},{\"@type\":\"ImageObject\",\"inLanguage\":\"de\",\"@id\":\"https:\/\/www.jaydee.com\/de\/praesentationsartikeln\/verschluesse\/#primaryimage\",\"url\":\"https:\/\/s3.eu-central-1.amazonaws.com\/jaydee.com\/de\/praesentationsartikeln\/verschluesse-300x300.jpg\",\"contentUrl\":\"https:\/\/s3.eu-central-1.amazonaws.com\/jaydee.com\/de\/praesentationsartikeln\/verschluesse-300x300.jpg\"},{\"@type\":\"BreadcrumbList\",\"@id\":\"https:\/\/www.jaydee.com\/de\/praesentationsartikeln\/verschluesse\/#breadcrumb\",\"itemListElement\":[{\"@type\":\"ListItem\",\"position\":1,\"name\":\"Home\",\"item\":\"https:\/\/www.jaydee.com\/de\/\"},{\"@type\":\"ListItem\",\"position\":2,\"name\":\"Pr\u00e4sentationsartikeln\",\"item\":\"https:\/\/www.jaydee.com\/de\/praesentationsartikeln\/\"},{\"@type\":\"ListItem\",\"position\":3,\"name\":\"Verschluesse\"}]},{\"@type\":\"WebSite\",\"@id\":\"https:\/\/www.jaydee.com\/nl\/#website\",\"url\":\"https:\/\/www.jaydee.com\/nl\/\",\"name\":\"Jay Dee International\",\"description\":\"Jay Dee\",\"potentialAction\":[{\"@type\":\"SearchAction\",\"target\":{\"@type\":\"EntryPoint\",\"urlTemplate\":\"https:\/\/www.jaydee.com\/nl\/?s={search_term_string}\"},\"query-input\":{\"@type\":\"PropertyValueSpecification\",\"valueRequired\":true,\"valueName\":\"search_term_string\"}}],\"inLanguage\":\"de\"}]}<\/script>\n<!-- \/ Yoast SEO plugin. -->","yoast_head_json":{"title":"Verschl\u00fcsse: F\u00fcr Pr\u00e4sentations- und Prospektkoffer | Jay Dee International","description":"Verschl\u00fcsse sind verf\u00fcgbar bei Jay Dee International. F\u00fcr Pr\u00e4sentations- und Prospektkoffer. Sehen Sie hier unseren Sortiment an!","robots":{"index":"index","follow":"follow","max-snippet":"max-snippet:-1","max-image-preview":"max-image-preview:large","max-video-preview":"max-video-preview:-1"},"canonical":"https:\/\/www.jaydee.com\/de\/praesentationsartikeln\/verschluesse\/","og_locale":"de_DE","og_type":"article","og_title":"Verschl\u00fcsse: F\u00fcr Pr\u00e4sentations- und Prospektkoffer | Jay Dee International","og_description":"Verschl\u00fcsse sind verf\u00fcgbar bei Jay Dee International. F\u00fcr Pr\u00e4sentations- und Prospektkoffer. Sehen Sie hier unseren Sortiment an!","og_url":"https:\/\/www.jaydee.com\/de\/praesentationsartikeln\/verschluesse\/","og_site_name":"Jay Dee International","article_modified_time":"2017-09-26T14:45:44+00:00","og_image":[{"url":"https:\/\/s3.eu-central-1.amazonaws.com\/jaydee.com\/de\/praesentationsartikeln\/verschluesse-300x300.jpg","type":"","width":"","height":""}],"twitter_card":"summary_large_image","twitter_misc":{"Gesch\u00e4tzte Lesezeit":"3\u00a0Minuten"},"schema":{"@context":"https:\/\/schema.org","@graph":[{"@type":"WebPage","@id":"https:\/\/www.jaydee.com\/de\/praesentationsartikeln\/verschluesse\/","url":"https:\/\/www.jaydee.com\/de\/praesentationsartikeln\/verschluesse\/","name":"Verschl\u00fcsse: F\u00fcr Pr\u00e4sentations- und Prospektkoffer | Jay Dee International","isPartOf":{"@id":"https:\/\/www.jaydee.com\/nl\/#website"},"primaryImageOfPage":{"@id":"https:\/\/www.jaydee.com\/de\/praesentationsartikeln\/verschluesse\/#primaryimage"},"image":{"@id":"https:\/\/www.jaydee.com\/de\/praesentationsartikeln\/verschluesse\/#primaryimage"},"thumbnailUrl":"https:\/\/s3.eu-central-1.amazonaws.com\/jaydee.com\/de\/praesentationsartikeln\/verschluesse-300x300.jpg","datePublished":"2017-09-18T12:51:40+00:00","dateModified":"2017-09-26T14:45:44+00:00","description":"Verschl\u00fcsse sind verf\u00fcgbar bei Jay Dee International. F\u00fcr Pr\u00e4sentations- und Prospektkoffer. Sehen Sie hier unseren Sortiment an!","breadcrumb":{"@id":"https:\/\/www.jaydee.com\/de\/praesentationsartikeln\/verschluesse\/#breadcrumb"},"inLanguage":"de","potentialAction":[{"@type":"ReadAction","target":["https:\/\/www.jaydee.com\/de\/praesentationsartikeln\/verschluesse\/"]}]},{"@type":"ImageObject","inLanguage":"de","@id":"https:\/\/www.jaydee.com\/de\/praesentationsartikeln\/verschluesse\/#primaryimage","url":"https:\/\/s3.eu-central-1.amazonaws.com\/jaydee.com\/de\/praesentationsartikeln\/verschluesse-300x300.jpg","contentUrl":"https:\/\/s3.eu-central-1.amazonaws.com\/jaydee.com\/de\/praesentationsartikeln\/verschluesse-300x300.jpg"},{"@type":"BreadcrumbList","@id":"https:\/\/www.jaydee.com\/de\/praesentationsartikeln\/verschluesse\/#breadcrumb","itemListElement":[{"@type":"ListItem","position":1,"name":"Home","item":"https:\/\/www.jaydee.com\/de\/"},{"@type":"ListItem","position":2,"name":"Pr\u00e4sentationsartikeln","item":"https:\/\/www.jaydee.com\/de\/praesentationsartikeln\/"},{"@type":"ListItem","position":3,"name":"Verschluesse"}]},{"@type":"WebSite","@id":"https:\/\/www.jaydee.com\/nl\/#website","url":"https:\/\/www.jaydee.com\/nl\/","name":"Jay Dee International","description":"Jay Dee","potentialAction":[{"@type":"SearchAction","target":{"@type":"EntryPoint","urlTemplate":"https:\/\/www.jaydee.com\/nl\/?s={search_term_string}"},"query-input":{"@type":"PropertyValueSpecification","valueRequired":true,"valueName":"search_term_string"}}],"inLanguage":"de"}]}},"_links":{"self":[{"href":"https:\/\/www.jaydee.com\/de\/wp-json\/wp\/v2\/pages\/3687","targetHints":{"allow":["GET"]}}],"collection":[{"href":"https:\/\/www.jaydee.com\/de\/wp-json\/wp\/v2\/pages"}],"about":[{"href":"https:\/\/www.jaydee.com\/de\/wp-json\/wp\/v2\/types\/page"}],"author":[{"embeddable":true,"href":"https:\/\/www.jaydee.com\/de\/wp-json\/wp\/v2\/users\/1"}],"replies":[{"embeddable":true,"href":"https:\/\/www.jaydee.com\/de\/wp-json\/wp\/v2\/comments?post=3687"}],"version-history":[{"count":3,"href":"https:\/\/www.jaydee.com\/de\/wp-json\/wp\/v2\/pages\/3687\/revisions"}],"predecessor-version":[{"id":3794,"href":"https:\/\/www.jaydee.com\/de\/wp-json\/wp\/v2\/pages\/3687\/revisions\/3794"}],"up":[{"embeddable":true,"href":"https:\/\/www.jaydee.com\/de\/wp-json\/wp\/v2\/pages\/3674"}],"wp:attachment":[{"href":"https:\/\/www.jaydee.com\/de\/wp-json\/wp\/v2\/media?parent=3687"}],"curies":[{"name":"wp","href":"https:\/\/api.w.org\/{rel}","templated":true}]}}