{"id":3690,"date":"2017-09-18T14:52:50","date_gmt":"2017-09-18T12:52:50","guid":{"rendered":"https:\/\/www.jaydee.com\/?page_id=3690"},"modified":"2017-09-26T13:27:14","modified_gmt":"2017-09-26T11:27:14","slug":"kugelketten","status":"publish","type":"page","link":"https:\/\/www.jaydee.com\/de\/praesentationsartikeln\/kugelketten\/","title":{"rendered":"Kugelketten"},"content":{"rendered":"<section class=\"columns\">\n<article class=\"col col3\">\n<p><img loading=\"lazy\" decoding=\"async\" class=\"alignnone size-medium\" src=\"https:\/\/s3.eu-central-1.amazonaws.com\/jaydee.com\/de\/praesentationsartikeln\/kugelketten-300x300.jpg\" alt=\"kugelketten\" width=\"300\" height=\"300\" \/><\/p><\/article>\n<article class=\"col col23\">\n<p>Kugelketten\u00a0sind sehr stabil und werden in der Regel in Kombination mit einer Druck \u00d6se mit Loch verwendet. Die Kugelkette wird durch die \u00d6ffnung gef\u00e4delt, und kann an beispielsweise ein Musterf\u00e4cher aufgeh\u00e4ngt werden.\u00a0Kugelketten\u00a0sind in verschiedenen Formaten erh\u00e4ltlich.<\/p>\n<a href=\"https:\/\/www.thesolutionshop.com\/de\/kordel-griffe\/kugelketten\" class=\"btn large orange\" target=\"_blank\"><i class=\"fa fa-chevron-right\"><\/i>Kugelketten ansehen<\/a><\/article>\n<\/section>\n<section class=\"columns\">\n<article class=\"col col1\">\n<p>Weitere information \u00fcber:<\/p>\n<ul>\n<li><a href=\"https:\/\/www.jaydee.com\/de\/praesentationsartikeln\/kugelketten\/#formate\">Formate<\/a><\/li>\n<li><a href=\"https:\/\/www.jaydee.com\/de\/praesentationsartikeln\/kugelketten\/#ausfuehrungen\">Ausf\u00fchrungen<\/a><\/li>\n<li><a href=\"https:\/\/www.jaydee.com\/de\/praesentationsartikeln\/kugelketten\/#verwendung-montage\">Verwendung &amp; Montage<\/a><\/li>\n<li><a href=\"https:\/\/www.jaydee.com\/de\/praesentationsartikeln\/kugelketten\/#zugehoeren\">Zugeh\u00f6ren<\/a><\/li>\n<li><a href=\"https:\/\/www.jaydee.com\/de\/praesentationsartikeln\/kugelketten\/#haeufige-fragen\">H\u00e4ufige Fragen (FAQ)<\/a><\/li>\n<\/ul><\/article><div class='clearfix'><\/div>\n<\/section>\n<section class=\"columns\">\n<article class=\"col col1\">\n<a name=\"formate\"><\/a><\/p>\n<h2>Welche Gr\u00f6\u00dfen Kugelketten gibt es?<\/h2>\n<p>Die Ketten sind auf Rolle (pro Meter) oder auf Anfrage zugeschnitten erh\u00e4ltlich. Wenn Sie eine Sondergr\u00f6\u00dfe bestellen m\u00f6chten, werden die Ketten an einer Seite mit einem Verschluss ausgestattet. Die Verschl\u00fcsse f\u00fcr Kugelketten sind auch separat erh\u00e4ltlich.<\/p>\n<p>In unserem Webshop finden Sie 3 verschiedene St\u00e4rken:<\/p>\n<ul>\n<li>2,4 mm<\/li>\n<li>3,2 mm<\/li>\n<li>3,6 mm<\/li>\n<\/ul>\n<p>Kugelketten werden in einigen Gr\u00f6\u00dfen auch mit einem Verschluss angeboten. Bitte kontaktieren Sie uns, wenn Sie ein anderes Format w\u00fcnschen.<\/p>\n<p><a name=\"ausfuehrungen\"><\/a><\/p>\n<h2>Welche Ausf\u00fchrungen gibt es?<\/h2>\n<p>Unser Produkt ist aus vernickeltem Stahl gefertigt. Wenn Sie eine andere Oberfl\u00e4che bestellen m\u00f6chten, kontaktieren Sie uns einfach.<\/p>\n<p><a name=\"verwendung-montage\"><\/a><\/p>\n<h2>Verwendung &amp; Montage<\/h2>\n<p>Kugelketten sind ideal zum Aufh\u00e4ngen von Labels oder Musterf\u00e4chern. Der Verschluss sorgt f\u00fcr eine stabile Verbindung. Bei der Monate werden die Verschl\u00fcsse leicht zusammengedr\u00fcckt, um das Produkt fest im Verschluss zu verankern.<\/p>\n<p><a name=\"zugehoeren\"><\/a><\/p>\n<h2>Das k\u00f6nnte Sie auch interessieren<\/h2>\n<p>Um die Montage des Produkts zu vereinfachen, liefern wir auch Buchschrauben mit Loch, Druck\u00f6sen mit Loch oder \u00d6sen zum Aufh\u00e4ngen.<\/p><\/article><div class='clearfix'><\/div>\n<\/section>\n<section class=\"columns\">\n<article class=\"col col4\">\n<p><img loading=\"lazy\" decoding=\"async\" class=\"alignnone size-medium\" src=\"https:\/\/s3.eu-central-1.amazonaws.com\/jaydee.com\/de\/praesentationsartikeln\/buchschrauben-kunststoff-mit-loch-150x150.jpg\" alt=\"buchschrauben mit loch\" width=\"150\" height=\"150\" \/><\/p><\/article>\n<article class=\"col col34\">\n<h3>Buchschrauben mit Loch<\/h3>\n<p>Buchschrauben mit Loch werden zum Beispiel zum Heften von Mustern verwendet. Daran kann eine Kugelkette zum Aufh\u00e4ngen der Musterkollektion befestigt werden.<\/p>\n<a href=\"https:\/\/www.jaydee.com\/de\/befestigungsartikeln\/buchschrauben\/\" class=\"btn large custom\"><i class=\"fa fa-chevron-right\"><\/i>Buchschrauben mit Loch<\/a><\/article>\n<\/section>\n<section class=\"columns\">\n<article class=\"col col4\">\n<p><img loading=\"lazy\" decoding=\"async\" class=\"alignnone size-medium\" src=\"https:\/\/s3.eu-central-1.amazonaws.com\/jaydee.com\/de\/praesentationsartikeln\/kunststoff-druckoesen-mit-loch-150x150.jpg\" alt=\"Kunststoff druck\u00f6sen mit loch\" width=\"150\" height=\"150\" \/><\/p><\/article>\n<article class=\"col col34\">\n<h3>Druck\u00f6sen mit Loch<\/h3>\n<p>Druck\u00f6sen mit Loch sind vergleichbar mit Buchschrauben mit Loch und k\u00f6nnen somit auf die gleiche Weise in Kombination mit einer Kugelkette verwendet werden. Druck\u00f6sen mit Loch m\u00fcssen einrasten, w\u00e4hrend Buchschrauben eingeschraubt werden. Die ersteren k\u00f6nnen also nicht mehr ge\u00f6ffnet werden.<\/p>\n<a href=\"https:\/\/www.jaydee.com\/de\/befestigungsartikeln\/kunststoff-druecker\/\" class=\"btn large custom\"><i class=\"fa fa-chevron-right\"><\/i>Druck\u00f6sen mit Loch<\/a><\/article>\n<\/section>\n<section class=\"columns\">\n<article class=\"col col4\">\n<p><img loading=\"lazy\" decoding=\"async\" class=\"alignnone size-medium\" src=\"https:\/\/s3.eu-central-1.amazonaws.com\/jaydee.com\/de\/befestigungsartikeln\/buchschrauben-aufhangoesen-150x150.jpg\" alt=\"Buchschrauben aufhang\u00f6sen\" width=\"150\" height=\"150\" \/><\/p><\/article>\n<article class=\"col col34\">\n<h3>\u00d6sen zum Aufh\u00e4ngen<\/h3>\n<p>M\u00f6chten Sie ein Produkt aufh\u00e4ngen? Eine optimale L\u00f6sung bieten \u00d6sen, durch die eine Kette gef\u00e4delt wird. Die Kette wird mittels Einpressverschluss fixiert.<\/p>\n<a href=\"https:\/\/www.thesolutionshop.com\/de\/buchschrauben\/buchschrauben-haengern\" class=\"btn large custom\"><i class=\"fa fa-chevron-right\"><\/i>\u00d6sen zum Aufh\u00e4ngen<\/a><\/article>\n<\/section>\n<section class=\"columns\">\n<article class=\"col col1\">\n<a name=\"haeufige-fragen\"><\/a><\/p>\n<h2>H\u00e4ufige Fragen (FAQ) \u00fcber Kugelketten<\/h2>\n<p>Hier finden Sie die haufige Fragen dieses Produkt. F\u00fcr weitere Fragen k\u00f6nnen Sie uns <a href=\"https:\/\/www.jaydee.com\/de\/kontakt\/\">Kontaktieren<\/a>.<\/p>\n<p><strong>Welche L\u00e4nge ben\u00f6tige ich?<\/strong><\/p>\n<p>Die ben\u00f6tigte L\u00e4nge wird bestimmt, indem Sie Ihre Anwendung vorab mit einer Schnur ausmessen. Beispiel: Sie binden Ihre Muster mit einer Schnur, h\u00e4ngen diese in der gew\u00fcnschten H\u00f6he auf und messen dann anhand der Schnur, wie lang Ihre Kugelkette sein muss.<\/p>\n<p><strong>Ich habe eine Kugelkette auf Rolle bestellt. Wie wird diese zugeschnitten?<\/strong><\/p>\n<p>Sie k\u00f6nnen das Produkt mit einer Schere oder Zange auf die gew\u00fcnschte L\u00e4nge zuschneiden. Dann wird der Verschluss am Ende der Kette befestigt, indem Sie ihn zusammendr\u00fccken<\/p>\n<p><strong>Wie viel Meter Kugelkette sind auf einer Rolle?<\/strong><\/p>\n<p>Auf einer Rolle sind jeweils 50 oder 100 Meter. Die Ketten k\u00f6nnen auch pro Meter bestellt werden.<\/p>\n<p><strong>K\u00f6nnen Einpressverschl\u00fcsse f\u00fcr Kugelketten auch separat bestellt werden?<\/strong><\/p>\n<p>Ja, Einpressverschl\u00fcsse f\u00fcr Kugelketten sind auch separat (je 100 St\u00fcck) bestellbar.<\/p><\/article><div class='clearfix'><\/div>\n<\/section>\n","protected":false},"excerpt":{"rendered":"","protected":false},"author":1,"featured_media":0,"parent":3674,"menu_order":0,"comment_status":"closed","ping_status":"closed","template":"","meta":{"footnotes":""},"class_list":["post-3690","page","type-page","status-publish","hentry"],"yoast_head":"<!-- This site is optimized with the Yoast SEO plugin v26.9 - https:\/\/yoast.com\/product\/yoast-seo-wordpress\/ -->\n<title>Kugelketten: Musterf\u00e4cher aufh\u00e4ngen | Jay Dee International<\/title>\n<meta name=\"description\" content=\"Kugelketten sind verf\u00fcgbar bei Jay Dee International. Zum beispiel f\u00fcr Musterf\u00e4cher aufh\u00e4ngen. Sehen Sie hier unseren Sortiment an!\" \/>\n<meta name=\"robots\" content=\"index, follow, max-snippet:-1, max-image-preview:large, max-video-preview:-1\" \/>\n<link rel=\"canonical\" href=\"https:\/\/www.jaydee.com\/de\/praesentationsartikeln\/kugelketten\/\" \/>\n<meta property=\"og:locale\" content=\"de_DE\" \/>\n<meta property=\"og:type\" content=\"article\" \/>\n<meta property=\"og:title\" content=\"Kugelketten: Musterf\u00e4cher aufh\u00e4ngen | Jay Dee International\" \/>\n<meta property=\"og:description\" content=\"Kugelketten sind verf\u00fcgbar bei Jay Dee International. Zum beispiel f\u00fcr Musterf\u00e4cher aufh\u00e4ngen. Sehen Sie hier unseren Sortiment an!\" \/>\n<meta property=\"og:url\" content=\"https:\/\/www.jaydee.com\/de\/praesentationsartikeln\/kugelketten\/\" \/>\n<meta property=\"og:site_name\" content=\"Jay Dee International\" \/>\n<meta property=\"article:modified_time\" content=\"2017-09-26T11:27:14+00:00\" \/>\n<meta property=\"og:image\" content=\"https:\/\/s3.eu-central-1.amazonaws.com\/jaydee.com\/de\/praesentationsartikeln\/kugelketten-300x300.jpg\" \/>\n<meta name=\"twitter:card\" content=\"summary_large_image\" \/>\n<meta name=\"twitter:label1\" content=\"Gesch\u00e4tzte Lesezeit\" \/>\n\t<meta name=\"twitter:data1\" content=\"3\u00a0Minuten\" \/>\n<script type=\"application\/ld+json\" class=\"yoast-schema-graph\">{\"@context\":\"https:\/\/schema.org\",\"@graph\":[{\"@type\":\"WebPage\",\"@id\":\"https:\/\/www.jaydee.com\/de\/praesentationsartikeln\/kugelketten\/\",\"url\":\"https:\/\/www.jaydee.com\/de\/praesentationsartikeln\/kugelketten\/\",\"name\":\"Kugelketten: Musterf\u00e4cher aufh\u00e4ngen | Jay Dee International\",\"isPartOf\":{\"@id\":\"https:\/\/www.jaydee.com\/nl\/#website\"},\"primaryImageOfPage\":{\"@id\":\"https:\/\/www.jaydee.com\/de\/praesentationsartikeln\/kugelketten\/#primaryimage\"},\"image\":{\"@id\":\"https:\/\/www.jaydee.com\/de\/praesentationsartikeln\/kugelketten\/#primaryimage\"},\"thumbnailUrl\":\"https:\/\/s3.eu-central-1.amazonaws.com\/jaydee.com\/de\/praesentationsartikeln\/kugelketten-300x300.jpg\",\"datePublished\":\"2017-09-18T12:52:50+00:00\",\"dateModified\":\"2017-09-26T11:27:14+00:00\",\"description\":\"Kugelketten sind verf\u00fcgbar bei Jay Dee International. Zum beispiel f\u00fcr Musterf\u00e4cher aufh\u00e4ngen. Sehen Sie hier unseren Sortiment an!\",\"breadcrumb\":{\"@id\":\"https:\/\/www.jaydee.com\/de\/praesentationsartikeln\/kugelketten\/#breadcrumb\"},\"inLanguage\":\"de\",\"potentialAction\":[{\"@type\":\"ReadAction\",\"target\":[\"https:\/\/www.jaydee.com\/de\/praesentationsartikeln\/kugelketten\/\"]}]},{\"@type\":\"ImageObject\",\"inLanguage\":\"de\",\"@id\":\"https:\/\/www.jaydee.com\/de\/praesentationsartikeln\/kugelketten\/#primaryimage\",\"url\":\"https:\/\/s3.eu-central-1.amazonaws.com\/jaydee.com\/de\/praesentationsartikeln\/kugelketten-300x300.jpg\",\"contentUrl\":\"https:\/\/s3.eu-central-1.amazonaws.com\/jaydee.com\/de\/praesentationsartikeln\/kugelketten-300x300.jpg\"},{\"@type\":\"BreadcrumbList\",\"@id\":\"https:\/\/www.jaydee.com\/de\/praesentationsartikeln\/kugelketten\/#breadcrumb\",\"itemListElement\":[{\"@type\":\"ListItem\",\"position\":1,\"name\":\"Home\",\"item\":\"https:\/\/www.jaydee.com\/de\/\"},{\"@type\":\"ListItem\",\"position\":2,\"name\":\"Pr\u00e4sentationsartikeln\",\"item\":\"https:\/\/www.jaydee.com\/de\/praesentationsartikeln\/\"},{\"@type\":\"ListItem\",\"position\":3,\"name\":\"Kugelketten\"}]},{\"@type\":\"WebSite\",\"@id\":\"https:\/\/www.jaydee.com\/nl\/#website\",\"url\":\"https:\/\/www.jaydee.com\/nl\/\",\"name\":\"Jay Dee International\",\"description\":\"Jay Dee\",\"potentialAction\":[{\"@type\":\"SearchAction\",\"target\":{\"@type\":\"EntryPoint\",\"urlTemplate\":\"https:\/\/www.jaydee.com\/nl\/?s={search_term_string}\"},\"query-input\":{\"@type\":\"PropertyValueSpecification\",\"valueRequired\":true,\"valueName\":\"search_term_string\"}}],\"inLanguage\":\"de\"}]}<\/script>\n<!-- \/ Yoast SEO plugin. -->","yoast_head_json":{"title":"Kugelketten: Musterf\u00e4cher aufh\u00e4ngen | Jay Dee International","description":"Kugelketten sind verf\u00fcgbar bei Jay Dee International. Zum beispiel f\u00fcr Musterf\u00e4cher aufh\u00e4ngen. Sehen Sie hier unseren Sortiment an!","robots":{"index":"index","follow":"follow","max-snippet":"max-snippet:-1","max-image-preview":"max-image-preview:large","max-video-preview":"max-video-preview:-1"},"canonical":"https:\/\/www.jaydee.com\/de\/praesentationsartikeln\/kugelketten\/","og_locale":"de_DE","og_type":"article","og_title":"Kugelketten: Musterf\u00e4cher aufh\u00e4ngen | Jay Dee International","og_description":"Kugelketten sind verf\u00fcgbar bei Jay Dee International. Zum beispiel f\u00fcr Musterf\u00e4cher aufh\u00e4ngen. Sehen Sie hier unseren Sortiment an!","og_url":"https:\/\/www.jaydee.com\/de\/praesentationsartikeln\/kugelketten\/","og_site_name":"Jay Dee International","article_modified_time":"2017-09-26T11:27:14+00:00","og_image":[{"url":"https:\/\/s3.eu-central-1.amazonaws.com\/jaydee.com\/de\/praesentationsartikeln\/kugelketten-300x300.jpg","type":"","width":"","height":""}],"twitter_card":"summary_large_image","twitter_misc":{"Gesch\u00e4tzte Lesezeit":"3\u00a0Minuten"},"schema":{"@context":"https:\/\/schema.org","@graph":[{"@type":"WebPage","@id":"https:\/\/www.jaydee.com\/de\/praesentationsartikeln\/kugelketten\/","url":"https:\/\/www.jaydee.com\/de\/praesentationsartikeln\/kugelketten\/","name":"Kugelketten: Musterf\u00e4cher aufh\u00e4ngen | Jay Dee International","isPartOf":{"@id":"https:\/\/www.jaydee.com\/nl\/#website"},"primaryImageOfPage":{"@id":"https:\/\/www.jaydee.com\/de\/praesentationsartikeln\/kugelketten\/#primaryimage"},"image":{"@id":"https:\/\/www.jaydee.com\/de\/praesentationsartikeln\/kugelketten\/#primaryimage"},"thumbnailUrl":"https:\/\/s3.eu-central-1.amazonaws.com\/jaydee.com\/de\/praesentationsartikeln\/kugelketten-300x300.jpg","datePublished":"2017-09-18T12:52:50+00:00","dateModified":"2017-09-26T11:27:14+00:00","description":"Kugelketten sind verf\u00fcgbar bei Jay Dee International. Zum beispiel f\u00fcr Musterf\u00e4cher aufh\u00e4ngen. Sehen Sie hier unseren Sortiment an!","breadcrumb":{"@id":"https:\/\/www.jaydee.com\/de\/praesentationsartikeln\/kugelketten\/#breadcrumb"},"inLanguage":"de","potentialAction":[{"@type":"ReadAction","target":["https:\/\/www.jaydee.com\/de\/praesentationsartikeln\/kugelketten\/"]}]},{"@type":"ImageObject","inLanguage":"de","@id":"https:\/\/www.jaydee.com\/de\/praesentationsartikeln\/kugelketten\/#primaryimage","url":"https:\/\/s3.eu-central-1.amazonaws.com\/jaydee.com\/de\/praesentationsartikeln\/kugelketten-300x300.jpg","contentUrl":"https:\/\/s3.eu-central-1.amazonaws.com\/jaydee.com\/de\/praesentationsartikeln\/kugelketten-300x300.jpg"},{"@type":"BreadcrumbList","@id":"https:\/\/www.jaydee.com\/de\/praesentationsartikeln\/kugelketten\/#breadcrumb","itemListElement":[{"@type":"ListItem","position":1,"name":"Home","item":"https:\/\/www.jaydee.com\/de\/"},{"@type":"ListItem","position":2,"name":"Pr\u00e4sentationsartikeln","item":"https:\/\/www.jaydee.com\/de\/praesentationsartikeln\/"},{"@type":"ListItem","position":3,"name":"Kugelketten"}]},{"@type":"WebSite","@id":"https:\/\/www.jaydee.com\/nl\/#website","url":"https:\/\/www.jaydee.com\/nl\/","name":"Jay Dee International","description":"Jay Dee","potentialAction":[{"@type":"SearchAction","target":{"@type":"EntryPoint","urlTemplate":"https:\/\/www.jaydee.com\/nl\/?s={search_term_string}"},"query-input":{"@type":"PropertyValueSpecification","valueRequired":true,"valueName":"search_term_string"}}],"inLanguage":"de"}]}},"_links":{"self":[{"href":"https:\/\/www.jaydee.com\/de\/wp-json\/wp\/v2\/pages\/3690","targetHints":{"allow":["GET"]}}],"collection":[{"href":"https:\/\/www.jaydee.com\/de\/wp-json\/wp\/v2\/pages"}],"about":[{"href":"https:\/\/www.jaydee.com\/de\/wp-json\/wp\/v2\/types\/page"}],"author":[{"embeddable":true,"href":"https:\/\/www.jaydee.com\/de\/wp-json\/wp\/v2\/users\/1"}],"replies":[{"embeddable":true,"href":"https:\/\/www.jaydee.com\/de\/wp-json\/wp\/v2\/comments?post=3690"}],"version-history":[{"count":3,"href":"https:\/\/www.jaydee.com\/de\/wp-json\/wp\/v2\/pages\/3690\/revisions"}],"predecessor-version":[{"id":3786,"href":"https:\/\/www.jaydee.com\/de\/wp-json\/wp\/v2\/pages\/3690\/revisions\/3786"}],"up":[{"embeddable":true,"href":"https:\/\/www.jaydee.com\/de\/wp-json\/wp\/v2\/pages\/3674"}],"wp:attachment":[{"href":"https:\/\/www.jaydee.com\/de\/wp-json\/wp\/v2\/media?parent=3690"}],"curies":[{"name":"wp","href":"https:\/\/api.w.org\/{rel}","templated":true}]}}