{"id":3693,"date":"2017-09-18T14:53:46","date_gmt":"2017-09-18T12:53:46","guid":{"rendered":"https:\/\/www.jaydee.com\/?page_id=3693"},"modified":"2017-09-26T12:26:00","modified_gmt":"2017-09-26T10:26:00","slug":"kordel","status":"publish","type":"page","link":"https:\/\/www.jaydee.com\/de\/praesentationsartikeln\/kordel\/","title":{"rendered":"Kordel"},"content":{"rendered":"<section class=\"columns\">\n<article class=\"col col3\">\n<p><img loading=\"lazy\" decoding=\"async\" class=\"alignnone size-medium\" src=\"https:\/\/s3.eu-central-1.amazonaws.com\/jaydee.com\/de\/praesentationsartikeln\/kordel-300x300.jpg\" alt=\"kordel\" width=\"300\" height=\"300\" \/><\/p><\/article>\n<article class=\"col col23\">\n<p>Kordel\u00a0ist\u00a0in verschiedenen Ausf\u00fchrungen lieferbar und werden in der Regel als Griff oder f\u00fcr B\u00fccher und Mappen verwendet. In unserem Sortiment finden Sie geflochtene, gedrehte Kordeln, Lederb\u00e4nder und elastische Kordeln in unterschiedlichen Dicken und Farben. Diese werden mit einer\u00a0Kordel\u00a0Klammer verarbeitet.<\/p>\n<a href=\"https:\/\/www.thesolutionshop.com\/de\/kordel-griffe\" class=\"btn large orange\" target=\"_blank\"><i class=\"fa fa-chevron-right\"><\/i>Kordel ansehen<\/a><\/article>\n<\/section>\n<section class=\"columns\">\n<article class=\"col col1\">\n<p>Weitere information \u00fcber:<\/p>\n<ul>\n<li><a href=\"https:\/\/www.jaydee.com\/de\/praesentationsartikeln\/kordel\/#formate\">Formate<\/a><\/li>\n<li><a href=\"https:\/\/www.jaydee.com\/de\/praesentationsartikeln\/kordel\/#ausfuehrungen\">Ausf\u00fchrungen<\/a><\/li>\n<li><a href=\"https:\/\/www.jaydee.com\/de\/praesentationsartikeln\/kordel\/#verwendung-montage\">Verwendung &amp; Montage<\/a><\/li>\n<li><a href=\"https:\/\/www.jaydee.com\/de\/praesentationsartikeln\/kordel\/#zugehoeren\">Zugeh\u00f6ren<\/a><\/li>\n<li><a href=\"https:\/\/www.jaydee.com\/de\/praesentationsartikeln\/kordel\/#haeufige-fragen\">H\u00e4ufige Fragen (FAQ)<\/a><\/li>\n<\/ul><\/article><div class='clearfix'><\/div>\n<\/section>\n<section class=\"columns\">\n<article class=\"col col1\">\n<a name=\"formate\"><\/a><\/p>\n<h2>Welche Gr\u00f6\u00dfen Kordel gibt es?<\/h2>\n<p>Das Produkt wird in der Regel auf Spulen geliefert. Die Kordel wird dann auf die gew\u00fcnschte L\u00e4nge geschnitten. Die Teile k\u00f6nnen zus\u00e4tzlich mit einer Kabelklemme versehen werden, was die Verarbeitung erleichtert.<\/p>\n<p>Sowohl geflochtene (gewebte) als auch gedrehte Kordeln sind mit verschiedenen Durchmessern erh\u00e4ltlich. Die Leder-Variante wird standardm\u00e4\u00dfig mit einem Durchmesser von 6 mm geliefert. Wir beraten Sie gerne \u00fcber andere M\u00f6glichkeiten, Preise und Lieferzeiten. Kontaktieren Sie uns einfach.<\/p>\n<p>Die elastische Kordel, auch Gummizugschnur\u00a0genannt, ist standardm\u00e4\u00dfig mit einem Durchmesser von 2 mm und mit Metallsplinten erh\u00e4ltlich. Das Produkt ist in verschiedenen L\u00e4ngen erh\u00e4ltlich, eine \u00dcbersicht finden Sie in unserem Webshop. Auf Anfrage sind auch andere Ausf\u00fchrungen m\u00f6glich. Kontaktieren Sie uns einfach.<\/p>\n<p>Kordel Klammern sind das perfekte Finish f\u00fcr Ihre Kordel. Und sie erleichtern die Montage. Dieses Produkt ist in verschiedenen Ausf\u00fchrungen und L\u00e4ngen erh\u00e4ltlich. Eine vollst\u00e4ndige Liste finden Sie in unserem Webshop.<\/p>\n<p><a name=\"ausfuehrungen\"><\/a><\/p>\n<h2>Welche Ausf\u00fchrungen gibt es?<\/h2>\n<p>Geflochtene und gedrehte Kordeln bestehen aus mehreren Str\u00e4ngen, die dicht verarbeitet sind. Kordeln sind stark belastbar, was die Verarbeitung erleichtert. Diese Kordeln sind in verschiedenen Farben erh\u00e4ltlich.<\/p>\n<p>Leder-Kordeln sind in Schwarz oder Naturbraun erh\u00e4ltlich. Auf Anfrage sind auch andere Farben lieferbar.<\/p>\n<p>Elastische Kordeln bestehen aus einem elastischen Gewebe. Dieses ist einfach zu verarbeiten und schneidet nicht in die Hand.<\/p>\n<p>Klammern sind vernickelt und in unterschiedlichen Modellen erh\u00e4ltlich.<\/p>\n<p><a name=\"verwendung-montage\"><\/a><\/p>\n<h2>Verwendung &amp; Montage<\/h2>\n<p>Geflochtene, gedrehte und Leder-Kordel werden h\u00e4ufig als Griff und f\u00fcr Mappen und B\u00fccher verwendet. Die Klammern verst\u00e4rken die R\u00e4nder des Produkts.<\/p>\n<p>Sie k\u00f6nnen die Kordel auch als geschlossene Schlaufe anbringen, indem Sie beide Enden in der Klemme befestigen. Die Enden k\u00f6nnen auch mit Splinten versehen werden, die dann direkt an einer Box oder einem Musterb\u00fcgel befestigt werden.<\/p>\n<p>Elastische Kordeln sind ideal zum Binden von H\u00fcllen oder Mappen. Diese werden mit einem Metallsplinten zur Befestigung verarbeitet, der auch daf\u00fcr sorgt, dass die Kordel nicht ausfranst. Sie stecken den Splint durch ein Loch in die Mappe, woraufhin sich dieser mit den abstehenden Teilen festhakt.<\/p>\n<p><a name=\"zugehoeren\"><\/a><\/p>\n<h2>Das k\u00f6nnte Sie auch interessieren<\/h2>\n<p>Kordeln k\u00f6nnen hervorragend mit \u00d6sen kombiniert werden. Wenn Sie einen st\u00e4rkeren, flachen Griff ben\u00f6tigen, sollten Sie sich beispielsweise f\u00fcr Webband entscheiden.<\/p><\/article><div class='clearfix'><\/div>\n<\/section>\n<section class=\"columns\">\n<article class=\"col col4\">\n<p><img loading=\"lazy\" decoding=\"async\" class=\"alignnone size-medium\" src=\"https:\/\/s3.eu-central-1.amazonaws.com\/jaydee.com\/de\/befestigungsartikeln\/oesen-150x150.jpg\" alt=\"\u00f6sen\" width=\"150\" height=\"150\" \/><\/p><\/article>\n<article class=\"col col34\">\n<h3>\u00d6sen<\/h3>\n<p>Sie m\u00f6chten Ihrem Produkt mit einer Kordel den letzten Schliff verleihen? Eine optimale M\u00f6glichkeiten bieten \u00d6sen, die an Musterb\u00fcgeln- oder Katalogen, Koffern oder Boxen platziert werden, bevor Sie die Kordel anbringen. \u00d6sen sorgen f\u00fcr mehr Stabilit\u00e4t und eine repr\u00e4sentative Ausstrahlung. So wird auch verhindert, dass Ihr Produkt besch\u00e4digt werden kann. In unserem Webshop finden Sie eine \u00dcbersicht \u00fcber die \u00d6sen.<\/p>\n<a href=\"https:\/\/www.jaydee.com\/de\/befestigungsartikeln\/oesen\/\" class=\"btn large custom\"><i class=\"fa fa-chevron-right\"><\/i>\u00d6sen<\/a><\/article>\n<\/section>\n<section class=\"columns\">\n<article class=\"col col4\">\n<p><img loading=\"lazy\" decoding=\"async\" class=\"alignnone size-medium\" src=\"https:\/\/s3.eu-central-1.amazonaws.com\/jaydee.com\/de\/praesentationsartikeln\/gurtband-150x150.jpg\" alt=\"gurtband\" width=\"150\" height=\"150\" \/><\/p><\/article>\n<article class=\"col col34\">\n<h3>Gurtband<\/h3>\n<p>Gurtband, ein flach gewebtes PP-Band, kann auch als Griff verwendet werden. Optional kann auch ein Text in das Band gewebt werden. Weitere Informationen finden Sie auf einer separaten Seite oder in unserem Webshop.<\/p>\n<a href=\"https:\/\/www.jaydee.com\/de\/praesentationsartikeln\/gurtband\/\" class=\"btn large custom\"><i class=\"fa fa-chevron-right\"><\/i>Gurtband<\/a><\/article>\n<\/section>\n<section class=\"columns\">\n<article class=\"col col1\">\n<a name=\"haeufige-fragen\"><\/a><\/p>\n<h2>H\u00e4ufige Fragen (FAQ) \u00fcber Kordel<\/h2>\n<p>Hier finden Sie die haufige Fragen dieses Produkt. F\u00fcr weitere Fragen k\u00f6nnen Sie uns <a href=\"https:\/\/www.jaydee.com\/de\/kontakt\/\">Kontaktieren<\/a>.<\/p>\n<p><strong>Was ist eine gedrehte Kordel?<\/strong><\/p>\n<p>Der Name \u201egedrehte Kordel\u201c leitet sich von dem Herstellungsverfahren ab. Die Str\u00e4nge der Kordel werden dabei miteinander \u201everzwirnt\u201c bzw. gedreht.<\/p>\n<p><strong>Kann ich Kordeln auch mit bereits montierten Klammern bestellen?<\/strong><\/p>\n<p>a, wir liefern Kordeln auch mit montierten Klammern. Wir beraten Sie gerne zu den Liefermengen, Preisen und Lieferzeiten.<\/p>\n<p>Kontaktieren Sie uns einfach. Gummikorel ist standardm\u00e4\u00dfig mit Endst\u00fccken aus Metall (Splinten) versehen, doch auch Anfrage auch auf Rolle lieferbar.<\/p>\n<p><strong>Wie weit k\u00f6nnen elastische Kordeln gedehnt werden?<\/strong><\/p>\n<p>Elastische Kordeln k\u00f6nnen ungef\u00e4hr auf das Doppelte ihrer urspr\u00fcnglichen L\u00e4nge gedehnt werden.<\/p>\n<p><strong>Welche L\u00e4nge ben\u00f6tige ich?<\/strong><\/p>\n<p>F\u00fcr einen sicheren Verschluss der Mappe, muss die Gummikordel etwas gespannt werden. Sie ben\u00f6tigen somit eine Kordel, die 90 Prozent der L\u00e4nge der gew\u00fcnschten Kapazit\u00e4t hat. So wird sichergestellt, dass die Kordel immer etwas gespannt ist.<\/p><\/article><div class='clearfix'><\/div>\n<\/section>\n","protected":false},"excerpt":{"rendered":"","protected":false},"author":1,"featured_media":0,"parent":3674,"menu_order":0,"comment_status":"closed","ping_status":"closed","template":"","meta":{"footnotes":""},"class_list":["post-3693","page","type-page","status-publish","hentry"],"yoast_head":"<!-- This site is optimized with the Yoast SEO plugin v26.9 - https:\/\/yoast.com\/product\/yoast-seo-wordpress\/ -->\n<title>Kordel: Gummischn\u00fcre, Leder- und Atlaskordeln | Jay Dee International<\/title>\n<meta name=\"description\" content=\"Kordel, Leder Kordel und Gummischnur sind allen verf\u00fcgbar bei Jay Dee International. Sehen Sie hier unseren Sortiment an!\" \/>\n<meta name=\"robots\" content=\"index, follow, max-snippet:-1, max-image-preview:large, max-video-preview:-1\" \/>\n<link rel=\"canonical\" href=\"https:\/\/www.jaydee.com\/de\/praesentationsartikeln\/kordel\/\" \/>\n<meta property=\"og:locale\" content=\"de_DE\" \/>\n<meta property=\"og:type\" content=\"article\" \/>\n<meta property=\"og:title\" content=\"Kordel: Gummischn\u00fcre, Leder- und Atlaskordeln | Jay Dee International\" \/>\n<meta property=\"og:description\" content=\"Kordel, Leder Kordel und Gummischnur sind allen verf\u00fcgbar bei Jay Dee International. Sehen Sie hier unseren Sortiment an!\" \/>\n<meta property=\"og:url\" content=\"https:\/\/www.jaydee.com\/de\/praesentationsartikeln\/kordel\/\" \/>\n<meta property=\"og:site_name\" content=\"Jay Dee International\" \/>\n<meta property=\"article:modified_time\" content=\"2017-09-26T10:26:00+00:00\" \/>\n<meta property=\"og:image\" content=\"https:\/\/s3.eu-central-1.amazonaws.com\/jaydee.com\/de\/praesentationsartikeln\/kordel-300x300.jpg\" \/>\n<meta name=\"twitter:card\" content=\"summary_large_image\" \/>\n<meta name=\"twitter:label1\" content=\"Gesch\u00e4tzte Lesezeit\" \/>\n\t<meta name=\"twitter:data1\" content=\"4\u00a0Minuten\" \/>\n<script type=\"application\/ld+json\" class=\"yoast-schema-graph\">{\"@context\":\"https:\/\/schema.org\",\"@graph\":[{\"@type\":\"WebPage\",\"@id\":\"https:\/\/www.jaydee.com\/de\/praesentationsartikeln\/kordel\/\",\"url\":\"https:\/\/www.jaydee.com\/de\/praesentationsartikeln\/kordel\/\",\"name\":\"Kordel: Gummischn\u00fcre, Leder- und Atlaskordeln | Jay Dee International\",\"isPartOf\":{\"@id\":\"https:\/\/www.jaydee.com\/nl\/#website\"},\"primaryImageOfPage\":{\"@id\":\"https:\/\/www.jaydee.com\/de\/praesentationsartikeln\/kordel\/#primaryimage\"},\"image\":{\"@id\":\"https:\/\/www.jaydee.com\/de\/praesentationsartikeln\/kordel\/#primaryimage\"},\"thumbnailUrl\":\"https:\/\/s3.eu-central-1.amazonaws.com\/jaydee.com\/de\/praesentationsartikeln\/kordel-300x300.jpg\",\"datePublished\":\"2017-09-18T12:53:46+00:00\",\"dateModified\":\"2017-09-26T10:26:00+00:00\",\"description\":\"Kordel, Leder Kordel und Gummischnur sind allen verf\u00fcgbar bei Jay Dee International. Sehen Sie hier unseren Sortiment an!\",\"breadcrumb\":{\"@id\":\"https:\/\/www.jaydee.com\/de\/praesentationsartikeln\/kordel\/#breadcrumb\"},\"inLanguage\":\"de\",\"potentialAction\":[{\"@type\":\"ReadAction\",\"target\":[\"https:\/\/www.jaydee.com\/de\/praesentationsartikeln\/kordel\/\"]}]},{\"@type\":\"ImageObject\",\"inLanguage\":\"de\",\"@id\":\"https:\/\/www.jaydee.com\/de\/praesentationsartikeln\/kordel\/#primaryimage\",\"url\":\"https:\/\/s3.eu-central-1.amazonaws.com\/jaydee.com\/de\/praesentationsartikeln\/kordel-300x300.jpg\",\"contentUrl\":\"https:\/\/s3.eu-central-1.amazonaws.com\/jaydee.com\/de\/praesentationsartikeln\/kordel-300x300.jpg\"},{\"@type\":\"BreadcrumbList\",\"@id\":\"https:\/\/www.jaydee.com\/de\/praesentationsartikeln\/kordel\/#breadcrumb\",\"itemListElement\":[{\"@type\":\"ListItem\",\"position\":1,\"name\":\"Home\",\"item\":\"https:\/\/www.jaydee.com\/de\/\"},{\"@type\":\"ListItem\",\"position\":2,\"name\":\"Pr\u00e4sentationsartikeln\",\"item\":\"https:\/\/www.jaydee.com\/de\/praesentationsartikeln\/\"},{\"@type\":\"ListItem\",\"position\":3,\"name\":\"Kordel\"}]},{\"@type\":\"WebSite\",\"@id\":\"https:\/\/www.jaydee.com\/nl\/#website\",\"url\":\"https:\/\/www.jaydee.com\/nl\/\",\"name\":\"Jay Dee International\",\"description\":\"Jay Dee\",\"potentialAction\":[{\"@type\":\"SearchAction\",\"target\":{\"@type\":\"EntryPoint\",\"urlTemplate\":\"https:\/\/www.jaydee.com\/nl\/?s={search_term_string}\"},\"query-input\":{\"@type\":\"PropertyValueSpecification\",\"valueRequired\":true,\"valueName\":\"search_term_string\"}}],\"inLanguage\":\"de\"}]}<\/script>\n<!-- \/ Yoast SEO plugin. -->","yoast_head_json":{"title":"Kordel: Gummischn\u00fcre, Leder- und Atlaskordeln | Jay Dee International","description":"Kordel, Leder Kordel und Gummischnur sind allen verf\u00fcgbar bei Jay Dee International. Sehen Sie hier unseren Sortiment an!","robots":{"index":"index","follow":"follow","max-snippet":"max-snippet:-1","max-image-preview":"max-image-preview:large","max-video-preview":"max-video-preview:-1"},"canonical":"https:\/\/www.jaydee.com\/de\/praesentationsartikeln\/kordel\/","og_locale":"de_DE","og_type":"article","og_title":"Kordel: Gummischn\u00fcre, Leder- und Atlaskordeln | Jay Dee International","og_description":"Kordel, Leder Kordel und Gummischnur sind allen verf\u00fcgbar bei Jay Dee International. Sehen Sie hier unseren Sortiment an!","og_url":"https:\/\/www.jaydee.com\/de\/praesentationsartikeln\/kordel\/","og_site_name":"Jay Dee International","article_modified_time":"2017-09-26T10:26:00+00:00","og_image":[{"url":"https:\/\/s3.eu-central-1.amazonaws.com\/jaydee.com\/de\/praesentationsartikeln\/kordel-300x300.jpg","type":"","width":"","height":""}],"twitter_card":"summary_large_image","twitter_misc":{"Gesch\u00e4tzte Lesezeit":"4\u00a0Minuten"},"schema":{"@context":"https:\/\/schema.org","@graph":[{"@type":"WebPage","@id":"https:\/\/www.jaydee.com\/de\/praesentationsartikeln\/kordel\/","url":"https:\/\/www.jaydee.com\/de\/praesentationsartikeln\/kordel\/","name":"Kordel: Gummischn\u00fcre, Leder- und Atlaskordeln | Jay Dee International","isPartOf":{"@id":"https:\/\/www.jaydee.com\/nl\/#website"},"primaryImageOfPage":{"@id":"https:\/\/www.jaydee.com\/de\/praesentationsartikeln\/kordel\/#primaryimage"},"image":{"@id":"https:\/\/www.jaydee.com\/de\/praesentationsartikeln\/kordel\/#primaryimage"},"thumbnailUrl":"https:\/\/s3.eu-central-1.amazonaws.com\/jaydee.com\/de\/praesentationsartikeln\/kordel-300x300.jpg","datePublished":"2017-09-18T12:53:46+00:00","dateModified":"2017-09-26T10:26:00+00:00","description":"Kordel, Leder Kordel und Gummischnur sind allen verf\u00fcgbar bei Jay Dee International. Sehen Sie hier unseren Sortiment an!","breadcrumb":{"@id":"https:\/\/www.jaydee.com\/de\/praesentationsartikeln\/kordel\/#breadcrumb"},"inLanguage":"de","potentialAction":[{"@type":"ReadAction","target":["https:\/\/www.jaydee.com\/de\/praesentationsartikeln\/kordel\/"]}]},{"@type":"ImageObject","inLanguage":"de","@id":"https:\/\/www.jaydee.com\/de\/praesentationsartikeln\/kordel\/#primaryimage","url":"https:\/\/s3.eu-central-1.amazonaws.com\/jaydee.com\/de\/praesentationsartikeln\/kordel-300x300.jpg","contentUrl":"https:\/\/s3.eu-central-1.amazonaws.com\/jaydee.com\/de\/praesentationsartikeln\/kordel-300x300.jpg"},{"@type":"BreadcrumbList","@id":"https:\/\/www.jaydee.com\/de\/praesentationsartikeln\/kordel\/#breadcrumb","itemListElement":[{"@type":"ListItem","position":1,"name":"Home","item":"https:\/\/www.jaydee.com\/de\/"},{"@type":"ListItem","position":2,"name":"Pr\u00e4sentationsartikeln","item":"https:\/\/www.jaydee.com\/de\/praesentationsartikeln\/"},{"@type":"ListItem","position":3,"name":"Kordel"}]},{"@type":"WebSite","@id":"https:\/\/www.jaydee.com\/nl\/#website","url":"https:\/\/www.jaydee.com\/nl\/","name":"Jay Dee International","description":"Jay Dee","potentialAction":[{"@type":"SearchAction","target":{"@type":"EntryPoint","urlTemplate":"https:\/\/www.jaydee.com\/nl\/?s={search_term_string}"},"query-input":{"@type":"PropertyValueSpecification","valueRequired":true,"valueName":"search_term_string"}}],"inLanguage":"de"}]}},"_links":{"self":[{"href":"https:\/\/www.jaydee.com\/de\/wp-json\/wp\/v2\/pages\/3693","targetHints":{"allow":["GET"]}}],"collection":[{"href":"https:\/\/www.jaydee.com\/de\/wp-json\/wp\/v2\/pages"}],"about":[{"href":"https:\/\/www.jaydee.com\/de\/wp-json\/wp\/v2\/types\/page"}],"author":[{"embeddable":true,"href":"https:\/\/www.jaydee.com\/de\/wp-json\/wp\/v2\/users\/1"}],"replies":[{"embeddable":true,"href":"https:\/\/www.jaydee.com\/de\/wp-json\/wp\/v2\/comments?post=3693"}],"version-history":[{"count":4,"href":"https:\/\/www.jaydee.com\/de\/wp-json\/wp\/v2\/pages\/3693\/revisions"}],"predecessor-version":[{"id":3784,"href":"https:\/\/www.jaydee.com\/de\/wp-json\/wp\/v2\/pages\/3693\/revisions\/3784"}],"up":[{"embeddable":true,"href":"https:\/\/www.jaydee.com\/de\/wp-json\/wp\/v2\/pages\/3674"}],"wp:attachment":[{"href":"https:\/\/www.jaydee.com\/de\/wp-json\/wp\/v2\/media?parent=3693"}],"curies":[{"name":"wp","href":"https:\/\/api.w.org\/{rel}","templated":true}]}}