{"id":3699,"date":"2017-09-18T14:57:54","date_gmt":"2017-09-18T12:57:54","guid":{"rendered":"https:\/\/www.jaydee.com\/?page_id=3699"},"modified":"2017-09-26T09:22:52","modified_gmt":"2017-09-26T07:22:52","slug":"gurtband","status":"publish","type":"page","link":"https:\/\/www.jaydee.com\/de\/praesentationsartikeln\/gurtband\/","title":{"rendered":"Gurtband"},"content":{"rendered":"<section class=\"columns\">\n<article class=\"col col3\">\n<p><img loading=\"lazy\" decoding=\"async\" class=\"alignnone size-medium\" src=\"https:\/\/s3.eu-central-1.amazonaws.com\/jaydee.com\/de\/praesentationsartikeln\/gurtband-300x300.jpg\" alt=\"gurtband\" width=\"300\" height=\"300\" \/><\/p><\/article>\n<article class=\"col col23\">\n<p>Gurtband oder Webband wird h\u00e4ufig als Griff oder Verschluss verwendet. Es wird daher auch als Tragegurt bezeichnet. Es ist sowohl auf Rolle als in zugeschnitten Teilen lieferbar.<\/p>\n<p>Gurtband\u00a0ist in verschiedenen Breiten ab Lager und standardm\u00e4\u00dfig in der Farbe schwarz erh\u00e4ltlich. Bitte kontaktieren Sie uns f\u00fcr andere Gr\u00f6\u00dfen oder Designs.<\/p>\n<a href=\"https:\/\/www.thesolutionshop.com\/de\/kordel-griffe\/gurtband\" class=\"btn large orange\" target=\"_blank\"><i class=\"fa fa-chevron-right\"><\/i>Gurtband ansehen<\/a><\/article>\n<\/section>\n<section class=\"columns\">\n<article class=\"col col1\">\n<p>Weitere information \u00fcber:<\/p>\n<ul>\n<li><a href=\"https:\/\/www.jaydee.com\/de\/praesentationsartikeln\/gurtband\/#formate\">Formate<\/a><\/li>\n<li><a href=\"https:\/\/www.jaydee.com\/de\/praesentationsartikeln\/gurtband\/#ausfuehrungen\">Ausf\u00fchrungen<\/a><\/li>\n<li><a href=\"https:\/\/www.jaydee.com\/de\/praesentationsartikeln\/gurtband\/#verwendung-montage\">Verwendung &amp; Montage<\/a><\/li>\n<li><a href=\"https:\/\/www.jaydee.com\/de\/praesentationsartikeln\/gurtband\/#zugehoeren\">Zugeh\u00f6ren<\/a><\/li>\n<li><a href=\"https:\/\/www.jaydee.com\/de\/praesentationsartikeln\/gurtband\/#haeufige-fragen\">H\u00e4ufige Fragen (FAQ)<\/a><\/li>\n<\/ul><\/article><div class='clearfix'><\/div>\n<\/section>\n<section class=\"columns\">\n<article class=\"col col1\">\n<a name=\"formate\"><\/a><\/p>\n<h2>Welche Gr\u00f6\u00dfen Gurtband gibt es?<\/h2>\n<p>Das Produkt ist in den folgenden Formaten erh\u00e4ltlich:<\/p>\n<ul>\n<li>15 mm<\/li>\n<li>20 mm<\/li>\n<li>25 mm<\/li>\n<li>50 mm<\/li>\n<\/ul>\n<p>Das 15 und 20 mm breite Gurtband\u00a0wird auf einer Rolle mit einer Bandl\u00e4nge von 100 Metern geliefert. Das 25 und 50 mm breite Webband wird auf einer Rolle mit einer Bandl\u00e4nge von 50 Metern geliefert.<\/p>\n<p>Wir liefern auch Webband in St\u00fccken zugeschnitten, bei Bedarf mit einem gewebten Text, inklusive L\u00f6chern f\u00fcr eine einfache Montage. Wir beraten Sie gerne \u00fcber die M\u00f6glichkeiten, Preise und Mengen f\u00fcr Sonderanfertigungen. Kontaktieren Sie uns einfach.<\/p>\n<p><a name=\"ausfuehrungen\"><\/a><\/p>\n<h2>Welche Ausf\u00fchrungen gibt es?<\/h2>\n<p>Das von uns gelieferte Band besteht aus gewebtem PP-Band in schwerer Qualit\u00e4t. Gurtband\u00a0wird standardm\u00e4\u00dfig in der Farbe Schwarz geliefert. Wenn Sie das Band in einer weniger schweren Ausf\u00fchrung oder in einer anderen Farbe ben\u00f6tigen, k\u00f6nnen Sie uns jederzeit kontaktieren.<\/p>\n<p><a name=\"verwendung-montage\"><\/a><\/p>\n<h2>Verwendung &amp; Montage<\/h2>\n<p>Unser Produkt in schwerer Qualit\u00e4t ist rei\u00dffest, robust und somit ideal, um als Griff oder Verschluss verwenden verwendet zu werden. In der Textilindustrie wird Webband ebenfalls h\u00e4ufig zur Verarbeitung von Zelten, R\u00fccks\u00e4cken und anderen Produkten verwendet.<\/p>\n<p>Wenn Sie f\u00fcr Ihre Anwendung ein flexibleres Gurtband\u00a0ben\u00f6tigen, beraten wir Sie gerne \u00fcber die M\u00f6glichkeiten.<\/p>\n<p><a name=\"zugehoeren\"><\/a><\/p>\n<h2>Das k\u00f6nnte Sie auch interessieren<\/h2>\n<p>Das Produkt l\u00e4sst sich beispielsweise mit \u00d6sen, Buchschrauben oder Nieten verarbeiten. Alternativ k\u00f6nnen auch Trageschlaufen verwendet werden.<\/p><\/article><div class='clearfix'><\/div>\n<\/section>\n<section class=\"columns\">\n<article class=\"col col4\">\n<p><img loading=\"lazy\" decoding=\"async\" class=\"alignnone size-medium\" src=\"https:\/\/s3.eu-central-1.amazonaws.com\/jaydee.com\/de\/befestigungsartikeln\/oesen-150x150.jpg\" alt=\"\u00f6sen\" width=\"150\" height=\"150\" \/><\/p><\/article>\n<article class=\"col col34\">\n<h3>\u00d6sen<\/h3>\n<p>Wenn Sie Teile des Webbandes mit L\u00f6chern versehen m\u00f6chten, dann sind \u00d6sen ideal f\u00fcr die Verarbeitung. \u00d6sen, m\u00f6glicherweise mit Gegenringen, bieten einen ausgezeichneten Schutz und eine repr\u00e4sentative Ausstrahlung. Weitere Informationen finden Sie auf einer separaten Seite.<\/p>\n<a href=\"https:\/\/www.jaydee.com\/de\/befestigungsartikeln\/oesen\/\" class=\"btn large custom\"><i class=\"fa fa-chevron-right\"><\/i>\u00d6sen<\/a><\/article>\n<\/section>\n<section class=\"columns\">\n<article class=\"col col4\">\n<p><img loading=\"lazy\" decoding=\"async\" class=\"alignnone size-medium\" src=\"https:\/\/s3.eu-central-1.amazonaws.com\/jaydee.com\/de\/befestigungsartikeln\/buchschrauben-150x150.jpg\" alt=\"buchschrauben\" width=\"150\" height=\"150\" \/><\/p><\/article>\n<article class=\"col col34\">\n<h3>Buchschrauben<\/h3>\n<p>Wenn Sie das Gurtband\u00a0als Griff verwenden m\u00f6chten, dann kann dieses mit Buchschrauben am Musterb\u00fcgel oder Deckel befestigt werden. In diesem Fall haben Sie die M\u00f6glichkeit, das Webband inklusive der L\u00f6cher f\u00fcr die Montage zu bestellen.<\/p>\n<a href=\"https:\/\/www.jaydee.com\/de\/befestigungsartikeln\/buchschrauben\/\" class=\"btn large custom\"><i class=\"fa fa-chevron-right\"><\/i>Buchschrauben<\/a><\/article>\n<\/section>\n<section class=\"columns\">\n<article class=\"col col4\">\n<p><img loading=\"lazy\" decoding=\"async\" class=\"alignnone size-medium\" src=\"https:\/\/s3.eu-central-1.amazonaws.com\/jaydee.com\/de\/befestigungsartikeln\/nieten-150x150.jpg\" alt=\"Nieten\" width=\"150\" height=\"150\" \/><\/p><\/article>\n<article class=\"col col34\">\n<h3>Nieten<\/h3>\n<p>Hohlnieten oder Maschinennieten k\u00f6nnen \u00e4hnlich wie Buchschrauben verwendet werden, um das Produkt an einem Musterb\u00fcgel oder Mappe zu befestigen. Nieten bieten im Gegensatz zu Buchschrauben eine dauerhafte Verbindung.<\/p>\n<a href=\"https:\/\/www.jaydee.com\/de\/befestigungsartikeln\/nieten\/\" class=\"btn large custom\"><i class=\"fa fa-chevron-right\"><\/i>Nieten<\/a><\/article>\n<\/section>\n<section class=\"columns\">\n<article class=\"col col4\">\n<p><img loading=\"lazy\" decoding=\"async\" class=\"alignnone size-medium\" src=\"https:\/\/s3.eu-central-1.amazonaws.com\/jaydee.com\/de\/praesentationsartikeln\/trageschlaufen-150x150.jpg\" alt=\"trageschlaufen\" width=\"150\" height=\"150\" \/><\/p><\/article>\n<article class=\"col col34\">\n<h3>Trageschlaufen<\/h3>\n<p>Trageschlaufen k\u00f6nnen auch auch als Alternative zum Gurtband\u00a0als Tragegurt verwendet werden. Diese Schlaufen sind bereits vorgeschnitten und in unterschiedlichen Ausf\u00fchrungen erh\u00e4ltlich. Eine \u00dcbersicht finden Sie in unserem Webshop.<\/p>\n<a href=\"https:\/\/www.jaydee.com\/de\/praesentationsartikeln\/trageschlaufen\/\" class=\"btn large custom\"><i class=\"fa fa-chevron-right\"><\/i>Trageschlaufen<\/a><\/article>\n<\/section>\n<section class=\"columns\">\n<article class=\"col col1\">\n<a name=\"haeufige-fragen\"><\/a><\/p>\n<h2>H\u00e4ufige Fragen (FAQ) \u00fcber Gurtband<\/h2>\n<p>Hier finden Sie die haufige Fragen dieses Produkt. F\u00fcr weitere Fragen k\u00f6nnen Sie uns <a href=\"https:\/\/www.jaydee.com\/de\/kontakt\/\">Kontaktieren<\/a>.<\/p>\n<p><strong>Kann ich auch eine halbe Rolle Webband bestellen?<\/strong><\/p>\n<p>Nein, das Produkt ist nur als ganze Rolle erh\u00e4ltlich.<\/p>\n<p><strong>Kann ich die Verschlusspunkte\u00a0auf Rolle auch ohne Dispenser verwenden?<\/strong><\/p>\n<p>Beide Produkte gibt es in verschiedenen Qualit\u00e4ten. Wir liefern Gurtband\u00a0in schwerer Qualit\u00e4t und geh\u00e4rtete Kunststoffgriffe, aber auch leichteres Webband und flexible Trageschlaufen. Beide Griffe sind also massiv und biegsam erh\u00e4ltlich.<\/p><\/article><div class='clearfix'><\/div>\n<\/section>\n","protected":false},"excerpt":{"rendered":"","protected":false},"author":1,"featured_media":0,"parent":3674,"menu_order":0,"comment_status":"closed","ping_status":"closed","template":"","meta":{"footnotes":""},"class_list":["post-3699","page","type-page","status-publish","hentry"],"yoast_head":"<!-- This site is optimized with the Yoast SEO plugin v26.9 - https:\/\/yoast.com\/product\/yoast-seo-wordpress\/ -->\n<title>Gurtband: Webband Tragegriffe | Jay Dee International<\/title>\n<meta name=\"description\" content=\"Gurtband oder Webband sind verf\u00fcgbar bei Jay Dee International. Ideales Tragegriffe f\u00fcr pr\u00e4sentationsartikeln. Sehen Sie hier unseren Sortiment an!\" \/>\n<meta name=\"robots\" content=\"index, follow, max-snippet:-1, max-image-preview:large, max-video-preview:-1\" \/>\n<link rel=\"canonical\" href=\"https:\/\/www.jaydee.com\/de\/praesentationsartikeln\/gurtband\/\" \/>\n<meta property=\"og:locale\" content=\"de_DE\" \/>\n<meta property=\"og:type\" content=\"article\" \/>\n<meta property=\"og:title\" content=\"Gurtband: Webband Tragegriffe | Jay Dee International\" \/>\n<meta property=\"og:description\" content=\"Gurtband oder Webband sind verf\u00fcgbar bei Jay Dee International. Ideales Tragegriffe f\u00fcr pr\u00e4sentationsartikeln. Sehen Sie hier unseren Sortiment an!\" \/>\n<meta property=\"og:url\" content=\"https:\/\/www.jaydee.com\/de\/praesentationsartikeln\/gurtband\/\" \/>\n<meta property=\"og:site_name\" content=\"Jay Dee International\" \/>\n<meta property=\"article:modified_time\" content=\"2017-09-26T07:22:52+00:00\" \/>\n<meta property=\"og:image\" content=\"https:\/\/s3.eu-central-1.amazonaws.com\/jaydee.com\/de\/praesentationsartikeln\/gurtband-300x300.jpg\" \/>\n<meta name=\"twitter:card\" content=\"summary_large_image\" \/>\n<meta name=\"twitter:label1\" content=\"Gesch\u00e4tzte Lesezeit\" \/>\n\t<meta name=\"twitter:data1\" content=\"4\u00a0Minuten\" \/>\n<script type=\"application\/ld+json\" class=\"yoast-schema-graph\">{\"@context\":\"https:\/\/schema.org\",\"@graph\":[{\"@type\":\"WebPage\",\"@id\":\"https:\/\/www.jaydee.com\/de\/praesentationsartikeln\/gurtband\/\",\"url\":\"https:\/\/www.jaydee.com\/de\/praesentationsartikeln\/gurtband\/\",\"name\":\"Gurtband: Webband Tragegriffe | Jay Dee International\",\"isPartOf\":{\"@id\":\"https:\/\/www.jaydee.com\/nl\/#website\"},\"primaryImageOfPage\":{\"@id\":\"https:\/\/www.jaydee.com\/de\/praesentationsartikeln\/gurtband\/#primaryimage\"},\"image\":{\"@id\":\"https:\/\/www.jaydee.com\/de\/praesentationsartikeln\/gurtband\/#primaryimage\"},\"thumbnailUrl\":\"https:\/\/s3.eu-central-1.amazonaws.com\/jaydee.com\/de\/praesentationsartikeln\/gurtband-300x300.jpg\",\"datePublished\":\"2017-09-18T12:57:54+00:00\",\"dateModified\":\"2017-09-26T07:22:52+00:00\",\"description\":\"Gurtband oder Webband sind verf\u00fcgbar bei Jay Dee International. Ideales Tragegriffe f\u00fcr pr\u00e4sentationsartikeln. Sehen Sie hier unseren Sortiment an!\",\"breadcrumb\":{\"@id\":\"https:\/\/www.jaydee.com\/de\/praesentationsartikeln\/gurtband\/#breadcrumb\"},\"inLanguage\":\"de\",\"potentialAction\":[{\"@type\":\"ReadAction\",\"target\":[\"https:\/\/www.jaydee.com\/de\/praesentationsartikeln\/gurtband\/\"]}]},{\"@type\":\"ImageObject\",\"inLanguage\":\"de\",\"@id\":\"https:\/\/www.jaydee.com\/de\/praesentationsartikeln\/gurtband\/#primaryimage\",\"url\":\"https:\/\/s3.eu-central-1.amazonaws.com\/jaydee.com\/de\/praesentationsartikeln\/gurtband-300x300.jpg\",\"contentUrl\":\"https:\/\/s3.eu-central-1.amazonaws.com\/jaydee.com\/de\/praesentationsartikeln\/gurtband-300x300.jpg\"},{\"@type\":\"BreadcrumbList\",\"@id\":\"https:\/\/www.jaydee.com\/de\/praesentationsartikeln\/gurtband\/#breadcrumb\",\"itemListElement\":[{\"@type\":\"ListItem\",\"position\":1,\"name\":\"Home\",\"item\":\"https:\/\/www.jaydee.com\/de\/\"},{\"@type\":\"ListItem\",\"position\":2,\"name\":\"Pr\u00e4sentationsartikeln\",\"item\":\"https:\/\/www.jaydee.com\/de\/praesentationsartikeln\/\"},{\"@type\":\"ListItem\",\"position\":3,\"name\":\"Gurtband\"}]},{\"@type\":\"WebSite\",\"@id\":\"https:\/\/www.jaydee.com\/nl\/#website\",\"url\":\"https:\/\/www.jaydee.com\/nl\/\",\"name\":\"Jay Dee International\",\"description\":\"Jay Dee\",\"potentialAction\":[{\"@type\":\"SearchAction\",\"target\":{\"@type\":\"EntryPoint\",\"urlTemplate\":\"https:\/\/www.jaydee.com\/nl\/?s={search_term_string}\"},\"query-input\":{\"@type\":\"PropertyValueSpecification\",\"valueRequired\":true,\"valueName\":\"search_term_string\"}}],\"inLanguage\":\"de\"}]}<\/script>\n<!-- \/ Yoast SEO plugin. -->","yoast_head_json":{"title":"Gurtband: Webband Tragegriffe | Jay Dee International","description":"Gurtband oder Webband sind verf\u00fcgbar bei Jay Dee International. Ideales Tragegriffe f\u00fcr pr\u00e4sentationsartikeln. Sehen Sie hier unseren Sortiment an!","robots":{"index":"index","follow":"follow","max-snippet":"max-snippet:-1","max-image-preview":"max-image-preview:large","max-video-preview":"max-video-preview:-1"},"canonical":"https:\/\/www.jaydee.com\/de\/praesentationsartikeln\/gurtband\/","og_locale":"de_DE","og_type":"article","og_title":"Gurtband: Webband Tragegriffe | Jay Dee International","og_description":"Gurtband oder Webband sind verf\u00fcgbar bei Jay Dee International. Ideales Tragegriffe f\u00fcr pr\u00e4sentationsartikeln. Sehen Sie hier unseren Sortiment an!","og_url":"https:\/\/www.jaydee.com\/de\/praesentationsartikeln\/gurtband\/","og_site_name":"Jay Dee International","article_modified_time":"2017-09-26T07:22:52+00:00","og_image":[{"url":"https:\/\/s3.eu-central-1.amazonaws.com\/jaydee.com\/de\/praesentationsartikeln\/gurtband-300x300.jpg","type":"","width":"","height":""}],"twitter_card":"summary_large_image","twitter_misc":{"Gesch\u00e4tzte Lesezeit":"4\u00a0Minuten"},"schema":{"@context":"https:\/\/schema.org","@graph":[{"@type":"WebPage","@id":"https:\/\/www.jaydee.com\/de\/praesentationsartikeln\/gurtband\/","url":"https:\/\/www.jaydee.com\/de\/praesentationsartikeln\/gurtband\/","name":"Gurtband: Webband Tragegriffe | Jay Dee International","isPartOf":{"@id":"https:\/\/www.jaydee.com\/nl\/#website"},"primaryImageOfPage":{"@id":"https:\/\/www.jaydee.com\/de\/praesentationsartikeln\/gurtband\/#primaryimage"},"image":{"@id":"https:\/\/www.jaydee.com\/de\/praesentationsartikeln\/gurtband\/#primaryimage"},"thumbnailUrl":"https:\/\/s3.eu-central-1.amazonaws.com\/jaydee.com\/de\/praesentationsartikeln\/gurtband-300x300.jpg","datePublished":"2017-09-18T12:57:54+00:00","dateModified":"2017-09-26T07:22:52+00:00","description":"Gurtband oder Webband sind verf\u00fcgbar bei Jay Dee International. Ideales Tragegriffe f\u00fcr pr\u00e4sentationsartikeln. Sehen Sie hier unseren Sortiment an!","breadcrumb":{"@id":"https:\/\/www.jaydee.com\/de\/praesentationsartikeln\/gurtband\/#breadcrumb"},"inLanguage":"de","potentialAction":[{"@type":"ReadAction","target":["https:\/\/www.jaydee.com\/de\/praesentationsartikeln\/gurtband\/"]}]},{"@type":"ImageObject","inLanguage":"de","@id":"https:\/\/www.jaydee.com\/de\/praesentationsartikeln\/gurtband\/#primaryimage","url":"https:\/\/s3.eu-central-1.amazonaws.com\/jaydee.com\/de\/praesentationsartikeln\/gurtband-300x300.jpg","contentUrl":"https:\/\/s3.eu-central-1.amazonaws.com\/jaydee.com\/de\/praesentationsartikeln\/gurtband-300x300.jpg"},{"@type":"BreadcrumbList","@id":"https:\/\/www.jaydee.com\/de\/praesentationsartikeln\/gurtband\/#breadcrumb","itemListElement":[{"@type":"ListItem","position":1,"name":"Home","item":"https:\/\/www.jaydee.com\/de\/"},{"@type":"ListItem","position":2,"name":"Pr\u00e4sentationsartikeln","item":"https:\/\/www.jaydee.com\/de\/praesentationsartikeln\/"},{"@type":"ListItem","position":3,"name":"Gurtband"}]},{"@type":"WebSite","@id":"https:\/\/www.jaydee.com\/nl\/#website","url":"https:\/\/www.jaydee.com\/nl\/","name":"Jay Dee International","description":"Jay Dee","potentialAction":[{"@type":"SearchAction","target":{"@type":"EntryPoint","urlTemplate":"https:\/\/www.jaydee.com\/nl\/?s={search_term_string}"},"query-input":{"@type":"PropertyValueSpecification","valueRequired":true,"valueName":"search_term_string"}}],"inLanguage":"de"}]}},"_links":{"self":[{"href":"https:\/\/www.jaydee.com\/de\/wp-json\/wp\/v2\/pages\/3699","targetHints":{"allow":["GET"]}}],"collection":[{"href":"https:\/\/www.jaydee.com\/de\/wp-json\/wp\/v2\/pages"}],"about":[{"href":"https:\/\/www.jaydee.com\/de\/wp-json\/wp\/v2\/types\/page"}],"author":[{"embeddable":true,"href":"https:\/\/www.jaydee.com\/de\/wp-json\/wp\/v2\/users\/1"}],"replies":[{"embeddable":true,"href":"https:\/\/www.jaydee.com\/de\/wp-json\/wp\/v2\/comments?post=3699"}],"version-history":[{"count":3,"href":"https:\/\/www.jaydee.com\/de\/wp-json\/wp\/v2\/pages\/3699\/revisions"}],"predecessor-version":[{"id":3775,"href":"https:\/\/www.jaydee.com\/de\/wp-json\/wp\/v2\/pages\/3699\/revisions\/3775"}],"up":[{"embeddable":true,"href":"https:\/\/www.jaydee.com\/de\/wp-json\/wp\/v2\/pages\/3674"}],"wp:attachment":[{"href":"https:\/\/www.jaydee.com\/de\/wp-json\/wp\/v2\/media?parent=3699"}],"curies":[{"name":"wp","href":"https:\/\/api.w.org\/{rel}","templated":true}]}}