{"id":3797,"date":"2017-09-26T16:54:16","date_gmt":"2017-09-26T14:54:16","guid":{"rendered":"https:\/\/www.jaydee.com\/?page_id=3797"},"modified":"2017-10-02T11:21:31","modified_gmt":"2017-10-02T09:21:31","slug":"klettband","status":"publish","type":"page","link":"https:\/\/www.jaydee.com\/de\/grafische-verarbeitung\/klettband\/","title":{"rendered":"Klettband"},"content":{"rendered":"<section class=\"columns\">\n<article class=\"col col3\">\n<p><img loading=\"lazy\" decoding=\"async\" class=\"alignnone size-medium\" src=\"https:\/\/s3.eu-central-1.amazonaws.com\/jaydee.com\/de\/grafische-verarbeitung\/klettband-300x300.jpg\" alt=\"klettband\" width=\"300\" height=\"300\" \/><\/p><\/article>\n<article class=\"col col23\">\n<p>Klettband, auch bekannt als Haken-Flausch-Verschluss, ist in verschiedenen Formen, Gr\u00f6\u00dfen und Farben erh\u00e4ltlich. Das Angebot reicht von\u00a0<em>Klettband<\/em>\u00a0auf Rolle bis zu selbstklebenden Klettpunkten. F\u00fcr nahezu jede Anwendung ist eine passende Gr\u00f6\u00dfe dabei, sodass Sie Ihren Artikel stabil und dennoch flexibel abl\u00f6sbar anbringen k\u00f6nnen.<\/p>\n<a href=\"hhttps:\/\/www.thesolutionshop.com\/de\/klettband-magnete\" class=\"btn large orange\" target=\"_blank\"><i class=\"fa fa-chevron-right\"><\/i>Klettband ansehen<\/a><\/article>\n<\/section>\n<section class=\"columns\">\n<article class=\"col col1\">\n<p>Weitere information \u00fcber:<\/p>\n<ul>\n<li><a href=\"https:\/\/www.jaydee.com\/de\/grafische-verarbeitung\/klettband\/#formate\">Formate<\/a><\/li>\n<li><a href=\"https:\/\/www.jaydee.com\/de\/grafische-verarbeitung\/klettband\/#ausfuehrungen\">Ausf\u00fchrungen<\/a><\/li>\n<li><a href=\"https:\/\/www.jaydee.com\/de\/grafische-verarbeitung\/klettband\/#verwendung-montage\">Verwendung &amp; Montage<\/a><\/li>\n<li><a href=\"https:\/\/www.jaydee.com\/de\/grafische-verarbeitung\/klettband\/#zugehoeren\">Zugeh\u00f6ren<\/a><\/li>\n<li><a href=\"https:\/\/www.jaydee.com\/de\/grafische-verarbeitung\/klettband\/#haeufige-fragen\">H\u00e4ufige Fragen (FAQ)<\/a><\/li>\n<\/ul><\/article><div class='clearfix'><\/div>\n<\/section>\n<section class=\"columns\">\n<article class=\"col col1\">\n<a name=\"formate\"><\/a><\/p>\n<h2>Welche Gr\u00f6\u00dfen Klettband gibt es?<\/h2>\n<p>Klettband ist in einer Rollenl\u00e4nge von 25 m erh\u00e4ltlich. In verschiedenen Breiten erh\u00e4ltlich:<\/p>\n<ul>\n<li>10 mm<\/li>\n<li>16 mm<\/li>\n<li>20 mm<\/li>\n<li>25 mm<\/li>\n<li>30 mm<\/li>\n<li>38 mm<\/li>\n<li>50 mm<\/li>\n<\/ul>\n<p>Klettpunkte, auch Coins genannt, sind selbstklebend und somit einfach zu fixieren. Sie sind mit verschiedenen Durchmessern erh\u00e4ltlich:<\/p>\n<ul>\n<li>13 mm<\/li>\n<li>16 mm<\/li>\n<li>19 mm<\/li>\n<li>21 mm<\/li>\n<li>25 mm<\/li>\n<li>33 mm<\/li>\n<li>46 mm.<\/li>\n<\/ul>\n<p>Sie haben die gew\u00fcnschte Gr\u00f6\u00dfe nicht gefunden? Kontaktieren Sie uns einfach. Sondergr\u00f6\u00dfen sind auf Anfrage m\u00f6glich. Klettb\u00e4nder k\u00f6nnen auch als Formtanzteile in einer von Ihnen gew\u00fcnschten Gr\u00f6\u00dfe bestellt werden.<\/p>\n<p><a name=\"ausfuehrungen\"><\/a><\/p>\n<h2>Welche Ausf\u00fchrungen gibt es?<\/h2>\n<p>Sowohl f\u00fcr das Klettband auf Rolle als auch f\u00fcr die Klettpunkte werden Haken und Flausch lose mitgeliefert. Wenn dies f\u00fcr Ihre Anwendung erforderlich ist, k\u00f6nnen Sie somit die gew\u00fcnschten Gr\u00f6\u00dfen und Farben zusammenstellen oder sich f\u00fcr eine einzelne Seite entscheiden.<\/p>\n<p>In unserem Webshop ist das Produkt in den Standardfarben Schwarz und Wei\u00df erh\u00e4ltlich. Bitte kontaktieren Sie uns, wenn Sie eine andere Farbe w\u00fcnschen.<\/p>\n<p>F\u00fcr die selbstklebenden Klettb\u00e4nder wird ATA-Kleber verwendet, der resistent gegen verschiedene Weichmacher und auf nahezu jeder Oberfl\u00e4che zu verwenden ist.<\/p>\n<p>Neben dem selbstklebenden Klettband finden Sie auch das Produkt\u00a0zum Aufn\u00e4hen oder HF-schwei\u00dfbares Klettband in unserem Sortiment. Bitte kontaktieren Sie uns f\u00fcr die richtige Gr\u00f6\u00dfe.<\/p>\n<p><a name=\"verwendung-montage\"><\/a><\/p>\n<h2>Verwendung &amp; Montage<\/h2>\n<p>lettband eignet sich f\u00fcr eine ganze Reihe von Anwendungen. Es erleichtert das Anbringen, Fixieren und Binden. Au\u00dferdem kann die Flauschseite (der weiche Teil) als Schutzpolster verwendet werden.<\/p>\n<p><a name=\"zugehoeren\"><\/a><\/p>\n<h2>Das k\u00f6nnte Sie auch interessieren<\/h2>\n<p>Klettband als Verschluss kann auch durch andere (wieder-) verschlie\u00dfbare L\u00f6sungen (z.B. Magnete oder Schl\u00f6sser) ersetzt werden.<\/p><\/article><div class='clearfix'><\/div>\n<\/section>\n<section class=\"columns\">\n<article class=\"col col4\">\n<p><img loading=\"lazy\" decoding=\"async\" class=\"alignnone size-medium\" src=\"https:\/\/s3.eu-central-1.amazonaws.com\/jaydee.com\/de\/grafische-verarbeitung\/neodym-magnet-150x150.jpg\" alt=\"neodym magnete\" width=\"150\" height=\"150\" \/><\/p><\/article>\n<article class=\"col col34\">\n<h3>Magnete<\/h3>\n<p>Magnete sind in zwei Varianten erh\u00e4ltlich: Magnetscheiben aus Neodym oder Magnetklebeband. Magnete sind eine beliebte Alternative zum Klettverschluss, weil beide Produkte beliebig oft entfernt und wieder neu angebracht werden k\u00f6nnen. Weitere Informationen finden Sie auf einer separaten Seite.<\/p>\n<a href=\"https:\/\/www.jaydee.com\/de\/grafische-verarbeitung\/neodym-magnete\/\" class=\"btn large custom\"><i class=\"fa fa-chevron-right\"><\/i>Magnete ansehen<\/a><\/article>\n<\/section>\n<section class=\"columns\">\n<article class=\"col col4\">\n<p><img loading=\"lazy\" decoding=\"async\" class=\"alignnone size-medium\" src=\"https:\/\/s3.eu-central-1.amazonaws.com\/jaydee.com\/de\/praesentationsartikeln\/verschluesse-150x150.jpg\" alt=\"verschluesse\" width=\"150\" height=\"150\" \/><\/p><\/article>\n<article class=\"col col34\">\n<h3>Verschl\u00fcsse<\/h3>\n<p>Verschl\u00fcsse werden in der Regel f\u00fcr Koffer verwendet. Sie sind aus Kunststoff gefertigt, einfach anzubringen und in verschiedenen Varianten erh\u00e4ltlich. Weitere Informationen finden Sie auf einer separaten Seite, oder werfen Sie einen Blick in unseren Webshop, dort finden Sie eine komplette \u00dcbersicht.<\/p>\n<a href=\"https:\/\/www.jaydee.com\/de\/praesentationsartikeln\/verschluesse\/\" class=\"btn large custom\"><i class=\"fa fa-chevron-right\"><\/i>Verschl\u00fcsse ansehen<\/a><\/article>\n<\/section>\n<section class=\"columns\">\n<article class=\"col col1\">\n<a name=\"haeufige-fragen\"><\/a><\/p>\n<h2>H\u00e4ufige Fragen (FAQ) \u00fcber\u00a0Klarsichttaschen<\/h2>\n<p>Hier finden Sie die haufige Fragen dieses Produkt. F\u00fcr weitere Fragen k\u00f6nnen Sie uns <a href=\"https:\/\/www.jaydee.com\/de\/kontakt\/\">Kontaktieren<\/a>.<\/p>\n<p><strong>Kann das Produkt auch in anderen Farben bestellt werden?<\/strong><\/p>\n<p>Ja, auf Anfrage kann das Produkt auch in einer anderen Farbe geliefert werden. Bitte kontaktieren Sie uns f\u00fcr weitere Informationen \u00fcber Mengen und Preise. Das Klettband ist standardm\u00e4\u00dfig in den Farben Schwarz und Wei\u00df erh\u00e4ltlich.<\/p>\n<p><strong>Kann das Klettband auf eine bestimmte L\u00e4nge zugeschnitten bestellt werden?<\/strong><\/p>\n<p>Ja, Klettb\u00e4nder k\u00f6nnen auch in der von Ihnen gew\u00fcnschten L\u00e4nge geliefert werden. Kontaktieren Sie uns einfach.<\/p>\n<p><strong>Welcher Kleber wird f\u00fcr selbstklebende Klettb\u00e4nder verwendet?<\/strong><\/p>\n<p>F\u00fcr unser Produkt wird ATA-Kleber (Acrylat) verwendet. Dieser Kleber garantiert eine sehr starke Haftung, ist resistent gegen verschiedene Weichmacher und kann f\u00fcr nahezu jede Oberfl\u00e4che verwendet werden. Beachten Sie, dass eine optimale Endfestigkeit erst nach 24 Stunden erreicht wird.<\/p><\/article><div class='clearfix'><\/div>\n<\/section>\n","protected":false},"excerpt":{"rendered":"","protected":false},"author":1,"featured_media":0,"parent":3640,"menu_order":0,"comment_status":"closed","ping_status":"closed","template":"","meta":{"footnotes":""},"class_list":["post-3797","page","type-page","status-publish","hentry"],"yoast_head":"<!-- This site is optimized with the Yoast SEO plugin v26.9 - https:\/\/yoast.com\/product\/yoast-seo-wordpress\/ -->\n<title>Klettband: ATA Selbstklebend und auf Rolle | Jay Dee International<\/title>\n<meta name=\"description\" content=\"Klettband ist in verschiedenen Formen, Gr\u00f6\u00dfen und Farben erh\u00e4ltlich. ATA Selbstklebend und auf Rolle. Sehen Sie hier unser Assortiment an.\" \/>\n<meta name=\"robots\" content=\"index, follow, max-snippet:-1, max-image-preview:large, max-video-preview:-1\" \/>\n<link rel=\"canonical\" href=\"https:\/\/www.jaydee.com\/de\/grafische-verarbeitung\/klettband\/\" \/>\n<meta property=\"og:locale\" content=\"de_DE\" \/>\n<meta property=\"og:type\" content=\"article\" \/>\n<meta property=\"og:title\" content=\"Klettband: ATA Selbstklebend und auf Rolle | Jay Dee International\" \/>\n<meta property=\"og:description\" content=\"Klettband ist in verschiedenen Formen, Gr\u00f6\u00dfen und Farben erh\u00e4ltlich. ATA Selbstklebend und auf Rolle. Sehen Sie hier unser Assortiment an.\" \/>\n<meta property=\"og:url\" content=\"https:\/\/www.jaydee.com\/de\/grafische-verarbeitung\/klettband\/\" \/>\n<meta property=\"og:site_name\" content=\"Jay Dee International\" \/>\n<meta property=\"article:modified_time\" content=\"2017-10-02T09:21:31+00:00\" \/>\n<meta property=\"og:image\" content=\"https:\/\/s3.eu-central-1.amazonaws.com\/jaydee.com\/de\/grafische-verarbeitung\/klettband-300x300.jpg\" \/>\n<meta name=\"twitter:card\" content=\"summary_large_image\" \/>\n<meta name=\"twitter:label1\" content=\"Gesch\u00e4tzte Lesezeit\" \/>\n\t<meta name=\"twitter:data1\" content=\"4\u00a0Minuten\" \/>\n<script type=\"application\/ld+json\" class=\"yoast-schema-graph\">{\"@context\":\"https:\/\/schema.org\",\"@graph\":[{\"@type\":\"WebPage\",\"@id\":\"https:\/\/www.jaydee.com\/de\/grafische-verarbeitung\/klettband\/\",\"url\":\"https:\/\/www.jaydee.com\/de\/grafische-verarbeitung\/klettband\/\",\"name\":\"Klettband: ATA Selbstklebend und auf Rolle | Jay Dee International\",\"isPartOf\":{\"@id\":\"https:\/\/www.jaydee.com\/nl\/#website\"},\"primaryImageOfPage\":{\"@id\":\"https:\/\/www.jaydee.com\/de\/grafische-verarbeitung\/klettband\/#primaryimage\"},\"image\":{\"@id\":\"https:\/\/www.jaydee.com\/de\/grafische-verarbeitung\/klettband\/#primaryimage\"},\"thumbnailUrl\":\"https:\/\/s3.eu-central-1.amazonaws.com\/jaydee.com\/de\/grafische-verarbeitung\/klettband-300x300.jpg\",\"datePublished\":\"2017-09-26T14:54:16+00:00\",\"dateModified\":\"2017-10-02T09:21:31+00:00\",\"description\":\"Klettband ist in verschiedenen Formen, Gr\u00f6\u00dfen und Farben erh\u00e4ltlich. ATA Selbstklebend und auf Rolle. Sehen Sie hier unser Assortiment an.\",\"breadcrumb\":{\"@id\":\"https:\/\/www.jaydee.com\/de\/grafische-verarbeitung\/klettband\/#breadcrumb\"},\"inLanguage\":\"de\",\"potentialAction\":[{\"@type\":\"ReadAction\",\"target\":[\"https:\/\/www.jaydee.com\/de\/grafische-verarbeitung\/klettband\/\"]}]},{\"@type\":\"ImageObject\",\"inLanguage\":\"de\",\"@id\":\"https:\/\/www.jaydee.com\/de\/grafische-verarbeitung\/klettband\/#primaryimage\",\"url\":\"https:\/\/s3.eu-central-1.amazonaws.com\/jaydee.com\/de\/grafische-verarbeitung\/klettband-300x300.jpg\",\"contentUrl\":\"https:\/\/s3.eu-central-1.amazonaws.com\/jaydee.com\/de\/grafische-verarbeitung\/klettband-300x300.jpg\"},{\"@type\":\"BreadcrumbList\",\"@id\":\"https:\/\/www.jaydee.com\/de\/grafische-verarbeitung\/klettband\/#breadcrumb\",\"itemListElement\":[{\"@type\":\"ListItem\",\"position\":1,\"name\":\"Home\",\"item\":\"https:\/\/www.jaydee.com\/de\/\"},{\"@type\":\"ListItem\",\"position\":2,\"name\":\"Grafische verarbeitung\",\"item\":\"https:\/\/www.jaydee.com\/de\/grafische-verarbeitung\/\"},{\"@type\":\"ListItem\",\"position\":3,\"name\":\"Klettband\"}]},{\"@type\":\"WebSite\",\"@id\":\"https:\/\/www.jaydee.com\/nl\/#website\",\"url\":\"https:\/\/www.jaydee.com\/nl\/\",\"name\":\"Jay Dee International\",\"description\":\"Jay Dee\",\"potentialAction\":[{\"@type\":\"SearchAction\",\"target\":{\"@type\":\"EntryPoint\",\"urlTemplate\":\"https:\/\/www.jaydee.com\/nl\/?s={search_term_string}\"},\"query-input\":{\"@type\":\"PropertyValueSpecification\",\"valueRequired\":true,\"valueName\":\"search_term_string\"}}],\"inLanguage\":\"de\"}]}<\/script>\n<!-- \/ Yoast SEO plugin. -->","yoast_head_json":{"title":"Klettband: ATA Selbstklebend und auf Rolle | Jay Dee International","description":"Klettband ist in verschiedenen Formen, Gr\u00f6\u00dfen und Farben erh\u00e4ltlich. ATA Selbstklebend und auf Rolle. Sehen Sie hier unser Assortiment an.","robots":{"index":"index","follow":"follow","max-snippet":"max-snippet:-1","max-image-preview":"max-image-preview:large","max-video-preview":"max-video-preview:-1"},"canonical":"https:\/\/www.jaydee.com\/de\/grafische-verarbeitung\/klettband\/","og_locale":"de_DE","og_type":"article","og_title":"Klettband: ATA Selbstklebend und auf Rolle | Jay Dee International","og_description":"Klettband ist in verschiedenen Formen, Gr\u00f6\u00dfen und Farben erh\u00e4ltlich. ATA Selbstklebend und auf Rolle. Sehen Sie hier unser Assortiment an.","og_url":"https:\/\/www.jaydee.com\/de\/grafische-verarbeitung\/klettband\/","og_site_name":"Jay Dee International","article_modified_time":"2017-10-02T09:21:31+00:00","og_image":[{"url":"https:\/\/s3.eu-central-1.amazonaws.com\/jaydee.com\/de\/grafische-verarbeitung\/klettband-300x300.jpg","type":"","width":"","height":""}],"twitter_card":"summary_large_image","twitter_misc":{"Gesch\u00e4tzte Lesezeit":"4\u00a0Minuten"},"schema":{"@context":"https:\/\/schema.org","@graph":[{"@type":"WebPage","@id":"https:\/\/www.jaydee.com\/de\/grafische-verarbeitung\/klettband\/","url":"https:\/\/www.jaydee.com\/de\/grafische-verarbeitung\/klettband\/","name":"Klettband: ATA Selbstklebend und auf Rolle | Jay Dee International","isPartOf":{"@id":"https:\/\/www.jaydee.com\/nl\/#website"},"primaryImageOfPage":{"@id":"https:\/\/www.jaydee.com\/de\/grafische-verarbeitung\/klettband\/#primaryimage"},"image":{"@id":"https:\/\/www.jaydee.com\/de\/grafische-verarbeitung\/klettband\/#primaryimage"},"thumbnailUrl":"https:\/\/s3.eu-central-1.amazonaws.com\/jaydee.com\/de\/grafische-verarbeitung\/klettband-300x300.jpg","datePublished":"2017-09-26T14:54:16+00:00","dateModified":"2017-10-02T09:21:31+00:00","description":"Klettband ist in verschiedenen Formen, Gr\u00f6\u00dfen und Farben erh\u00e4ltlich. ATA Selbstklebend und auf Rolle. Sehen Sie hier unser Assortiment an.","breadcrumb":{"@id":"https:\/\/www.jaydee.com\/de\/grafische-verarbeitung\/klettband\/#breadcrumb"},"inLanguage":"de","potentialAction":[{"@type":"ReadAction","target":["https:\/\/www.jaydee.com\/de\/grafische-verarbeitung\/klettband\/"]}]},{"@type":"ImageObject","inLanguage":"de","@id":"https:\/\/www.jaydee.com\/de\/grafische-verarbeitung\/klettband\/#primaryimage","url":"https:\/\/s3.eu-central-1.amazonaws.com\/jaydee.com\/de\/grafische-verarbeitung\/klettband-300x300.jpg","contentUrl":"https:\/\/s3.eu-central-1.amazonaws.com\/jaydee.com\/de\/grafische-verarbeitung\/klettband-300x300.jpg"},{"@type":"BreadcrumbList","@id":"https:\/\/www.jaydee.com\/de\/grafische-verarbeitung\/klettband\/#breadcrumb","itemListElement":[{"@type":"ListItem","position":1,"name":"Home","item":"https:\/\/www.jaydee.com\/de\/"},{"@type":"ListItem","position":2,"name":"Grafische verarbeitung","item":"https:\/\/www.jaydee.com\/de\/grafische-verarbeitung\/"},{"@type":"ListItem","position":3,"name":"Klettband"}]},{"@type":"WebSite","@id":"https:\/\/www.jaydee.com\/nl\/#website","url":"https:\/\/www.jaydee.com\/nl\/","name":"Jay Dee International","description":"Jay Dee","potentialAction":[{"@type":"SearchAction","target":{"@type":"EntryPoint","urlTemplate":"https:\/\/www.jaydee.com\/nl\/?s={search_term_string}"},"query-input":{"@type":"PropertyValueSpecification","valueRequired":true,"valueName":"search_term_string"}}],"inLanguage":"de"}]}},"_links":{"self":[{"href":"https:\/\/www.jaydee.com\/de\/wp-json\/wp\/v2\/pages\/3797","targetHints":{"allow":["GET"]}}],"collection":[{"href":"https:\/\/www.jaydee.com\/de\/wp-json\/wp\/v2\/pages"}],"about":[{"href":"https:\/\/www.jaydee.com\/de\/wp-json\/wp\/v2\/types\/page"}],"author":[{"embeddable":true,"href":"https:\/\/www.jaydee.com\/de\/wp-json\/wp\/v2\/users\/1"}],"replies":[{"embeddable":true,"href":"https:\/\/www.jaydee.com\/de\/wp-json\/wp\/v2\/comments?post=3797"}],"version-history":[{"count":3,"href":"https:\/\/www.jaydee.com\/de\/wp-json\/wp\/v2\/pages\/3797\/revisions"}],"predecessor-version":[{"id":3801,"href":"https:\/\/www.jaydee.com\/de\/wp-json\/wp\/v2\/pages\/3797\/revisions\/3801"}],"up":[{"embeddable":true,"href":"https:\/\/www.jaydee.com\/de\/wp-json\/wp\/v2\/pages\/3640"}],"wp:attachment":[{"href":"https:\/\/www.jaydee.com\/de\/wp-json\/wp\/v2\/media?parent=3797"}],"curies":[{"name":"wp","href":"https:\/\/api.w.org\/{rel}","templated":true}]}}