{"id":3410,"date":"2017-08-28T10:15:06","date_gmt":"2017-08-28T08:15:06","guid":{"rendered":"https:\/\/www.jaydee.com\/?page_id=3410"},"modified":"2017-09-05T11:04:03","modified_gmt":"2017-09-05T09:04:03","slug":"dubbelzijdig-tape","status":"publish","type":"page","link":"https:\/\/www.jaydee.com\/nl\/grafische-afwerking\/dubbelzijdig-tape\/","title":{"rendered":"Dubbelzijdig tape"},"content":{"rendered":"<section class=\"columns\">\n<article class=\"col col3\">\n<p><img loading=\"lazy\" decoding=\"async\" class=\"alignnone size-medium\" src=\"https:\/\/s3.eu-central-1.amazonaws.com\/jaydee.com\/nl\/grafische-afwerking\/dubbelzijdig-tape-300x300.jpg\" alt=\"dubbelzijdig tape\" width=\"300\" height=\"300\" \/><\/p><\/article>\n<article class=\"col col23\">\n<p>Dubbelzijdig tape\u00a0is leverbaar in diverse uitvoeringen. In ons assortiment vindt u zowel\u00a0transfertape\u00a0als\u00a0foam tape, op rol of als stansdelen.<\/p>\n<p>Dubbelzijdige tape\u00a0is in verschillende maten en sterktes leverbaar. Ook hebben wij enkele handafrollers in ons assortiment die het bevestigen van de dubbelzijdige tape vergemakkelijken.<\/p>\n<a href=\"https:\/\/www.thesolutionshop.com\/nl\/tapes\" class=\"btn large orange\" target=\"_blank\"><i class=\"fa fa-chevron-right\"><\/i>Bekijk dubbelzijdig tape<\/a><\/article>\n<\/section>\n<section class=\"columns\">\n<article class=\"col col1\">\n<p>Lees meer over:<\/p>\n<ul>\n<li><a href=\"https:\/\/www.jaydee.com\/grafische-afwerking\/dubbelzijdig-tape\/#maten\">Maten<\/a><\/li>\n<li><a href=\"https:\/\/www.jaydee.com\/grafische-afwerking\/dubbelzijdig-tape\/#uitvoeringen\">Uitvoeringen<\/a><\/li>\n<li><a href=\"https:\/\/www.jaydee.com\/grafische-afwerking\/dubbelzijdig-tape\/#gebruik-montage\">Gebruik &amp; montage<\/a><\/li>\n<li><a href=\"https:\/\/www.jaydee.com\/grafische-afwerking\/dubbelzijdig-tape\/#aanverwante-artikelen\">Aanverwante artikelen<\/a><\/li>\n<li><a href=\"https:\/\/www.jaydee.com\/grafische-afwerking\/dubbelzijdig-tape\/#faq\">Veelgestelde vragen (FAQ)<\/a><\/li>\n<\/ul><\/article><div class='clearfix'><\/div>\n<\/section>\n<section class=\"columns\">\n<article class=\"col col1\">\n<a name=\"maten\"><\/a><\/p>\n<h2>Dubbelzijdig tape &#8211; Wat zijn de maten?<\/h2>\n<p>Dubbelzijdig tape is in verschillende maten verkrijgbaar. De foam tape wordt standaard op rol, per meter of in stansdelen geleverd. Transfer tape is verkrijgbaar op rol of als kleefpunten. In de webshop vindt u alle standaard leverbare maten terug.<\/p>\n<p>Mocht u een specifieke maat tape wensen dan kunt u altijd <a href=\"https:\/\/www.jaydee.com\/contact\/\">contact <\/a>met ons opnemen.<br \/>\n<a name=\"uitvoeringen\"><\/a><\/p>\n<h2>Welke uitvoeringen bestaan er?<\/h2>\n<p>Dubbelzijdige tape vindt u in ons assortiment in de volgende uitvoeringen:<\/p>\n<h3>Foam tape<\/h3>\n<ul>\n<li>Foam tape op rol \u2013 PE 1 mm<\/li>\n<li>Spiegeltape \u2013 PE 2 mm<\/li>\n<li>Foampads<\/li>\n<\/ul>\n<h3>Transfertape<\/h3>\n<ul>\n<li>Transfer tape permanent<\/li>\n<li>Transfer tape afneembaar<\/li>\n<li>Tissuetape (inclusief schutvel)<\/li>\n<li>Tissue kleefpunten permanent hechtend<\/li>\n<li>Folie kleefpunten permanent\/afneembaar<\/li>\n<\/ul>\n<p><a name=\"gebruik-montage\"><\/a><\/p>\n<h2>Gebruik &amp; montage van dubbelzijdig tape<\/h2>\n<p>Foam tape\u00a0is ideaal voor het aanbrengen van materialen die bevestigd moeten worden met een kleine ruimte ertussen of juist wanneer een ruimte opgevuld moet worden.<\/p>\n<p>Spiegeltape\u00a0is de stevigere variant die zijn naam dankt aan het feit dat deze vaak gebruikt wordt om spiegels tegen een muur te plakken.<\/p>\n<p>De\u00a0foampads\u00a0zijn in verschillende maten leverbaar zodat u deze precies passend voor uw product kunt bestellen.<\/p>\n<p>Transfertape\u00a0wordt vaak gebruikt voor het plakken van papier op papier of desgewenst op laminaat. Transfertape is in feite ultra dunne dubbelzijde lijm, die in stroken geplakt kan worden. Het is in zowel permanent hechtend als afneembaar te leveren.<\/p>\n<p>De transfertape is ook als\u00a0tissuetape\u00a0te leveren. Het 0,1 mm dunne transfertape is nu eenzijdig voorzien van een schutvel. Deze uitvoering is eenvoudig met de hand af te scheuren of te knippen en dus erg gebruiksvriendelijk.<\/p>\n<p>U kunt \u00e9\u00e9n zijde direct plakken en de andere nog bedekt laten met het schutvel tot deze zijde geplakt dient te worden.<\/p>\n<p>Kleefpuntjes\u00a0zijn leverbaar in permanent of \u00e9\u00e9n zijde permanent en \u00e9\u00e9n zijde afneembaar. De kleefpuntjes zijn voor het bevestigingsgemak uitgevoerd met lipje.<br \/>\n<a name=\"aanverwante-artikelen\"><\/a><\/p>\n<h2>Wellicht ook interessant voor u<\/h2>\n<p>Om de bevestiging van tape te vergemakkelijken kunt u kiezen voor een handafroller. Ook kleefmuizen inclusief dubbelzijdig tape zijn een optie.<\/p><\/article><div class='clearfix'><\/div>\n<\/section>\n<section class=\"columns\">\n<article class=\"col col4\">\n<p><img loading=\"lazy\" decoding=\"async\" class=\"alignnone size-medium\" src=\"https:\/\/s3.eu-central-1.amazonaws.com\/jaydee.com\/nl\/grafische-afwerking\/atg-handafroller-150x150.jpg\" alt=\"ATG handafroller dubbelzijdig tape\" width=\"150\" height=\"150\" \/><\/p><\/article>\n<article class=\"col col34\">\n<h3>ATG handafroller<\/h3>\n<p>De ATG handafroller wordt gebruikt in combinatie met onze rollen transfertape van 33 of 50 meter. De handafroller vergemakkelijkt het plakken van papier op papier of laminaat.<\/p>\n<a href=\"https:\/\/www.thesolutionshop.com\/nl\/tapes\/transfertape\/atg-manual-dispenser-transfertape.html\" class=\"btn large orange\" target=\"_blank\"><i class=\"fa fa-chevron-right\"><\/i>ATG handafroller<\/a><\/article>\n<\/section>\n<section class=\"columns\">\n<article class=\"col col4\">\n<p><img loading=\"lazy\" decoding=\"async\" class=\"alignnone size-medium\" src=\"https:\/\/s3.eu-central-1.amazonaws.com\/jaydee.com\/nl\/grafische-afwerking\/kleefmuizen-150x150.jpg\" alt=\"kleefmuizen\" width=\"150\" height=\"150\" \/><\/p><\/article>\n<article class=\"col col34\">\n<h3>Kleefmuizen<\/h3>\n<p>Kleefmuizen, of eenwegsafrollers, zijn eenmalig te gebruiken rollers voorzien van 12 meter tape. Ze zijn leverbaar in twee varianten; in afneembaar- of permanent klevend.<\/p>\n<a href=\"https:\/\/www.thesolutionshop.com\/nl\/tapes\/transfertape\/glue-tape-roller-removeable-adhesive.html\" class=\"btn large orange\" target=\"_blank\"><i class=\"fa fa-chevron-right\"><\/i>Kleefmuizen<\/a><\/article>\n<\/section>\n<section class=\"columns\">\n<article class=\"col col1\">\n<a name=\"faq\"><\/a><\/p>\n<h2>Veelgestelde vragen over dubbelzijdig tape(FAQ)<\/h2>\n<p>Hieronder vindt u een overzicht van vragen die we regelmatig beantwoorden. Staat uw vraag hier niet bij? Aarzel dan niet om <a href=\"https:\/\/www.jaydee.com\/contact\/\">contact<\/a> met ons op te nemen.<\/p>\n<p><strong>Wat is de sterkste soort dubbelzijdige tape?<\/strong><\/p>\n<p>De sterkste dubbelzijdige tape in ons standaard assortiment is spiegeltape, die 2 mm dik is. Deze tape wordt veelal gebruikt om spiegels op te hangen.<\/p>\n<p><strong>Welke tape is het dunst?<\/strong><\/p>\n<p>De dunste tape is transfer tape op rol. De verschillende soorten tapes geordend van dun naar dik:<br \/>\n(dun \u2013&gt; ) transfer tape op rol \u2013 tissuetape \u2013 kleefpunten \u2013 foam tape op rol &amp; foampads \u2013 spiegeltape ( &lt;\u2013 dik).<\/p>\n<p><strong>Wat is het verschil tussen permanente en afneembare tape?<\/strong><\/p>\n<p>Permanente tape zorgt voor een sterke verbinding tussen bijvoorbeeld 2 stukken papier. Indien u het papier uit elkaar trekt zal het scheuren.<\/p>\n<p>Met afneembare tape is het mogelijk om de stukken papier van elkaar te trekken zonder het papier te scheuren. Deze lijmlaag is enkele keren hersluitbaar maar zal steeds iets in kracht afnemen.<\/p><\/article><div class='clearfix'><\/div>\n<\/section>\n","protected":false},"excerpt":{"rendered":"","protected":false},"author":1,"featured_media":0,"parent":3303,"menu_order":0,"comment_status":"closed","ping_status":"closed","template":"","meta":{"footnotes":""},"class_list":["post-3410","page","type-page","status-publish","hentry"],"yoast_head":"<!-- This site is optimized with the Yoast SEO plugin v26.9 - https:\/\/yoast.com\/product\/yoast-seo-wordpress\/ -->\n<title>Dubbelzijdig tape: transfertape, foam tape &amp; tissuetape | Jay Dee Int.<\/title>\n<meta name=\"description\" content=\"Dubbelzijdig tape is ideaal voor bevestigingen. Transfertape, foam tape, tissuetape, schuim tape \u221a Diverse uitvoeringen \u221a Direct uit voorraad leverbaar.\" \/>\n<meta name=\"robots\" content=\"index, follow, max-snippet:-1, max-image-preview:large, max-video-preview:-1\" \/>\n<link rel=\"canonical\" href=\"https:\/\/www.jaydee.com\/nl\/grafische-afwerking\/dubbelzijdig-tape\/\" \/>\n<meta property=\"og:locale\" content=\"nl_NL\" \/>\n<meta property=\"og:type\" content=\"article\" \/>\n<meta property=\"og:title\" content=\"Dubbelzijdig tape: transfertape, foam tape &amp; tissuetape | Jay Dee Int.\" \/>\n<meta property=\"og:description\" content=\"Dubbelzijdig tape is ideaal voor bevestigingen. Transfertape, foam tape, tissuetape, schuim tape \u221a Diverse uitvoeringen \u221a Direct uit voorraad leverbaar.\" \/>\n<meta property=\"og:url\" content=\"https:\/\/www.jaydee.com\/nl\/grafische-afwerking\/dubbelzijdig-tape\/\" \/>\n<meta property=\"og:site_name\" content=\"Jay Dee International\" \/>\n<meta property=\"article:modified_time\" content=\"2017-09-05T09:04:03+00:00\" \/>\n<meta property=\"og:image\" content=\"https:\/\/s3.eu-central-1.amazonaws.com\/jaydee.com\/nl\/grafische-afwerking\/dubbelzijdig-tape-300x300.jpg\" \/>\n<meta name=\"twitter:card\" content=\"summary_large_image\" \/>\n<meta name=\"twitter:label1\" content=\"Geschatte leestijd\" \/>\n\t<meta name=\"twitter:data1\" content=\"4 minuten\" \/>\n<script type=\"application\/ld+json\" class=\"yoast-schema-graph\">{\"@context\":\"https:\/\/schema.org\",\"@graph\":[{\"@type\":\"WebPage\",\"@id\":\"https:\/\/www.jaydee.com\/nl\/grafische-afwerking\/dubbelzijdig-tape\/\",\"url\":\"https:\/\/www.jaydee.com\/nl\/grafische-afwerking\/dubbelzijdig-tape\/\",\"name\":\"Dubbelzijdig tape: transfertape, foam tape & tissuetape | Jay Dee Int.\",\"isPartOf\":{\"@id\":\"https:\/\/www.jaydee.com\/nl\/#website\"},\"primaryImageOfPage\":{\"@id\":\"https:\/\/www.jaydee.com\/nl\/grafische-afwerking\/dubbelzijdig-tape\/#primaryimage\"},\"image\":{\"@id\":\"https:\/\/www.jaydee.com\/nl\/grafische-afwerking\/dubbelzijdig-tape\/#primaryimage\"},\"thumbnailUrl\":\"https:\/\/s3.eu-central-1.amazonaws.com\/jaydee.com\/nl\/grafische-afwerking\/dubbelzijdig-tape-300x300.jpg\",\"datePublished\":\"2017-08-28T08:15:06+00:00\",\"dateModified\":\"2017-09-05T09:04:03+00:00\",\"description\":\"Dubbelzijdig tape is ideaal voor bevestigingen. Transfertape, foam tape, tissuetape, schuim tape \u221a Diverse uitvoeringen \u221a Direct uit voorraad leverbaar.\",\"breadcrumb\":{\"@id\":\"https:\/\/www.jaydee.com\/nl\/grafische-afwerking\/dubbelzijdig-tape\/#breadcrumb\"},\"inLanguage\":\"nl-NL\",\"potentialAction\":[{\"@type\":\"ReadAction\",\"target\":[\"https:\/\/www.jaydee.com\/nl\/grafische-afwerking\/dubbelzijdig-tape\/\"]}]},{\"@type\":\"ImageObject\",\"inLanguage\":\"nl-NL\",\"@id\":\"https:\/\/www.jaydee.com\/nl\/grafische-afwerking\/dubbelzijdig-tape\/#primaryimage\",\"url\":\"https:\/\/s3.eu-central-1.amazonaws.com\/jaydee.com\/nl\/grafische-afwerking\/dubbelzijdig-tape-300x300.jpg\",\"contentUrl\":\"https:\/\/s3.eu-central-1.amazonaws.com\/jaydee.com\/nl\/grafische-afwerking\/dubbelzijdig-tape-300x300.jpg\"},{\"@type\":\"BreadcrumbList\",\"@id\":\"https:\/\/www.jaydee.com\/nl\/grafische-afwerking\/dubbelzijdig-tape\/#breadcrumb\",\"itemListElement\":[{\"@type\":\"ListItem\",\"position\":1,\"name\":\"Home\",\"item\":\"https:\/\/www.jaydee.com\/nl\/\"},{\"@type\":\"ListItem\",\"position\":2,\"name\":\"Grafische afwerking\",\"item\":\"https:\/\/www.jaydee.com\/nl\/grafische-afwerking\/\"},{\"@type\":\"ListItem\",\"position\":3,\"name\":\"Dubbelzijdig tape\"}]},{\"@type\":\"WebSite\",\"@id\":\"https:\/\/www.jaydee.com\/nl\/#website\",\"url\":\"https:\/\/www.jaydee.com\/nl\/\",\"name\":\"Jay Dee International\",\"description\":\"Jay Dee\",\"potentialAction\":[{\"@type\":\"SearchAction\",\"target\":{\"@type\":\"EntryPoint\",\"urlTemplate\":\"https:\/\/www.jaydee.com\/nl\/?s={search_term_string}\"},\"query-input\":{\"@type\":\"PropertyValueSpecification\",\"valueRequired\":true,\"valueName\":\"search_term_string\"}}],\"inLanguage\":\"nl-NL\"}]}<\/script>\n<!-- \/ Yoast SEO plugin. -->","yoast_head_json":{"title":"Dubbelzijdig tape: transfertape, foam tape & tissuetape | Jay Dee Int.","description":"Dubbelzijdig tape is ideaal voor bevestigingen. Transfertape, foam tape, tissuetape, schuim tape \u221a Diverse uitvoeringen \u221a Direct uit voorraad leverbaar.","robots":{"index":"index","follow":"follow","max-snippet":"max-snippet:-1","max-image-preview":"max-image-preview:large","max-video-preview":"max-video-preview:-1"},"canonical":"https:\/\/www.jaydee.com\/nl\/grafische-afwerking\/dubbelzijdig-tape\/","og_locale":"nl_NL","og_type":"article","og_title":"Dubbelzijdig tape: transfertape, foam tape & tissuetape | Jay Dee Int.","og_description":"Dubbelzijdig tape is ideaal voor bevestigingen. Transfertape, foam tape, tissuetape, schuim tape \u221a Diverse uitvoeringen \u221a Direct uit voorraad leverbaar.","og_url":"https:\/\/www.jaydee.com\/nl\/grafische-afwerking\/dubbelzijdig-tape\/","og_site_name":"Jay Dee International","article_modified_time":"2017-09-05T09:04:03+00:00","og_image":[{"url":"https:\/\/s3.eu-central-1.amazonaws.com\/jaydee.com\/nl\/grafische-afwerking\/dubbelzijdig-tape-300x300.jpg","type":"","width":"","height":""}],"twitter_card":"summary_large_image","twitter_misc":{"Geschatte leestijd":"4 minuten"},"schema":{"@context":"https:\/\/schema.org","@graph":[{"@type":"WebPage","@id":"https:\/\/www.jaydee.com\/nl\/grafische-afwerking\/dubbelzijdig-tape\/","url":"https:\/\/www.jaydee.com\/nl\/grafische-afwerking\/dubbelzijdig-tape\/","name":"Dubbelzijdig tape: transfertape, foam tape & tissuetape | Jay Dee Int.","isPartOf":{"@id":"https:\/\/www.jaydee.com\/nl\/#website"},"primaryImageOfPage":{"@id":"https:\/\/www.jaydee.com\/nl\/grafische-afwerking\/dubbelzijdig-tape\/#primaryimage"},"image":{"@id":"https:\/\/www.jaydee.com\/nl\/grafische-afwerking\/dubbelzijdig-tape\/#primaryimage"},"thumbnailUrl":"https:\/\/s3.eu-central-1.amazonaws.com\/jaydee.com\/nl\/grafische-afwerking\/dubbelzijdig-tape-300x300.jpg","datePublished":"2017-08-28T08:15:06+00:00","dateModified":"2017-09-05T09:04:03+00:00","description":"Dubbelzijdig tape is ideaal voor bevestigingen. Transfertape, foam tape, tissuetape, schuim tape \u221a Diverse uitvoeringen \u221a Direct uit voorraad leverbaar.","breadcrumb":{"@id":"https:\/\/www.jaydee.com\/nl\/grafische-afwerking\/dubbelzijdig-tape\/#breadcrumb"},"inLanguage":"nl-NL","potentialAction":[{"@type":"ReadAction","target":["https:\/\/www.jaydee.com\/nl\/grafische-afwerking\/dubbelzijdig-tape\/"]}]},{"@type":"ImageObject","inLanguage":"nl-NL","@id":"https:\/\/www.jaydee.com\/nl\/grafische-afwerking\/dubbelzijdig-tape\/#primaryimage","url":"https:\/\/s3.eu-central-1.amazonaws.com\/jaydee.com\/nl\/grafische-afwerking\/dubbelzijdig-tape-300x300.jpg","contentUrl":"https:\/\/s3.eu-central-1.amazonaws.com\/jaydee.com\/nl\/grafische-afwerking\/dubbelzijdig-tape-300x300.jpg"},{"@type":"BreadcrumbList","@id":"https:\/\/www.jaydee.com\/nl\/grafische-afwerking\/dubbelzijdig-tape\/#breadcrumb","itemListElement":[{"@type":"ListItem","position":1,"name":"Home","item":"https:\/\/www.jaydee.com\/nl\/"},{"@type":"ListItem","position":2,"name":"Grafische afwerking","item":"https:\/\/www.jaydee.com\/nl\/grafische-afwerking\/"},{"@type":"ListItem","position":3,"name":"Dubbelzijdig tape"}]},{"@type":"WebSite","@id":"https:\/\/www.jaydee.com\/nl\/#website","url":"https:\/\/www.jaydee.com\/nl\/","name":"Jay Dee International","description":"Jay Dee","potentialAction":[{"@type":"SearchAction","target":{"@type":"EntryPoint","urlTemplate":"https:\/\/www.jaydee.com\/nl\/?s={search_term_string}"},"query-input":{"@type":"PropertyValueSpecification","valueRequired":true,"valueName":"search_term_string"}}],"inLanguage":"nl-NL"}]}},"_links":{"self":[{"href":"https:\/\/www.jaydee.com\/nl\/wp-json\/wp\/v2\/pages\/3410","targetHints":{"allow":["GET"]}}],"collection":[{"href":"https:\/\/www.jaydee.com\/nl\/wp-json\/wp\/v2\/pages"}],"about":[{"href":"https:\/\/www.jaydee.com\/nl\/wp-json\/wp\/v2\/types\/page"}],"author":[{"embeddable":true,"href":"https:\/\/www.jaydee.com\/nl\/wp-json\/wp\/v2\/users\/1"}],"replies":[{"embeddable":true,"href":"https:\/\/www.jaydee.com\/nl\/wp-json\/wp\/v2\/comments?post=3410"}],"version-history":[{"count":4,"href":"https:\/\/www.jaydee.com\/nl\/wp-json\/wp\/v2\/pages\/3410\/revisions"}],"predecessor-version":[{"id":3519,"href":"https:\/\/www.jaydee.com\/nl\/wp-json\/wp\/v2\/pages\/3410\/revisions\/3519"}],"up":[{"embeddable":true,"href":"https:\/\/www.jaydee.com\/nl\/wp-json\/wp\/v2\/pages\/3303"}],"wp:attachment":[{"href":"https:\/\/www.jaydee.com\/nl\/wp-json\/wp\/v2\/media?parent=3410"}],"curies":[{"name":"wp","href":"https:\/\/api.w.org\/{rel}","templated":true}]}}