{"id":3422,"date":"2017-08-28T10:21:10","date_gmt":"2017-08-28T08:21:10","guid":{"rendered":"https:\/\/www.jaydee.com\/?page_id=3422"},"modified":"2019-07-23T10:42:34","modified_gmt":"2019-07-23T08:42:34","slug":"ringband-mechaniek","status":"publish","type":"page","link":"https:\/\/www.jaydee.com\/nl\/grafische-afwerking\/ringband-mechaniek\/","title":{"rendered":"Ringband mechaniek"},"content":{"rendered":"<section class=\"columns\">\n<article class=\"col col3\">\n<p><img loading=\"lazy\" decoding=\"async\" class=\"alignnone size-medium\" src=\"https:\/\/s3.eu-central-1.amazonaws.com\/jaydee.com\/nl\/grafische-afwerking\/ringband-mechaniek-300x300.jpg\" alt=\"ringband mechaniek\" width=\"300\" height=\"300\" \/><\/p><\/article>\n<article class=\"col col23\">\n<p>Ringband mechanieken zijn in verschillende soorten en maten te bestellen. Een groot deel hiervan is standaard uit voorraad te leveren.<\/p>\n<p>Ook de bijbehorende artikelen zoals grijpringen, drukplaatjes en nieten hebben wij in onze voorraad. Op zoek naar accessoires om uw ordner of map multifunctioneel te maken? Neem dan zeker een kijkje in onze webshop!<\/p>\n<a href=\"https:\/\/www.thesolutionshop.com\/nl\/mechanieken-ordner-accessoires\" class=\"btn large orange\" target=\"_blank\"><i class=\"fa fa-chevron-right\"><\/i>Bekijk Ringband Mechanieken<\/a><\/article>\n<\/section>\n<section class=\"columns\">\n<article class=\"col col1\">\n<p>Lees meer over:<\/p>\n<ul>\n<li><a href=\"https:\/\/www.jaydee.com\/grafische-afwerking\/ringband-mechaniek\/#maten\">Maten<\/a><\/li>\n<li><a href=\"https:\/\/www.jaydee.com\/grafische-afwerking\/ringband-mechaniek\/#uitvoeringen\">Uitvoeringen<\/a><\/li>\n<li><a href=\"https:\/\/www.jaydee.com\/grafische-afwerking\/ringband-mechaniek\/#gebruik-montage\">Gebruik &amp; montage<\/a><\/li>\n<li><a href=\"https:\/\/www.jaydee.com\/grafische-afwerking\/ringband-mechaniek\/#aanverwante-artikelen\">Aanverwante artikelen<\/a><\/li>\n<li><a href=\"https:\/\/www.jaydee.com\/grafische-afwerking\/ringband-mechaniek\/#faq\">Veelgestelde vragen (FAQ)<\/a><\/li>\n<\/ul><\/article><div class='clearfix'><\/div>\n<\/section>\n<section class=\"columns\">\n<article class=\"col col1\">\n<a name=\"maten\"><\/a><\/p>\n<h2>Ringband mechanieken &#8211; Wat zijn de maten?<\/h2>\n<p>Ringband mechanieken zijn bij ons te bestellen in 2-rings of 4-rings uitvoeringen met verschillende vormen ringen:<\/p>\n<ul>\n<li>D-vormige ringen (combi mechaniek: \u00e9\u00e9n zijde recht, \u00e9\u00e9n zijde gebogen)<\/li>\n<li>Q-vormige ringen (stabiel mechaniek: rechthoekig)<\/li>\n<li>O-vormige ringen (rond mechaniek)<\/li>\n<li>Hefboommechanieken (2-rings, speciaal voor ordners).<\/li>\n<\/ul>\n<p><a name=\"uitvoeringen\"><\/a><\/p>\n<h2>Welke uitvoeringen mechanieken bestaan er?<\/h2>\n<p>Mechanieken worden standaard vernikkeld geleverd. Naar wens is\u00a0de mechaniek ook in elke RAL kleur te poedercoaten. Voor meer informatie over de prijs en levertijd van aangepaste mechanieken kunt u contact met ons opnemen.<\/p>\n<p><a name=\"gebruik-montage\"><\/a><\/p>\n<h2>Gebruik &amp; montage een ringband mechaniek<\/h2>\n<p>O-vormige ringen worden veel gebruikt in standaard mappen. De ronde vorm vereenvoudigd het omslaan van documenten. D-vormige ringen zijn meer geschikt voor bijvoorbeeld grotere mappen omdat ze hoger te vullen zijn. De rechte kant voorkomt dat documenten uit de ringen schieten bij het openen. Q-vormige ringen zijn erg stabiel en daarom het meeste geschikt voor zware toepassingen. Ook deze zijn hoog te vullen zonder dat uw documenten of stalen eruit vallen bij het openen van de ringen vanwege de rechthoekige\u00a0afwerking.<\/p>\n<p>Alle ringbandmechanieken worden door middel van machinenieten, ook wel ordnernieten genoemd, in een map bevestigd. Deze permanente nieten zijn vast te zetten door middel van een stempelset en handdrukpers. Op een aparte pagina vindt u meer informatie over machinenieten.<\/p>\n<p>Hefboommechanieken verschillen van de overige ringbandmechanieken. Deze bestaan altijd uit 2 ringen in combinatie met een hefboom om de ringen eenvoudig te openen en sluiten. Ze worden voornamelijk in ordners geplaatst, eveneens middels machinenieten.<\/p>\n<p><a name=\"aanverwante-artikelen\"><\/a><\/p>\n<h2>Wellicht ook interessant voor u<\/h2>\n<p>Een ringband mechaniek is\u00a0te combineren met enkele andere producten die u map of order multifunctioneel maken.<\/p><\/article><div class='clearfix'><\/div>\n<\/section>\n<section class=\"columns\">\n<article class=\"col col4\">\n<p><img loading=\"lazy\" decoding=\"async\" class=\"alignnone size-medium\" src=\"https:\/\/s3.eu-central-1.amazonaws.com\/jaydee.com\/nl\/bevestigingsartikelen\/siernieten-150x150.jpg\" alt=\"nieten\" width=\"150\" height=\"150\" \/><\/p><\/article>\n<article class=\"col col34\">\n<h3>Nieten, stempelset, handpers<\/h3>\n<p>Machinenieten, ook wel ordnernieten of automatische nieten genoemd, worden door middel van een handpers vastgezet. Voor deze permanente bewerking is een bijpassende stempelset nodig.<\/p>\n<a href=\"https:\/\/www.jaydee.com\/bevestigingsartikelen\/nieten\/\" class=\"btn large custom\"><i class=\"fa fa-chevron-right\"><\/i>Machinenieten<\/a><\/article>\n<\/section>\n<section class=\"columns\">\n<article class=\"col col4\">\n<p><img loading=\"lazy\" decoding=\"async\" class=\"alignnone size-medium\" src=\"https:\/\/s3.eu-central-1.amazonaws.com\/jaydee.com\/nl\/grafische-afwerking\/drukplaatjes-150x150.jpg\" alt=\"drukplaatjes\" width=\"150\" height=\"150\" \/><\/p><\/article>\n<article class=\"col col34\">\n<h3>Drukplaatjes<\/h3>\n<p>Drukplaatjes houden uw documenten in de ordner goed op hun plaats. De eenvoudig te plaatsten plaatjes zijn in diverse metalen en kunststof uitvoeringen leverbaar.<\/p>\n<a href=\"https:\/\/www.thesolutionshop.com\/nl\/mechanieken-ordner-accessoires\/drukplaatjes\" class=\"btn large orange\" target=\"_blank\"><i class=\"fa fa-chevron-right\"><\/i>Drukplaatjes<\/a><\/article>\n<\/section>\n<section class=\"columns\">\n<article class=\"col col4\">\n<p><img loading=\"lazy\" decoding=\"async\" class=\"alignnone size-medium\" src=\"https:\/\/s3.eu-central-1.amazonaws.com\/jaydee.com\/nl\/grafische-afwerking\/ordnerringen-150x150.jpg\" alt=\"ordnerringen\" width=\"150\" height=\"150\" \/><\/p><\/article>\n<article class=\"col col34\">\n<h3>Ordnerringen<\/h3>\n<p>Een ordner wordt aan de zijkant voorzien van ovale ringen, ook bekend als radoringen, waar het ringbandmechaniek in vastklikt. Daarnaast worden de meeste ordners uitgevoerd met ronde vernikkelde grijpringen. Wist u al dat deze grijpringen ook in andere kleuren te bestellen zijn?<\/p>\n<a href=\"https:\/\/www.thesolutionshop.com\/nl\/mechanieken-ordner-accessoires\/ordnerringen\" class=\"btn large orange\" target=\"_blank\"><i class=\"fa fa-chevron-right\"><\/i>Ordnerringen<\/a><\/article>\n<\/section>\n<section class=\"columns\">\n<article class=\"col col1\">\n<a name=\"faq\"><\/a><\/p>\n<h2>Veelgestelde vragen over een ringband mechaniek (FAQ)<\/h2>\n<p>Hieronder vindt u een overzicht van vragen die we regelmatig beantwoorden. Staat uw vraag hier niet bij? Aarzel dan niet om <a href=\"https:\/\/www.jaydee.com\/contact\/\">contact<\/a> met ons op te nemen.<\/p>\n<p><strong>Uit welke onderdelen bestaat een ordner?<\/strong><\/p>\n<p>De meeste ordners of mappen bestaan uit een vast aantal onderdelen, maar er zijn altijd extra\u2019s toe te voegen om deze functioneler te maken. Hieronder de meest voorkomende onderdelen:<\/p>\n<ul>\n<li>een ringband mechaniek, op zijn plaats gehouden door machinenieten<\/li>\n<li>een drukplaatje<\/li>\n<li>ordnerringen, of radoringen (t.b.v. een ringbandmechaniek)<\/li>\n<li>een ronde grijpring<\/li>\n<li>hoekbeschermers of sierhoekjes<\/li>\n<li>evt. een CD houder of visitekaarthouder.<\/li>\n<\/ul>\n<p><strong>Wat heb ik nodig voor het plaatsten van de verschillende ringbandmechanieken?<\/strong><\/p>\n<p>Ringbandmechanieken worden door middel van machinenieten (of wel automatische nieten, ordnernieten) geplaatst. Deze permanenten nieten worden middels een stempelset en pers gemonteerd.<\/p><\/article><div class='clearfix'><\/div>\n<\/section>\n","protected":false},"excerpt":{"rendered":"","protected":false},"author":1,"featured_media":0,"parent":3303,"menu_order":0,"comment_status":"closed","ping_status":"closed","template":"","meta":{"footnotes":""},"class_list":["post-3422","page","type-page","status-publish","hentry"],"yoast_head":"<!-- This site is optimized with the Yoast SEO plugin v26.9 - https:\/\/yoast.com\/product\/yoast-seo-wordpress\/ -->\n<title>Ringband mechaniek: D-rings, Q-rings, O-rings | Jay Dee International<\/title>\n<meta name=\"description\" content=\"Een Ringband Mechaniek wordt gemonteerd in een ordner ter bevestiging. \u221a D - Rings \u221a Q - Rings \u221a O - Rings \u221a Direct uit voorraad leverbaar.\" \/>\n<meta name=\"robots\" content=\"index, follow, max-snippet:-1, max-image-preview:large, max-video-preview:-1\" \/>\n<link rel=\"canonical\" href=\"https:\/\/www.jaydee.com\/nl\/grafische-afwerking\/ringband-mechaniek\/\" \/>\n<meta property=\"og:locale\" content=\"nl_NL\" \/>\n<meta property=\"og:type\" content=\"article\" \/>\n<meta property=\"og:title\" content=\"Ringband mechaniek: D-rings, Q-rings, O-rings | Jay Dee International\" \/>\n<meta property=\"og:description\" content=\"Een Ringband Mechaniek wordt gemonteerd in een ordner ter bevestiging. \u221a D - Rings \u221a Q - Rings \u221a O - Rings \u221a Direct uit voorraad leverbaar.\" \/>\n<meta property=\"og:url\" content=\"https:\/\/www.jaydee.com\/nl\/grafische-afwerking\/ringband-mechaniek\/\" \/>\n<meta property=\"og:site_name\" content=\"Jay Dee International\" \/>\n<meta property=\"article:modified_time\" content=\"2019-07-23T08:42:34+00:00\" \/>\n<meta property=\"og:image\" content=\"https:\/\/s3.eu-central-1.amazonaws.com\/jaydee.com\/nl\/grafische-afwerking\/ringband-mechaniek-300x300.jpg\" \/>\n<meta name=\"twitter:card\" content=\"summary_large_image\" \/>\n<meta name=\"twitter:label1\" content=\"Geschatte leestijd\" \/>\n\t<meta name=\"twitter:data1\" content=\"4 minuten\" \/>\n<script type=\"application\/ld+json\" class=\"yoast-schema-graph\">{\"@context\":\"https:\/\/schema.org\",\"@graph\":[{\"@type\":\"WebPage\",\"@id\":\"https:\/\/www.jaydee.com\/nl\/grafische-afwerking\/ringband-mechaniek\/\",\"url\":\"https:\/\/www.jaydee.com\/nl\/grafische-afwerking\/ringband-mechaniek\/\",\"name\":\"Ringband mechaniek: D-rings, Q-rings, O-rings | Jay Dee International\",\"isPartOf\":{\"@id\":\"https:\/\/www.jaydee.com\/nl\/#website\"},\"primaryImageOfPage\":{\"@id\":\"https:\/\/www.jaydee.com\/nl\/grafische-afwerking\/ringband-mechaniek\/#primaryimage\"},\"image\":{\"@id\":\"https:\/\/www.jaydee.com\/nl\/grafische-afwerking\/ringband-mechaniek\/#primaryimage\"},\"thumbnailUrl\":\"https:\/\/s3.eu-central-1.amazonaws.com\/jaydee.com\/nl\/grafische-afwerking\/ringband-mechaniek-300x300.jpg\",\"datePublished\":\"2017-08-28T08:21:10+00:00\",\"dateModified\":\"2019-07-23T08:42:34+00:00\",\"description\":\"Een Ringband Mechaniek wordt gemonteerd in een ordner ter bevestiging. \u221a D - Rings \u221a Q - Rings \u221a O - Rings \u221a Direct uit voorraad leverbaar.\",\"breadcrumb\":{\"@id\":\"https:\/\/www.jaydee.com\/nl\/grafische-afwerking\/ringband-mechaniek\/#breadcrumb\"},\"inLanguage\":\"nl-NL\",\"potentialAction\":[{\"@type\":\"ReadAction\",\"target\":[\"https:\/\/www.jaydee.com\/nl\/grafische-afwerking\/ringband-mechaniek\/\"]}]},{\"@type\":\"ImageObject\",\"inLanguage\":\"nl-NL\",\"@id\":\"https:\/\/www.jaydee.com\/nl\/grafische-afwerking\/ringband-mechaniek\/#primaryimage\",\"url\":\"https:\/\/s3.eu-central-1.amazonaws.com\/jaydee.com\/nl\/grafische-afwerking\/ringband-mechaniek-300x300.jpg\",\"contentUrl\":\"https:\/\/s3.eu-central-1.amazonaws.com\/jaydee.com\/nl\/grafische-afwerking\/ringband-mechaniek-300x300.jpg\"},{\"@type\":\"BreadcrumbList\",\"@id\":\"https:\/\/www.jaydee.com\/nl\/grafische-afwerking\/ringband-mechaniek\/#breadcrumb\",\"itemListElement\":[{\"@type\":\"ListItem\",\"position\":1,\"name\":\"Home\",\"item\":\"https:\/\/www.jaydee.com\/nl\/\"},{\"@type\":\"ListItem\",\"position\":2,\"name\":\"Grafische afwerking\",\"item\":\"https:\/\/www.jaydee.com\/nl\/grafische-afwerking\/\"},{\"@type\":\"ListItem\",\"position\":3,\"name\":\"Ringband mechaniek\"}]},{\"@type\":\"WebSite\",\"@id\":\"https:\/\/www.jaydee.com\/nl\/#website\",\"url\":\"https:\/\/www.jaydee.com\/nl\/\",\"name\":\"Jay Dee International\",\"description\":\"Jay Dee\",\"potentialAction\":[{\"@type\":\"SearchAction\",\"target\":{\"@type\":\"EntryPoint\",\"urlTemplate\":\"https:\/\/www.jaydee.com\/nl\/?s={search_term_string}\"},\"query-input\":{\"@type\":\"PropertyValueSpecification\",\"valueRequired\":true,\"valueName\":\"search_term_string\"}}],\"inLanguage\":\"nl-NL\"}]}<\/script>\n<!-- \/ Yoast SEO plugin. -->","yoast_head_json":{"title":"Ringband mechaniek: D-rings, Q-rings, O-rings | Jay Dee International","description":"Een Ringband Mechaniek wordt gemonteerd in een ordner ter bevestiging. \u221a D - Rings \u221a Q - Rings \u221a O - Rings \u221a Direct uit voorraad leverbaar.","robots":{"index":"index","follow":"follow","max-snippet":"max-snippet:-1","max-image-preview":"max-image-preview:large","max-video-preview":"max-video-preview:-1"},"canonical":"https:\/\/www.jaydee.com\/nl\/grafische-afwerking\/ringband-mechaniek\/","og_locale":"nl_NL","og_type":"article","og_title":"Ringband mechaniek: D-rings, Q-rings, O-rings | Jay Dee International","og_description":"Een Ringband Mechaniek wordt gemonteerd in een ordner ter bevestiging. \u221a D - Rings \u221a Q - Rings \u221a O - Rings \u221a Direct uit voorraad leverbaar.","og_url":"https:\/\/www.jaydee.com\/nl\/grafische-afwerking\/ringband-mechaniek\/","og_site_name":"Jay Dee International","article_modified_time":"2019-07-23T08:42:34+00:00","og_image":[{"url":"https:\/\/s3.eu-central-1.amazonaws.com\/jaydee.com\/nl\/grafische-afwerking\/ringband-mechaniek-300x300.jpg","type":"","width":"","height":""}],"twitter_card":"summary_large_image","twitter_misc":{"Geschatte leestijd":"4 minuten"},"schema":{"@context":"https:\/\/schema.org","@graph":[{"@type":"WebPage","@id":"https:\/\/www.jaydee.com\/nl\/grafische-afwerking\/ringband-mechaniek\/","url":"https:\/\/www.jaydee.com\/nl\/grafische-afwerking\/ringband-mechaniek\/","name":"Ringband mechaniek: D-rings, Q-rings, O-rings | Jay Dee International","isPartOf":{"@id":"https:\/\/www.jaydee.com\/nl\/#website"},"primaryImageOfPage":{"@id":"https:\/\/www.jaydee.com\/nl\/grafische-afwerking\/ringband-mechaniek\/#primaryimage"},"image":{"@id":"https:\/\/www.jaydee.com\/nl\/grafische-afwerking\/ringband-mechaniek\/#primaryimage"},"thumbnailUrl":"https:\/\/s3.eu-central-1.amazonaws.com\/jaydee.com\/nl\/grafische-afwerking\/ringband-mechaniek-300x300.jpg","datePublished":"2017-08-28T08:21:10+00:00","dateModified":"2019-07-23T08:42:34+00:00","description":"Een Ringband Mechaniek wordt gemonteerd in een ordner ter bevestiging. \u221a D - Rings \u221a Q - Rings \u221a O - Rings \u221a Direct uit voorraad leverbaar.","breadcrumb":{"@id":"https:\/\/www.jaydee.com\/nl\/grafische-afwerking\/ringband-mechaniek\/#breadcrumb"},"inLanguage":"nl-NL","potentialAction":[{"@type":"ReadAction","target":["https:\/\/www.jaydee.com\/nl\/grafische-afwerking\/ringband-mechaniek\/"]}]},{"@type":"ImageObject","inLanguage":"nl-NL","@id":"https:\/\/www.jaydee.com\/nl\/grafische-afwerking\/ringband-mechaniek\/#primaryimage","url":"https:\/\/s3.eu-central-1.amazonaws.com\/jaydee.com\/nl\/grafische-afwerking\/ringband-mechaniek-300x300.jpg","contentUrl":"https:\/\/s3.eu-central-1.amazonaws.com\/jaydee.com\/nl\/grafische-afwerking\/ringband-mechaniek-300x300.jpg"},{"@type":"BreadcrumbList","@id":"https:\/\/www.jaydee.com\/nl\/grafische-afwerking\/ringband-mechaniek\/#breadcrumb","itemListElement":[{"@type":"ListItem","position":1,"name":"Home","item":"https:\/\/www.jaydee.com\/nl\/"},{"@type":"ListItem","position":2,"name":"Grafische afwerking","item":"https:\/\/www.jaydee.com\/nl\/grafische-afwerking\/"},{"@type":"ListItem","position":3,"name":"Ringband mechaniek"}]},{"@type":"WebSite","@id":"https:\/\/www.jaydee.com\/nl\/#website","url":"https:\/\/www.jaydee.com\/nl\/","name":"Jay Dee International","description":"Jay Dee","potentialAction":[{"@type":"SearchAction","target":{"@type":"EntryPoint","urlTemplate":"https:\/\/www.jaydee.com\/nl\/?s={search_term_string}"},"query-input":{"@type":"PropertyValueSpecification","valueRequired":true,"valueName":"search_term_string"}}],"inLanguage":"nl-NL"}]}},"_links":{"self":[{"href":"https:\/\/www.jaydee.com\/nl\/wp-json\/wp\/v2\/pages\/3422","targetHints":{"allow":["GET"]}}],"collection":[{"href":"https:\/\/www.jaydee.com\/nl\/wp-json\/wp\/v2\/pages"}],"about":[{"href":"https:\/\/www.jaydee.com\/nl\/wp-json\/wp\/v2\/types\/page"}],"author":[{"embeddable":true,"href":"https:\/\/www.jaydee.com\/nl\/wp-json\/wp\/v2\/users\/1"}],"replies":[{"embeddable":true,"href":"https:\/\/www.jaydee.com\/nl\/wp-json\/wp\/v2\/comments?post=3422"}],"version-history":[{"count":5,"href":"https:\/\/www.jaydee.com\/nl\/wp-json\/wp\/v2\/pages\/3422\/revisions"}],"predecessor-version":[{"id":4391,"href":"https:\/\/www.jaydee.com\/nl\/wp-json\/wp\/v2\/pages\/3422\/revisions\/4391"}],"up":[{"embeddable":true,"href":"https:\/\/www.jaydee.com\/nl\/wp-json\/wp\/v2\/pages\/3303"}],"wp:attachment":[{"href":"https:\/\/www.jaydee.com\/nl\/wp-json\/wp\/v2\/media?parent=3422"}],"curies":[{"name":"wp","href":"https:\/\/api.w.org\/{rel}","templated":true}]}}